{"id":61,"date":"2025-01-22T20:03:28","date_gmt":"2025-01-22T20:03:28","guid":{"rendered":"http:\/\/www.vazy.market\/?post_type=product&#038;p=61"},"modified":"2026-03-25T10:47:22","modified_gmt":"2026-03-25T10:47:22","slug":"kit-multifonction-8-en-1-pour-telephones","status":"publish","type":"product","link":"https:\/\/www.vazy.market\/index.php\/product\/kit-multifonction-8-en-1-pour-telephones\/","title":{"rendered":"Kit Multifonction 8 en 1 pour t\u00e9l\u00e9phones avec boitier de charge fast 60W offert"},"content":{"rendered":"<h1><span style=\"color: #ffffff; background-color: #000000;\"><strong>Ne cherchez plus jamais le bon c\u00e2ble ! <\/strong><\/span><\/h1>\n<h1><span style=\"color: #ffffff; background-color: #000000;\"><strong>Le kit ultime pour une vie mobile organis\u00e9e, toujours charg\u00e9 et pr\u00eat \u00e0 l&rsquo;action !<\/strong><\/span><\/h1>\n<h2><span style=\"color: #ffffff; background-color: #add8e6;\"><a href=\"http:\/\/www.vazy.market\/index.php\/cart\/?add-to-cart=61\">Commandez maintenant et b\u00e9n\u00e9ficiez de 40% de r\u00e9duction en plus de la livraison gratuite et d&rsquo;un boitier de charge fast de 60W offert !<\/a><\/span><\/h2>\n<p>&nbsp;<\/p>\n<p><img fetchpriority=\"high\" decoding=\"async\" class=\"alignnone wp-image-5136\" src=\"http:\/\/www.vazy.market\/wp-content\/uploads\/2025\/02\/kit-gif2-169x300.gif\" alt=\"\" width=\"247\" height=\"438\" srcset=\"https:\/\/www.vazy.market\/wp-content\/uploads\/2025\/02\/kit-gif2-169x300.gif 169w, https:\/\/www.vazy.market\/wp-content\/uploads\/2025\/02\/kit-gif2-577x1024.gif 577w, https:\/\/www.vazy.market\/wp-content\/uploads\/2025\/02\/kit-gif2-768x1364.gif 768w, https:\/\/www.vazy.market\/wp-content\/uploads\/2025\/02\/kit-gif2-865x1536.gif 865w, https:\/\/www.vazy.market\/wp-content\/uploads\/2025\/02\/kit-gif2-600x1066.gif 600w\" sizes=\"(max-width: 247px) 100vw, 247px\" \/>\u00a0 <img decoding=\"async\" class=\"alignnone wp-image-5135\" src=\"http:\/\/www.vazy.market\/wp-content\/uploads\/2025\/02\/kit-gif-220x300.gif\" alt=\"\" width=\"320\" height=\"436\" srcset=\"https:\/\/www.vazy.market\/wp-content\/uploads\/2025\/02\/kit-gif-220x300.gif 220w, https:\/\/www.vazy.market\/wp-content\/uploads\/2025\/02\/kit-gif-751x1024.gif 751w, https:\/\/www.vazy.market\/wp-content\/uploads\/2025\/02\/kit-gif-768x1047.gif 768w, https:\/\/www.vazy.market\/wp-content\/uploads\/2025\/02\/kit-gif-600x818.gif 600w\" sizes=\"(max-width: 320px) 100vw, 320px\" \/><\/p>\n<p>&nbsp;<\/p>\n<p><strong>Vous en avez assez des c\u00e2bles qui s&#8217;emm\u00ealent, des adaptateurs perdus et des multiples chargeurs qui encombrent votre sac ? Dites adieu au chaos avec notre Kit de Charge et d&rsquo;Organisation Mobile 8-en-1. Con\u00e7u pour les nomades num\u00e9riques et tous ceux qui appr\u00e9cient la simplicit\u00e9, ce kit compact et \u00e9l\u00e9gant est votre alli\u00e9 id\u00e9al pour rester connect\u00e9, o\u00f9 que vous soyez.<\/strong><\/p>\n<p><strong>Le kit multifonction pour smartphones PD 60W offre une solution compl\u00e8te et pratique pour la charge rapide, le stockage et les accessoires, id\u00e9al pour les utilisateurs exigeants en d\u00e9placement.<\/strong><\/p>\n<p>&nbsp;<\/p>\n<p>&nbsp;<\/p>\n<h2><img decoding=\"async\" class=\"wp-image-62 alignleft\" src=\"http:\/\/www.vazy.market\/wp-content\/uploads\/2025\/01\/WhatsApp-Image-2025-01-17-at-17.21.26.jpeg\" alt=\"\" width=\"566\" height=\"566\" \/> <img loading=\"lazy\" decoding=\"async\" class=\"alignnone wp-image-63\" src=\"http:\/\/www.vazy.market\/wp-content\/uploads\/2025\/01\/WhatsApp-Image-2025-01-17-at-17.21.17-1.jpeg\" alt=\"\" width=\"568\" height=\"568\" \/><\/h2>\n<h2><\/h2>\n<h2><span style=\"color: #ffffff; background-color: #000000;\"><strong>Avantages<\/strong><\/span><\/h2>\n<p>&nbsp;<\/p>\n<p><strong>\u26a1 Charge ultra-rapide<br \/>\n\ud83d\udd0c Compatible avec divers appareils<br \/>\n\ud83d\udd12 Stockage pratique inclus<br \/>\n\ud83c\udf0d Parfait pour voyager<br \/>\n\ud83d\udd27 Polyvalent et pratique<\/strong><\/p>\n<p>&nbsp;<\/p>\n<h2><span style=\"color: #ffffff; background-color: #add8e6;\"><a href=\"http:\/\/www.vazy.market\/index.php\/cart\/?add-to-cart=61\">Commandez maintenant et b\u00e9n\u00e9ficiez de 40% de r\u00e9duction en plus de la livraison gratuite et d&rsquo;un boitier de charge fast de 60W offert !<\/a><\/span><\/h2>\n<p>&nbsp;<\/p>\n<h2><span style=\"color: #ffffff; background-color: #000000;\"><strong>Ce que contient ce kit miracle :<\/strong><\/span><\/h2>\n<p>&nbsp;<\/p>\n<p><img loading=\"lazy\" decoding=\"async\" class=\"alignnone size-full wp-image-67\" src=\"http:\/\/www.vazy.market\/wp-content\/uploads\/2025\/01\/WhatsApp-Image-2025-01-09-at-18.04.08.jpeg\" alt=\"\" width=\"1080\" height=\"1050\" \/> <img loading=\"lazy\" decoding=\"async\" class=\"alignnone size-full wp-image-66\" src=\"http:\/\/www.vazy.market\/wp-content\/uploads\/2025\/01\/WhatsApp-Image-2025-01-09-at-18.04.08-1.jpeg\" alt=\"\" width=\"1080\" height=\"1058\" \/><\/p>\n<p><strong>\u2022 \u00a0C\u00e2ble type-C vers type-C Universel : Chargez rapidement vos appareils compatibles, smartphones, tablettes, ordinateurs portables et plus. (Qualit\u00e9 sup\u00e9rieure pour une charge rapide et fiable)<\/strong><\/p>\n<p><strong>\u2022 \u00a0Adaptateur Android vers type-C : Connectez vos appareils type-C aux anciens ports Androids en un clin d&rsquo;\u0153il.<\/strong><\/p>\n<p><strong>\u2022 \u00a0Adaptateur Iphone vers type-C (Android et port USB)<\/strong><\/p>\n<p><strong>\u2022 \u00a0Adaptateur type-C vers port USB : Acc\u00e9dez facilement aux anciens appareils.<\/strong><\/p>\n<p><strong>\u2022 \u00a0Support de T\u00e9l\u00e9phone Pliable : Transformez votre t\u00e9l\u00e9phone en un \u00e9cran mains libres en un instant et regardez vos contenus pr\u00e9f\u00e9r\u00e9s o\u00f9 vous le souhaitez.<\/strong><\/p>\n<p><strong>\u2022 \u00a0\u00c9jecteur de Carte SIM : Changez de carte SIM en toute simplicit\u00e9 et \u00e9vitez de chercher une \u00e9pingle.<\/strong><\/p>\n<p><strong>\u2022 \u00a0Bo\u00eetier de Rangement Compact : Tous les \u00e9l\u00e9ments sont soigneusement rang\u00e9s dans un bo\u00eetier robuste, \u00e9l\u00e9gant et facile \u00e0 transporter.<\/strong><\/p>\n<p>&nbsp;<\/p>\n<h2><span style=\"color: #ffffff; background-color: #000000;\"><strong>Pourquoi choisir ce kit ?<\/strong><\/span><\/h2>\n<p>&nbsp;<\/p>\n<p><strong>\u2022 \u00a0Gagnez du Temps et de l&rsquo;Espace : Ne vous battez plus avec les c\u00e2bles et les adaptateurs. Tout est organis\u00e9 et \u00e0 port\u00e9e de main.<\/strong><\/p>\n<p><strong>\u2022 \u00a0Mobilit\u00e9 Optimis\u00e9e : L\u00e9ger et compact, il se glisse facilement dans votre sac, votre poche ou votre valise.<\/strong><\/p>\n<p><strong>\u2022 \u00a0Polyvalence Ultime : Il r\u00e9pond \u00e0 tous vos besoins de charge, de connexion et de support de t\u00e9l\u00e9phone.<\/strong><\/p>\n<p><strong>\u2022 \u00a0Design \u00c9l\u00e9gant et Durable : Fabriqu\u00e9 avec des mat\u00e9riaux de qualit\u00e9 pour une longue dur\u00e9e de vie.<\/strong><\/p>\n<p><strong>\u2022 \u00a0La Tranquillit\u00e9 d&rsquo;Esprit : Soyez pr\u00e9par\u00e9 \u00e0 toutes les situations, que vous soyez au bureau, en voyage ou \u00e0 la maison.<\/strong><\/p>\n<p>&nbsp;<\/p>\n<h3><span style=\"color: #ff2a00;\"><strong>Ne laissez plus vos c\u00e2bles vous ralentir ! Simplifiez votre vie mobile d\u00e8s aujourd&rsquo;hui. <\/strong><\/span><\/h3>\n<h2>Commandez votre Kit de Charge et de transfert de donn\u00e9es Mobile 8-en-1 maintenant<\/h2>\n<h2><strong>et profitez d&rsquo;une <span style=\"color: #000000; background-color: #ffff00;\">offre sp\u00e9ciale de 40% de r\u00e9duction, livraison gratuite et boitier de charge fast 60W OFFERT valble jusqu&rsquo;au 10 mars !<\/span><\/strong><\/h2>\n<p>&nbsp;<\/p>\n<h2><span style=\"color: #ffffff; background-color: #add8e6;\"><a href=\"http:\/\/www.vazy.market\/index.php\/cart\/?add-to-cart=61\">Commandez maintenant et b\u00e9n\u00e9ficiez de 40% de r\u00e9duction en plus de la livraison gratuite et d&rsquo;un boitier de charge fast de 60W offert !<\/a><\/span><\/h2>\n<p>&nbsp;<\/p>\n<p><strong><img loading=\"lazy\" decoding=\"async\" class=\"alignnone wp-image-71\" src=\"http:\/\/www.vazy.market\/wp-content\/uploads\/2025\/01\/WhatsApp-Image-2025-01-17-at-17.21.18-1.jpeg\" alt=\"\" width=\"551\" height=\"551\" \/> <img loading=\"lazy\" decoding=\"async\" class=\"alignnone wp-image-72\" src=\"http:\/\/www.vazy.market\/wp-content\/uploads\/2025\/01\/WhatsApp-Image-2025-01-17-at-17.21.18.jpeg\" alt=\"\" width=\"550\" height=\"550\" \/><\/strong><\/p>\n<p><strong><span style=\"color: #000000; background-color: #ffff00;\"><span style=\"color: #ffffff; background-color: #ffffff;\">g<\/span><br \/>\n<\/span><\/strong><\/p>\n<p><strong>Informations Compl\u00e9mentaires\u00a0 :<\/strong><\/p>\n<p>\u2022 Dimensions : 13X8X4 cm<br \/>\n\u2022 Mat\u00e9riaux : PVC, ABS, Cuivre pur, PVC + cuivre pur<br \/>\n\u2022 Poids : 70g<\/p>\n","protected":false},"excerpt":{"rendered":"<p>Ne cherchez plus jamais le bon c\u00e2ble ! Le kit ultime pour une vie mobile organis\u00e9e, toujours charg\u00e9 et pr\u00eat \u00e0 l&rsquo;action ! Commandez maintenant et b\u00e9n\u00e9ficiez de 40% de r\u00e9duction en plus de la livraison gratuite et d&rsquo;un boitier de charge fast de 60W offert ! &nbsp; \u00a0 &nbsp; Vous en avez assez des&hellip;<\/p>\n","protected":false},"featured_media":5110,"comment_status":"open","ping_status":"closed","template":"","meta":[],"product_cat":[78,26],"product_tag":[],"class_list":{"0":"post-61","1":"product","2":"type-product","3":"status-publish","4":"has-post-thumbnail","6":"product_cat-accessoires","7":"product_cat-gadgets-electroniques","9":"first","10":"instock","11":"sale","12":"shipping-taxable","13":"purchasable","14":"product-type-simple","15":"col-xs-6 col-sm-4","16":"col-md-3 col-lg-3","17":"un-4-cols"},"_links":{"self":[{"href":"https:\/\/www.vazy.market\/index.php\/wp-json\/wp\/v2\/product\/61","targetHints":{"allow":["GET"]}}],"collection":[{"href":"https:\/\/www.vazy.market\/index.php\/wp-json\/wp\/v2\/product"}],"about":[{"href":"https:\/\/www.vazy.market\/index.php\/wp-json\/wp\/v2\/types\/product"}],"replies":[{"embeddable":true,"href":"https:\/\/www.vazy.market\/index.php\/wp-json\/wp\/v2\/comments?post=61"}],"wp:featuredmedia":[{"embeddable":true,"href":"https:\/\/www.vazy.market\/index.php\/wp-json\/wp\/v2\/media\/5110"}],"wp:attachment":[{"href":"https:\/\/www.vazy.market\/index.php\/wp-json\/wp\/v2\/media?parent=61"}],"wp:term":[{"taxonomy":"product_cat","embeddable":true,"href":"https:\/\/www.vazy.market\/index.php\/wp-json\/wp\/v2\/product_cat?post=61"},{"taxonomy":"product_tag","embeddable":true,"href":"https:\/\/www.vazy.market\/index.php\/wp-json\/wp\/v2\/product_tag?post=61"}],"curies":[{"name":"wp","href":"https:\/\/api.w.org\/{rel}","templated":true}]}}