{"id":442,"date":"2025-02-04T00:26:17","date_gmt":"2025-02-04T00:26:17","guid":{"rendered":"https:\/\/www.vazy.market\/?post_type=product&#038;p=442"},"modified":"2025-10-02T09:18:04","modified_gmt":"2025-10-02T09:18:04","slug":"thermomagic-2-en-1","status":"publish","type":"product","link":"https:\/\/www.vazy.market\/index.php\/product\/thermomagic-2-en-1\/","title":{"rendered":"ThermoMagic 2 en 1"},"content":{"rendered":"<h1><span style=\"color: #ffffff; background-color: #000000;\"><strong data-entity-type=\"MessageEntityBold\">Chaud ou Froid, \u00e0 Vous de d\u00e9cider ! <\/strong><\/span><\/h1>\n<h1><span style=\"color: #ffffff; background-color: #000000;\"><strong data-entity-type=\"MessageEntityBold\">D\u00e9couvrez le Duo Magique <\/strong><strong data-entity-type=\"MessageEntityBold\">Vazy-market<\/strong><strong data-entity-type=\"MessageEntityBold\">\u00a0: Refroidisseur et R\u00e9chauffeur de Boissons 2-en-1<\/strong><\/span><\/h1>\n<p><img fetchpriority=\"high\" decoding=\"async\" class=\"alignnone size-full wp-image-113\" src=\"http:\/\/www.vazy.market\/wp-content\/uploads\/2025\/01\/1737650631672.png\" alt=\"\" width=\"1080\" height=\"1080\" \/><\/p>\n<h4>\u2022 <strong data-entity-type=\"MessageEntityBold\">Fatigu\u00e9(e) des boissons saison s\u00e8che et glaciales en saison de pluies ?<\/strong><\/h4>\n<h4>\u2022 <strong data-entity-type=\"MessageEntityBold\">R\u00eavez-vous d&rsquo;une solution simple pour savourer vos boissons \u00e0 la temp\u00e9rature id\u00e9ale, toute l&rsquo;ann\u00e9e ?<\/strong><\/h4>\n<h4>\u2022 <strong data-entity-type=\"MessageEntityBold\">Dites bonjour au confort ultime : le r\u00e9chauffeur et refroidisseur de boissons tout-en-un !<\/strong><\/h4>\n<p>&nbsp;<\/p>\n<h3><span style=\"color: #ffffff; background-color: #000000;\">Voici le <strong data-entity-type=\"MessageEntityBold\">Duo Magique de <\/strong><strong data-entity-type=\"MessageEntityBold\">Vazy-market<\/strong><strong data-entity-type=\"MessageEntityBold\">\u00a0: le Refroidisseur et R\u00e9chauffeur de Boissons 2-en-1<\/strong>, votre alli\u00e9 id\u00e9al pour savourer chaque gorg\u00e9e, quelle que soit la saison. Ce gadget ing\u00e9nieux ne se contente pas de refroidir vos boissons en un temps record, il les r\u00e9chauffe aussi \u00e0 la perfection. Fini les frustrations li\u00e9es aux boissons trop chaudes ou trop froides, profitez de vos breuvages \u00e0 la temp\u00e9rature id\u00e9ale, quand vous le souhaitez.<\/span><\/h3>\n<h3><a href=\"https:\/\/www.vazy.market\/index.php\/cart\/?add-to-cart=442\">Commandez aujourd&rsquo;hui et b\u00e9n\u00e9ficiez d&rsquo;une r\u00e9duction exclusive de 40% ! <em data-entity-type=\"MessageEntityItalic\">(Offre \u00e0 dur\u00e9e limit\u00e9e)<\/em><\/a><\/h3>\n<h2><span style=\"color: #ff6600;\"><strong data-entity-type=\"MessageEntityBold\">Imaginez :<\/strong><\/span><\/h2>\n<p>\u2022 Un jus de bissap glac\u00e9 en plein soleil de midi, et un th\u00e9 chaud r\u00e9confortant pendant la saison des pluies.<\/p>\n<p>\u2022 Une bi\u00e8re fra\u00eeche pour votre partie de football et un caf\u00e9 bien chaud pour vos nuits de travail.<\/p>\n<p>\u2022 Une citronnade glac\u00e9e qui vous rafra\u00eechit instantan\u00e9ment et une tisane chaude pour vos moments de d\u00e9tente.<\/p>\n<p>\u2022 Votre boisson pr\u00e9f\u00e9r\u00e9e toujours \u00e0 la bonne temp\u00e9rature au bureau, \u00e0 la maison, ou en d\u00e9placement.<\/p>\n<ol>\n<li><img decoding=\"async\" class=\"alignnone size-medium wp-image-445\" src=\"http:\/\/www.vazy.market\/wp-content\/uploads\/2025\/02\/H0d66c9d2cde24affb6a7b5df96991f747.jpg_720x720q50-300x300.avif\" alt=\"\" width=\"300\" height=\"300\" srcset=\"https:\/\/www.vazy.market\/wp-content\/uploads\/2025\/02\/H0d66c9d2cde24affb6a7b5df96991f747.jpg_720x720q50-300x300.avif 300w, https:\/\/www.vazy.market\/wp-content\/uploads\/2025\/02\/H0d66c9d2cde24affb6a7b5df96991f747.jpg_720x720q50-150x150.avif 150w, https:\/\/www.vazy.market\/wp-content\/uploads\/2025\/02\/H0d66c9d2cde24affb6a7b5df96991f747.jpg_720x720q50-600x600.avif 600w, https:\/\/www.vazy.market\/wp-content\/uploads\/2025\/02\/H0d66c9d2cde24affb6a7b5df96991f747.jpg_720x720q50-100x100.avif 100w, https:\/\/www.vazy.market\/wp-content\/uploads\/2025\/02\/H0d66c9d2cde24affb6a7b5df96991f747.jpg_720x720q50.avif 720w\" sizes=\"(max-width: 300px) 100vw, 300px\" \/> <img decoding=\"async\" class=\"alignnone size-medium wp-image-443\" src=\"http:\/\/www.vazy.market\/wp-content\/uploads\/2025\/02\/H4eec9222d6554bfb9c1dc61e6e26f71eY.jpg_720x720q50-300x300.avif\" alt=\"\" width=\"300\" height=\"300\" srcset=\"https:\/\/www.vazy.market\/wp-content\/uploads\/2025\/02\/H4eec9222d6554bfb9c1dc61e6e26f71eY.jpg_720x720q50-300x300.avif 300w, https:\/\/www.vazy.market\/wp-content\/uploads\/2025\/02\/H4eec9222d6554bfb9c1dc61e6e26f71eY.jpg_720x720q50-150x150.avif 150w, https:\/\/www.vazy.market\/wp-content\/uploads\/2025\/02\/H4eec9222d6554bfb9c1dc61e6e26f71eY.jpg_720x720q50-600x602.avif 600w, https:\/\/www.vazy.market\/wp-content\/uploads\/2025\/02\/H4eec9222d6554bfb9c1dc61e6e26f71eY.jpg_720x720q50-100x100.avif 100w, https:\/\/www.vazy.market\/wp-content\/uploads\/2025\/02\/H4eec9222d6554bfb9c1dc61e6e26f71eY.jpg_720x720q50.avif 718w\" sizes=\"(max-width: 300px) 100vw, 300px\" \/><\/li>\n<\/ol>\n<h2><\/h2>\n<h2><span style=\"color: #ff6600;\"><strong data-entity-type=\"MessageEntityBold\">Points cl\u00e9s<\/strong><\/span><\/h2>\n<p>&nbsp;<\/p>\n<p>\u2022 <strong data-entity-type=\"MessageEntityBold\">2-en-1 : Refroidissement et R\u00e9chauffement Rapide\u00a0<\/strong><\/p>\n<p>\u2022 <strong data-entity-type=\"MessageEntityBold\">Compatible avec tous types de contenants :<\/strong> Tasses, canettes, mugs, bouteilles&#8230;<\/p>\n<p>\u2022 <strong data-entity-type=\"MessageEntityBold\">Utilisation Simple et Intuitif :<\/strong>\u00a0Un seul bouton pour basculer entre le mode froid et chaud.<\/p>\n<p>\u2022 <strong data-entity-type=\"MessageEntityBold\">Design \u00c9l\u00e9gant et Compact :<\/strong>\u00a0Un accessoire pratique et esth\u00e9tique pour votre maison ou votre bureau.<\/p>\n<p>\u2022 <strong data-entity-type=\"MessageEntityBold\">Transportable et L\u00e9ger :<\/strong>\u00a0Emmenez votre confort partout o\u00f9 vous allez.<\/p>\n<p>\u2022 <strong data-entity-type=\"MessageEntityBold\">Technologie Silencieuse :<\/strong>\u00a0Ne perturbe pas votre environnement ni votre concentration.<\/p>\n<p>\u2022 <strong data-entity-type=\"MessageEntityBold\">\u00c9conomique en \u00c9nergie :<\/strong>\u00a0Profitez de boissons \u00e0 temp\u00e9rature id\u00e9ale sans impacter votre facture d&rsquo;\u00e9lectricit\u00e9.<\/p>\n<p><img loading=\"lazy\" decoding=\"async\" class=\"alignnone size-medium wp-image-444\" src=\"http:\/\/www.vazy.market\/wp-content\/uploads\/2025\/02\/H94dd8e808f334ff3a0f998aac08138feJ.jpg_720x720q50-300x300.avif\" alt=\"\" width=\"300\" height=\"300\" srcset=\"https:\/\/www.vazy.market\/wp-content\/uploads\/2025\/02\/H94dd8e808f334ff3a0f998aac08138feJ.jpg_720x720q50-300x300.avif 300w, https:\/\/www.vazy.market\/wp-content\/uploads\/2025\/02\/H94dd8e808f334ff3a0f998aac08138feJ.jpg_720x720q50-150x150.avif 150w, https:\/\/www.vazy.market\/wp-content\/uploads\/2025\/02\/H94dd8e808f334ff3a0f998aac08138feJ.jpg_720x720q50-600x600.avif 600w, https:\/\/www.vazy.market\/wp-content\/uploads\/2025\/02\/H94dd8e808f334ff3a0f998aac08138feJ.jpg_720x720q50-100x100.avif 100w, https:\/\/www.vazy.market\/wp-content\/uploads\/2025\/02\/H94dd8e808f334ff3a0f998aac08138feJ.jpg_720x720q50.avif 720w\" sizes=\"(max-width: 300px) 100vw, 300px\" \/> <img loading=\"lazy\" decoding=\"async\" class=\"alignnone size-medium wp-image-446\" src=\"http:\/\/www.vazy.market\/wp-content\/uploads\/2025\/02\/H154e4eb892c7495d99752fcafd9fa6a38.jpg_720x720q50-300x300.avif\" alt=\"\" width=\"300\" height=\"300\" srcset=\"https:\/\/www.vazy.market\/wp-content\/uploads\/2025\/02\/H154e4eb892c7495d99752fcafd9fa6a38.jpg_720x720q50-300x300.avif 300w, https:\/\/www.vazy.market\/wp-content\/uploads\/2025\/02\/H154e4eb892c7495d99752fcafd9fa6a38.jpg_720x720q50-150x150.avif 150w, https:\/\/www.vazy.market\/wp-content\/uploads\/2025\/02\/H154e4eb892c7495d99752fcafd9fa6a38.jpg_720x720q50-600x600.avif 600w, https:\/\/www.vazy.market\/wp-content\/uploads\/2025\/02\/H154e4eb892c7495d99752fcafd9fa6a38.jpg_720x720q50-100x100.avif 100w, https:\/\/www.vazy.market\/wp-content\/uploads\/2025\/02\/H154e4eb892c7495d99752fcafd9fa6a38.jpg_720x720q50.avif 720w\" sizes=\"(max-width: 300px) 100vw, 300px\" \/><\/p>\n<h3><\/h3>\n<h2><span style=\"color: #ff6600;\"><strong data-entity-type=\"MessageEntityBold\">Ne laissez plus la temp\u00e9rature de vos boissons dicter votre confort !<\/strong><\/span><\/h2>\n<h3>\u2022 <span style=\"color: #ffffff; background-color: #ff0000;\"><strong data-entity-type=\"MessageEntityBold\">Offre Sp\u00e9ciale Lancement :<\/strong><\/span> <a href=\"https:\/\/www.vazy.market\/index.php\/cart\/?add-to-cart=442\">Commandez aujourd&rsquo;hui et b\u00e9n\u00e9ficiez d&rsquo;une r\u00e9duction exclusive de 40% ! <em data-entity-type=\"MessageEntityItalic\">(Offre \u00e0 dur\u00e9e limit\u00e9e)<\/em><\/a><\/h3>\n<h3>\u2022 <strong data-entity-type=\"MessageEntityBold\">Disponibilit\u00e9 Limit\u00e9e :<\/strong>\u00a0Ce gadget est l&rsquo;un des plus demand\u00e9s du moment. Ne ratez pas l&rsquo;occasion de vous le procurer !<\/h3>\n<h3>\u2022 <strong data-entity-type=\"MessageEntityBold\">Livraison Rapide et S\u00e9curis\u00e9e<\/strong>\u00a0Partout au Cameroun.<\/h3>\n<h2><span style=\"color: #ff6600;\"><strong data-entity-type=\"MessageEntityBold\">Informations suppl\u00e9mentaires<\/strong><\/span><\/h2>\n<p>\u2022 <strong data-entity-type=\"MessageEntityBold\">Couleur :<\/strong> gris<br \/>\n\u2022 <strong data-entity-type=\"MessageEntityBold\">Dimensions : 14x14x18cm<\/strong><br \/>\n\u2022 <strong data-entity-type=\"MessageEntityBold\">Garantie :<\/strong> 1mois<\/p>\n<p>\u2022 <strong data-entity-type=\"MessageEntityBold\">Paiement S\u00e9curis\u00e9 :<\/strong> Paiement en toute s\u00e9curit\u00e9 via Orange money ou MTN mobile money.<br \/>\n\u2022 <strong data-entity-type=\"MessageEntityBold\">Satisfaction Garantie :<\/strong>\u00a0N&rsquo;h\u00e9sitez pas \u00e0 <a href=\"https:\/\/www.vazy.market\/index.php\/nous-contacter\/\">nous contacter<\/a> en cas de question ou de probl\u00e8me.<\/p>\n","protected":false},"excerpt":{"rendered":"<p>Chaud ou Froid, \u00e0 Vous de d\u00e9cider ! D\u00e9couvrez le Duo Magique Vazy-market\u00a0: Refroidisseur et R\u00e9chauffeur de Boissons 2-en-1 \u2022 Fatigu\u00e9(e) des boissons saison s\u00e8che et glaciales en saison de pluies ? \u2022 R\u00eavez-vous d&rsquo;une solution simple pour savourer vos boissons \u00e0 la temp\u00e9rature id\u00e9ale, toute l&rsquo;ann\u00e9e ? \u2022 Dites bonjour au confort ultime :&hellip;<\/p>\n","protected":false},"featured_media":113,"comment_status":"open","ping_status":"closed","template":"","meta":[],"product_cat":[26],"product_tag":[],"class_list":{"0":"post-442","1":"product","2":"type-product","3":"status-publish","4":"has-post-thumbnail","6":"product_cat-gadgets-electroniques","8":"first","9":"instock","10":"sale","11":"shipping-taxable","12":"purchasable","13":"product-type-simple","14":"col-xs-6 col-sm-4","15":"col-md-3 col-lg-3","16":"un-4-cols"},"_links":{"self":[{"href":"https:\/\/www.vazy.market\/index.php\/wp-json\/wp\/v2\/product\/442","targetHints":{"allow":["GET"]}}],"collection":[{"href":"https:\/\/www.vazy.market\/index.php\/wp-json\/wp\/v2\/product"}],"about":[{"href":"https:\/\/www.vazy.market\/index.php\/wp-json\/wp\/v2\/types\/product"}],"replies":[{"embeddable":true,"href":"https:\/\/www.vazy.market\/index.php\/wp-json\/wp\/v2\/comments?post=442"}],"wp:featuredmedia":[{"embeddable":true,"href":"https:\/\/www.vazy.market\/index.php\/wp-json\/wp\/v2\/media\/113"}],"wp:attachment":[{"href":"https:\/\/www.vazy.market\/index.php\/wp-json\/wp\/v2\/media?parent=442"}],"wp:term":[{"taxonomy":"product_cat","embeddable":true,"href":"https:\/\/www.vazy.market\/index.php\/wp-json\/wp\/v2\/product_cat?post=442"},{"taxonomy":"product_tag","embeddable":true,"href":"https:\/\/www.vazy.market\/index.php\/wp-json\/wp\/v2\/product_tag?post=442"}],"curies":[{"name":"wp","href":"https:\/\/api.w.org\/{rel}","templated":true}]}}