{"id":17763,"date":"2026-04-06T04:35:35","date_gmt":"2026-04-06T04:35:35","guid":{"rendered":"https:\/\/www.vazy.market\/?post_type=product&#038;p=17763"},"modified":"2026-04-06T04:39:55","modified_gmt":"2026-04-06T04:39:55","slug":"sony-playstation-4-ps4-1tb-console-gaming-full-hd","status":"publish","type":"product","link":"https:\/\/www.vazy.market\/index.php\/product\/sony-playstation-4-ps4-1tb-console-gaming-full-hd\/","title":{"rendered":"\ud83c\udfae Sony PlayStation 4 (PS4) \u2013 1TB | Console Gaming | Full HD"},"content":{"rendered":"<div class=\"flex h-svh w-screen flex-col\">\n<div class=\"relative z-0 flex min-h-0 w-full flex-1\">\n<div class=\"relative flex min-h-0 w-full flex-1\">\n<div class=\"@container\/main relative flex min-w-0 flex-1 flex-col -translate-y-[calc(env(safe-area-inset-bottom,0px)\/2)] pt-[calc(env(safe-area-inset-bottom,0px)\/2)]\">\n<div class=\"@w-sm\/main:[scrollbar-gutter:var(--stage-scroll-gutter)] touch:[scrollbar-width:none] group\/scroll-root relative flex min-h-0 min-w-0 flex-1 flex-col [scrollbar-gutter:stable] not-print:overflow-x-clip not-print:overflow-y-auto group-data-stream-active\/scroll-root:[overflow-anchor:none] scroll-pt-(--header-height) [--sticky-padding-top:var(--header-height)] [--sticky-padding-bottom:0px] [--scroll-root-safe-area-inset-top:calc(var(--sticky-padding-top)+env(safe-area-inset-top,0px))] [--scroll-root-safe-area-inset-bottom:calc(var(--sticky-padding-bottom)+var(--screen-keyboard-height,0px)+env(safe-area-inset-bottom,0px))] [--scroll-root-safe-area-height:calc(100lvh-var(--scroll-root-safe-area-inset-top)-var(--scroll-root-safe-area-inset-bottom))] has-data-[fixed-header=less-than-xl]:@w-xl\/main:scroll-pt-0 has-data-[fixed-header=less-than-xl]:@w-xl\/main:[--sticky-padding-top:0px] has-data-[fixed-header=less-than-xxl]:@w-2xl\/main:scroll-pt-0 has-data-[fixed-header=less-than-xxl]:@w-2xl\/main:[--sticky-padding-top:0px]\" data-scroll-root=\"\" data-scroll-from-top=\"\">\n<p>&nbsp;<\/p>\n<div id=\"thread\" class=\"group\/thread flex flex-col min-h-full\">\n<div class=\"composer-parent flex flex-1 flex-col focus-visible:outline-0\" role=\"presentation\">\n<div class=\"relative basis-auto flex-col -mb-(--composer-overlap-px) pb-(--composer-overlap-px) [--composer-overlap-px:28px] grow flex\">\n<div class=\"flex flex-col text-sm pb-25\">\n<section class=\"text-token-text-primary w-full focus:outline-none [--shadow-height:45px] has-data-writing-block:pointer-events-none has-data-writing-block:-mt-(--shadow-height) has-data-writing-block:pt-(--shadow-height) [&amp;:has([data-writing-block])&gt;*]:pointer-events-auto scroll-mt-[calc(var(--header-height)+min(200px,max(70px,20svh)))]\" dir=\"auto\" data-turn-id=\"a2e120db-4e0c-4965-85d7-ac16a95b206e\" data-testid=\"conversation-turn-160\" data-scroll-anchor=\"true\" data-turn=\"assistant\">\n<div class=\"text-base my-auto mx-auto pb-10 [--thread-content-margin:var(--thread-content-margin-xs,calc(var(--spacing)*4))] @w-sm\/main:[--thread-content-margin:var(--thread-content-margin-sm,calc(var(--spacing)*6))] @w-lg\/main:[--thread-content-margin:var(--thread-content-margin-lg,calc(var(--spacing)*16))] px-(--thread-content-margin)\">\n<div class=\"[--thread-content-max-width:40rem] @w-lg\/main:[--thread-content-max-width:48rem] mx-auto max-w-(--thread-content-max-width) flex-1 group\/turn-messages focus-visible:outline-hidden relative flex w-full min-w-0 flex-col agent-turn\">\n<div class=\"flex max-w-full flex-col gap-4 grow\">\n<div class=\"min-h-8 text-message relative flex w-full flex-col items-end gap-2 text-start break-words whitespace-normal outline-none keyboard-focused:focus-ring [.text-message+&amp;]:mt-1\" dir=\"auto\" tabindex=\"0\" data-message-author-role=\"assistant\" data-message-id=\"15e223b6-a425-402a-8239-542631cceb1a\" data-turn-start-message=\"true\" data-message-model-slug=\"gpt-5-3\">\n<div class=\"flex w-full flex-col gap-1 empty:hidden\">\n<div class=\"markdown prose dark:prose-invert w-full wrap-break-word light markdown-new-styling\">\n<p data-start=\"253\" data-end=\"360\">Plonge dans l\u2019univers du gaming \ud83c\udfae avec la <strong data-start=\"296\" data-end=\"324\">PlayStation 4 (PS4) 1 To<\/strong>, une console fiable et performante.<\/p>\n<p data-start=\"362\" data-end=\"597\">Gr\u00e2ce \u00e0 son <strong data-start=\"374\" data-end=\"396\">disque dur de 1 To<\/strong>, tu peux stocker plusieurs jeux, applications et contenus multim\u00e9dias sans probl\u00e8me. Elle offre une exp\u00e9rience fluide avec des graphismes en <strong data-start=\"538\" data-end=\"549\">Full HD<\/strong> et un acc\u00e8s \u00e0 des centaines de jeux populaires.<\/p>\n<p data-start=\"599\" data-end=\"729\">Compatible avec le PlayStation Network, elle permet de jouer en ligne, t\u00e9l\u00e9charger des jeux et profiter de contenus exclusifs \ud83d\udd25<\/p>\n<hr data-start=\"731\" data-end=\"734\" \/>\n<h2 data-section-id=\"17dpq8e\" data-start=\"736\" data-end=\"755\">\u2728 Points forts<\/h2>\n<p data-start=\"757\" data-end=\"1070\">\u2714\ufe0f <strong data-start=\"760\" data-end=\"795\">Stockage 1 To (grande capacit\u00e9)<\/strong> \ud83d\udcbe<br data-start=\"798\" data-end=\"801\" \/>\u2714\ufe0f <strong data-start=\"804\" data-end=\"831\">Graphismes HD \/ Full HD<\/strong> \ud83d\udda5\ufe0f<br data-start=\"835\" data-end=\"838\" \/>\u2714\ufe0f <strong data-start=\"841\" data-end=\"900\">Catalogue de jeux tr\u00e8s riche (FIFA, GTA, Call of Duty\u2026)<\/strong> \ud83c\udfae<br data-start=\"903\" data-end=\"906\" \/>\u2714\ufe0f <strong data-start=\"909\" data-end=\"934\">Lecture Blu-ray &amp; DVD<\/strong> \ud83d\udcbf<br data-start=\"937\" data-end=\"940\" \/>\u2714\ufe0f <strong data-start=\"943\" data-end=\"978\">Mode multijoueur en ligne (PSN)<\/strong> \ud83c\udf10<br data-start=\"981\" data-end=\"984\" \/>\u2714\ufe0f <strong data-start=\"987\" data-end=\"1022\">Manette DualShock 4 ergonomique<\/strong> \ud83c\udfae<br data-start=\"1025\" data-end=\"1028\" \/>\u2714\ufe0f <strong data-start=\"1031\" data-end=\"1068\">Version Slim : compacte et l\u00e9g\u00e8re<\/strong><\/p>\n<p data-start=\"1072\" data-end=\"1210\">\ud83d\udc49 La PS4 permet de stocker jeux, applications et vid\u00e9os avec jusqu\u2019\u00e0 <strong data-start=\"1142\" data-end=\"1170\">1 To de capacit\u00e9 interne<\/strong><\/p>\n<hr data-start=\"1212\" data-end=\"1215\" \/>\n<h2 data-section-id=\"1uyu6z3\" data-start=\"1217\" data-end=\"1240\">\ud83d\udcca Fiche technique<\/h2>\n<div class=\"TyagGW_tableContainer\">\n<div class=\"group TyagGW_tableWrapper flex flex-col-reverse w-fit\" tabindex=\"-1\">\n<table class=\"w-fit min-w-(--thread-content-width)\" data-start=\"1242\" data-end=\"1702\">\n<thead data-start=\"1242\" data-end=\"1278\">\n<tr data-start=\"1242\" data-end=\"1278\">\n<th class=\"\" data-start=\"1242\" data-end=\"1267\" data-col-size=\"sm\">Caract\u00e9ristique<\/th>\n<th class=\"\" data-start=\"1267\" data-end=\"1278\" data-col-size=\"sm\">D\u00e9tails<\/th>\n<\/tr>\n<\/thead>\n<tbody data-start=\"1313\" data-end=\"1702\">\n<tr data-start=\"1313\" data-end=\"1343\">\n<td data-start=\"1313\" data-end=\"1335\" data-col-size=\"sm\">\ud83c\udfae Marque<\/td>\n<td data-start=\"1335\" data-end=\"1343\" data-col-size=\"sm\">Sony<\/td>\n<\/tr>\n<tr data-start=\"1344\" data-end=\"1390\">\n<td data-start=\"1344\" data-end=\"1366\" data-col-size=\"sm\">\ud83c\udff7\ufe0f Mod\u00e8le<\/td>\n<td data-start=\"1366\" data-end=\"1390\" data-col-size=\"sm\">PlayStation 4 (Slim)<\/td>\n<\/tr>\n<tr data-start=\"1391\" data-end=\"1424\">\n<td data-start=\"1391\" data-end=\"1412\" data-col-size=\"sm\">\ud83d\udcbe Stockage<\/td>\n<td data-start=\"1412\" data-end=\"1424\" data-col-size=\"sm\">1 To HDD<\/td>\n<\/tr>\n<tr data-start=\"1425\" data-end=\"1466\">\n<td data-start=\"1425\" data-end=\"1447\" data-col-size=\"sm\">\ud83d\udda5\ufe0f R\u00e9solution<\/td>\n<td data-start=\"1447\" data-end=\"1466\" data-col-size=\"sm\">Full HD (1080p)<\/td>\n<\/tr>\n<tr data-start=\"1467\" data-end=\"1502\">\n<td data-start=\"1467\" data-end=\"1488\" data-col-size=\"sm\">\ud83c\udfae RAM<\/td>\n<td data-start=\"1488\" data-end=\"1502\" data-col-size=\"sm\">8 Go GDDR5<\/td>\n<\/tr>\n<tr data-start=\"1503\" data-end=\"1539\">\n<td data-start=\"1503\" data-end=\"1524\" data-col-size=\"sm\">\ud83c\udfae Processeur<\/td>\n<td data-start=\"1524\" data-end=\"1539\" data-col-size=\"sm\">AMD 8 c\u0153urs<\/td>\n<\/tr>\n<tr data-start=\"1540\" data-end=\"1578\">\n<td data-start=\"1540\" data-end=\"1561\" data-col-size=\"sm\">\ud83d\udcbf Lecteur<\/td>\n<td data-start=\"1561\" data-end=\"1578\" data-col-size=\"sm\">Blu-ray \/ DVD<\/td>\n<\/tr>\n<tr data-start=\"1579\" data-end=\"1630\">\n<td data-start=\"1579\" data-end=\"1600\" data-col-size=\"sm\">\ud83c\udf10 Connectivit\u00e9<\/td>\n<td data-start=\"1600\" data-end=\"1630\" data-col-size=\"sm\">Wi-Fi, Bluetooth, Ethernet<\/td>\n<\/tr>\n<tr data-start=\"1631\" data-end=\"1665\">\n<td data-start=\"1631\" data-end=\"1652\" data-col-size=\"sm\">\ud83d\udd0c Ports<\/td>\n<td data-start=\"1652\" data-end=\"1665\" data-col-size=\"sm\">HDMI, USB<\/td>\n<\/tr>\n<tr data-start=\"1666\" data-end=\"1702\">\n<td data-start=\"1666\" data-end=\"1687\" data-col-size=\"sm\">\ud83c\udfae Manette<\/td>\n<td data-start=\"1687\" data-end=\"1702\" data-col-size=\"sm\">DualShock 4<\/td>\n<\/tr>\n<\/tbody>\n<\/table>\n<\/div>\n<\/div>\n<hr data-start=\"1704\" data-end=\"1707\" \/>\n<h2 data-section-id=\"pvsbnh\" data-start=\"1709\" data-end=\"1733\">\ud83d\udce6 Contenu du colis<\/h2>\n<ul data-start=\"1735\" data-end=\"1848\">\n<li data-section-id=\"12cu8q6\" data-start=\"1735\" data-end=\"1754\">1 \u00d7 Console PS4<\/li>\n<li data-section-id=\"zcykk8\" data-start=\"1755\" data-end=\"1782\">1 \u00d7 Manette DualShock 4<\/li>\n<li data-section-id=\"59tkb0\" data-start=\"1783\" data-end=\"1801\">1 \u00d7 C\u00e2ble HDMI<\/li>\n<li data-section-id=\"ax7c2a\" data-start=\"1802\" data-end=\"1830\">1 \u00d7 C\u00e2ble d\u2019alimentation<\/li>\n<li data-section-id=\"ym4feo\" data-start=\"1831\" data-end=\"1848\">1 \u00d7 C\u00e2ble USB<\/li>\n<\/ul>\n<hr data-start=\"1850\" data-end=\"1853\" \/>\n<h2 data-section-id=\"13b3ls7\" data-start=\"1855\" data-end=\"1873\">\ud83c\udfaf Id\u00e9al pour<\/h2>\n<ul data-start=\"1875\" data-end=\"1988\">\n<li data-section-id=\"ssv72t\" data-start=\"1875\" data-end=\"1888\">Gamers \ud83c\udfae<\/li>\n<li data-section-id=\"1js5gh7\" data-start=\"1889\" data-end=\"1926\">Jeux populaires (FIFA, GTA, PES\u2026)<\/li>\n<li data-section-id=\"14nfxjh\" data-start=\"1927\" data-end=\"1965\">Divertissement (films, musique) \ud83c\udfac<\/li>\n<li data-section-id=\"1a9bkx9\" data-start=\"1966\" data-end=\"1988\">Gaming en ligne \ud83c\udf10<\/li>\n<\/ul>\n<hr data-start=\"1990\" data-end=\"1993\" \/>\n<h2 data-section-id=\"13jfp1f\" data-start=\"1995\" data-end=\"2028\">\ud83d\udca1 Pourquoi choisir la PS4 ?<\/h2>\n<p data-start=\"2029\" data-end=\"2207\">La <strong data-start=\"2032\" data-end=\"2053\">PlayStation 4 1TB<\/strong> est parfaite si tu veux :<br data-start=\"2079\" data-end=\"2082\" \/>\ud83d\udc49 une console <strong data-start=\"2097\" data-end=\"2125\">puissante mais abordable<\/strong><br data-start=\"2125\" data-end=\"2128\" \/>\ud83d\udc49 un <strong data-start=\"2134\" data-end=\"2157\">large choix de jeux<\/strong><br data-start=\"2157\" data-end=\"2160\" \/>\ud83d\udc49 une exp\u00e9rience gaming <strong data-start=\"2185\" data-end=\"2205\">fiable et fluide<\/strong><\/p>\n<p data-start=\"2209\" data-end=\"2274\">C\u2019est le meilleur choix pour d\u00e9buter ou jouer \u00e0 moindre co\u00fbt \ud83d\udcaf<\/p>\n<\/div>\n<\/div>\n<\/div>\n<\/div>\n<div class=\"z-0 flex min-h-[46px] justify-start\"><\/div>\n<\/div>\n<\/div>\n<\/section>\n<\/div>\n<\/div>\n<\/div>\n<\/div>\n<p>&nbsp;<\/p>\n<\/div>\n<\/div>\n<\/div>\n<\/div>\n<\/div>\n","protected":false},"excerpt":{"rendered":"<p>&nbsp; Plonge dans l\u2019univers du gaming \ud83c\udfae avec la PlayStation 4 (PS4) 1 To, une console fiable et performante. Gr\u00e2ce \u00e0 son disque dur de 1 To, tu peux stocker plusieurs jeux, applications et contenus multim\u00e9dias sans probl\u00e8me. Elle offre une exp\u00e9rience fluide avec des graphismes en Full HD et un acc\u00e8s \u00e0 des centaines&hellip;<\/p>\n","protected":false},"featured_media":17765,"comment_status":"open","ping_status":"closed","template":"","meta":[],"product_cat":[94],"product_tag":[],"class_list":{"0":"post-17763","1":"product","2":"type-product","3":"status-publish","4":"has-post-thumbnail","6":"product_brand-sony","7":"product_cat-consoles-de-jeux","9":"first","10":"instock","11":"sale","12":"shipping-taxable","13":"purchasable","14":"product-type-simple","15":"col-xs-6 col-sm-4","16":"col-md-3 col-lg-3","17":"un-4-cols"},"_links":{"self":[{"href":"https:\/\/www.vazy.market\/index.php\/wp-json\/wp\/v2\/product\/17763","targetHints":{"allow":["GET"]}}],"collection":[{"href":"https:\/\/www.vazy.market\/index.php\/wp-json\/wp\/v2\/product"}],"about":[{"href":"https:\/\/www.vazy.market\/index.php\/wp-json\/wp\/v2\/types\/product"}],"replies":[{"embeddable":true,"href":"https:\/\/www.vazy.market\/index.php\/wp-json\/wp\/v2\/comments?post=17763"}],"wp:featuredmedia":[{"embeddable":true,"href":"https:\/\/www.vazy.market\/index.php\/wp-json\/wp\/v2\/media\/17765"}],"wp:attachment":[{"href":"https:\/\/www.vazy.market\/index.php\/wp-json\/wp\/v2\/media?parent=17763"}],"wp:term":[{"taxonomy":"product_cat","embeddable":true,"href":"https:\/\/www.vazy.market\/index.php\/wp-json\/wp\/v2\/product_cat?post=17763"},{"taxonomy":"product_tag","embeddable":true,"href":"https:\/\/www.vazy.market\/index.php\/wp-json\/wp\/v2\/product_tag?post=17763"}],"curies":[{"name":"wp","href":"https:\/\/api.w.org\/{rel}","templated":true}]}}