{"id":17723,"date":"2026-04-05T17:42:43","date_gmt":"2026-04-05T17:42:43","guid":{"rendered":"https:\/\/www.vazy.market\/?post_type=product&#038;p=17723"},"modified":"2026-04-06T02:01:59","modified_gmt":"2026-04-06T02:01:59","slug":"smart-tv-samsung-50-crystal-uhd-4k-ua50u8000-wi-fi-bluetooth","status":"publish","type":"product","link":"https:\/\/www.vazy.market\/index.php\/product\/smart-tv-samsung-50-crystal-uhd-4k-ua50u8000-wi-fi-bluetooth\/","title":{"rendered":"\ud83d\udcfa Smart TV SAMSUNG 50\u201d \u2013 Crystal UHD 4K | UA50U8000 | Wi-Fi &#038; Bluetooth"},"content":{"rendered":"<p data-start=\"293\" data-end=\"407\">Passe \u00e0 une nouvelle dimension de divertissement \ud83c\udfac avec la <strong data-start=\"353\" data-end=\"406\">Smart TV Samsung 50 pouces Crystal UHD 4K (U8000)<\/strong>.<\/p>\n<p data-start=\"409\" data-end=\"581\">Gr\u00e2ce \u00e0 sa r\u00e9solution <strong data-start=\"431\" data-end=\"458\">Ultra HD 4K (3840\u00d72160)<\/strong>, elle offre des images <strong data-start=\"482\" data-end=\"541\">ultra nettes avec 4 fois plus de d\u00e9tails que le Full HD<\/strong><\/p>\n<p data-start=\"583\" data-end=\"733\">Son <strong data-start=\"587\" data-end=\"612\">processeur Crystal 4K<\/strong> am\u00e9liore la qualit\u00e9 d\u2019image et optimise chaque sc\u00e8ne pour un rendu plus r\u00e9aliste<\/p>\n<p data-start=\"735\" data-end=\"849\">Avec le syst\u00e8me <strong data-start=\"751\" data-end=\"769\">Smart TV Tizen<\/strong>, acc\u00e8de facilement \u00e0 Netflix, YouTube et toutes tes applications pr\u00e9f\u00e9r\u00e9es \ud83d\udcf1<\/p>\n<hr data-start=\"851\" data-end=\"854\" \/>\n<h2 data-section-id=\"17dpq8e\" data-start=\"856\" data-end=\"875\">\u2728 Points forts<\/h2>\n<p data-start=\"877\" data-end=\"1312\">\u2714\ufe0f <strong data-start=\"880\" data-end=\"931\">\u00c9cran 50 pouces 4K UHD (ultra haute d\u00e9finition)<\/strong> \ud83d\udda5\ufe0f<br data-start=\"935\" data-end=\"938\" \/>\u2714\ufe0f <strong data-start=\"941\" data-end=\"978\">Smart TV (Netflix, YouTube, apps)<\/strong> \ud83d\udcf1<br data-start=\"981\" data-end=\"984\" \/>\u2714\ufe0f <strong data-start=\"987\" data-end=\"1030\">Processeur Crystal 4K (image optimis\u00e9e)<\/strong><br data-start=\"1030\" data-end=\"1033\" \/>\u2714\ufe0f <strong data-start=\"1036\" data-end=\"1079\">HDR10+ (meilleur contraste et couleurs)<\/strong> <br data-start=\"1117\" data-end=\"1120\" \/>\u2714\ufe0f <strong data-start=\"1123\" data-end=\"1153\">Wi-Fi &amp; Bluetooth int\u00e9gr\u00e9s<\/strong> \ud83d\udce1<br data-start=\"1156\" data-end=\"1159\" \/>\u2714\ufe0f <strong data-start=\"1162\" data-end=\"1203\">Design ultra fin (MetalStream Design)<\/strong> <br data-start=\"1241\" data-end=\"1244\" \/>\u2714\ufe0f <strong data-start=\"1247\" data-end=\"1269\">3 ports HDMI + USB<\/strong> \ud83d\udd0c<\/p>\n<hr data-start=\"1314\" data-end=\"1317\" \/>\n<h2 data-section-id=\"1uyu6z3\" data-start=\"1319\" data-end=\"1342\">\ud83d\udcca Fiche technique<\/h2>\n<div class=\"TyagGW_tableContainer\">\n<div class=\"group TyagGW_tableWrapper flex flex-col-reverse w-fit\" tabindex=\"-1\">\n<table class=\"w-fit min-w-(--thread-content-width)\" data-start=\"1344\" data-end=\"1902\">\n<thead data-start=\"1344\" data-end=\"1380\">\n<tr data-start=\"1344\" data-end=\"1380\">\n<th class=\"\" data-start=\"1344\" data-end=\"1369\" data-col-size=\"sm\">Caract\u00e9ristique<\/th>\n<th class=\"\" data-start=\"1369\" data-end=\"1380\" data-col-size=\"sm\">D\u00e9tails<\/th>\n<\/tr>\n<\/thead>\n<tbody data-start=\"1415\" data-end=\"1902\">\n<tr data-start=\"1415\" data-end=\"1448\">\n<td data-start=\"1415\" data-end=\"1437\" data-col-size=\"sm\">\ud83d\udcfa Marque<\/td>\n<td data-start=\"1437\" data-end=\"1448\" data-col-size=\"sm\">Samsung<\/td>\n<\/tr>\n<tr data-start=\"1449\" data-end=\"1484\">\n<td data-start=\"1449\" data-end=\"1471\" data-col-size=\"sm\">\ud83c\udff7\ufe0f Mod\u00e8le<\/td>\n<td data-start=\"1471\" data-end=\"1484\" data-col-size=\"sm\">UA50U8000<\/td>\n<\/tr>\n<tr data-start=\"1485\" data-end=\"1520\">\n<td data-start=\"1485\" data-end=\"1507\" data-col-size=\"sm\">\ud83d\udccf Taille \u00e9cran<\/td>\n<td data-start=\"1507\" data-end=\"1520\" data-col-size=\"sm\">50 pouces<\/td>\n<\/tr>\n<tr data-start=\"1521\" data-end=\"1567\">\n<td data-start=\"1521\" data-end=\"1543\" data-col-size=\"sm\">\ud83d\udda5\ufe0f R\u00e9solution<\/td>\n<td data-start=\"1543\" data-end=\"1567\" data-col-size=\"sm\">4K UHD (3840 \u00d7 2160)<\/td>\n<\/tr>\n<tr data-start=\"1568\" data-end=\"1608\">\n<td data-start=\"1568\" data-end=\"1590\" data-col-size=\"sm\">\ud83c\udf10 Smart TV<\/td>\n<td data-start=\"1590\" data-end=\"1608\" data-col-size=\"sm\">Oui (Tizen OS)<\/td>\n<\/tr>\n<tr data-start=\"1609\" data-end=\"1651\">\n<td data-start=\"1609\" data-end=\"1631\" data-col-size=\"sm\">\ud83d\udce1 Connectivit\u00e9<\/td>\n<td data-start=\"1631\" data-end=\"1651\" data-col-size=\"sm\">Wi-Fi, Bluetooth<\/td>\n<\/tr>\n<tr data-start=\"1652\" data-end=\"1692\">\n<td data-start=\"1652\" data-end=\"1673\" data-col-size=\"sm\">\ud83d\udd0c Ports<\/td>\n<td data-start=\"1673\" data-end=\"1692\" data-col-size=\"sm\">HDMI \u00d73, USB \u00d71<\/td>\n<\/tr>\n<tr data-start=\"1693\" data-end=\"1748\">\n<td data-start=\"1693\" data-end=\"1715\" data-col-size=\"sm\">\ud83c\udfa8 Technologies<\/td>\n<td data-start=\"1715\" data-end=\"1748\" data-col-size=\"sm\">HDR10+, PurColor, UHD Dimming<\/td>\n<\/tr>\n<tr data-start=\"1749\" data-end=\"1785\">\n<td data-start=\"1749\" data-end=\"1771\" data-col-size=\"sm\">\ud83d\udd0a Audio<\/td>\n<td data-start=\"1771\" data-end=\"1785\" data-col-size=\"sm\">20W st\u00e9r\u00e9o<\/td>\n<\/tr>\n<tr data-start=\"1786\" data-end=\"1832\">\n<td data-start=\"1786\" data-end=\"1808\" data-col-size=\"sm\">\ud83c\udfae Gaming<\/td>\n<td data-start=\"1808\" data-end=\"1832\" data-col-size=\"sm\">ALLM, VRR, Game Mode<\/td>\n<\/tr>\n<tr data-start=\"1833\" data-end=\"1868\">\n<td data-start=\"1833\" data-end=\"1859\" data-col-size=\"sm\">\u26a1 Taux rafra\u00eechissement<\/td>\n<td data-start=\"1859\" data-end=\"1868\" data-col-size=\"sm\">60 Hz<\/td>\n<\/tr>\n<tr data-start=\"1869\" data-end=\"1902\">\n<td data-start=\"1869\" data-end=\"1891\" data-col-size=\"sm\">\ud83d\udee1\ufe0f Garantie<\/td>\n<td data-start=\"1891\" data-end=\"1902\" data-col-size=\"sm\">12 mois<\/td>\n<\/tr>\n<\/tbody>\n<\/table>\n<\/div>\n<\/div>\n<hr data-start=\"1904\" data-end=\"1907\" \/>\n<h2 data-section-id=\"pvsbnh\" data-start=\"1909\" data-end=\"1933\">\ud83d\udce6 Contenu du colis<\/h2>\n<ul data-start=\"1935\" data-end=\"2049\">\n<li data-section-id=\"2oul31\" data-start=\"1935\" data-end=\"1963\">1 \u00d7 Smart TV Samsung 50\u201d<\/li>\n<li data-section-id=\"1aam6fo\" data-start=\"1964\" data-end=\"1984\">1 \u00d7 T\u00e9l\u00e9commande<\/li>\n<li data-section-id=\"473ng9\" data-start=\"1985\" data-end=\"2005\">1 \u00d7 Pied support<\/li>\n<li data-section-id=\"ax7c2a\" data-start=\"2006\" data-end=\"2034\">1 \u00d7 C\u00e2ble d\u2019alimentation<\/li>\n<li data-section-id=\"slj08g\" data-start=\"2035\" data-end=\"2049\">1 \u00d7 Manuel<\/li>\n<\/ul>\n<hr data-start=\"2051\" data-end=\"2054\" \/>\n<h2 data-section-id=\"13b3ls7\" data-start=\"2056\" data-end=\"2074\">\ud83c\udfaf Id\u00e9al pour<\/h2>\n<ul data-start=\"2076\" data-end=\"2171\">\n<li data-section-id=\"4u5qln\" data-start=\"2076\" data-end=\"2088\">Salon \ud83c\udfe0<\/li>\n<li data-section-id=\"1549rro\" data-start=\"2089\" data-end=\"2110\">Films &amp; s\u00e9ries \ud83c\udfac<\/li>\n<li data-section-id=\"ys4pr7\" data-start=\"2111\" data-end=\"2135\">YouTube &amp; Netflix \ud83d\udcf1<\/li>\n<li data-section-id=\"19bznv5\" data-start=\"2136\" data-end=\"2149\">Gaming \ud83c\udfae<\/li>\n<li data-section-id=\"1qnu8zm\" data-start=\"2150\" data-end=\"2171\">Bars &amp; lounges \ud83c\udf7b<\/li>\n<\/ul>\n<hr data-start=\"2173\" data-end=\"2176\" \/>\n<h2 data-section-id=\"1jx3xq0\" data-start=\"2178\" data-end=\"2213\">\ud83d\udca1 Pourquoi choisir cette TV ?<\/h2>\n<p data-start=\"2214\" data-end=\"2403\">La <strong data-start=\"2217\" data-end=\"2238\">Samsung 50\u201d U8000<\/strong> est parfaite si tu veux :<br data-start=\"2264\" data-end=\"2267\" \/>\ud83d\udc49 une <strong data-start=\"2274\" data-end=\"2298\">image 4K ultra nette<\/strong><br data-start=\"2298\" data-end=\"2301\" \/>\ud83d\udc49 une <strong data-start=\"2308\" data-end=\"2339\">Smart TV compl\u00e8te et fluide<\/strong><br data-start=\"2339\" data-end=\"2342\" \/>\ud83d\udc49 un grand \u00e9cran pour une <strong data-start=\"2369\" data-end=\"2401\">exp\u00e9rience cin\u00e9ma \u00e0 domicile<\/strong><\/p>\n","protected":false},"excerpt":{"rendered":"<p>Passe \u00e0 une nouvelle dimension de divertissement \ud83c\udfac avec la Smart TV Samsung 50 pouces Crystal UHD 4K (U8000). Gr\u00e2ce \u00e0 sa r\u00e9solution Ultra HD 4K (3840\u00d72160), elle offre des images ultra nettes avec 4 fois plus de d\u00e9tails que le Full HD Son processeur Crystal 4K am\u00e9liore la qualit\u00e9 d\u2019image et optimise chaque sc\u00e8ne&hellip;<\/p>\n","protected":false},"featured_media":17732,"comment_status":"open","ping_status":"closed","template":"","meta":[],"product_cat":[91],"product_tag":[],"class_list":{"0":"post-17723","1":"product","2":"type-product","3":"status-publish","4":"has-post-thumbnail","6":"product_brand-samsung","7":"product_cat-tv-smart-tv","9":"first","10":"instock","11":"sale","12":"shipping-taxable","13":"purchasable","14":"product-type-simple","15":"col-xs-6 col-sm-4","16":"col-md-3 col-lg-3","17":"un-4-cols"},"_links":{"self":[{"href":"https:\/\/www.vazy.market\/index.php\/wp-json\/wp\/v2\/product\/17723","targetHints":{"allow":["GET"]}}],"collection":[{"href":"https:\/\/www.vazy.market\/index.php\/wp-json\/wp\/v2\/product"}],"about":[{"href":"https:\/\/www.vazy.market\/index.php\/wp-json\/wp\/v2\/types\/product"}],"replies":[{"embeddable":true,"href":"https:\/\/www.vazy.market\/index.php\/wp-json\/wp\/v2\/comments?post=17723"}],"wp:featuredmedia":[{"embeddable":true,"href":"https:\/\/www.vazy.market\/index.php\/wp-json\/wp\/v2\/media\/17732"}],"wp:attachment":[{"href":"https:\/\/www.vazy.market\/index.php\/wp-json\/wp\/v2\/media?parent=17723"}],"wp:term":[{"taxonomy":"product_cat","embeddable":true,"href":"https:\/\/www.vazy.market\/index.php\/wp-json\/wp\/v2\/product_cat?post=17723"},{"taxonomy":"product_tag","embeddable":true,"href":"https:\/\/www.vazy.market\/index.php\/wp-json\/wp\/v2\/product_tag?post=17723"}],"curies":[{"name":"wp","href":"https:\/\/api.w.org\/{rel}","templated":true}]}}