{"id":17711,"date":"2026-04-05T16:59:11","date_gmt":"2026-04-05T16:59:11","guid":{"rendered":"https:\/\/www.vazy.market\/?post_type=product&#038;p=17711"},"modified":"2026-04-06T02:12:35","modified_gmt":"2026-04-06T02:12:35","slug":"smart-tv-samsung-32-t5300-full-hd-wi-fi-netflix-youtube","status":"publish","type":"product","link":"https:\/\/www.vazy.market\/index.php\/product\/smart-tv-samsung-32-t5300-full-hd-wi-fi-netflix-youtube\/","title":{"rendered":"\ud83d\udcfa Smart TV SAMSUNG 32\u201d \u2013 T5300 | Full HD | Wi-Fi | Netflix &#038; YouTube"},"content":{"rendered":"<p data-start=\"277\" data-end=\"368\">Profite d\u2019une exp\u00e9rience connect\u00e9e moderne \ud83d\udcfa avec la <strong data-start=\"331\" data-end=\"367\">Smart TV Samsung 32 pouces T5300<\/strong>.<\/p>\n<p data-start=\"370\" data-end=\"525\">Gr\u00e2ce \u00e0 sa <strong data-start=\"381\" data-end=\"403\">r\u00e9solution Full HD<\/strong>, cette TV offre une image <strong data-start=\"430\" data-end=\"485\">plus nette et plus d\u00e9taill\u00e9e qu\u2019une TV HD classique<\/strong><\/p>\n<p data-start=\"527\" data-end=\"673\">Avec son syst\u00e8me Smart TV (Tizen), acc\u00e8de facilement \u00e0 <strong data-start=\"582\" data-end=\"634\">Netflix, YouTube, navigateur web et applications<\/strong> directement depuis ton t\u00e9l\u00e9viseur \ud83d\udcf1<\/p>\n<hr data-start=\"675\" data-end=\"678\" \/>\n<h2 data-section-id=\"17dpq8e\" data-start=\"680\" data-end=\"699\">\u2728 Points forts<\/h2>\n<p data-start=\"701\" data-end=\"1056\">\u2714\ufe0f <strong data-start=\"704\" data-end=\"750\">\u00c9cran 32 pouces Full HD (image tr\u00e8s nette)<\/strong> \ud83d\udda5\ufe0f<br data-start=\"754\" data-end=\"757\" \/>\u2714\ufe0f <strong data-start=\"760\" data-end=\"797\">Smart TV (Netflix, YouTube, apps)<\/strong> \ud83d\udcf1<br data-start=\"800\" data-end=\"803\" \/>\u2714\ufe0f <strong data-start=\"806\" data-end=\"842\">Wi-Fi int\u00e9gr\u00e9 + Screen Mirroring<\/strong> \ud83d\udce1<br data-start=\"845\" data-end=\"848\" \/>\u2714\ufe0f <strong data-start=\"851\" data-end=\"906\">Technologie HDR (meilleures couleurs et contrastes)<\/strong><br data-start=\"906\" data-end=\"909\" \/>\u2714\ufe0f <strong data-start=\"912\" data-end=\"945\">PurColor (couleurs r\u00e9alistes)<\/strong> <br data-start=\"983\" data-end=\"986\" \/>\u2714\ufe0f <strong data-start=\"989\" data-end=\"1012\">Design slim moderne<\/strong><br data-start=\"1012\" data-end=\"1015\" \/>\u2714\ufe0f <strong data-start=\"1018\" data-end=\"1054\">T\u00e9l\u00e9commande unique intelligente<\/strong><\/p>\n<hr data-start=\"1058\" data-end=\"1061\" \/>\n<h2 data-section-id=\"1uyu6z3\" data-start=\"1063\" data-end=\"1086\">\ud83d\udcca Fiche technique<\/h2>\n<div class=\"TyagGW_tableContainer\">\n<div class=\"group TyagGW_tableWrapper flex flex-col-reverse w-fit\" tabindex=\"-1\">\n<table class=\"w-fit min-w-(--thread-content-width)\" data-start=\"1088\" data-end=\"1611\">\n<thead data-start=\"1088\" data-end=\"1124\">\n<tr data-start=\"1088\" data-end=\"1124\">\n<th class=\"\" data-start=\"1088\" data-end=\"1113\" data-col-size=\"sm\">Caract\u00e9ristique<\/th>\n<th class=\"\" data-start=\"1113\" data-end=\"1124\" data-col-size=\"sm\">D\u00e9tails<\/th>\n<\/tr>\n<\/thead>\n<tbody data-start=\"1159\" data-end=\"1611\">\n<tr data-start=\"1159\" data-end=\"1192\">\n<td data-start=\"1159\" data-end=\"1181\" data-col-size=\"sm\">\ud83d\udcfa Marque<\/td>\n<td data-start=\"1181\" data-end=\"1192\" data-col-size=\"sm\">Samsung<\/td>\n<\/tr>\n<tr data-start=\"1193\" data-end=\"1224\">\n<td data-start=\"1193\" data-end=\"1215\" data-col-size=\"sm\">\ud83c\udff7\ufe0f Mod\u00e8le<\/td>\n<td data-start=\"1215\" data-end=\"1224\" data-col-size=\"sm\">T5300<\/td>\n<\/tr>\n<tr data-start=\"1225\" data-end=\"1260\">\n<td data-start=\"1225\" data-end=\"1247\" data-col-size=\"sm\">\ud83d\udccf Taille \u00e9cran<\/td>\n<td data-start=\"1247\" data-end=\"1260\" data-col-size=\"sm\">32 pouces<\/td>\n<\/tr>\n<tr data-start=\"1261\" data-end=\"1308\">\n<td data-start=\"1261\" data-end=\"1283\" data-col-size=\"sm\">\ud83d\udda5\ufe0f R\u00e9solution<\/td>\n<td data-start=\"1283\" data-end=\"1308\" data-col-size=\"sm\">Full HD (1920 \u00d7 1080)<\/td>\n<\/tr>\n<tr data-start=\"1309\" data-end=\"1349\">\n<td data-start=\"1309\" data-end=\"1331\" data-col-size=\"sm\">\ud83c\udf10 Smart TV<\/td>\n<td data-start=\"1331\" data-end=\"1349\" data-col-size=\"sm\">Oui (Tizen OS)<\/td>\n<\/tr>\n<tr data-start=\"1350\" data-end=\"1392\">\n<td data-start=\"1350\" data-end=\"1372\" data-col-size=\"sm\">\ud83d\udce1 Connectivit\u00e9<\/td>\n<td data-start=\"1372\" data-end=\"1392\" data-col-size=\"sm\">Wi-Fi, Bluetooth<\/td>\n<\/tr>\n<tr data-start=\"1393\" data-end=\"1433\">\n<td data-start=\"1393\" data-end=\"1414\" data-col-size=\"sm\">\ud83d\udd0c Ports<\/td>\n<td data-start=\"1414\" data-end=\"1433\" data-col-size=\"sm\">HDMI \u00d72, USB \u00d71<\/td>\n<\/tr>\n<tr data-start=\"1434\" data-end=\"1491\">\n<td data-start=\"1434\" data-end=\"1456\" data-col-size=\"sm\">\ud83c\udfa8 Technologies<\/td>\n<td data-start=\"1456\" data-end=\"1491\" data-col-size=\"sm\">HDR, PurColor, Ultra Clean View<\/td>\n<\/tr>\n<tr data-start=\"1492\" data-end=\"1528\">\n<td data-start=\"1492\" data-end=\"1514\" data-col-size=\"sm\">\ud83d\udd0a Audio<\/td>\n<td data-start=\"1514\" data-end=\"1528\" data-col-size=\"sm\">10W st\u00e9r\u00e9o<\/td>\n<\/tr>\n<tr data-start=\"1529\" data-end=\"1577\">\n<td data-start=\"1529\" data-end=\"1552\" data-col-size=\"sm\">\ud83c\udfae Compatibilit\u00e9<\/td>\n<td data-start=\"1552\" data-end=\"1577\" data-col-size=\"sm\">Console, PC, d\u00e9codeur<\/td>\n<\/tr>\n<tr data-start=\"1578\" data-end=\"1611\">\n<td data-start=\"1578\" data-end=\"1600\" data-col-size=\"sm\">\ud83d\udee1\ufe0f Garantie<\/td>\n<td data-start=\"1600\" data-end=\"1611\" data-col-size=\"sm\">12 mois<\/td>\n<\/tr>\n<\/tbody>\n<\/table>\n<\/div>\n<\/div>\n<p data-start=\"1613\" data-end=\"1772\">\ud83d\udc49 Ce mod\u00e8le int\u00e8gre <strong data-start=\"1634\" data-end=\"1691\">HDR, Smart Hub et contr\u00f4le via une seule t\u00e9l\u00e9commande<\/strong>, pour une utilisation simple et compl\u00e8te<\/p>\n<hr data-start=\"1774\" data-end=\"1777\" \/>\n<h2 data-section-id=\"pvsbnh\" data-start=\"1779\" data-end=\"1803\">\ud83d\udce6 Contenu du colis<\/h2>\n<ul data-start=\"1805\" data-end=\"1919\">\n<li data-section-id=\"2iey61\" data-start=\"1805\" data-end=\"1833\">1 \u00d7 Smart TV Samsung 32\u201d<\/li>\n<li data-section-id=\"1aam6fo\" data-start=\"1834\" data-end=\"1854\">1 \u00d7 T\u00e9l\u00e9commande<\/li>\n<li data-section-id=\"473ng9\" data-start=\"1855\" data-end=\"1875\">1 \u00d7 Pied support<\/li>\n<li data-section-id=\"ax7c2a\" data-start=\"1876\" data-end=\"1904\">1 \u00d7 C\u00e2ble d\u2019alimentation<\/li>\n<li data-section-id=\"slj08g\" data-start=\"1905\" data-end=\"1919\">1 \u00d7 Manuel<\/li>\n<\/ul>\n<hr data-start=\"1921\" data-end=\"1924\" \/>\n<h2 data-section-id=\"13b3ls7\" data-start=\"1926\" data-end=\"1944\">\ud83c\udfaf Id\u00e9al pour<\/h2>\n<ul data-start=\"1946\" data-end=\"2041\">\n<li data-section-id=\"nu3h5z\" data-start=\"1946\" data-end=\"1961\">Chambre \ud83d\udecf\ufe0f<\/li>\n<li data-section-id=\"1ur5vsn\" data-start=\"1962\" data-end=\"1980\">Petit salon \ud83c\udfe0<\/li>\n<li data-section-id=\"1549rro\" data-start=\"1981\" data-end=\"2002\">Films &amp; s\u00e9ries \ud83c\udfac<\/li>\n<li data-section-id=\"ys4pr7\" data-start=\"2003\" data-end=\"2027\">YouTube &amp; Netflix \ud83d\udcf1<\/li>\n<li data-section-id=\"19bznv5\" data-start=\"2028\" data-end=\"2041\">Gaming \ud83c\udfae<\/li>\n<\/ul>\n<hr data-start=\"2043\" data-end=\"2046\" \/>\n<h2 data-section-id=\"1jx3xq0\" data-start=\"2048\" data-end=\"2083\">\ud83d\udca1 Pourquoi choisir cette TV ?<\/h2>\n<p data-start=\"2084\" data-end=\"2259\">La <strong data-start=\"2087\" data-end=\"2104\">Samsung T5300<\/strong> est l\u2019un des meilleurs choix en 32 pouces :<br data-start=\"2148\" data-end=\"2151\" \/>\ud83d\udc49 <strong data-start=\"2154\" data-end=\"2177\">Image Full HD nette<\/strong><br data-start=\"2177\" data-end=\"2180\" \/>\ud83d\udc49 <strong data-start=\"2183\" data-end=\"2214\">Smart TV fluide et compl\u00e8te<\/strong><br data-start=\"2214\" data-end=\"2217\" \/>\ud83d\udc49 <strong data-start=\"2220\" data-end=\"2257\">Qualit\u00e9 Samsung fiable et durable<\/strong><\/p>\n","protected":false},"excerpt":{"rendered":"<p>Profite d\u2019une exp\u00e9rience connect\u00e9e moderne \ud83d\udcfa avec la Smart TV Samsung 32 pouces T5300. Gr\u00e2ce \u00e0 sa r\u00e9solution Full HD, cette TV offre une image plus nette et plus d\u00e9taill\u00e9e qu\u2019une TV HD classique Avec son syst\u00e8me Smart TV (Tizen), acc\u00e8de facilement \u00e0 Netflix, YouTube, navigateur web et applications directement depuis ton t\u00e9l\u00e9viseur \ud83d\udcf1 \u2728&hellip;<\/p>\n","protected":false},"featured_media":17735,"comment_status":"open","ping_status":"closed","template":"","meta":[],"product_cat":[91],"product_tag":[],"class_list":{"0":"post-17711","1":"product","2":"type-product","3":"status-publish","4":"has-post-thumbnail","6":"product_brand-samsung","7":"product_cat-tv-smart-tv","9":"first","10":"instock","11":"sale","12":"shipping-taxable","13":"purchasable","14":"product-type-simple","15":"col-xs-6 col-sm-4","16":"col-md-3 col-lg-3","17":"un-4-cols"},"_links":{"self":[{"href":"https:\/\/www.vazy.market\/index.php\/wp-json\/wp\/v2\/product\/17711","targetHints":{"allow":["GET"]}}],"collection":[{"href":"https:\/\/www.vazy.market\/index.php\/wp-json\/wp\/v2\/product"}],"about":[{"href":"https:\/\/www.vazy.market\/index.php\/wp-json\/wp\/v2\/types\/product"}],"replies":[{"embeddable":true,"href":"https:\/\/www.vazy.market\/index.php\/wp-json\/wp\/v2\/comments?post=17711"}],"wp:featuredmedia":[{"embeddable":true,"href":"https:\/\/www.vazy.market\/index.php\/wp-json\/wp\/v2\/media\/17735"}],"wp:attachment":[{"href":"https:\/\/www.vazy.market\/index.php\/wp-json\/wp\/v2\/media?parent=17711"}],"wp:term":[{"taxonomy":"product_cat","embeddable":true,"href":"https:\/\/www.vazy.market\/index.php\/wp-json\/wp\/v2\/product_cat?post=17711"},{"taxonomy":"product_tag","embeddable":true,"href":"https:\/\/www.vazy.market\/index.php\/wp-json\/wp\/v2\/product_tag?post=17711"}],"curies":[{"name":"wp","href":"https:\/\/api.w.org\/{rel}","templated":true}]}}