{"id":17704,"date":"2026-04-05T16:22:29","date_gmt":"2026-04-05T16:22:29","guid":{"rendered":"https:\/\/www.vazy.market\/?post_type=product&#038;p=17704"},"modified":"2026-04-05T17:07:42","modified_gmt":"2026-04-05T17:07:42","slug":"smart-tv-hisense-43-full-hd-wi-fi-netflix-youtube","status":"publish","type":"product","link":"https:\/\/www.vazy.market\/index.php\/product\/smart-tv-hisense-43-full-hd-wi-fi-netflix-youtube\/","title":{"rendered":"\ud83d\udcfa Smart TV HISENSE 43&Prime; \u2013 Full HD | Wi-Fi | Netflix &#038; YouTube"},"content":{"rendered":"<p data-start=\"267\" data-end=\"360\">Profite d\u2019une exp\u00e9rience connect\u00e9e moderne \ud83d\udcfa avec la <strong data-start=\"321\" data-end=\"359\">Smart TV HISENSE 43 pouces Full HD<\/strong>.<\/p>\n<p data-start=\"362\" data-end=\"493\">Avec sa r\u00e9solution <strong data-start=\"381\" data-end=\"402\">Full HD 1920&#215;1080<\/strong>, elle offre une image claire et lumineuse pour tes films, matchs et s\u00e9ries pr\u00e9f\u00e9r\u00e9es \ud83c\udfac\u26bd<\/p>\n<p data-start=\"495\" data-end=\"629\">Gr\u00e2ce \u00e0 son syst\u00e8me Smart TV, acc\u00e8de facilement \u00e0 <strong data-start=\"545\" data-end=\"591\">YouTube, Netflix et plusieurs applications<\/strong> directement depuis ta t\u00e9l\u00e9vision \ud83d\udcf1<\/p>\n<hr data-start=\"631\" data-end=\"634\" \/>\n<h2 data-section-id=\"17dpq8e\" data-start=\"636\" data-end=\"655\">\u2728 Points forts<\/h2>\n<p data-start=\"657\" data-end=\"947\">\u2714\ufe0f <strong data-start=\"660\" data-end=\"701\">\u00c9cran 43 pouces Full HD (image nette)<\/strong> \ud83d\udda5\ufe0f<br data-start=\"705\" data-end=\"708\" \/>\u2714\ufe0f <strong data-start=\"711\" data-end=\"748\">Smart TV (applications int\u00e9gr\u00e9es)<\/strong> \ud83d\udcf1<br data-start=\"751\" data-end=\"754\" \/>\u2714\ufe0f <strong data-start=\"757\" data-end=\"795\">Wi-Fi int\u00e9gr\u00e9 (connexion internet)<\/strong> \ud83d\udce1<br data-start=\"798\" data-end=\"801\" \/>\u2714\ufe0f <strong data-start=\"804\" data-end=\"854\">Design slim moderne (fixation murale possible)<\/strong><br data-start=\"854\" data-end=\"857\" \/>\u2714\ufe0f <strong data-start=\"860\" data-end=\"880\">Ports HDMI &amp; USB<\/strong> \ud83d\udd0c<br data-start=\"883\" data-end=\"886\" \/>\u2714\ufe0f <strong data-start=\"889\" data-end=\"914\">Son clair et immersif<\/strong> \ud83d\udd0a<br data-start=\"917\" data-end=\"920\" \/>\u2714\ufe0f <strong data-start=\"923\" data-end=\"943\">Garantie 12 mois<\/strong> \u2705<\/p>\n<hr data-start=\"949\" data-end=\"952\" \/>\n<h2 data-section-id=\"1uyu6z3\" data-start=\"954\" data-end=\"977\">\ud83d\udcca Fiche technique<\/h2>\n<div class=\"TyagGW_tableContainer\">\n<div class=\"group TyagGW_tableWrapper flex flex-col-reverse w-fit\" tabindex=\"-1\">\n<table class=\"w-fit min-w-(--thread-content-width)\" data-start=\"979\" data-end=\"1383\">\n<thead data-start=\"979\" data-end=\"1015\">\n<tr data-start=\"979\" data-end=\"1015\">\n<th class=\"\" data-start=\"979\" data-end=\"1004\" data-col-size=\"sm\">Caract\u00e9ristique<\/th>\n<th class=\"\" data-start=\"1004\" data-end=\"1015\" data-col-size=\"sm\">D\u00e9tails<\/th>\n<\/tr>\n<\/thead>\n<tbody data-start=\"1050\" data-end=\"1383\">\n<tr data-start=\"1050\" data-end=\"1083\">\n<td data-start=\"1050\" data-end=\"1072\" data-col-size=\"sm\">\ud83d\udcfa Marque<\/td>\n<td data-start=\"1072\" data-end=\"1083\" data-col-size=\"sm\">HISENSE<\/td>\n<\/tr>\n<tr data-start=\"1084\" data-end=\"1119\">\n<td data-start=\"1084\" data-end=\"1106\" data-col-size=\"sm\">\ud83d\udccf Taille \u00e9cran<\/td>\n<td data-start=\"1106\" data-end=\"1119\" data-col-size=\"sm\">43 pouces<\/td>\n<\/tr>\n<tr data-start=\"1120\" data-end=\"1167\">\n<td data-start=\"1120\" data-end=\"1142\" data-col-size=\"sm\">\ud83d\udda5\ufe0f R\u00e9solution<\/td>\n<td data-start=\"1142\" data-end=\"1167\" data-col-size=\"sm\">Full HD (1920 \u00d7 1080)<\/td>\n<\/tr>\n<tr data-start=\"1168\" data-end=\"1197\">\n<td data-start=\"1168\" data-end=\"1190\" data-col-size=\"sm\">\ud83c\udf10 Smart TV<\/td>\n<td data-start=\"1190\" data-end=\"1197\" data-col-size=\"sm\">Oui<\/td>\n<\/tr>\n<tr data-start=\"1198\" data-end=\"1229\">\n<td data-start=\"1198\" data-end=\"1220\" data-col-size=\"sm\">\ud83d\udce1 Connectivit\u00e9<\/td>\n<td data-start=\"1220\" data-end=\"1229\" data-col-size=\"sm\">Wi-Fi<\/td>\n<\/tr>\n<tr data-start=\"1230\" data-end=\"1269\">\n<td data-start=\"1230\" data-end=\"1252\" data-col-size=\"sm\">\ud83d\udd0c Connectiques<\/td>\n<td data-start=\"1252\" data-end=\"1269\" data-col-size=\"sm\">HDMI, USB, AV<\/td>\n<\/tr>\n<tr data-start=\"1270\" data-end=\"1302\">\n<td data-start=\"1270\" data-end=\"1292\" data-col-size=\"sm\">\ud83d\udd0a Audio<\/td>\n<td data-start=\"1292\" data-end=\"1302\" data-col-size=\"sm\">St\u00e9r\u00e9o<\/td>\n<\/tr>\n<tr data-start=\"1303\" data-end=\"1349\">\n<td data-start=\"1303\" data-end=\"1325\" data-col-size=\"sm\">\ud83c\udfa8 Design<\/td>\n<td data-start=\"1325\" data-end=\"1349\" data-col-size=\"sm\">\u00c9cran plat, bord fin<\/td>\n<\/tr>\n<tr data-start=\"1350\" data-end=\"1383\">\n<td data-start=\"1350\" data-end=\"1372\" data-col-size=\"sm\">\ud83d\udee1\ufe0f Garantie<\/td>\n<td data-start=\"1372\" data-end=\"1383\" data-col-size=\"sm\">12 mois<\/td>\n<\/tr>\n<\/tbody>\n<\/table>\n<\/div>\n<\/div>\n<p data-start=\"1385\" data-end=\"1525\">\ud83d\udc49 Ce mod\u00e8le offre une <strong data-start=\"1408\" data-end=\"1485\">image claire et lumineuse avec acc\u00e8s direct aux applications de streaming<\/strong><\/p>\n<hr data-start=\"1527\" data-end=\"1530\" \/>\n<h2 data-section-id=\"pvsbnh\" data-start=\"1532\" data-end=\"1556\">\ud83d\udce6 Contenu du colis<\/h2>\n<ul data-start=\"1558\" data-end=\"1672\">\n<li data-section-id=\"rieobk\" data-start=\"1558\" data-end=\"1586\">1 \u00d7 Smart TV HISENSE 43\u201d<\/li>\n<li data-section-id=\"1aam6fo\" data-start=\"1587\" data-end=\"1607\">1 \u00d7 T\u00e9l\u00e9commande<\/li>\n<li data-section-id=\"473ng9\" data-start=\"1608\" data-end=\"1628\">1 \u00d7 Pied support<\/li>\n<li data-section-id=\"ax7c2a\" data-start=\"1629\" data-end=\"1657\">1 \u00d7 C\u00e2ble d\u2019alimentation<\/li>\n<li data-section-id=\"slj08g\" data-start=\"1658\" data-end=\"1672\">1 \u00d7 Manuel<\/li>\n<\/ul>\n<hr data-start=\"1674\" data-end=\"1677\" \/>\n<h2 data-section-id=\"13b3ls7\" data-start=\"1679\" data-end=\"1697\">\ud83c\udfaf Id\u00e9al pour<\/h2>\n<ul data-start=\"1699\" data-end=\"1799\">\n<li data-section-id=\"4u5qln\" data-start=\"1699\" data-end=\"1711\">Salon \ud83c\udfe0<\/li>\n<li data-section-id=\"1549rro\" data-start=\"1712\" data-end=\"1733\">Films &amp; s\u00e9ries \ud83c\udfac<\/li>\n<li data-section-id=\"ys4pr7\" data-start=\"1734\" data-end=\"1758\">YouTube &amp; Netflix \ud83d\udcf1<\/li>\n<li data-section-id=\"19bznv5\" data-start=\"1759\" data-end=\"1772\">Gaming \ud83c\udfae<\/li>\n<li data-section-id=\"1dgn3lq\" data-start=\"1773\" data-end=\"1799\">Chambres &amp; bureaux \ud83d\udecf\ufe0f<\/li>\n<\/ul>\n<hr data-start=\"1801\" data-end=\"1804\" \/>\n<h2 data-section-id=\"1jx3xq0\" data-start=\"1806\" data-end=\"1841\">\ud83d\udca1 Pourquoi choisir cette TV ?<\/h2>\n<p data-start=\"1842\" data-end=\"2033\">La <strong data-start=\"1845\" data-end=\"1869\">HISENSE 43&Prime; Smart TV<\/strong> est parfaite si tu veux :<br data-start=\"1895\" data-end=\"1898\" \/>\ud83d\udc49 une TV <strong data-start=\"1908\" data-end=\"1929\">connect\u00e9e moderne<\/strong><br data-start=\"1929\" data-end=\"1932\" \/>\ud83d\udc49 une <strong data-start=\"1939\" data-end=\"1982\">bonne qualit\u00e9 d\u2019image \u00e0 prix accessible<\/strong><br data-start=\"1982\" data-end=\"1985\" \/>\ud83d\udc49 un appareil <strong data-start=\"2000\" data-end=\"2031\">fiable et simple \u00e0 utiliser<\/strong><\/p>\n","protected":false},"excerpt":{"rendered":"<p>Profite d\u2019une exp\u00e9rience connect\u00e9e moderne \ud83d\udcfa avec la Smart TV HISENSE 43 pouces Full HD. Avec sa r\u00e9solution Full HD 1920&#215;1080, elle offre une image claire et lumineuse pour tes films, matchs et s\u00e9ries pr\u00e9f\u00e9r\u00e9es \ud83c\udfac\u26bd Gr\u00e2ce \u00e0 son syst\u00e8me Smart TV, acc\u00e8de facilement \u00e0 YouTube, Netflix et plusieurs applications directement depuis ta t\u00e9l\u00e9vision \ud83d\udcf1&hellip;<\/p>\n","protected":false},"featured_media":17720,"comment_status":"open","ping_status":"closed","template":"","meta":[],"product_cat":[91],"product_tag":[],"class_list":{"0":"post-17704","1":"product","2":"type-product","3":"status-publish","4":"has-post-thumbnail","6":"product_brand-hisense","7":"product_cat-tv-smart-tv","9":"first","10":"instock","11":"sale","12":"shipping-taxable","13":"purchasable","14":"product-type-simple","15":"col-xs-6 col-sm-4","16":"col-md-3 col-lg-3","17":"un-4-cols"},"_links":{"self":[{"href":"https:\/\/www.vazy.market\/index.php\/wp-json\/wp\/v2\/product\/17704","targetHints":{"allow":["GET"]}}],"collection":[{"href":"https:\/\/www.vazy.market\/index.php\/wp-json\/wp\/v2\/product"}],"about":[{"href":"https:\/\/www.vazy.market\/index.php\/wp-json\/wp\/v2\/types\/product"}],"replies":[{"embeddable":true,"href":"https:\/\/www.vazy.market\/index.php\/wp-json\/wp\/v2\/comments?post=17704"}],"wp:featuredmedia":[{"embeddable":true,"href":"https:\/\/www.vazy.market\/index.php\/wp-json\/wp\/v2\/media\/17720"}],"wp:attachment":[{"href":"https:\/\/www.vazy.market\/index.php\/wp-json\/wp\/v2\/media?parent=17704"}],"wp:term":[{"taxonomy":"product_cat","embeddable":true,"href":"https:\/\/www.vazy.market\/index.php\/wp-json\/wp\/v2\/product_cat?post=17704"},{"taxonomy":"product_tag","embeddable":true,"href":"https:\/\/www.vazy.market\/index.php\/wp-json\/wp\/v2\/product_tag?post=17704"}],"curies":[{"name":"wp","href":"https:\/\/api.w.org\/{rel}","templated":true}]}}