{"id":17474,"date":"2026-03-28T17:40:36","date_gmt":"2026-03-28T17:40:36","guid":{"rendered":"https:\/\/www.vazy.market\/?post_type=product&#038;p=17474"},"modified":"2026-03-28T17:40:37","modified_gmt":"2026-03-28T17:40:37","slug":"hp-15s-core-i7-12e-gen-8go-ram-512go-ssd-ecran-15-6","status":"publish","type":"product","link":"https:\/\/www.vazy.market\/index.php\/product\/hp-15s-core-i7-12e-gen-8go-ram-512go-ssd-ecran-15-6\/","title":{"rendered":"\ud83d\udcbb HP 15s \u2013 Core i7 12e Gen | 8Go RAM | 512Go SSD | \u00c9cran 15.6&Prime;"},"content":{"rendered":"<p data-start=\"232\" data-end=\"394\">Le <strong data-start=\"235\" data-end=\"270\">HP 15s Core i7 (12e g\u00e9n\u00e9ration)<\/strong> est un ordinateur portable <strong data-start=\"298\" data-end=\"333\">puissant, moderne et polyvalent<\/strong>, parfait pour le travail, les \u00e9tudes et le multit\u00e2che \ud83d\udcbc\ud83d\udcda<\/p>\n<p data-start=\"396\" data-end=\"520\">Gr\u00e2ce \u00e0 son processeur <strong data-start=\"419\" data-end=\"442\">Intel Core i7-1255U<\/strong>, il offre une excellente performance et une grande fluidit\u00e9 au quotidien \ud83d\ude80<\/p>\n<p data-start=\"522\" data-end=\"662\">Son \u00e9cran <strong data-start=\"532\" data-end=\"555\">15.6 pouces Full HD<\/strong> garantit un confort visuel id\u00e9al pour travailler ou se divertir \ud83d\udc40<\/p>\n<hr data-start=\"664\" data-end=\"667\" \/>\n<h2 data-section-id=\"17dpq8e\" data-start=\"669\" data-end=\"688\">\u2728 Points forts<\/h2>\n<p data-start=\"690\" data-end=\"1149\">\u2714\ufe0f <strong data-start=\"693\" data-end=\"738\">Processeur Intel Core i7 (12e G\u00e9n\u00e9ration)<\/strong> \u26a1<br data-start=\"740\" data-end=\"743\" \/>\u2714\ufe0f <strong data-start=\"746\" data-end=\"779\">RAM 8 Go (fluide et efficace)<\/strong><br data-start=\"779\" data-end=\"782\" \/>\u2714\ufe0f <strong data-start=\"785\" data-end=\"814\">SSD 512 Go (ultra rapide)<\/strong> \ud83d\udcbe<br data-start=\"817\" data-end=\"820\" \/>\u2714\ufe0f <strong data-start=\"823\" data-end=\"852\">Grand \u00e9cran 15.6&Prime; Full HD<\/strong> \ud83d\udda5\ufe0f<br data-start=\"856\" data-end=\"859\" \/>\u2714\ufe0f <strong data-start=\"862\" data-end=\"895\">Carte graphique Intel Iris Xe<\/strong> \ud83c\udfae<br data-start=\"898\" data-end=\"901\" \/>\u2714\ufe0f <strong data-start=\"904\" data-end=\"937\">Design fin et l\u00e9ger (\u22481.7 kg)<\/strong> \ud83c\udf92 <br data-start=\"978\" data-end=\"981\" \/>\u2714\ufe0f <strong data-start=\"984\" data-end=\"1016\">Autonomie longue dur\u00e9e (~7h)<\/strong> \ud83d\udd0b <br data-start=\"1057\" data-end=\"1060\" \/>\u2714\ufe0f <strong data-start=\"1063\" data-end=\"1106\">Connectique compl\u00e8te (USB, HDMI, USB-C)<\/strong> \ud83d\udd0c<\/p>\n<hr data-start=\"1151\" data-end=\"1154\" \/>\n<h2 data-section-id=\"1uyu6z3\" data-start=\"1156\" data-end=\"1179\">\ud83d\udcca Fiche technique<\/h2>\n<div class=\"TyagGW_tableContainer\">\n<div class=\"group TyagGW_tableWrapper flex flex-col-reverse w-fit\" tabindex=\"-1\">\n<table class=\"w-fit min-w-(--thread-content-width)\" data-start=\"1181\" data-end=\"1696\">\n<thead data-start=\"1181\" data-end=\"1217\">\n<tr data-start=\"1181\" data-end=\"1217\">\n<th class=\"\" data-start=\"1181\" data-end=\"1206\" data-col-size=\"sm\">Caract\u00e9ristique<\/th>\n<th class=\"\" data-start=\"1206\" data-end=\"1217\" data-col-size=\"sm\">D\u00e9tails<\/th>\n<\/tr>\n<\/thead>\n<tbody data-start=\"1252\" data-end=\"1696\">\n<tr data-start=\"1252\" data-end=\"1280\">\n<td data-start=\"1252\" data-end=\"1274\" data-col-size=\"sm\">\ud83d\udcbb Marque<\/td>\n<td data-start=\"1274\" data-end=\"1280\" data-col-size=\"sm\">HP<\/td>\n<\/tr>\n<tr data-start=\"1281\" data-end=\"1310\">\n<td data-start=\"1281\" data-end=\"1303\" data-col-size=\"sm\">\ud83c\udff7\ufe0f Mod\u00e8le<\/td>\n<td data-start=\"1303\" data-end=\"1310\" data-col-size=\"sm\">15s<\/td>\n<\/tr>\n<tr data-start=\"1311\" data-end=\"1356\">\n<td data-start=\"1311\" data-end=\"1333\" data-col-size=\"sm\">\u2699\ufe0f Processeur<\/td>\n<td data-start=\"1333\" data-end=\"1356\" data-col-size=\"sm\">Intel Core i7-1255U<\/td>\n<\/tr>\n<tr data-start=\"1357\" data-end=\"1397\">\n<td data-start=\"1357\" data-end=\"1379\" data-col-size=\"sm\">\ud83d\ude80 G\u00e9n\u00e9ration<\/td>\n<td data-start=\"1379\" data-end=\"1397\" data-col-size=\"sm\">12e G\u00e9n\u00e9ration<\/td>\n<\/tr>\n<tr data-start=\"1398\" data-end=\"1427\">\n<td data-start=\"1398\" data-end=\"1419\" data-col-size=\"sm\">\ud83e\udde0 RAM<\/td>\n<td data-start=\"1419\" data-end=\"1427\" data-col-size=\"sm\">8 Go<\/td>\n<\/tr>\n<tr data-start=\"1428\" data-end=\"1463\">\n<td data-start=\"1428\" data-end=\"1449\" data-col-size=\"sm\">\ud83d\udcbe Stockage<\/td>\n<td data-start=\"1449\" data-end=\"1463\" data-col-size=\"sm\">512 Go SSD<\/td>\n<\/tr>\n<tr data-start=\"1464\" data-end=\"1503\">\n<td data-start=\"1464\" data-end=\"1486\" data-col-size=\"sm\">\ud83d\udda5\ufe0f \u00c9cran<\/td>\n<td data-start=\"1486\" data-end=\"1503\" data-col-size=\"sm\">15.6&Prime; Full HD<\/td>\n<\/tr>\n<tr data-start=\"1504\" data-end=\"1542\">\n<td data-start=\"1504\" data-end=\"1525\" data-col-size=\"sm\">\ud83c\udfae Graphiques<\/td>\n<td data-col-size=\"sm\" data-start=\"1525\" data-end=\"1542\">Intel Iris Xe<\/td>\n<\/tr>\n<tr data-start=\"1543\" data-end=\"1584\">\n<td data-start=\"1543\" data-end=\"1564\" data-col-size=\"sm\">\ud83c\udf10 Connectivit\u00e9<\/td>\n<td data-start=\"1564\" data-end=\"1584\" data-col-size=\"sm\">Wi-Fi, Bluetooth<\/td>\n<\/tr>\n<tr data-start=\"1585\" data-end=\"1626\">\n<td data-start=\"1585\" data-end=\"1606\" data-col-size=\"sm\">\ud83d\udd0c Ports<\/td>\n<td data-start=\"1606\" data-end=\"1626\" data-col-size=\"sm\">USB, HDMI, USB-C<\/td>\n<\/tr>\n<tr data-start=\"1627\" data-end=\"1662\">\n<td data-start=\"1627\" data-end=\"1648\" data-col-size=\"sm\">\ud83d\udcbb Syst\u00e8me<\/td>\n<td data-start=\"1648\" data-end=\"1662\" data-col-size=\"sm\">Windows 11<\/td>\n<\/tr>\n<tr data-start=\"1663\" data-end=\"1696\">\n<td data-start=\"1663\" data-end=\"1684\" data-col-size=\"sm\">\u2696\ufe0f Poids<\/td>\n<td data-start=\"1684\" data-end=\"1696\" data-col-size=\"sm\">~1.69 kg<\/td>\n<\/tr>\n<\/tbody>\n<\/table>\n<\/div>\n<\/div>\n<hr data-start=\"1698\" data-end=\"1701\" \/>\n<h2 data-section-id=\"pvsbnh\" data-start=\"1703\" data-end=\"1727\">\ud83d\udce6 Contenu du colis<\/h2>\n<ul data-start=\"1729\" data-end=\"1760\">\n<li data-section-id=\"qgfu5d\" data-start=\"1729\" data-end=\"1743\">1 \u00d7 HP 15s<\/li>\n<li data-section-id=\"gzkpdf\" data-start=\"1744\" data-end=\"1760\">1 \u00d7 Chargeur<\/li>\n<\/ul>\n<hr data-start=\"1762\" data-end=\"1765\" \/>\n<h2 data-section-id=\"13b3ls7\" data-start=\"1767\" data-end=\"1785\">\ud83c\udfaf Id\u00e9al pour<\/h2>\n<ul data-start=\"1787\" data-end=\"1930\">\n<li data-section-id=\"m9qkve\" data-start=\"1787\" data-end=\"1803\">\u00c9tudiants \ud83c\udf93<\/li>\n<li data-section-id=\"w1jl9z\" data-start=\"1804\" data-end=\"1839\">Travailleurs &amp; entrepreneurs \ud83d\udcbc<\/li>\n<li data-section-id=\"ww13l3\" data-start=\"1840\" data-end=\"1891\">Multit\u00e2che (navigation, bureautique, logiciels)<\/li>\n<li data-section-id=\"hp1kpi\" data-start=\"1892\" data-end=\"1930\">Usage quotidien &amp; professionnel \ud83c\udf10<\/li>\n<\/ul>\n<hr data-start=\"1932\" data-end=\"1935\" \/>\n<h2 data-section-id=\"152t63w\" data-start=\"1937\" data-end=\"1969\">\ud83d\udca1 Pourquoi choisir ce PC ?<\/h2>\n<p data-start=\"1970\" data-end=\"2186\">Le <strong data-start=\"1973\" data-end=\"1994\">HP 15s i7 12e Gen<\/strong> est un excellent choix pour ceux qui veulent un ordinateur :<br data-start=\"2055\" data-end=\"2058\" \/>\ud83d\udc49 <strong data-start=\"2061\" data-end=\"2094\">rapide, moderne et polyvalent<\/strong><br data-start=\"2094\" data-end=\"2097\" \/>\ud83d\udc49 avec un <strong data-start=\"2108\" data-end=\"2135\">grand \u00e9cran confortable<\/strong><br data-start=\"2135\" data-end=\"2138\" \/>\ud83d\udc49 et un <strong data-start=\"2147\" data-end=\"2181\">excellent rapport qualit\u00e9\/prix<\/strong> \ud83d\udcaf<\/p>\n","protected":false},"excerpt":{"rendered":"<p>Le HP 15s Core i7 (12e g\u00e9n\u00e9ration) est un ordinateur portable puissant, moderne et polyvalent, parfait pour le travail, les \u00e9tudes et le multit\u00e2che \ud83d\udcbc\ud83d\udcda Gr\u00e2ce \u00e0 son processeur Intel Core i7-1255U, il offre une excellente performance et une grande fluidit\u00e9 au quotidien \ud83d\ude80 Son \u00e9cran 15.6 pouces Full HD garantit un confort visuel id\u00e9al&hellip;<\/p>\n","protected":false},"featured_media":17478,"comment_status":"open","ping_status":"closed","template":"","meta":[],"product_cat":[87],"product_tag":[],"class_list":{"0":"post-17474","1":"product","2":"type-product","3":"status-publish","4":"has-post-thumbnail","6":"product_brand-hp","7":"product_cat-ordinateurs-portables","9":"first","10":"instock","11":"sale","12":"shipping-taxable","13":"purchasable","14":"product-type-simple","15":"col-xs-6 col-sm-4","16":"col-md-3 col-lg-3","17":"un-4-cols"},"_links":{"self":[{"href":"https:\/\/www.vazy.market\/index.php\/wp-json\/wp\/v2\/product\/17474","targetHints":{"allow":["GET"]}}],"collection":[{"href":"https:\/\/www.vazy.market\/index.php\/wp-json\/wp\/v2\/product"}],"about":[{"href":"https:\/\/www.vazy.market\/index.php\/wp-json\/wp\/v2\/types\/product"}],"replies":[{"embeddable":true,"href":"https:\/\/www.vazy.market\/index.php\/wp-json\/wp\/v2\/comments?post=17474"}],"wp:featuredmedia":[{"embeddable":true,"href":"https:\/\/www.vazy.market\/index.php\/wp-json\/wp\/v2\/media\/17478"}],"wp:attachment":[{"href":"https:\/\/www.vazy.market\/index.php\/wp-json\/wp\/v2\/media?parent=17474"}],"wp:term":[{"taxonomy":"product_cat","embeddable":true,"href":"https:\/\/www.vazy.market\/index.php\/wp-json\/wp\/v2\/product_cat?post=17474"},{"taxonomy":"product_tag","embeddable":true,"href":"https:\/\/www.vazy.market\/index.php\/wp-json\/wp\/v2\/product_tag?post=17474"}],"curies":[{"name":"wp","href":"https:\/\/api.w.org\/{rel}","templated":true}]}}