{"id":17463,"date":"2026-03-28T17:18:57","date_gmt":"2026-03-28T17:18:57","guid":{"rendered":"https:\/\/www.vazy.market\/?post_type=product&#038;p=17463"},"modified":"2026-03-28T17:18:59","modified_gmt":"2026-03-28T17:18:59","slug":"lenovo-thinkbook-16-g6-core-i7-13e-gen-8go-ram-512go-ssd-ecran-16","status":"publish","type":"product","link":"https:\/\/www.vazy.market\/index.php\/product\/lenovo-thinkbook-16-g6-core-i7-13e-gen-8go-ram-512go-ssd-ecran-16\/","title":{"rendered":"\ud83d\udcbb Lenovo ThinkBook 16 G6 \u2013 Core i7 13e Gen | 8Go RAM | 512Go SSD | \u00c9cran 16&Prime;"},"content":{"rendered":"<p data-start=\"246\" data-end=\"391\">Le <strong data-start=\"249\" data-end=\"275\">Lenovo ThinkBook 16 G6<\/strong> est un ordinateur <strong data-start=\"294\" data-end=\"326\">moderne, puissant et \u00e9l\u00e9gant<\/strong>, id\u00e9al pour les professionnels et les \u00e9tudiants exigeants \ud83d\udcbc\ud83c\udf93<\/p>\n<p data-start=\"393\" data-end=\"522\">\u00c9quip\u00e9 d\u2019un <strong data-start=\"405\" data-end=\"448\">processeur Intel Core i7 13e g\u00e9n\u00e9ration<\/strong>, il offre des performances rapides et fluides pour toutes vos t\u00e2ches \ud83d\ude80<\/p>\n<p data-start=\"524\" data-end=\"682\">Son grand \u00e9cran <strong data-start=\"540\" data-end=\"562\">16 pouces Full HD+<\/strong> garantit un confort visuel exceptionnel pour le travail et le divertissement \ud83d\udc40<\/p>\n<hr data-start=\"684\" data-end=\"687\" \/>\n<h2 data-section-id=\"17dpq8e\" data-start=\"689\" data-end=\"708\">\u2728 Points forts<\/h2>\n<p data-start=\"710\" data-end=\"1076\">\u2714\ufe0f <strong data-start=\"713\" data-end=\"758\">Processeur Intel Core i7 (13e G\u00e9n\u00e9ration)<\/strong> \u26a1<br data-start=\"760\" data-end=\"763\" \/>\u2714\ufe0f <strong data-start=\"766\" data-end=\"805\">RAM 8 Go DDR5 (rapide et \u00e9volutive)<\/strong> \ud83d\ude80<br data-start=\"808\" data-end=\"811\" \/>\u2714\ufe0f <strong data-start=\"814\" data-end=\"843\">SSD 512 Go (ultra rapide)<\/strong> \ud83d\udcbe<br data-start=\"846\" data-end=\"849\" \/>\u2714\ufe0f <strong data-start=\"852\" data-end=\"889\">Grand \u00e9cran 16&Prime; WUXGA (1920&#215;1200)<\/strong> \ud83d\udda5\ufe0f <br data-start=\"931\" data-end=\"934\" \/>\u2714\ufe0f <strong data-start=\"937\" data-end=\"971\">Design moderne &amp; professionnel<\/strong> \ud83d\udcbc<br data-start=\"974\" data-end=\"977\" \/>\u2714\ufe0f <strong data-start=\"980\" data-end=\"1022\">Clavier confortable + s\u00e9curit\u00e9 avanc\u00e9e<\/strong> \ud83d\udd10<br data-start=\"1025\" data-end=\"1028\" \/>\u2714\ufe0f <strong data-start=\"1031\" data-end=\"1071\">Wi-Fi rapide &amp; connectivit\u00e9 compl\u00e8te<\/strong> \ud83d\udcf6<\/p>\n<hr data-start=\"1078\" data-end=\"1081\" \/>\n<h2 data-section-id=\"1uyu6z3\" data-start=\"1083\" data-end=\"1106\">\ud83d\udcca Fiche technique<\/h2>\n<div class=\"TyagGW_tableContainer\">\n<div class=\"group TyagGW_tableWrapper flex flex-col-reverse w-fit\" tabindex=\"-1\">\n<table class=\"w-fit min-w-(--thread-content-width)\" data-start=\"1108\" data-end=\"1605\">\n<thead data-start=\"1108\" data-end=\"1144\">\n<tr data-start=\"1108\" data-end=\"1144\">\n<th class=\"\" data-start=\"1108\" data-end=\"1133\" data-col-size=\"sm\">Caract\u00e9ristique<\/th>\n<th class=\"\" data-start=\"1133\" data-end=\"1144\" data-col-size=\"sm\">D\u00e9tails<\/th>\n<\/tr>\n<\/thead>\n<tbody data-start=\"1179\" data-end=\"1605\">\n<tr data-start=\"1179\" data-end=\"1211\">\n<td data-start=\"1179\" data-end=\"1201\" data-col-size=\"sm\">\ud83d\udcbb Marque<\/td>\n<td data-start=\"1201\" data-end=\"1211\" data-col-size=\"sm\">Lenovo<\/td>\n<\/tr>\n<tr data-start=\"1212\" data-end=\"1253\">\n<td data-start=\"1212\" data-end=\"1234\" data-col-size=\"sm\">\ud83c\udff7\ufe0f Mod\u00e8le<\/td>\n<td data-start=\"1234\" data-end=\"1253\" data-col-size=\"sm\">ThinkBook 16 G6<\/td>\n<\/tr>\n<tr data-start=\"1254\" data-end=\"1303\">\n<td data-start=\"1254\" data-end=\"1276\" data-col-size=\"sm\">\u2699\ufe0f Processeur<\/td>\n<td data-start=\"1276\" data-end=\"1303\" data-col-size=\"sm\">Intel Core i7 (13e Gen)<\/td>\n<\/tr>\n<tr data-start=\"1304\" data-end=\"1345\">\n<td data-start=\"1304\" data-end=\"1326\" data-col-size=\"sm\">\ud83d\ude80 Fr\u00e9quence<\/td>\n<td data-start=\"1326\" data-end=\"1345\" data-col-size=\"sm\">Jusqu\u2019\u00e0 3.7 GHz<\/td>\n<\/tr>\n<tr data-start=\"1346\" data-end=\"1380\">\n<td data-start=\"1346\" data-end=\"1367\" data-col-size=\"sm\">\ud83e\udde0 RAM<\/td>\n<td data-start=\"1367\" data-end=\"1380\" data-col-size=\"sm\">8 Go DDR5<\/td>\n<\/tr>\n<tr data-start=\"1381\" data-end=\"1416\">\n<td data-start=\"1381\" data-end=\"1402\" data-col-size=\"sm\">\ud83d\udcbe Stockage<\/td>\n<td data-start=\"1402\" data-end=\"1416\" data-col-size=\"sm\">512 Go SSD<\/td>\n<\/tr>\n<tr data-start=\"1417\" data-end=\"1464\">\n<td data-start=\"1417\" data-end=\"1439\" data-col-size=\"sm\">\ud83d\udda5\ufe0f \u00c9cran<\/td>\n<td data-start=\"1439\" data-end=\"1464\" data-col-size=\"sm\">16&Prime; WUXGA (1920&#215;1200)<\/td>\n<\/tr>\n<tr data-start=\"1465\" data-end=\"1503\">\n<td data-start=\"1465\" data-end=\"1486\" data-col-size=\"sm\">\ud83c\udfae Graphiques<\/td>\n<td data-start=\"1486\" data-end=\"1503\" data-col-size=\"sm\">Intel Iris Xe<\/td>\n<\/tr>\n<tr data-start=\"1504\" data-end=\"1556\">\n<td data-start=\"1504\" data-end=\"1525\" data-col-size=\"sm\">\ud83c\udf10 Connectivit\u00e9<\/td>\n<td data-start=\"1525\" data-end=\"1556\" data-col-size=\"sm\">Wi-Fi, Bluetooth, HDMI, USB<\/td>\n<\/tr>\n<tr data-start=\"1557\" data-end=\"1605\">\n<td data-start=\"1557\" data-end=\"1578\" data-col-size=\"sm\">\ud83c\udfaf Usage<\/td>\n<td data-start=\"1578\" data-end=\"1605\" data-col-size=\"sm\">Pro, bureau, multit\u00e2che<\/td>\n<\/tr>\n<\/tbody>\n<\/table>\n<\/div>\n<\/div>\n<hr data-start=\"1607\" data-end=\"1610\" \/>\n<h2 data-section-id=\"pvsbnh\" data-start=\"1612\" data-end=\"1636\">\ud83d\udce6 Contenu du colis<\/h2>\n<ul data-start=\"1638\" data-end=\"1685\">\n<li data-section-id=\"1car1u8\" data-start=\"1638\" data-end=\"1668\">1 \u00d7 Lenovo ThinkBook 16 G6<\/li>\n<li data-section-id=\"gzkpdf\" data-start=\"1669\" data-end=\"1685\">1 \u00d7 Chargeur<\/li>\n<\/ul>\n<hr data-start=\"1687\" data-end=\"1690\" \/>\n<h2 data-section-id=\"13b3ls7\" data-start=\"1692\" data-end=\"1710\">\ud83c\udfaf Id\u00e9al pour<\/h2>\n<ul data-start=\"1712\" data-end=\"1838\">\n<li data-section-id=\"8fn559\" data-start=\"1712\" data-end=\"1749\">Professionnels &amp; entrepreneurs \ud83d\udcbc<\/li>\n<li data-section-id=\"m9qkve\" data-start=\"1750\" data-end=\"1766\">\u00c9tudiants \ud83c\udf93<\/li>\n<li data-section-id=\"1bkom3u\" data-start=\"1767\" data-end=\"1790\">Multit\u00e2che avanc\u00e9 \u26a1<\/li>\n<li data-section-id=\"cls4v9\" data-start=\"1791\" data-end=\"1838\">Bureautique, design l\u00e9ger, programmation \ud83d\udcbb<\/li>\n<\/ul>\n<hr data-start=\"1840\" data-end=\"1843\" \/>\n<h2 data-section-id=\"152t63w\" data-start=\"1845\" data-end=\"1877\">\ud83d\udca1 Pourquoi choisir ce PC ?<\/h2>\n<p data-start=\"1878\" data-end=\"2051\">Le <strong data-start=\"1881\" data-end=\"1900\">ThinkBook 16 G6<\/strong> combine <strong data-start=\"1909\" data-end=\"1953\">puissance, grand \u00e9cran et design premium<\/strong>, parfait pour ceux qui veulent travailler confortablement avec un appareil moderne et rapide \ud83d\udcaf<\/p>\n","protected":false},"excerpt":{"rendered":"<p>Le Lenovo ThinkBook 16 G6 est un ordinateur moderne, puissant et \u00e9l\u00e9gant, id\u00e9al pour les professionnels et les \u00e9tudiants exigeants \ud83d\udcbc\ud83c\udf93 \u00c9quip\u00e9 d\u2019un processeur Intel Core i7 13e g\u00e9n\u00e9ration, il offre des performances rapides et fluides pour toutes vos t\u00e2ches \ud83d\ude80 Son grand \u00e9cran 16 pouces Full HD+ garantit un confort visuel exceptionnel pour le&hellip;<\/p>\n","protected":false},"featured_media":17468,"comment_status":"open","ping_status":"closed","template":"","meta":[],"product_cat":[87],"product_tag":[],"class_list":{"0":"post-17463","1":"product","2":"type-product","3":"status-publish","4":"has-post-thumbnail","6":"product_brand-lenovo","7":"product_cat-ordinateurs-portables","9":"first","10":"instock","11":"sale","12":"shipping-taxable","13":"purchasable","14":"product-type-simple","15":"col-xs-6 col-sm-4","16":"col-md-3 col-lg-3","17":"un-4-cols"},"_links":{"self":[{"href":"https:\/\/www.vazy.market\/index.php\/wp-json\/wp\/v2\/product\/17463","targetHints":{"allow":["GET"]}}],"collection":[{"href":"https:\/\/www.vazy.market\/index.php\/wp-json\/wp\/v2\/product"}],"about":[{"href":"https:\/\/www.vazy.market\/index.php\/wp-json\/wp\/v2\/types\/product"}],"replies":[{"embeddable":true,"href":"https:\/\/www.vazy.market\/index.php\/wp-json\/wp\/v2\/comments?post=17463"}],"wp:featuredmedia":[{"embeddable":true,"href":"https:\/\/www.vazy.market\/index.php\/wp-json\/wp\/v2\/media\/17468"}],"wp:attachment":[{"href":"https:\/\/www.vazy.market\/index.php\/wp-json\/wp\/v2\/media?parent=17463"}],"wp:term":[{"taxonomy":"product_cat","embeddable":true,"href":"https:\/\/www.vazy.market\/index.php\/wp-json\/wp\/v2\/product_cat?post=17463"},{"taxonomy":"product_tag","embeddable":true,"href":"https:\/\/www.vazy.market\/index.php\/wp-json\/wp\/v2\/product_tag?post=17463"}],"curies":[{"name":"wp","href":"https:\/\/api.w.org\/{rel}","templated":true}]}}