{"id":17454,"date":"2026-03-28T16:55:08","date_gmt":"2026-03-28T16:55:08","guid":{"rendered":"https:\/\/www.vazy.market\/?post_type=product&#038;p=17454"},"modified":"2026-03-28T16:55:09","modified_gmt":"2026-03-28T16:55:09","slug":"dell-vostro-core-i3-6go-ram-500go-hdd","status":"publish","type":"product","link":"https:\/\/www.vazy.market\/index.php\/product\/dell-vostro-core-i3-6go-ram-500go-hdd\/","title":{"rendered":"\ud83d\udcbb Dell Vostro \u2013 Core i3 | 6Go RAM | 500Go HDD"},"content":{"rendered":"<p data-start=\"228\" data-end=\"351\">Le <strong data-start=\"231\" data-end=\"254\">Dell Vostro Core i3<\/strong> est un ordinateur <strong data-start=\"273\" data-end=\"297\">fiable et performant<\/strong>, id\u00e9al pour le travail quotidien et les \u00e9tudes \ud83d\udcda\ud83d\udcbc<\/p>\n<p data-start=\"353\" data-end=\"492\">Gr\u00e2ce \u00e0 son <strong data-start=\"365\" data-end=\"393\">processeur Intel Core i3<\/strong>, il assure une utilisation fluide pour la bureautique, internet et les t\u00e2ches professionnelles \u26a1<\/p>\n<p data-start=\"494\" data-end=\"568\">Son format <strong data-start=\"505\" data-end=\"526\">14 pouces compact<\/strong> le rend facile \u00e0 transporter partout \ud83c\udf92<\/p>\n<hr data-start=\"570\" data-end=\"573\" \/>\n<h2 data-section-id=\"17dpq8e\" data-start=\"575\" data-end=\"594\">\u2728 Points forts<\/h2>\n<p data-start=\"596\" data-end=\"840\">\u2714\ufe0f <strong data-start=\"599\" data-end=\"637\">Processeur Intel Core i3 (2.1 GHz)<\/strong> \u26a1<br data-start=\"639\" data-end=\"642\" \/>\u2714\ufe0f <strong data-start=\"645\" data-end=\"674\">RAM 6 Go (bonne fluidit\u00e9)<\/strong><br data-start=\"674\" data-end=\"677\" \/>\u2714\ufe0f <strong data-start=\"680\" data-end=\"701\">Disque dur 500 Go<\/strong> \ud83d\udcbe<br data-start=\"704\" data-end=\"707\" \/>\u2714\ufe0f <strong data-start=\"710\" data-end=\"737\">\u00c9cran 14 pouces compact<\/strong> \ud83d\udda5\ufe0f<br data-start=\"741\" data-end=\"744\" \/>\u2714\ufe0f <strong data-start=\"747\" data-end=\"771\">Port HDMI disponible<\/strong> \ud83d\udd0c<br data-start=\"774\" data-end=\"777\" \/>\u2714\ufe0f <strong data-start=\"780\" data-end=\"805\">Batterie d\u2019origine \ud83d\udd0b<\/strong><br data-start=\"805\" data-end=\"808\" \/>\u2714\ufe0f <strong data-start=\"811\" data-end=\"836\">\u00c9tat impeccable 10\/10<\/strong> \u2705<\/p>\n<hr data-start=\"842\" data-end=\"845\" \/>\n<h2 data-section-id=\"1uyu6z3\" data-start=\"847\" data-end=\"870\">\ud83d\udcca Fiche technique<\/h2>\n<div class=\"TyagGW_tableContainer\">\n<div class=\"group TyagGW_tableWrapper flex flex-col-reverse w-fit\" tabindex=\"-1\">\n<table class=\"w-fit min-w-(--thread-content-width)\" data-start=\"872\" data-end=\"1272\">\n<thead data-start=\"872\" data-end=\"908\">\n<tr data-start=\"872\" data-end=\"908\">\n<th class=\"\" data-start=\"872\" data-end=\"897\" data-col-size=\"sm\">Caract\u00e9ristique<\/th>\n<th class=\"\" data-start=\"897\" data-end=\"908\" data-col-size=\"sm\">D\u00e9tails<\/th>\n<\/tr>\n<\/thead>\n<tbody data-start=\"943\" data-end=\"1272\">\n<tr data-start=\"943\" data-end=\"973\">\n<td data-start=\"943\" data-end=\"965\" data-col-size=\"sm\">\ud83d\udcbb Marque<\/td>\n<td data-start=\"965\" data-end=\"973\" data-col-size=\"sm\">Dell<\/td>\n<\/tr>\n<tr data-start=\"974\" data-end=\"1006\">\n<td data-start=\"974\" data-end=\"996\" data-col-size=\"sm\">\ud83c\udff7\ufe0f Mod\u00e8le<\/td>\n<td data-start=\"996\" data-end=\"1006\" data-col-size=\"sm\">Vostro<\/td>\n<\/tr>\n<tr data-start=\"1007\" data-end=\"1046\">\n<td data-start=\"1007\" data-end=\"1029\" data-col-size=\"sm\">\u2699\ufe0f Processeur<\/td>\n<td data-start=\"1029\" data-end=\"1046\" data-col-size=\"sm\">Intel Core i3<\/td>\n<\/tr>\n<tr data-start=\"1047\" data-end=\"1080\">\n<td data-start=\"1047\" data-end=\"1069\" data-col-size=\"sm\">\ud83d\ude80 Fr\u00e9quence<\/td>\n<td data-start=\"1069\" data-end=\"1080\" data-col-size=\"sm\">2.1 GHz<\/td>\n<\/tr>\n<tr data-start=\"1081\" data-end=\"1110\">\n<td data-start=\"1081\" data-end=\"1102\" data-col-size=\"sm\">\ud83e\udde0 RAM<\/td>\n<td data-start=\"1102\" data-end=\"1110\" data-col-size=\"sm\">6 Go<\/td>\n<\/tr>\n<tr data-start=\"1111\" data-end=\"1146\">\n<td data-start=\"1111\" data-end=\"1132\" data-col-size=\"sm\">\ud83d\udcbe Stockage<\/td>\n<td data-start=\"1132\" data-end=\"1146\" data-col-size=\"sm\">500 Go HDD<\/td>\n<\/tr>\n<tr data-start=\"1147\" data-end=\"1176\">\n<td data-start=\"1147\" data-end=\"1169\" data-col-size=\"sm\">\ud83d\udda5\ufe0f \u00c9cran<\/td>\n<td data-start=\"1169\" data-end=\"1176\" data-col-size=\"sm\">14&Prime;<\/td>\n<\/tr>\n<tr data-start=\"1177\" data-end=\"1206\">\n<td data-start=\"1177\" data-end=\"1198\" data-col-size=\"sm\">\ud83d\udd0c Connectivit\u00e9<\/td>\n<td data-start=\"1198\" data-end=\"1206\" data-col-size=\"sm\">HDMI<\/td>\n<\/tr>\n<tr data-start=\"1207\" data-end=\"1241\">\n<td data-start=\"1207\" data-end=\"1228\" data-col-size=\"sm\">\ud83d\udd0b Batterie<\/td>\n<td data-start=\"1228\" data-end=\"1241\" data-col-size=\"sm\">D\u2019origine<\/td>\n<\/tr>\n<tr data-start=\"1242\" data-end=\"1272\">\n<td data-start=\"1242\" data-end=\"1263\" data-col-size=\"sm\">\ud83c\udfaf \u00c9tat<\/td>\n<td data-start=\"1263\" data-end=\"1272\" data-col-size=\"sm\">10\/10<\/td>\n<\/tr>\n<\/tbody>\n<\/table>\n<\/div>\n<\/div>\n<hr data-start=\"1274\" data-end=\"1277\" \/>\n<h2 data-section-id=\"pvsbnh\" data-start=\"1279\" data-end=\"1303\">\ud83d\udce6 Contenu du colis<\/h2>\n<ul data-start=\"1305\" data-end=\"1341\">\n<li data-section-id=\"rg3n58\" data-start=\"1305\" data-end=\"1324\">1 \u00d7 Dell Vostro<\/li>\n<li data-section-id=\"gzkpdf\" data-start=\"1325\" data-end=\"1341\">1 \u00d7 Chargeur<\/li>\n<\/ul>\n<hr data-start=\"1343\" data-end=\"1346\" \/>\n<h2 data-section-id=\"13b3ls7\" data-start=\"1348\" data-end=\"1366\">\ud83c\udfaf Id\u00e9al pour<\/h2>\n<ul data-start=\"1368\" data-end=\"1478\">\n<li data-section-id=\"m9l7ia\" data-start=\"1368\" data-end=\"1384\">\u00c9tudiants \ud83d\udcda<\/li>\n<li data-section-id=\"gdl8y3\" data-start=\"1385\" data-end=\"1426\">Bureautique (Word, Excel, PowerPoint)<\/li>\n<li data-section-id=\"107i87p\" data-start=\"1427\" data-end=\"1453\">Navigation internet \ud83c\udf10<\/li>\n<li data-section-id=\"1qswqx\" data-start=\"1454\" data-end=\"1478\">Travail de bureau \ud83d\udcbc<\/li>\n<\/ul>\n<hr data-start=\"1480\" data-end=\"1483\" \/>\n<h2 data-section-id=\"152t63w\" data-start=\"1485\" data-end=\"1517\">\ud83d\udca1 Pourquoi choisir ce PC ?<\/h2>\n<p data-start=\"1518\" data-end=\"1640\">Le <strong data-start=\"1521\" data-end=\"1536\">Dell Vostro<\/strong> est reconnu pour sa <strong data-start=\"1557\" data-end=\"1587\">durabilit\u00e9 et sa fiabilit\u00e9<\/strong>, parfait pour un usage quotidien \u00e0 petit budget \ud83d\udcaf<\/p>\n<hr data-start=\"1642\" data-end=\"1645\" \/>\n<h2 data-section-id=\"1glu76o\" data-start=\"1647\" data-end=\"1669\">\ud83d\udea8 Offre sp\u00e9ciale<\/h2>\n<p data-start=\"1670\" data-end=\"1733\">\ud83d\udd25 <strong data-start=\"1673\" data-end=\"1731\">Seulement 05 pi\u00e8ces disponibles en promo ce week-end !<\/strong><\/p>\n","protected":false},"excerpt":{"rendered":"<p>Le Dell Vostro Core i3 est un ordinateur fiable et performant, id\u00e9al pour le travail quotidien et les \u00e9tudes \ud83d\udcda\ud83d\udcbc Gr\u00e2ce \u00e0 son processeur Intel Core i3, il assure une utilisation fluide pour la bureautique, internet et les t\u00e2ches professionnelles \u26a1 Son format 14 pouces compact le rend facile \u00e0 transporter partout \ud83c\udf92 \u2728 Points&hellip;<\/p>\n","protected":false},"featured_media":17456,"comment_status":"open","ping_status":"closed","template":"","meta":[],"product_cat":[87],"product_tag":[],"class_list":{"0":"post-17454","1":"product","2":"type-product","3":"status-publish","4":"has-post-thumbnail","6":"product_brand-dell","7":"product_cat-ordinateurs-portables","9":"first","10":"instock","11":"sale","12":"shipping-taxable","13":"purchasable","14":"product-type-simple","15":"col-xs-6 col-sm-4","16":"col-md-3 col-lg-3","17":"un-4-cols"},"_links":{"self":[{"href":"https:\/\/www.vazy.market\/index.php\/wp-json\/wp\/v2\/product\/17454","targetHints":{"allow":["GET"]}}],"collection":[{"href":"https:\/\/www.vazy.market\/index.php\/wp-json\/wp\/v2\/product"}],"about":[{"href":"https:\/\/www.vazy.market\/index.php\/wp-json\/wp\/v2\/types\/product"}],"replies":[{"embeddable":true,"href":"https:\/\/www.vazy.market\/index.php\/wp-json\/wp\/v2\/comments?post=17454"}],"wp:featuredmedia":[{"embeddable":true,"href":"https:\/\/www.vazy.market\/index.php\/wp-json\/wp\/v2\/media\/17456"}],"wp:attachment":[{"href":"https:\/\/www.vazy.market\/index.php\/wp-json\/wp\/v2\/media?parent=17454"}],"wp:term":[{"taxonomy":"product_cat","embeddable":true,"href":"https:\/\/www.vazy.market\/index.php\/wp-json\/wp\/v2\/product_cat?post=17454"},{"taxonomy":"product_tag","embeddable":true,"href":"https:\/\/www.vazy.market\/index.php\/wp-json\/wp\/v2\/product_tag?post=17454"}],"curies":[{"name":"wp","href":"https:\/\/api.w.org\/{rel}","templated":true}]}}