{"id":17444,"date":"2026-03-28T16:36:56","date_gmt":"2026-03-28T16:36:56","guid":{"rendered":"https:\/\/www.vazy.market\/?post_type=product&#038;p=17444"},"modified":"2026-03-28T16:36:57","modified_gmt":"2026-03-28T16:36:57","slug":"dell-latitude-5470-core-i3-6e-gen-8go-ram-500go-hdd-ultra-slim","status":"publish","type":"product","link":"https:\/\/www.vazy.market\/index.php\/product\/dell-latitude-5470-core-i3-6e-gen-8go-ram-500go-hdd-ultra-slim\/","title":{"rendered":"\ud83d\udcbb Dell Latitude 5470 \u2013 Core i3 6e Gen | 8Go RAM | 500Go HDD | Ultra Slim"},"content":{"rendered":"<p data-start=\"242\" data-end=\"363\">Le <strong data-start=\"245\" data-end=\"267\">Dell Latitude 5470<\/strong> est un ordinateur <strong data-start=\"286\" data-end=\"325\">fiable, performant et professionnel<\/strong>, id\u00e9al pour le travail quotidien \ud83d\udcbc<\/p>\n<p data-start=\"365\" data-end=\"519\">\u00c9quip\u00e9 d\u2019un <strong data-start=\"377\" data-end=\"419\">processeur Intel Core i3 6e g\u00e9n\u00e9ration<\/strong>, il assure une utilisation fluide pour la bureautique, internet et les t\u00e2ches professionnelles \ud83d\udc4d<\/p>\n<p data-start=\"521\" data-end=\"604\">Avec son design <strong data-start=\"537\" data-end=\"562\">ultra slim et robuste<\/strong>, il est facile \u00e0 transporter partout \ud83d\ude80<\/p>\n<hr data-start=\"606\" data-end=\"609\" \/>\n<h2 data-section-id=\"17dpq8e\" data-start=\"611\" data-end=\"630\">\u2728 Points forts<\/h2>\n<p data-start=\"632\" data-end=\"887\">\u2714\ufe0f <strong data-start=\"635\" data-end=\"679\">Processeur Intel Core i3 (6e G\u00e9n\u00e9ration)<\/strong> \u26a1<br data-start=\"681\" data-end=\"684\" \/>\u2714\ufe0f <strong data-start=\"687\" data-end=\"716\">RAM 8 Go (bonne fluidit\u00e9)<\/strong><br data-start=\"716\" data-end=\"719\" \/>\u2714\ufe0f <strong data-start=\"722\" data-end=\"745\">Stockage 500 Go HDD<\/strong> \ud83d\udcbe<br data-start=\"748\" data-end=\"751\" \/>\u2714\ufe0f <strong data-start=\"754\" data-end=\"775\">\u00c9cran 14&Prime; Full HD<\/strong> \ud83d\udda5\ufe0f<br data-start=\"779\" data-end=\"782\" \/>\u2714\ufe0f <strong data-start=\"785\" data-end=\"816\">Design fin et professionnel<\/strong> \ud83d\udcbc<br data-start=\"819\" data-end=\"822\" \/>\u2714\ufe0f <strong data-start=\"825\" data-end=\"850\">Batterie d\u2019origine \ud83d\udd0b<\/strong><br data-start=\"850\" data-end=\"853\" \/>\u2714\ufe0f <strong data-start=\"856\" data-end=\"883\">\u00c9tat impeccable (10\/10)<\/strong> \u2705<\/p>\n<hr data-start=\"889\" data-end=\"892\" \/>\n<h2 data-section-id=\"1uyu6z3\" data-start=\"894\" data-end=\"917\">\ud83d\udcca Fiche technique<\/h2>\n<div class=\"TyagGW_tableContainer\">\n<div class=\"group TyagGW_tableWrapper flex flex-col-reverse w-fit\" tabindex=\"-1\">\n<table class=\"w-fit min-w-(--thread-content-width)\" data-start=\"919\" data-end=\"1333\">\n<thead data-start=\"919\" data-end=\"955\">\n<tr data-start=\"919\" data-end=\"955\">\n<th class=\"\" data-start=\"919\" data-end=\"944\" data-col-size=\"sm\">Caract\u00e9ristique<\/th>\n<th class=\"\" data-start=\"944\" data-end=\"955\" data-col-size=\"sm\">D\u00e9tails<\/th>\n<\/tr>\n<\/thead>\n<tbody data-start=\"990\" data-end=\"1333\">\n<tr data-start=\"990\" data-end=\"1020\">\n<td data-start=\"990\" data-end=\"1012\" data-col-size=\"sm\">\ud83d\udcbb Marque<\/td>\n<td data-start=\"1012\" data-end=\"1020\" data-col-size=\"sm\">Dell<\/td>\n<\/tr>\n<tr data-start=\"1021\" data-end=\"1060\">\n<td data-start=\"1021\" data-end=\"1043\" data-col-size=\"sm\">\ud83c\udff7\ufe0f Mod\u00e8le<\/td>\n<td data-start=\"1043\" data-end=\"1060\" data-col-size=\"sm\">Latitude 5470<\/td>\n<\/tr>\n<tr data-start=\"1061\" data-end=\"1109\">\n<td data-start=\"1061\" data-end=\"1083\" data-col-size=\"sm\">\u2699\ufe0f Processeur<\/td>\n<td data-start=\"1083\" data-end=\"1109\" data-col-size=\"sm\">Intel Core i3 (6e Gen)<\/td>\n<\/tr>\n<tr data-start=\"1110\" data-end=\"1149\">\n<td data-start=\"1110\" data-end=\"1132\" data-col-size=\"sm\">\ud83d\ude80 Fr\u00e9quence<\/td>\n<td data-start=\"1132\" data-end=\"1149\" data-col-size=\"sm\">2.3 \u2013 2.8 GHz<\/td>\n<\/tr>\n<tr data-start=\"1150\" data-end=\"1179\">\n<td data-start=\"1150\" data-end=\"1171\" data-col-size=\"sm\">\ud83e\udde0 RAM<\/td>\n<td data-start=\"1171\" data-end=\"1179\" data-col-size=\"sm\">8 Go<\/td>\n<\/tr>\n<tr data-start=\"1180\" data-end=\"1215\">\n<td data-start=\"1180\" data-end=\"1201\" data-col-size=\"sm\">\ud83d\udcbe Stockage<\/td>\n<td data-start=\"1201\" data-end=\"1215\" data-col-size=\"sm\">500 Go HDD<\/td>\n<\/tr>\n<tr data-start=\"1216\" data-end=\"1253\">\n<td data-start=\"1216\" data-end=\"1238\" data-col-size=\"sm\">\ud83d\udda5\ufe0f \u00c9cran<\/td>\n<td data-start=\"1238\" data-end=\"1253\" data-col-size=\"sm\">14&Prime; Full HD<\/td>\n<\/tr>\n<tr data-start=\"1254\" data-end=\"1288\">\n<td data-start=\"1254\" data-end=\"1275\" data-col-size=\"sm\">\ud83d\udd0b Batterie<\/td>\n<td data-col-size=\"sm\" data-start=\"1275\" data-end=\"1288\">D\u2019origine<\/td>\n<\/tr>\n<tr data-start=\"1289\" data-end=\"1333\">\n<td data-start=\"1289\" data-end=\"1310\" data-col-size=\"sm\">\ud83c\udfaf Usage<\/td>\n<td data-start=\"1310\" data-end=\"1333\" data-col-size=\"sm\">Bureau, pro, \u00e9tudes<\/td>\n<\/tr>\n<\/tbody>\n<\/table>\n<\/div>\n<\/div>\n<hr data-start=\"1335\" data-end=\"1338\" \/>\n<h2 data-section-id=\"pvsbnh\" data-start=\"1340\" data-end=\"1364\">\ud83d\udce6 Contenu du colis<\/h2>\n<ul data-start=\"1366\" data-end=\"1415\">\n<li data-section-id=\"xp9t1y\" data-start=\"1366\" data-end=\"1398\">1 \u00d7 Ordinateur Dell Latitude<\/li>\n<li data-section-id=\"gzkpdf\" data-start=\"1399\" data-end=\"1415\">1 \u00d7 Chargeur<\/li>\n<\/ul>\n<hr data-start=\"1417\" data-end=\"1420\" \/>\n<h2 data-section-id=\"13b3ls7\" data-start=\"1422\" data-end=\"1440\">\ud83c\udfaf Id\u00e9al pour<\/h2>\n<ul data-start=\"1442\" data-end=\"1538\">\n<li data-section-id=\"1owzz17\" data-start=\"1442\" data-end=\"1463\">Professionnels \ud83d\udcbc<\/li>\n<li data-section-id=\"m9l7ia\" data-start=\"1464\" data-end=\"1480\">\u00c9tudiants \ud83d\udcda<\/li>\n<li data-section-id=\"1p8i35e\" data-start=\"1481\" data-end=\"1511\">Bureautique (Word, Excel\u2026)<\/li>\n<li data-section-id=\"107i87p\" data-start=\"1512\" data-end=\"1538\">Navigation internet \ud83c\udf10<\/li>\n<\/ul>\n<hr data-start=\"1540\" data-end=\"1543\" \/>\n<h2 data-section-id=\"152t63w\" data-start=\"1545\" data-end=\"1577\">\ud83d\udca1 Pourquoi choisir ce PC ?<\/h2>\n<p data-start=\"1578\" data-end=\"1728\">Le <strong data-start=\"1581\" data-end=\"1603\">Dell Latitude 5470<\/strong> est reconnu pour sa <strong data-start=\"1624\" data-end=\"1671\">robustesse, fiabilit\u00e9 et performance stable<\/strong>, parfait pour un usage professionnel \u00e0 petit budget \ud83d\udcaf<\/p>\n","protected":false},"excerpt":{"rendered":"<p>Le Dell Latitude 5470 est un ordinateur fiable, performant et professionnel, id\u00e9al pour le travail quotidien \ud83d\udcbc \u00c9quip\u00e9 d\u2019un processeur Intel Core i3 6e g\u00e9n\u00e9ration, il assure une utilisation fluide pour la bureautique, internet et les t\u00e2ches professionnelles \ud83d\udc4d Avec son design ultra slim et robuste, il est facile \u00e0 transporter partout \ud83d\ude80 \u2728 Points&hellip;<\/p>\n","protected":false},"featured_media":17446,"comment_status":"open","ping_status":"closed","template":"","meta":[],"product_cat":[87],"product_tag":[],"class_list":{"0":"post-17444","1":"product","2":"type-product","3":"status-publish","4":"has-post-thumbnail","6":"product_brand-dell","7":"product_cat-ordinateurs-portables","9":"first","10":"instock","11":"sale","12":"shipping-taxable","13":"purchasable","14":"product-type-simple","15":"col-xs-6 col-sm-4","16":"col-md-3 col-lg-3","17":"un-4-cols"},"_links":{"self":[{"href":"https:\/\/www.vazy.market\/index.php\/wp-json\/wp\/v2\/product\/17444","targetHints":{"allow":["GET"]}}],"collection":[{"href":"https:\/\/www.vazy.market\/index.php\/wp-json\/wp\/v2\/product"}],"about":[{"href":"https:\/\/www.vazy.market\/index.php\/wp-json\/wp\/v2\/types\/product"}],"replies":[{"embeddable":true,"href":"https:\/\/www.vazy.market\/index.php\/wp-json\/wp\/v2\/comments?post=17444"}],"wp:featuredmedia":[{"embeddable":true,"href":"https:\/\/www.vazy.market\/index.php\/wp-json\/wp\/v2\/media\/17446"}],"wp:attachment":[{"href":"https:\/\/www.vazy.market\/index.php\/wp-json\/wp\/v2\/media?parent=17444"}],"wp:term":[{"taxonomy":"product_cat","embeddable":true,"href":"https:\/\/www.vazy.market\/index.php\/wp-json\/wp\/v2\/product_cat?post=17444"},{"taxonomy":"product_tag","embeddable":true,"href":"https:\/\/www.vazy.market\/index.php\/wp-json\/wp\/v2\/product_tag?post=17444"}],"curies":[{"name":"wp","href":"https:\/\/api.w.org\/{rel}","templated":true}]}}