{"id":17439,"date":"2026-03-28T16:21:48","date_gmt":"2026-03-28T16:21:48","guid":{"rendered":"https:\/\/www.vazy.market\/?post_type=product&#038;p=17439"},"modified":"2026-03-28T18:17:58","modified_gmt":"2026-03-28T18:17:58","slug":"dell-latitude-3380-core-i3-6e-gen-8go-ram-500go-hdd-pro-fiable","status":"publish","type":"product","link":"https:\/\/www.vazy.market\/index.php\/product\/dell-latitude-3380-core-i3-6e-gen-8go-ram-500go-hdd-pro-fiable\/","title":{"rendered":"\ud83d\udcbb Dell Latitude 3380 \u2013 Core i3 6e Gen | 8Go RAM | 500Go HDD | Pro &#038; Fiable"},"content":{"rendered":"<p data-start=\"244\" data-end=\"335\">Optez pour un ordinateur <strong data-start=\"269\" data-end=\"299\">simple, efficace et fiable<\/strong> avec le <strong data-start=\"308\" data-end=\"330\">Dell Latitude 3380<\/strong> \ud83d\udcbc<\/p>\n<p data-start=\"337\" data-end=\"483\">Parfait pour la bureautique et les t\u00e2ches quotidiennes, il offre de bonnes performances gr\u00e2ce \u00e0 son <strong data-start=\"437\" data-end=\"479\">processeur Intel Core i3 6e g\u00e9n\u00e9ration<\/strong> \u26a1<\/p>\n<p data-start=\"485\" data-end=\"582\">Son design <strong data-start=\"496\" data-end=\"517\">compact et solide<\/strong> en fait un excellent choix pour \u00e9tudiants et professionnels \ud83d\udc4d<\/p>\n<hr data-start=\"584\" data-end=\"587\" \/>\n<h2 data-section-id=\"17dpq8e\" data-start=\"589\" data-end=\"608\">\u2728 Points forts<\/h2>\n<p data-start=\"610\" data-end=\"899\">\u2714\ufe0f <strong data-start=\"613\" data-end=\"657\">Processeur Intel Core i3 (6e G\u00e9n\u00e9ration)<\/strong> \u26a1<br data-start=\"659\" data-end=\"662\" \/>\u2714\ufe0f <strong data-start=\"665\" data-end=\"694\">RAM 8 Go (bonne fluidit\u00e9)<\/strong><br data-start=\"694\" data-end=\"697\" \/>\u2714\ufe0f <strong data-start=\"700\" data-end=\"723\">Stockage 500 Go HDD<\/strong> \ud83d\udcbe<br data-start=\"726\" data-end=\"729\" \/>\u2714\ufe0f <strong data-start=\"732\" data-end=\"767\">Design compact et professionnel<\/strong> \ud83d\udcbc<br data-start=\"770\" data-end=\"773\" \/>\u2714\ufe0f <strong data-start=\"776\" data-end=\"813\">Batterie d\u2019origine en bon \u00e9tat \ud83d\udd0b<\/strong><br data-start=\"813\" data-end=\"816\" \/>\u2714\ufe0f <strong data-start=\"819\" data-end=\"853\">Ordinateur propre (\u00e9tat 10\/10)<\/strong> \u2705<br data-start=\"855\" data-end=\"858\" \/>\u2714\ufe0f <strong data-start=\"861\" data-end=\"897\">Id\u00e9al pour bureautique et \u00e9tudes<\/strong><\/p>\n<hr data-start=\"901\" data-end=\"904\" \/>\n<h2 data-section-id=\"1uyu6z3\" data-start=\"906\" data-end=\"929\">\ud83d\udcca Fiche technique<\/h2>\n<div class=\"TyagGW_tableContainer\">\n<div class=\"group TyagGW_tableWrapper flex flex-col-reverse w-fit\" tabindex=\"-1\">\n<table class=\"w-fit min-w-(--thread-content-width)\" data-start=\"931\" data-end=\"1335\">\n<thead data-start=\"931\" data-end=\"967\">\n<tr data-start=\"931\" data-end=\"967\">\n<th class=\"\" data-start=\"931\" data-end=\"956\" data-col-size=\"sm\">Caract\u00e9ristique<\/th>\n<th class=\"\" data-start=\"956\" data-end=\"967\" data-col-size=\"sm\">D\u00e9tails<\/th>\n<\/tr>\n<\/thead>\n<tbody data-start=\"1002\" data-end=\"1335\">\n<tr data-start=\"1002\" data-end=\"1032\">\n<td data-start=\"1002\" data-end=\"1024\" data-col-size=\"sm\">\ud83d\udcbb Marque<\/td>\n<td data-start=\"1024\" data-end=\"1032\" data-col-size=\"sm\">Dell<\/td>\n<\/tr>\n<tr data-start=\"1033\" data-end=\"1072\">\n<td data-start=\"1033\" data-end=\"1055\" data-col-size=\"sm\">\ud83c\udff7\ufe0f Mod\u00e8le<\/td>\n<td data-start=\"1055\" data-end=\"1072\" data-col-size=\"sm\">Latitude 3380<\/td>\n<\/tr>\n<tr data-start=\"1073\" data-end=\"1121\">\n<td data-start=\"1073\" data-end=\"1095\" data-col-size=\"sm\">\u2699\ufe0f Processeur<\/td>\n<td data-start=\"1095\" data-end=\"1121\" data-col-size=\"sm\">Intel Core i3 (6e Gen)<\/td>\n<\/tr>\n<tr data-start=\"1122\" data-end=\"1155\">\n<td data-start=\"1122\" data-end=\"1144\" data-col-size=\"sm\">\ud83d\ude80 Fr\u00e9quence<\/td>\n<td data-start=\"1144\" data-end=\"1155\" data-col-size=\"sm\">2.6 GHz<\/td>\n<\/tr>\n<tr data-start=\"1156\" data-end=\"1185\">\n<td data-start=\"1156\" data-end=\"1177\" data-col-size=\"sm\">\ud83e\udde0 RAM<\/td>\n<td data-start=\"1177\" data-end=\"1185\" data-col-size=\"sm\">8 Go<\/td>\n<\/tr>\n<tr data-start=\"1186\" data-end=\"1221\">\n<td data-start=\"1186\" data-end=\"1207\" data-col-size=\"sm\">\ud83d\udcbe Stockage<\/td>\n<td data-start=\"1207\" data-end=\"1221\" data-col-size=\"sm\">500 Go HDD<\/td>\n<\/tr>\n<tr data-start=\"1222\" data-end=\"1261\">\n<td data-start=\"1222\" data-end=\"1244\" data-col-size=\"sm\">\ud83d\udda5\ufe0f \u00c9cran<\/td>\n<td data-col-size=\"sm\" data-start=\"1244\" data-end=\"1261\">13&Prime; (compact)<\/td>\n<\/tr>\n<tr data-start=\"1262\" data-end=\"1296\">\n<td data-start=\"1262\" data-end=\"1283\" data-col-size=\"sm\">\ud83d\udd0b Batterie<\/td>\n<td data-start=\"1283\" data-end=\"1296\" data-col-size=\"sm\">D\u2019origine<\/td>\n<\/tr>\n<tr data-start=\"1297\" data-end=\"1335\">\n<td data-start=\"1297\" data-end=\"1318\" data-col-size=\"sm\">\ud83c\udfaf Usage<\/td>\n<td data-start=\"1318\" data-end=\"1335\" data-col-size=\"sm\">Bureau, \u00e9cole<\/td>\n<\/tr>\n<\/tbody>\n<\/table>\n<\/div>\n<\/div>\n<hr data-start=\"1337\" data-end=\"1340\" \/>\n<h2 data-section-id=\"pvsbnh\" data-start=\"1342\" data-end=\"1366\">\ud83d\udce6 Contenu du colis<\/h2>\n<ul data-start=\"1368\" data-end=\"1417\">\n<li data-section-id=\"xp9t1y\" data-start=\"1368\" data-end=\"1400\">1 \u00d7 Ordinateur Dell Latitude<\/li>\n<li data-section-id=\"gzkpdf\" data-start=\"1401\" data-end=\"1417\">1 \u00d7 Chargeur<\/li>\n<\/ul>\n<hr data-start=\"1419\" data-end=\"1422\" \/>\n<h2 data-section-id=\"13b3ls7\" data-start=\"1424\" data-end=\"1442\">\ud83c\udfaf Id\u00e9al pour<\/h2>\n<ul data-start=\"1444\" data-end=\"1549\">\n<li data-section-id=\"m9l7ia\" data-start=\"1444\" data-end=\"1460\">\u00c9tudiants \ud83d\udcda<\/li>\n<li data-section-id=\"2uxhbn\" data-start=\"1461\" data-end=\"1494\">Bureautique (Word, Excel\u2026) \ud83d\udcbc<\/li>\n<li data-section-id=\"107i87p\" data-start=\"1495\" data-end=\"1521\">Navigation internet \ud83c\udf10<\/li>\n<li data-section-id=\"od7msw\" data-start=\"1522\" data-end=\"1549\">Utilisation quotidienne<\/li>\n<\/ul>\n<hr data-start=\"1551\" data-end=\"1554\" \/>\n<h2 data-section-id=\"152t63w\" data-start=\"1556\" data-end=\"1588\">\ud83d\udca1 Pourquoi choisir ce PC ?<\/h2>\n<p data-start=\"1589\" data-end=\"1737\">Le <strong data-start=\"1592\" data-end=\"1614\">Dell Latitude 3380<\/strong> est un excellent choix pour ceux qui veulent un ordinateur <strong data-start=\"1674\" data-end=\"1706\">fiable, propre et accessible<\/strong> pour le travail quotidien \ud83d\udcaf<\/p>\n","protected":false},"excerpt":{"rendered":"<p>Optez pour un ordinateur simple, efficace et fiable avec le Dell Latitude 3380 \ud83d\udcbc Parfait pour la bureautique et les t\u00e2ches quotidiennes, il offre de bonnes performances gr\u00e2ce \u00e0 son processeur Intel Core i3 6e g\u00e9n\u00e9ration \u26a1 Son design compact et solide en fait un excellent choix pour \u00e9tudiants et professionnels \ud83d\udc4d \u2728 Points forts&hellip;<\/p>\n","protected":false},"featured_media":17442,"comment_status":"open","ping_status":"closed","template":"","meta":[],"product_cat":[87],"product_tag":[],"class_list":{"0":"post-17439","1":"product","2":"type-product","3":"status-publish","4":"has-post-thumbnail","6":"product_brand-dell","7":"product_cat-ordinateurs-portables","9":"first","10":"instock","11":"sale","12":"shipping-taxable","13":"purchasable","14":"product-type-simple","15":"col-xs-6 col-sm-4","16":"col-md-3 col-lg-3","17":"un-4-cols"},"_links":{"self":[{"href":"https:\/\/www.vazy.market\/index.php\/wp-json\/wp\/v2\/product\/17439","targetHints":{"allow":["GET"]}}],"collection":[{"href":"https:\/\/www.vazy.market\/index.php\/wp-json\/wp\/v2\/product"}],"about":[{"href":"https:\/\/www.vazy.market\/index.php\/wp-json\/wp\/v2\/types\/product"}],"replies":[{"embeddable":true,"href":"https:\/\/www.vazy.market\/index.php\/wp-json\/wp\/v2\/comments?post=17439"}],"wp:featuredmedia":[{"embeddable":true,"href":"https:\/\/www.vazy.market\/index.php\/wp-json\/wp\/v2\/media\/17442"}],"wp:attachment":[{"href":"https:\/\/www.vazy.market\/index.php\/wp-json\/wp\/v2\/media?parent=17439"}],"wp:term":[{"taxonomy":"product_cat","embeddable":true,"href":"https:\/\/www.vazy.market\/index.php\/wp-json\/wp\/v2\/product_cat?post=17439"},{"taxonomy":"product_tag","embeddable":true,"href":"https:\/\/www.vazy.market\/index.php\/wp-json\/wp\/v2\/product_tag?post=17439"}],"curies":[{"name":"wp","href":"https:\/\/api.w.org\/{rel}","templated":true}]}}