{"id":17201,"date":"2026-03-23T23:06:04","date_gmt":"2026-03-23T23:06:04","guid":{"rendered":"https:\/\/www.vazy.market\/?post_type=product&#038;p=17201"},"modified":"2026-03-24T21:47:22","modified_gmt":"2026-03-24T21:47:22","slug":"micro-ondes-oscar-osc-m2bu-20-litres-rapide-pratique","status":"publish","type":"product","link":"https:\/\/www.vazy.market\/index.php\/product\/micro-ondes-oscar-osc-m2bu-20-litres-rapide-pratique\/","title":{"rendered":"\ud83c\udf7d\ufe0fMicro-ondes OSCAR OSC-M2BU \u2013 20 Litres | Rapide &#038; Pratique"},"content":{"rendered":"<p data-start=\"232\" data-end=\"296\">Simplifiez votre quotidien avec le <strong data-start=\"267\" data-end=\"292\">micro-ondes OSCAR 20L<\/strong> \u26a1<\/p>\n<p data-start=\"298\" data-end=\"414\">Id\u00e9al pour <strong data-start=\"309\" data-end=\"355\">r\u00e9chauffer, cuire ou d\u00e9congeler rapidement<\/strong>, il est parfait pour les familles, \u00e9tudiants ou bureaux.<\/p>\n<p data-start=\"416\" data-end=\"499\">Gr\u00e2ce \u00e0 ses <strong data-start=\"428\" data-end=\"449\">commandes simples<\/strong>, il est facile \u00e0 utiliser pour tout le monde \ud83d\udc4d<\/p>\n<hr data-start=\"501\" data-end=\"504\" \/>\n<h2 data-section-id=\"17dpq8e\" data-start=\"506\" data-end=\"525\">\u2728 Points forts<\/h2>\n<p data-start=\"527\" data-end=\"760\">\u2714\ufe0f <strong data-start=\"530\" data-end=\"552\">Capacit\u00e9 20 litres<\/strong> \ud83e\udd58<br data-start=\"555\" data-end=\"558\" \/>\u2714\ufe0f <strong data-start=\"561\" data-end=\"595\">R\u00e9chauffage rapide et uniforme<\/strong> \u26a1<br data-start=\"597\" data-end=\"600\" \/>\u2714\ufe0f <strong data-start=\"603\" data-end=\"629\">Fonction d\u00e9cong\u00e9lation<\/strong> \u2744\ufe0f<br data-start=\"632\" data-end=\"635\" \/>\u2714\ufe0f <strong data-start=\"638\" data-end=\"677\">R\u00e9glage du temps et de la puissance<\/strong><br data-start=\"677\" data-end=\"680\" \/>\u2714\ufe0f <strong data-start=\"683\" data-end=\"723\">Utilisation simple (boutons manuels)<\/strong><br data-start=\"723\" data-end=\"726\" \/>\u2714\ufe0f <strong data-start=\"729\" data-end=\"758\">Design compact et moderne<\/strong><\/p>\n<hr data-start=\"762\" data-end=\"765\" \/>\n<h2 data-section-id=\"1uyu6z3\" data-start=\"767\" data-end=\"790\">\ud83d\udcca Fiche technique<\/h2>\n<div class=\"TyagGW_tableContainer\">\n<div class=\"group TyagGW_tableWrapper flex flex-col-reverse w-fit\" tabindex=\"-1\">\n<table class=\"w-fit min-w-(--thread-content-width)\" data-start=\"792\" data-end=\"1128\">\n<thead data-start=\"792\" data-end=\"828\">\n<tr data-start=\"792\" data-end=\"828\">\n<th class=\"\" data-start=\"792\" data-end=\"817\" data-col-size=\"sm\">Caract\u00e9ristique<\/th>\n<th class=\"\" data-start=\"817\" data-end=\"828\" data-col-size=\"sm\">D\u00e9tails<\/th>\n<\/tr>\n<\/thead>\n<tbody data-start=\"863\" data-end=\"1128\">\n<tr data-start=\"863\" data-end=\"901\">\n<td data-start=\"863\" data-end=\"886\" data-col-size=\"sm\">\ud83c\udf7d\ufe0f Type<\/td>\n<td data-start=\"886\" data-end=\"901\" data-col-size=\"sm\">Micro-ondes<\/td>\n<\/tr>\n<tr data-start=\"902\" data-end=\"936\">\n<td data-start=\"902\" data-end=\"924\" data-col-size=\"sm\">\ud83c\udff7\ufe0f Mod\u00e8le<\/td>\n<td data-start=\"924\" data-end=\"936\" data-col-size=\"sm\">OSC-M2BU<\/td>\n<\/tr>\n<tr data-start=\"937\" data-end=\"972\">\n<td data-start=\"937\" data-end=\"959\" data-col-size=\"sm\">\ud83d\udce6 Capacit\u00e9<\/td>\n<td data-start=\"959\" data-end=\"972\" data-col-size=\"sm\">20 Litres<\/td>\n<\/tr>\n<tr data-start=\"973\" data-end=\"1017\">\n<td data-start=\"973\" data-end=\"995\" data-col-size=\"sm\">\u2699\ufe0f Commande<\/td>\n<td data-start=\"995\" data-end=\"1017\" data-col-size=\"sm\">Manuelle (boutons)<\/td>\n<\/tr>\n<tr data-start=\"1018\" data-end=\"1047\">\n<td data-start=\"1018\" data-end=\"1040\" data-col-size=\"sm\">\u23f1\ufe0f Minuterie<\/td>\n<td data-start=\"1040\" data-end=\"1047\" data-col-size=\"sm\">Oui<\/td>\n<\/tr>\n<tr data-start=\"1048\" data-end=\"1087\">\n<td data-start=\"1048\" data-end=\"1070\" data-col-size=\"sm\">\u2744\ufe0f Fonction<\/td>\n<td data-start=\"1070\" data-end=\"1087\" data-col-size=\"sm\">D\u00e9cong\u00e9lation<\/td>\n<\/tr>\n<tr data-start=\"1088\" data-end=\"1128\">\n<td data-start=\"1088\" data-end=\"1110\" data-col-size=\"sm\">\ud83c\udfaf Utilisation<\/td>\n<td data-start=\"1110\" data-end=\"1128\" data-col-size=\"sm\">Maison, bureau<\/td>\n<\/tr>\n<\/tbody>\n<\/table>\n<\/div>\n<\/div>\n<hr data-start=\"1130\" data-end=\"1133\" \/>\n<h2 data-section-id=\"pvsbnh\" data-start=\"1135\" data-end=\"1159\">\ud83d\udce6 Contenu du colis<\/h2>\n<ul data-start=\"1161\" data-end=\"1240\">\n<li data-section-id=\"kcrpvq\" data-start=\"1161\" data-end=\"1186\">1 \u00d7 Micro-ondes OSCAR<\/li>\n<li data-section-id=\"1b8k6rj\" data-start=\"1187\" data-end=\"1211\">1 \u00d7 Plateau tournant<\/li>\n<li data-section-id=\"euolri\" data-start=\"1212\" data-end=\"1240\">1 \u00d7 Manuel d\u2019utilisation<\/li>\n<\/ul>\n<hr data-start=\"1242\" data-end=\"1245\" \/>\n<h2 data-section-id=\"13b3ls7\" data-start=\"1247\" data-end=\"1265\">\ud83c\udfaf Id\u00e9al pour<\/h2>\n<ul data-start=\"1267\" data-end=\"1398\">\n<li data-section-id=\"12q47tf\" data-start=\"1267\" data-end=\"1294\">R\u00e9chauffer les repas \ud83c\udf5b<\/li>\n<li data-section-id=\"1u6gsy8\" data-start=\"1295\" data-end=\"1331\">D\u00e9congeler viande et aliments \u2744\ufe0f<\/li>\n<li data-section-id=\"1796mpz\" data-start=\"1332\" data-end=\"1366\">Cuisson rapide au quotidien \u23f1\ufe0f<\/li>\n<li data-section-id=\"35r6ts\" data-start=\"1367\" data-end=\"1398\">Maison, bureau ou \u00e9tudiants<\/li>\n<\/ul>\n<hr data-start=\"1400\" data-end=\"1403\" \/>\n<h2 data-section-id=\"143bvcr\" data-start=\"1405\" data-end=\"1446\">\ud83d\udca1 Pourquoi choisir ce micro-ondes ?<\/h2>\n<p data-start=\"1447\" data-end=\"1576\">Le <strong data-start=\"1450\" data-end=\"1463\">OSCAR 20L<\/strong> est un excellent choix pour ceux qui veulent un appareil <strong data-start=\"1521\" data-end=\"1551\">simple, efficace et rapide<\/strong> \u00e0 un prix abordable \ud83d\udcb0<\/p>\n","protected":false},"excerpt":{"rendered":"<p>Simplifiez votre quotidien avec le micro-ondes OSCAR 20L \u26a1 Id\u00e9al pour r\u00e9chauffer, cuire ou d\u00e9congeler rapidement, il est parfait pour les familles, \u00e9tudiants ou bureaux. Gr\u00e2ce \u00e0 ses commandes simples, il est facile \u00e0 utiliser pour tout le monde \ud83d\udc4d \u2728 Points forts \u2714\ufe0f Capacit\u00e9 20 litres \ud83e\udd58\u2714\ufe0f R\u00e9chauffage rapide et uniforme \u26a1\u2714\ufe0f Fonction d\u00e9cong\u00e9lation&hellip;<\/p>\n","protected":false},"featured_media":17203,"comment_status":"open","ping_status":"closed","template":"","meta":[],"product_cat":[101,100],"product_tag":[],"class_list":{"0":"post-17201","1":"product","2":"type-product","3":"status-publish","4":"has-post-thumbnail","6":"product_cat-cuisine","7":"product_cat-electromenager","9":"first","10":"instock","11":"sale","12":"shipping-taxable","13":"purchasable","14":"product-type-simple","15":"col-xs-6 col-sm-4","16":"col-md-3 col-lg-3","17":"un-4-cols"},"_links":{"self":[{"href":"https:\/\/www.vazy.market\/index.php\/wp-json\/wp\/v2\/product\/17201","targetHints":{"allow":["GET"]}}],"collection":[{"href":"https:\/\/www.vazy.market\/index.php\/wp-json\/wp\/v2\/product"}],"about":[{"href":"https:\/\/www.vazy.market\/index.php\/wp-json\/wp\/v2\/types\/product"}],"replies":[{"embeddable":true,"href":"https:\/\/www.vazy.market\/index.php\/wp-json\/wp\/v2\/comments?post=17201"}],"wp:featuredmedia":[{"embeddable":true,"href":"https:\/\/www.vazy.market\/index.php\/wp-json\/wp\/v2\/media\/17203"}],"wp:attachment":[{"href":"https:\/\/www.vazy.market\/index.php\/wp-json\/wp\/v2\/media?parent=17201"}],"wp:term":[{"taxonomy":"product_cat","embeddable":true,"href":"https:\/\/www.vazy.market\/index.php\/wp-json\/wp\/v2\/product_cat?post=17201"},{"taxonomy":"product_tag","embeddable":true,"href":"https:\/\/www.vazy.market\/index.php\/wp-json\/wp\/v2\/product_tag?post=17201"}],"curies":[{"name":"wp","href":"https:\/\/api.w.org\/{rel}","templated":true}]}}