{"id":17194,"date":"2026-03-23T22:55:15","date_gmt":"2026-03-23T22:55:15","guid":{"rendered":"https:\/\/www.vazy.market\/?post_type=product&#038;p=17194"},"modified":"2026-03-24T21:47:34","modified_gmt":"2026-03-24T21:47:34","slug":"cocotte-minute-9l-15l-cuisson-rapide-haute-resistance","status":"publish","type":"product","link":"https:\/\/www.vazy.market\/index.php\/product\/cocotte-minute-9l-15l-cuisson-rapide-haute-resistance\/","title":{"rendered":"\ud83c\udf72 Cocotte Minute \u2013 9L &#038; 15L | Cuisson Rapide | Haute R\u00e9sistance"},"content":{"rendered":"<p data-start=\"229\" data-end=\"307\">Gagnez du temps en cuisine avec la <strong data-start=\"264\" data-end=\"300\">cocotte minute haute performance<\/strong> \u23f1\ufe0f\ud83d\udd25<\/p>\n<p data-start=\"309\" data-end=\"454\">Disponible en <strong data-start=\"323\" data-end=\"348\">9 litres et 15 litres<\/strong>, elle est id\u00e9ale pour pr\u00e9parer rapidement vos plats tout en conservant les nutriments et les saveurs \ud83c\udf5b<\/p>\n<p data-start=\"456\" data-end=\"550\">Sa cuisson sous pression permet de <strong data-start=\"491\" data-end=\"522\">r\u00e9duire le temps de cuisson<\/strong> et d\u2019\u00e9conomiser le gaz \ud83d\udca1<\/p>\n<hr data-start=\"552\" data-end=\"555\" \/>\n<h2 data-section-id=\"17dpq8e\" data-start=\"557\" data-end=\"576\">\u2728 Points forts<\/h2>\n<p data-start=\"578\" data-end=\"824\">\u2714\ufe0f <strong data-start=\"581\" data-end=\"613\">Cuisson rapide et \u00e9conomique<\/strong> \u23f1\ufe0f<br data-start=\"616\" data-end=\"619\" \/>\u2714\ufe0f <strong data-start=\"622\" data-end=\"649\">Disponible en 9L et 15L<\/strong> \ud83e\udd58<br data-start=\"652\" data-end=\"655\" \/>\u2714\ufe0f <strong data-start=\"658\" data-end=\"698\">Conserve les nutriments des aliments<\/strong> \ud83e\udd66<br data-start=\"701\" data-end=\"704\" \/>\u2714\ufe0f <strong data-start=\"707\" data-end=\"739\">Syst\u00e8me de s\u00e9curit\u00e9 renforc\u00e9<\/strong> \ud83d\udd12<br data-start=\"742\" data-end=\"745\" \/>\u2714\ufe0f <strong data-start=\"748\" data-end=\"778\">Mat\u00e9riau solide et durable<\/strong> \ud83e\uddf1<br data-start=\"781\" data-end=\"784\" \/>\u2714\ufe0f <strong data-start=\"787\" data-end=\"822\">Facile \u00e0 utiliser et \u00e0 nettoyer<\/strong><\/p>\n<hr data-start=\"826\" data-end=\"829\" \/>\n<h2 data-section-id=\"1uyu6z3\" data-start=\"831\" data-end=\"854\">\ud83d\udcca Fiche technique<\/h2>\n<div class=\"TyagGW_tableContainer\">\n<div class=\"group TyagGW_tableWrapper flex flex-col-reverse w-fit\" tabindex=\"-1\">\n<table class=\"w-fit min-w-(--thread-content-width)\" data-start=\"856\" data-end=\"1222\">\n<thead data-start=\"856\" data-end=\"892\">\n<tr data-start=\"856\" data-end=\"892\">\n<th class=\"\" data-start=\"856\" data-end=\"881\" data-col-size=\"sm\">Caract\u00e9ristique<\/th>\n<th class=\"\" data-start=\"881\" data-end=\"892\" data-col-size=\"sm\">D\u00e9tails<\/th>\n<\/tr>\n<\/thead>\n<tbody data-start=\"927\" data-end=\"1222\">\n<tr data-start=\"927\" data-end=\"968\">\n<td data-start=\"927\" data-end=\"950\" data-col-size=\"sm\">\ud83c\udf72 Type<\/td>\n<td data-start=\"950\" data-end=\"968\" data-col-size=\"sm\">Cocotte minute<\/td>\n<\/tr>\n<tr data-start=\"969\" data-end=\"1016\">\n<td data-start=\"969\" data-end=\"992\" data-col-size=\"sm\">\ud83d\udce6 Capacit\u00e9s<\/td>\n<td data-start=\"992\" data-end=\"1016\" data-col-size=\"sm\">9 Litres \/ 15 Litres<\/td>\n<\/tr>\n<tr data-start=\"1017\" data-end=\"1075\">\n<td data-start=\"1017\" data-end=\"1040\" data-col-size=\"sm\">\ud83e\uddf1 Mat\u00e9riau<\/td>\n<td data-start=\"1040\" data-end=\"1075\" data-col-size=\"sm\">Aluminium \/ Inox (selon mod\u00e8le)<\/td>\n<\/tr>\n<tr data-start=\"1076\" data-end=\"1116\">\n<td data-start=\"1076\" data-end=\"1099\" data-col-size=\"sm\">\ud83d\udd25 Mode cuisson<\/td>\n<td data-start=\"1099\" data-end=\"1116\" data-col-size=\"sm\">Sous pression<\/td>\n<\/tr>\n<tr data-start=\"1117\" data-end=\"1176\">\n<td data-start=\"1117\" data-end=\"1140\" data-col-size=\"sm\">\ud83d\udd12 S\u00e9curit\u00e9<\/td>\n<td data-start=\"1140\" data-end=\"1176\" data-col-size=\"sm\">Valve + syst\u00e8me anti-surpression<\/td>\n<\/tr>\n<tr data-start=\"1177\" data-end=\"1222\">\n<td data-start=\"1177\" data-end=\"1200\" data-col-size=\"sm\">\ud83c\udfaf Utilisation<\/td>\n<td data-start=\"1200\" data-end=\"1222\" data-col-size=\"sm\">Maison, restaurant<\/td>\n<\/tr>\n<\/tbody>\n<\/table>\n<\/div>\n<\/div>\n<hr data-start=\"1224\" data-end=\"1227\" \/>\n<h2 data-section-id=\"pvsbnh\" data-start=\"1229\" data-end=\"1253\">\ud83d\udce6 Contenu du colis<\/h2>\n<ul data-start=\"1255\" data-end=\"1330\">\n<li data-section-id=\"510qqt\" data-start=\"1255\" data-end=\"1277\">1 \u00d7 Cocotte minute<\/li>\n<li data-section-id=\"mp1mep\" data-start=\"1278\" data-end=\"1304\">1 \u00d7 Couvercle s\u00e9curis\u00e9<\/li>\n<li data-section-id=\"jot9ql\" data-start=\"1305\" data-end=\"1330\">1 \u00d7 Valve de s\u00e9curit\u00e9<\/li>\n<\/ul>\n<hr data-start=\"1332\" data-end=\"1335\" \/>\n<h2 data-section-id=\"13b3ls7\" data-start=\"1337\" data-end=\"1355\">\ud83c\udfaf Id\u00e9al pour<\/h2>\n<ul data-start=\"1357\" data-end=\"1480\">\n<li data-section-id=\"1jksb74\" data-start=\"1357\" data-end=\"1381\">Familles \ud83d\udc68\u200d\ud83d\udc69\u200d\ud83d\udc67\u200d\ud83d\udc66<\/li>\n<li data-section-id=\"nir1qd\" data-start=\"1382\" data-end=\"1409\">Restaurants &amp; maquis \ud83c\udf5b<\/li>\n<li data-section-id=\"1o68d7d\" data-start=\"1410\" data-end=\"1441\">Cuisson rapide au quotidien<\/li>\n<li data-section-id=\"1d7qk2k\" data-start=\"1442\" data-end=\"1480\">Riz, sauce, viande, haricots, etc.<\/li>\n<\/ul>\n<hr data-start=\"1482\" data-end=\"1485\" \/>\n<h2 data-section-id=\"1q08dtr\" data-start=\"1487\" data-end=\"1527\">\ud83d\udca1 Pourquoi choisir cette cocotte ?<\/h2>\n<p data-start=\"1528\" data-end=\"1671\">La <strong data-start=\"1531\" data-end=\"1558\">cocotte minute 9L \/ 15L<\/strong> est parfaite pour ceux qui veulent <strong data-start=\"1594\" data-end=\"1666\">cuisiner plus vite, \u00e9conomiser du gaz et obtenir des plats savoureux<\/strong> \ud83d\ude0b<\/p>\n","protected":false},"excerpt":{"rendered":"<p>Gagnez du temps en cuisine avec la cocotte minute haute performance \u23f1\ufe0f\ud83d\udd25 Disponible en 9 litres et 15 litres, elle est id\u00e9ale pour pr\u00e9parer rapidement vos plats tout en conservant les nutriments et les saveurs \ud83c\udf5b Sa cuisson sous pression permet de r\u00e9duire le temps de cuisson et d\u2019\u00e9conomiser le gaz \ud83d\udca1 \u2728 Points forts&hellip;<\/p>\n","protected":false},"featured_media":17198,"comment_status":"open","ping_status":"closed","template":"","meta":[],"product_cat":[101],"product_tag":[],"class_list":{"0":"post-17194","1":"product","2":"type-product","3":"status-publish","4":"has-post-thumbnail","6":"product_cat-cuisine","8":"first","9":"instock","10":"sale","11":"shipping-taxable","12":"purchasable","13":"product-type-variable","14":"col-xs-6 col-sm-4","15":"col-md-3 col-lg-3","16":"un-4-cols"},"_links":{"self":[{"href":"https:\/\/www.vazy.market\/index.php\/wp-json\/wp\/v2\/product\/17194","targetHints":{"allow":["GET"]}}],"collection":[{"href":"https:\/\/www.vazy.market\/index.php\/wp-json\/wp\/v2\/product"}],"about":[{"href":"https:\/\/www.vazy.market\/index.php\/wp-json\/wp\/v2\/types\/product"}],"replies":[{"embeddable":true,"href":"https:\/\/www.vazy.market\/index.php\/wp-json\/wp\/v2\/comments?post=17194"}],"wp:featuredmedia":[{"embeddable":true,"href":"https:\/\/www.vazy.market\/index.php\/wp-json\/wp\/v2\/media\/17198"}],"wp:attachment":[{"href":"https:\/\/www.vazy.market\/index.php\/wp-json\/wp\/v2\/media?parent=17194"}],"wp:term":[{"taxonomy":"product_cat","embeddable":true,"href":"https:\/\/www.vazy.market\/index.php\/wp-json\/wp\/v2\/product_cat?post=17194"},{"taxonomy":"product_tag","embeddable":true,"href":"https:\/\/www.vazy.market\/index.php\/wp-json\/wp\/v2\/product_tag?post=17194"}],"curies":[{"name":"wp","href":"https:\/\/api.w.org\/{rel}","templated":true}]}}