{"id":17190,"date":"2026-03-23T22:43:53","date_gmt":"2026-03-23T22:43:53","guid":{"rendered":"https:\/\/www.vazy.market\/?post_type=product&#038;p=17190"},"modified":"2026-03-24T21:47:47","modified_gmt":"2026-03-24T21:47:47","slug":"rechaud-a-gaz-lz-2-foyers-automatique-surface-vitree-design-premium","status":"publish","type":"product","link":"https:\/\/www.vazy.market\/index.php\/product\/rechaud-a-gaz-lz-2-foyers-automatique-surface-vitree-design-premium\/","title":{"rendered":"\ud83d\udd25 R\u00e9chaud \u00e0 Gaz L&#038;Z \u2013 2 Foyers Automatique | Surface Vitr\u00e9e | Design Premium"},"content":{"rendered":"<p data-start=\"243\" data-end=\"336\">Apportez <strong data-start=\"252\" data-end=\"279\">\u00e9l\u00e9gance et performance<\/strong> \u00e0 votre cuisine avec le r\u00e9chaud \u00e0 gaz <strong data-start=\"318\" data-end=\"331\">L&amp;Z vitr\u00e9<\/strong> \ud83d\udc8e<\/p>\n<p data-start=\"338\" data-end=\"451\">Dot\u00e9 d\u2019une <strong data-start=\"349\" data-end=\"376\">surface en verre tremp\u00e9<\/strong>, ce mod\u00e8le allie <strong data-start=\"394\" data-end=\"448\">design moderne, robustesse et facilit\u00e9 d\u2019entretien<\/strong>.<\/p>\n<p data-start=\"453\" data-end=\"544\">Gr\u00e2ce \u00e0 son <strong data-start=\"465\" data-end=\"489\">allumage automatique<\/strong>, cuisiner devient plus simple, rapide et s\u00e9curis\u00e9 \ud83d\udd25<\/p>\n<hr data-start=\"546\" data-end=\"549\" \/>\n<h2 data-section-id=\"17dpq8e\" data-start=\"551\" data-end=\"570\">\u2728 Points forts<\/h2>\n<p data-start=\"572\" data-end=\"816\">\u2714\ufe0f <strong data-start=\"575\" data-end=\"617\">Allumage automatique (sans allumettes)<\/strong> \u26a1<br data-start=\"619\" data-end=\"622\" \/>\u2714\ufe0f <strong data-start=\"625\" data-end=\"647\">2 foyers puissants<\/strong> \ud83d\udd25\ud83d\udd25<br data-start=\"652\" data-end=\"655\" \/>\u2714\ufe0f <strong data-start=\"658\" data-end=\"702\">Surface en verre tremp\u00e9 (design premium)<\/strong> \ud83d\udc8e<br data-start=\"705\" data-end=\"708\" \/>\u2714\ufe0f <strong data-start=\"711\" data-end=\"732\">Facile \u00e0 nettoyer<\/strong> \ud83e\uddfc<br data-start=\"735\" data-end=\"738\" \/>\u2714\ufe0f <strong data-start=\"741\" data-end=\"771\">Faible consommation de gaz<\/strong><br data-start=\"771\" data-end=\"774\" \/>\u2714\ufe0f <strong data-start=\"777\" data-end=\"814\">R\u00e9sistant \u00e0 la chaleur et durable<\/strong><\/p>\n<hr data-start=\"818\" data-end=\"821\" \/>\n<h2 data-section-id=\"1uyu6z3\" data-start=\"823\" data-end=\"846\">\ud83d\udcca Fiche technique<\/h2>\n<div class=\"TyagGW_tableContainer\">\n<div class=\"group TyagGW_tableWrapper flex flex-col-reverse w-fit\" tabindex=\"-1\">\n<table class=\"w-fit min-w-(--thread-content-width)\" data-start=\"848\" data-end=\"1198\">\n<thead data-start=\"848\" data-end=\"884\">\n<tr data-start=\"848\" data-end=\"884\">\n<th class=\"\" data-start=\"848\" data-end=\"873\" data-col-size=\"sm\">Caract\u00e9ristique<\/th>\n<th class=\"\" data-start=\"873\" data-end=\"884\" data-col-size=\"sm\">D\u00e9tails<\/th>\n<\/tr>\n<\/thead>\n<tbody data-start=\"919\" data-end=\"1198\">\n<tr data-start=\"919\" data-end=\"959\">\n<td data-start=\"919\" data-end=\"942\" data-col-size=\"sm\">\ud83d\udd25 Type<\/td>\n<td data-start=\"942\" data-end=\"959\" data-col-size=\"sm\">R\u00e9chaud \u00e0 gaz<\/td>\n<\/tr>\n<tr data-start=\"960\" data-end=\"990\">\n<td data-start=\"960\" data-end=\"983\" data-col-size=\"sm\">\ud83c\udff7\ufe0f Marque<\/td>\n<td data-start=\"983\" data-end=\"990\" data-col-size=\"sm\">L&amp;Z<\/td>\n<\/tr>\n<tr data-start=\"991\" data-end=\"1028\">\n<td data-start=\"991\" data-end=\"1014\" data-col-size=\"sm\">\ud83c\udf73 Foyers<\/td>\n<td data-start=\"1014\" data-end=\"1028\" data-col-size=\"sm\">2 br\u00fbleurs<\/td>\n<\/tr>\n<tr data-start=\"1029\" data-end=\"1067\">\n<td data-start=\"1029\" data-end=\"1052\" data-col-size=\"sm\">\u2699\ufe0f Allumage<\/td>\n<td data-col-size=\"sm\" data-start=\"1052\" data-end=\"1067\">Automatique<\/td>\n<\/tr>\n<tr data-start=\"1068\" data-end=\"1107\">\n<td data-start=\"1068\" data-end=\"1091\" data-col-size=\"sm\">\ud83d\udc8e Surface<\/td>\n<td data-start=\"1091\" data-end=\"1107\" data-col-size=\"sm\">Verre tremp\u00e9<\/td>\n<\/tr>\n<tr data-start=\"1108\" data-end=\"1153\">\n<td data-start=\"1108\" data-end=\"1131\" data-col-size=\"sm\">\ud83c\udfaf Utilisation<\/td>\n<td data-start=\"1131\" data-end=\"1153\" data-col-size=\"sm\">Maison, restaurant<\/td>\n<\/tr>\n<tr data-start=\"1154\" data-end=\"1198\">\n<td data-start=\"1154\" data-end=\"1177\" data-col-size=\"sm\">\ud83c\udfa8 Design<\/td>\n<td data-start=\"1177\" data-end=\"1198\" data-col-size=\"sm\">Moderne &amp; \u00e9l\u00e9gant<\/td>\n<\/tr>\n<\/tbody>\n<\/table>\n<\/div>\n<\/div>\n<hr data-start=\"1200\" data-end=\"1203\" \/>\n<h2 data-section-id=\"pvsbnh\" data-start=\"1205\" data-end=\"1229\">\ud83d\udce6 Contenu du colis<\/h2>\n<ul data-start=\"1231\" data-end=\"1287\">\n<li data-section-id=\"lpgw3m\" data-start=\"1231\" data-end=\"1258\">1 \u00d7 R\u00e9chaud \u00e0 gaz vitr\u00e9<\/li>\n<li data-section-id=\"euolri\" data-start=\"1259\" data-end=\"1287\">1 \u00d7 Manuel d\u2019utilisation<\/li>\n<\/ul>\n<hr data-start=\"1289\" data-end=\"1292\" \/>\n<h2 data-section-id=\"13b3ls7\" data-start=\"1294\" data-end=\"1312\">\ud83c\udfaf Id\u00e9al pour<\/h2>\n<ul data-start=\"1314\" data-end=\"1441\">\n<li data-section-id=\"z9dekh\" data-start=\"1314\" data-end=\"1336\">Cuisine moderne \ud83c\udfe1<\/li>\n<li data-section-id=\"niryjw\" data-start=\"1337\" data-end=\"1364\">Restaurants &amp; maquis \ud83c\udf72<\/li>\n<li data-section-id=\"19tmsiw\" data-start=\"1365\" data-end=\"1395\">Utilisation quotidienne \ud83d\udd25<\/li>\n<li data-section-id=\"1cfbmsa\" data-start=\"1396\" data-end=\"1441\">Personnes recherchant style + performance<\/li>\n<\/ul>\n<hr data-start=\"1443\" data-end=\"1446\" \/>\n<h2 data-section-id=\"y3qjdk\" data-start=\"1448\" data-end=\"1484\">\ud83d\udca1 Pourquoi choisir ce mod\u00e8le ?<\/h2>\n<p data-start=\"1485\" data-end=\"1663\">Le <strong data-start=\"1488\" data-end=\"1509\">r\u00e9chaud L&amp;Z vitr\u00e9<\/strong> est parfait pour ceux qui veulent <strong data-start=\"1544\" data-end=\"1578\">allier esth\u00e9tique et puissance<\/strong>.<br data-start=\"1579\" data-end=\"1582\" \/>\ud83d\udc49 Il apporte une touche moderne \u00e0 votre cuisine tout en restant tr\u00e8s performant.<\/p>\n","protected":false},"excerpt":{"rendered":"<p>Apportez \u00e9l\u00e9gance et performance \u00e0 votre cuisine avec le r\u00e9chaud \u00e0 gaz L&amp;Z vitr\u00e9 \ud83d\udc8e Dot\u00e9 d\u2019une surface en verre tremp\u00e9, ce mod\u00e8le allie design moderne, robustesse et facilit\u00e9 d\u2019entretien. Gr\u00e2ce \u00e0 son allumage automatique, cuisiner devient plus simple, rapide et s\u00e9curis\u00e9 \ud83d\udd25 \u2728 Points forts \u2714\ufe0f Allumage automatique (sans allumettes) \u26a1\u2714\ufe0f 2 foyers puissants&hellip;<\/p>\n","protected":false},"featured_media":17192,"comment_status":"open","ping_status":"closed","template":"","meta":[],"product_cat":[100],"product_tag":[],"class_list":{"0":"post-17190","1":"product","2":"type-product","3":"status-publish","4":"has-post-thumbnail","6":"product_cat-electromenager","8":"first","9":"instock","10":"sale","11":"shipping-taxable","12":"purchasable","13":"product-type-simple","14":"col-xs-6 col-sm-4","15":"col-md-3 col-lg-3","16":"un-4-cols"},"_links":{"self":[{"href":"https:\/\/www.vazy.market\/index.php\/wp-json\/wp\/v2\/product\/17190","targetHints":{"allow":["GET"]}}],"collection":[{"href":"https:\/\/www.vazy.market\/index.php\/wp-json\/wp\/v2\/product"}],"about":[{"href":"https:\/\/www.vazy.market\/index.php\/wp-json\/wp\/v2\/types\/product"}],"replies":[{"embeddable":true,"href":"https:\/\/www.vazy.market\/index.php\/wp-json\/wp\/v2\/comments?post=17190"}],"wp:featuredmedia":[{"embeddable":true,"href":"https:\/\/www.vazy.market\/index.php\/wp-json\/wp\/v2\/media\/17192"}],"wp:attachment":[{"href":"https:\/\/www.vazy.market\/index.php\/wp-json\/wp\/v2\/media?parent=17190"}],"wp:term":[{"taxonomy":"product_cat","embeddable":true,"href":"https:\/\/www.vazy.market\/index.php\/wp-json\/wp\/v2\/product_cat?post=17190"},{"taxonomy":"product_tag","embeddable":true,"href":"https:\/\/www.vazy.market\/index.php\/wp-json\/wp\/v2\/product_tag?post=17190"}],"curies":[{"name":"wp","href":"https:\/\/api.w.org\/{rel}","templated":true}]}}