{"id":17186,"date":"2026-03-23T22:37:32","date_gmt":"2026-03-23T22:37:32","guid":{"rendered":"https:\/\/www.vazy.market\/?post_type=product&#038;p=17186"},"modified":"2026-03-24T21:37:29","modified_gmt":"2026-03-24T21:37:29","slug":"rechaud-a-gaz-unnel-7102-2-foyers-automatique-haute-performance","status":"publish","type":"product","link":"https:\/\/www.vazy.market\/index.php\/product\/rechaud-a-gaz-unnel-7102-2-foyers-automatique-haute-performance\/","title":{"rendered":"\ud83d\udd25 R\u00e9chaud \u00e0 Gaz UNNEL 7102 \u2013 2 Foyers Automatique | Haute Performance"},"content":{"rendered":"<p data-start=\"239\" data-end=\"323\">Optez pour la <strong data-start=\"253\" data-end=\"281\">puissance et la facilit\u00e9<\/strong> avec le r\u00e9chaud \u00e0 gaz <strong data-start=\"304\" data-end=\"318\">UNNEL 7102<\/strong> \ud83d\udcaa<\/p>\n<p data-start=\"325\" data-end=\"443\">Gr\u00e2ce \u00e0 son <strong data-start=\"337\" data-end=\"361\">allumage automatique<\/strong>, vous n\u2019avez plus besoin d\u2019allumettes : un simple geste suffit pour d\u00e9marrer \ud83d\udd25<\/p>\n<p data-start=\"445\" data-end=\"562\">Ses <strong data-start=\"449\" data-end=\"471\">2 foyers puissants<\/strong> vous permettent de cuisiner plusieurs plats en m\u00eame temps, rapidement et efficacement \ud83c\udf72<\/p>\n<hr data-start=\"564\" data-end=\"567\" \/>\n<h2 data-section-id=\"17dpq8e\" data-start=\"569\" data-end=\"588\">\u2728 Points forts<\/h2>\n<p data-start=\"590\" data-end=\"836\">\u2714\ufe0f <strong data-start=\"593\" data-end=\"636\">Allumage automatique (facile et rapide)<\/strong> \u26a1<br data-start=\"638\" data-end=\"641\" \/>\u2714\ufe0f <strong data-start=\"644\" data-end=\"666\">2 foyers puissants<\/strong> \ud83d\udd25\ud83d\udd25<br data-start=\"671\" data-end=\"674\" \/>\u2714\ufe0f <strong data-start=\"677\" data-end=\"706\">Design moderne et \u00e9l\u00e9gant<\/strong><br data-start=\"706\" data-end=\"709\" \/>\u2714\ufe0f <strong data-start=\"712\" data-end=\"744\">Structure robuste et durable<\/strong> \ud83e\uddf1<br data-start=\"747\" data-end=\"750\" \/>\u2714\ufe0f <strong data-start=\"753\" data-end=\"791\">R\u00e9partition uniforme de la chaleur<\/strong><br data-start=\"791\" data-end=\"794\" \/>\u2714\ufe0f <strong data-start=\"797\" data-end=\"834\">Utilisation simple et confortable<\/strong><\/p>\n<hr data-start=\"838\" data-end=\"841\" \/>\n<h2 data-section-id=\"1uyu6z3\" data-start=\"843\" data-end=\"866\">\ud83d\udcca Fiche technique<\/h2>\n<div class=\"TyagGW_tableContainer\">\n<div class=\"group TyagGW_tableWrapper flex flex-col-reverse w-fit\" tabindex=\"-1\">\n<table class=\"w-fit min-w-(--thread-content-width)\" data-start=\"868\" data-end=\"1229\">\n<thead data-start=\"868\" data-end=\"904\">\n<tr data-start=\"868\" data-end=\"904\">\n<th class=\"\" data-start=\"868\" data-end=\"893\" data-col-size=\"sm\">Caract\u00e9ristique<\/th>\n<th class=\"\" data-start=\"893\" data-end=\"904\" data-col-size=\"sm\">D\u00e9tails<\/th>\n<\/tr>\n<\/thead>\n<tbody data-start=\"939\" data-end=\"1229\">\n<tr data-start=\"939\" data-end=\"979\">\n<td data-start=\"939\" data-end=\"962\" data-col-size=\"sm\">\ud83d\udd25 Type<\/td>\n<td data-start=\"962\" data-end=\"979\" data-col-size=\"sm\">R\u00e9chaud \u00e0 gaz<\/td>\n<\/tr>\n<tr data-start=\"980\" data-end=\"1017\">\n<td data-start=\"980\" data-end=\"1003\" data-col-size=\"sm\">\ud83c\udff7\ufe0f Mod\u00e8le<\/td>\n<td data-start=\"1003\" data-end=\"1017\" data-col-size=\"sm\">UNNEL 7102<\/td>\n<\/tr>\n<tr data-start=\"1018\" data-end=\"1055\">\n<td data-start=\"1018\" data-end=\"1041\" data-col-size=\"sm\">\ud83c\udf73 Foyers<\/td>\n<td data-start=\"1041\" data-end=\"1055\" data-col-size=\"sm\">2 br\u00fbleurs<\/td>\n<\/tr>\n<tr data-start=\"1056\" data-end=\"1094\">\n<td data-start=\"1056\" data-end=\"1079\" data-col-size=\"sm\">\u2699\ufe0f Allumage<\/td>\n<td data-start=\"1079\" data-end=\"1094\" data-col-size=\"sm\">Automatique<\/td>\n<\/tr>\n<tr data-start=\"1095\" data-end=\"1137\">\n<td data-start=\"1095\" data-end=\"1118\" data-col-size=\"sm\">\ud83e\uddf1 Mat\u00e9riau<\/td>\n<td data-start=\"1118\" data-end=\"1137\" data-col-size=\"sm\">M\u00e9tal r\u00e9sistant<\/td>\n<\/tr>\n<tr data-start=\"1138\" data-end=\"1194\">\n<td data-start=\"1138\" data-end=\"1161\" data-col-size=\"sm\">\ud83c\udfaf Utilisation<\/td>\n<td data-start=\"1161\" data-end=\"1194\" data-col-size=\"sm\">Maison, restaurant, ext\u00e9rieur<\/td>\n<\/tr>\n<tr data-start=\"1195\" data-end=\"1229\">\n<td data-start=\"1195\" data-end=\"1218\" data-col-size=\"sm\">\ud83c\udfa8 Design<\/td>\n<td data-start=\"1218\" data-end=\"1229\" data-col-size=\"sm\">Moderne<\/td>\n<\/tr>\n<\/tbody>\n<\/table>\n<\/div>\n<\/div>\n<hr data-start=\"1231\" data-end=\"1234\" \/>\n<h2 data-section-id=\"pvsbnh\" data-start=\"1236\" data-end=\"1260\">\ud83d\udce6 Contenu du colis<\/h2>\n<ul data-start=\"1262\" data-end=\"1324\">\n<li data-section-id=\"pcste5\" data-start=\"1262\" data-end=\"1295\">1 \u00d7 R\u00e9chaud \u00e0 gaz automatique<\/li>\n<li data-section-id=\"euolri\" data-start=\"1296\" data-end=\"1324\">1 \u00d7 Manuel d\u2019utilisation<\/li>\n<\/ul>\n<hr data-start=\"1326\" data-end=\"1329\" \/>\n<h2 data-section-id=\"13b3ls7\" data-start=\"1331\" data-end=\"1349\">\ud83c\udfaf Id\u00e9al pour<\/h2>\n<ul data-start=\"1351\" data-end=\"1468\">\n<li data-section-id=\"6aqhsm\" data-start=\"1351\" data-end=\"1372\">Cuisine maison \ud83c\udf5b<\/li>\n<li data-section-id=\"niryjw\" data-start=\"1373\" data-end=\"1400\">Restaurants &amp; maquis \ud83c\udf72<\/li>\n<li data-section-id=\"jp59yz\" data-start=\"1401\" data-end=\"1437\">\u00c9tudiants &amp; familles \ud83d\udc68\u200d\ud83d\udc69\u200d\ud83d\udc67\u200d\ud83d\udc66<\/li>\n<li data-section-id=\"19tmsiw\" data-start=\"1438\" data-end=\"1468\">Utilisation quotidienne \ud83d\udd25<\/li>\n<\/ul>\n<hr data-start=\"1470\" data-end=\"1473\" \/>\n<h2 data-section-id=\"y3qjdk\" data-start=\"1475\" data-end=\"1511\">\ud83d\udca1 Pourquoi choisir ce mod\u00e8le ?<\/h2>\n<p data-start=\"1512\" data-end=\"1666\">Le <strong data-start=\"1515\" data-end=\"1529\">UNNEL 7102<\/strong> combine <strong data-start=\"1538\" data-end=\"1573\">puissance, confort et modernit\u00e9<\/strong> avec son allumage automatique.<br data-start=\"1604\" data-end=\"1607\" \/>\ud83d\udc49 Un excellent choix pour cuisiner rapidement sans effort.<\/p>\n","protected":false},"excerpt":{"rendered":"<p>Optez pour la puissance et la facilit\u00e9 avec le r\u00e9chaud \u00e0 gaz UNNEL 7102 \ud83d\udcaa Gr\u00e2ce \u00e0 son allumage automatique, vous n\u2019avez plus besoin d\u2019allumettes : un simple geste suffit pour d\u00e9marrer \ud83d\udd25 Ses 2 foyers puissants vous permettent de cuisiner plusieurs plats en m\u00eame temps, rapidement et efficacement \ud83c\udf72 \u2728 Points forts \u2714\ufe0f Allumage&hellip;<\/p>\n","protected":false},"featured_media":17188,"comment_status":"open","ping_status":"closed","template":"","meta":[],"product_cat":[100,24],"product_tag":[],"class_list":{"0":"post-17186","1":"product","2":"type-product","3":"status-publish","4":"has-post-thumbnail","6":"product_cat-electromenager","7":"product_cat-uncategorized","9":"first","10":"instock","11":"sale","12":"shipping-taxable","13":"purchasable","14":"product-type-simple","15":"col-xs-6 col-sm-4","16":"col-md-3 col-lg-3","17":"un-4-cols"},"_links":{"self":[{"href":"https:\/\/www.vazy.market\/index.php\/wp-json\/wp\/v2\/product\/17186","targetHints":{"allow":["GET"]}}],"collection":[{"href":"https:\/\/www.vazy.market\/index.php\/wp-json\/wp\/v2\/product"}],"about":[{"href":"https:\/\/www.vazy.market\/index.php\/wp-json\/wp\/v2\/types\/product"}],"replies":[{"embeddable":true,"href":"https:\/\/www.vazy.market\/index.php\/wp-json\/wp\/v2\/comments?post=17186"}],"wp:featuredmedia":[{"embeddable":true,"href":"https:\/\/www.vazy.market\/index.php\/wp-json\/wp\/v2\/media\/17188"}],"wp:attachment":[{"href":"https:\/\/www.vazy.market\/index.php\/wp-json\/wp\/v2\/media?parent=17186"}],"wp:term":[{"taxonomy":"product_cat","embeddable":true,"href":"https:\/\/www.vazy.market\/index.php\/wp-json\/wp\/v2\/product_cat?post=17186"},{"taxonomy":"product_tag","embeddable":true,"href":"https:\/\/www.vazy.market\/index.php\/wp-json\/wp\/v2\/product_tag?post=17186"}],"curies":[{"name":"wp","href":"https:\/\/api.w.org\/{rel}","templated":true}]}}