{"id":17181,"date":"2026-03-23T22:31:58","date_gmt":"2026-03-23T22:31:58","guid":{"rendered":"https:\/\/www.vazy.market\/?post_type=product&#038;p=17181"},"modified":"2026-03-24T21:37:56","modified_gmt":"2026-03-24T21:37:56","slug":"rechaud-a-gaz-starlux-sgs-6002b-2-foyers-non-automatique-haute-performance","status":"publish","type":"product","link":"https:\/\/www.vazy.market\/index.php\/product\/rechaud-a-gaz-starlux-sgs-6002b-2-foyers-non-automatique-haute-performance\/","title":{"rendered":"\ud83d\udd25 R\u00e9chaud \u00e0 Gaz STARLUX SGS-6002B \u2013 2 Foyers | Non Automatique | Haute Performance"},"content":{"rendered":"<p data-start=\"255\" data-end=\"336\">Cuisinez facilement et rapidement avec le <strong data-start=\"297\" data-end=\"331\">r\u00e9chaud \u00e0 gaz STARLUX 2 foyers<\/strong> \ud83d\udcaa<\/p>\n<p data-start=\"338\" data-end=\"490\">Id\u00e9al pour la maison, les petits restaurants ou les cuisines ext\u00e9rieures, ce mod\u00e8le <strong data-start=\"422\" data-end=\"441\">non automatique<\/strong> garantit simplicit\u00e9, efficacit\u00e9 et durabilit\u00e9.<\/p>\n<p data-start=\"492\" data-end=\"596\">Avec ses <strong data-start=\"501\" data-end=\"528\">deux br\u00fbleurs puissants<\/strong>, pr\u00e9parez plusieurs plats en m\u00eame temps sans perdre de temps \ud83d\udd25\ud83c\udf73<\/p>\n<hr data-start=\"598\" data-end=\"601\" \/>\n<h2 data-section-id=\"17dpq8e\" data-start=\"603\" data-end=\"622\">\u2728 Points forts<\/h2>\n<p data-start=\"624\" data-end=\"881\">\u2714\ufe0f <strong data-start=\"627\" data-end=\"649\">2 foyers puissants<\/strong> \ud83d\udd25\ud83d\udd25<br data-start=\"654\" data-end=\"657\" \/>\u2714\ufe0f <strong data-start=\"660\" data-end=\"703\">Fonctionnement simple (non automatique)<\/strong><br data-start=\"703\" data-end=\"706\" \/>\u2714\ufe0f <strong data-start=\"709\" data-end=\"739\">Chauffe rapide et uniforme<\/strong><br data-start=\"739\" data-end=\"742\" \/>\u2714\ufe0f <strong data-start=\"745\" data-end=\"776\">Structure solide et durable<\/strong> \ud83e\uddf1<br data-start=\"779\" data-end=\"782\" \/>\u2714\ufe0f <strong data-start=\"785\" data-end=\"820\">Facile \u00e0 nettoyer et \u00e0 utiliser<\/strong><br data-start=\"820\" data-end=\"823\" \/>\u2714\ufe0f <strong data-start=\"826\" data-end=\"879\">Id\u00e9al pour cuisine quotidienne ou professionnelle<\/strong><\/p>\n<hr data-start=\"883\" data-end=\"886\" \/>\n<h2 data-section-id=\"1uyu6z3\" data-start=\"888\" data-end=\"911\">\ud83d\udcca Fiche technique<\/h2>\n<div class=\"TyagGW_tableContainer\">\n<div class=\"group TyagGW_tableWrapper flex flex-col-reverse w-fit\" tabindex=\"-1\">\n<table class=\"w-fit min-w-(--thread-content-width)\" data-start=\"913\" data-end=\"1297\">\n<thead data-start=\"913\" data-end=\"949\">\n<tr data-start=\"913\" data-end=\"949\">\n<th class=\"\" data-start=\"913\" data-end=\"938\" data-col-size=\"sm\">Caract\u00e9ristique<\/th>\n<th class=\"\" data-start=\"938\" data-end=\"949\" data-col-size=\"sm\">D\u00e9tails<\/th>\n<\/tr>\n<\/thead>\n<tbody data-start=\"984\" data-end=\"1297\">\n<tr data-start=\"984\" data-end=\"1024\">\n<td data-start=\"984\" data-end=\"1007\" data-col-size=\"sm\">\ud83d\udd25 Type<\/td>\n<td data-start=\"1007\" data-end=\"1024\" data-col-size=\"sm\">R\u00e9chaud \u00e0 gaz<\/td>\n<\/tr>\n<tr data-start=\"1025\" data-end=\"1061\">\n<td data-start=\"1025\" data-end=\"1048\" data-col-size=\"sm\">\ud83c\udff7\ufe0f Mod\u00e8le<\/td>\n<td data-start=\"1048\" data-end=\"1061\" data-col-size=\"sm\">SGS-6002B<\/td>\n<\/tr>\n<tr data-start=\"1062\" data-end=\"1099\">\n<td data-start=\"1062\" data-end=\"1085\" data-col-size=\"sm\">\ud83c\udf73 Foyers<\/td>\n<td data-start=\"1085\" data-end=\"1099\" data-col-size=\"sm\">2 br\u00fbleurs<\/td>\n<\/tr>\n<tr data-start=\"1100\" data-end=\"1151\">\n<td data-start=\"1100\" data-end=\"1123\" data-col-size=\"sm\">\u2699\ufe0f Allumage<\/td>\n<td data-start=\"1123\" data-end=\"1151\" data-col-size=\"sm\">Manuel (non automatique)<\/td>\n<\/tr>\n<tr data-start=\"1152\" data-end=\"1194\">\n<td data-start=\"1152\" data-end=\"1175\" data-col-size=\"sm\">\ud83e\uddf1 Mat\u00e9riau<\/td>\n<td data-start=\"1175\" data-end=\"1194\" data-col-size=\"sm\">M\u00e9tal r\u00e9sistant<\/td>\n<\/tr>\n<tr data-start=\"1195\" data-end=\"1240\">\n<td data-start=\"1195\" data-end=\"1218\" data-col-size=\"sm\">\ud83d\udd12 S\u00e9curit\u00e9<\/td>\n<td data-start=\"1218\" data-end=\"1240\" data-col-size=\"sm\">Utilisation stable<\/td>\n<\/tr>\n<tr data-start=\"1241\" data-end=\"1297\">\n<td data-start=\"1241\" data-end=\"1264\" data-col-size=\"sm\">\ud83c\udfaf Utilisation<\/td>\n<td data-start=\"1264\" data-end=\"1297\" data-col-size=\"sm\">Maison, restaurant, ext\u00e9rieur<\/td>\n<\/tr>\n<\/tbody>\n<\/table>\n<\/div>\n<\/div>\n<hr data-start=\"1299\" data-end=\"1302\" \/>\n<h2 data-section-id=\"pvsbnh\" data-start=\"1304\" data-end=\"1328\">\ud83d\udce6 Contenu du colis<\/h2>\n<ul data-start=\"1330\" data-end=\"1375\">\n<li data-section-id=\"1xiz92s\" data-start=\"1330\" data-end=\"1360\">1 \u00d7 R\u00e9chaud \u00e0 gaz 2 foyers<\/li>\n<li data-section-id=\"slj08g\" data-start=\"1361\" data-end=\"1375\">1 \u00d7 Manuel<\/li>\n<\/ul>\n<hr data-start=\"1377\" data-end=\"1380\" \/>\n<h2 data-section-id=\"13b3ls7\" data-start=\"1382\" data-end=\"1400\">\ud83c\udfaf Id\u00e9al pour<\/h2>\n<ul data-start=\"1402\" data-end=\"1518\">\n<li data-section-id=\"6argan\" data-start=\"1402\" data-end=\"1423\">Cuisine maison \ud83c\udf72<\/li>\n<li data-section-id=\"nir1qd\" data-start=\"1424\" data-end=\"1451\">Restaurants &amp; maquis \ud83c\udf5b<\/li>\n<li data-section-id=\"jp59yz\" data-start=\"1452\" data-end=\"1488\">\u00c9tudiants &amp; familles \ud83d\udc68\u200d\ud83d\udc69\u200d\ud83d\udc67\u200d\ud83d\udc66<\/li>\n<li data-section-id=\"1dq0w0f\" data-start=\"1489\" data-end=\"1518\">Utilisation ext\u00e9rieure \ud83d\udd25<\/li>\n<\/ul>\n<hr data-start=\"1520\" data-end=\"1523\" \/>\n<h2 data-section-id=\"bzoogv\" data-start=\"1525\" data-end=\"1562\">\ud83d\udca1 Pourquoi choisir ce r\u00e9chaud ?<\/h2>\n<p data-start=\"1563\" data-end=\"1689\">Le <strong data-start=\"1566\" data-end=\"1586\">STARLUX 2 foyers<\/strong> est un excellent choix pour ceux qui recherchent <strong data-start=\"1636\" data-end=\"1688\">simplicit\u00e9, puissance et durabilit\u00e9 \u00e0 petit prix<\/strong>.<\/p>\n","protected":false},"excerpt":{"rendered":"<p>Cuisinez facilement et rapidement avec le r\u00e9chaud \u00e0 gaz STARLUX 2 foyers \ud83d\udcaa Id\u00e9al pour la maison, les petits restaurants ou les cuisines ext\u00e9rieures, ce mod\u00e8le non automatique garantit simplicit\u00e9, efficacit\u00e9 et durabilit\u00e9. Avec ses deux br\u00fbleurs puissants, pr\u00e9parez plusieurs plats en m\u00eame temps sans perdre de temps \ud83d\udd25\ud83c\udf73 \u2728 Points forts \u2714\ufe0f 2 foyers&hellip;<\/p>\n","protected":false},"featured_media":17184,"comment_status":"open","ping_status":"closed","template":"","meta":[],"product_cat":[100,24],"product_tag":[],"class_list":{"0":"post-17181","1":"product","2":"type-product","3":"status-publish","4":"has-post-thumbnail","6":"product_cat-electromenager","7":"product_cat-uncategorized","9":"first","10":"instock","11":"sale","12":"shipping-taxable","13":"purchasable","14":"product-type-simple","15":"col-xs-6 col-sm-4","16":"col-md-3 col-lg-3","17":"un-4-cols"},"_links":{"self":[{"href":"https:\/\/www.vazy.market\/index.php\/wp-json\/wp\/v2\/product\/17181","targetHints":{"allow":["GET"]}}],"collection":[{"href":"https:\/\/www.vazy.market\/index.php\/wp-json\/wp\/v2\/product"}],"about":[{"href":"https:\/\/www.vazy.market\/index.php\/wp-json\/wp\/v2\/types\/product"}],"replies":[{"embeddable":true,"href":"https:\/\/www.vazy.market\/index.php\/wp-json\/wp\/v2\/comments?post=17181"}],"wp:featuredmedia":[{"embeddable":true,"href":"https:\/\/www.vazy.market\/index.php\/wp-json\/wp\/v2\/media\/17184"}],"wp:attachment":[{"href":"https:\/\/www.vazy.market\/index.php\/wp-json\/wp\/v2\/media?parent=17181"}],"wp:term":[{"taxonomy":"product_cat","embeddable":true,"href":"https:\/\/www.vazy.market\/index.php\/wp-json\/wp\/v2\/product_cat?post=17181"},{"taxonomy":"product_tag","embeddable":true,"href":"https:\/\/www.vazy.market\/index.php\/wp-json\/wp\/v2\/product_tag?post=17181"}],"curies":[{"name":"wp","href":"https:\/\/api.w.org\/{rel}","templated":true}]}}