{"id":17176,"date":"2026-03-23T22:16:05","date_gmt":"2026-03-23T22:16:05","guid":{"rendered":"https:\/\/www.vazy.market\/?post_type=product&#038;p=17176"},"modified":"2026-03-24T21:48:01","modified_gmt":"2026-03-24T21:48:01","slug":"bouilloire-electrique-sinboss-3-litres-indicateur-de-temperature-haute-qualite","status":"publish","type":"product","link":"https:\/\/www.vazy.market\/index.php\/product\/bouilloire-electrique-sinboss-3-litres-indicateur-de-temperature-haute-qualite\/","title":{"rendered":"\u2615 Bouilloire \u00c9lectrique SINBOSS \u2013 3 Litres | Indicateur de Temp\u00e9rature | Haute Qualit\u00e9"},"content":{"rendered":"<p data-start=\"321\" data-end=\"429\">Pr\u00e9pare ton eau chaude avec pr\u00e9cision \u2615 gr\u00e2ce \u00e0 la <strong data-start=\"372\" data-end=\"428\">bouilloire SINBOSS 3L avec indicateur de temp\u00e9rature<\/strong>.<\/p>\n<p data-start=\"431\" data-end=\"585\">Sa grande capacit\u00e9 et son <strong data-start=\"457\" data-end=\"492\">compteur de temp\u00e9rature int\u00e9gr\u00e9<\/strong> te permettent de contr\u00f4ler le niveau de chaleur pour un usage optimal (th\u00e9, caf\u00e9, cuisine\u2026).<\/p>\n<p data-start=\"587\" data-end=\"686\">Puissante et \u00e9l\u00e9gante, elle est parfaite pour une utilisation quotidienne \u00e0 la maison ou au bureau.<\/p>\n<hr data-start=\"688\" data-end=\"691\" \/>\n<h2 data-section-id=\"17dpq8e\" data-start=\"693\" data-end=\"712\">\u2728 Points forts<\/h2>\n<p data-start=\"714\" data-end=\"952\">\u2714\ufe0f <strong data-start=\"717\" data-end=\"745\">Grande capacit\u00e9 3 Litres<\/strong> \ud83d\udca7<br data-start=\"748\" data-end=\"751\" \/>\u2714\ufe0f <strong data-start=\"754\" data-end=\"791\">Indicateur de temp\u00e9rature int\u00e9gr\u00e9<\/strong> \ud83c\udf21\ufe0f<br data-start=\"795\" data-end=\"798\" \/>\u2714\ufe0f <strong data-start=\"801\" data-end=\"833\">Chauffage rapide et efficace<\/strong> \u26a1<br data-start=\"835\" data-end=\"838\" \/>\u2714\ufe0f <strong data-start=\"841\" data-end=\"873\">Arr\u00eat automatique (s\u00e9curit\u00e9)<\/strong><br data-start=\"873\" data-end=\"876\" \/>\u2714\ufe0f <strong data-start=\"879\" data-end=\"908\">Design moderne et robuste<\/strong><br data-start=\"908\" data-end=\"911\" \/>\u2714\ufe0f <strong data-start=\"914\" data-end=\"950\">Poign\u00e9e ergonomique anti-chaleur<\/strong><\/p>\n<hr data-start=\"954\" data-end=\"957\" \/>\n<h2 data-section-id=\"1uyu6z3\" data-start=\"959\" data-end=\"982\">\ud83d\udcca Fiche technique<\/h2>\n<div class=\"TyagGW_tableContainer\">\n<div class=\"group TyagGW_tableWrapper flex flex-col-reverse w-fit\" tabindex=\"-1\">\n<table class=\"w-fit min-w-(--thread-content-width)\" data-start=\"984\" data-end=\"1471\">\n<thead data-start=\"984\" data-end=\"1020\">\n<tr data-start=\"984\" data-end=\"1020\">\n<th class=\"\" data-start=\"984\" data-end=\"1009\" data-col-size=\"sm\">Caract\u00e9ristique<\/th>\n<th class=\"\" data-start=\"1009\" data-end=\"1020\" data-col-size=\"sm\">D\u00e9tails<\/th>\n<\/tr>\n<\/thead>\n<tbody data-start=\"1055\" data-end=\"1471\">\n<tr data-start=\"1055\" data-end=\"1102\">\n<td data-start=\"1055\" data-end=\"1077\" data-col-size=\"sm\">\u2615 Type<\/td>\n<td data-start=\"1077\" data-end=\"1102\" data-col-size=\"sm\">Bouilloire \u00e9lectrique<\/td>\n<\/tr>\n<tr data-start=\"1103\" data-end=\"1137\">\n<td data-start=\"1103\" data-end=\"1126\" data-col-size=\"sm\">\ud83c\udff7\ufe0f Mod\u00e8le<\/td>\n<td data-start=\"1126\" data-end=\"1137\" data-col-size=\"sm\">SO-8836<\/td>\n<\/tr>\n<tr data-start=\"1138\" data-end=\"1179\">\n<td data-start=\"1138\" data-end=\"1160\" data-col-size=\"sm\">\u26a1 Puissance<\/td>\n<td data-start=\"1160\" data-end=\"1179\" data-col-size=\"sm\">Haute puissance<\/td>\n<\/tr>\n<tr data-start=\"1180\" data-end=\"1215\">\n<td data-start=\"1180\" data-end=\"1203\" data-col-size=\"sm\">\ud83d\udca7 Capacit\u00e9<\/td>\n<td data-start=\"1203\" data-end=\"1215\" data-col-size=\"sm\">3 Litres<\/td>\n<\/tr>\n<tr data-start=\"1216\" data-end=\"1261\">\n<td data-start=\"1216\" data-end=\"1239\" data-col-size=\"sm\">\ud83c\udf21\ufe0f Temp\u00e9rature<\/td>\n<td data-col-size=\"sm\" data-start=\"1239\" data-end=\"1261\">Indicateur int\u00e9gr\u00e9<\/td>\n<\/tr>\n<tr data-start=\"1262\" data-end=\"1299\">\n<td data-start=\"1262\" data-end=\"1285\" data-col-size=\"sm\">\ud83d\udd0c Alimentation<\/td>\n<td data-start=\"1285\" data-end=\"1299\" data-col-size=\"sm\">\u00c9lectrique<\/td>\n<\/tr>\n<tr data-start=\"1300\" data-end=\"1344\">\n<td data-start=\"1300\" data-end=\"1323\" data-col-size=\"sm\">\ud83e\uddf1 Mat\u00e9riau<\/td>\n<td data-start=\"1323\" data-end=\"1344\" data-col-size=\"sm\">M\u00e9tal + plastique<\/td>\n<\/tr>\n<tr data-start=\"1345\" data-end=\"1389\">\n<td data-start=\"1345\" data-end=\"1368\" data-col-size=\"sm\">\ud83d\udd12 S\u00e9curit\u00e9<\/td>\n<td data-start=\"1368\" data-end=\"1389\" data-col-size=\"sm\">Arr\u00eat automatique<\/td>\n<\/tr>\n<tr data-start=\"1390\" data-end=\"1429\">\n<td data-start=\"1390\" data-end=\"1413\" data-col-size=\"sm\">\ud83c\udfa8 Couleur<\/td>\n<td data-start=\"1413\" data-end=\"1429\" data-col-size=\"sm\">Rouge \/ Noir<\/td>\n<\/tr>\n<tr data-start=\"1430\" data-end=\"1471\">\n<td data-start=\"1430\" data-end=\"1453\" data-col-size=\"sm\">\ud83c\udfaf Utilisation<\/td>\n<td data-start=\"1453\" data-end=\"1471\" data-col-size=\"sm\">Maison, bureau<\/td>\n<\/tr>\n<\/tbody>\n<\/table>\n<\/div>\n<\/div>\n<hr data-start=\"1473\" data-end=\"1476\" \/>\n<h2 data-section-id=\"pvsbnh\" data-start=\"1478\" data-end=\"1502\">\ud83d\udce6 Contenu du colis<\/h2>\n<ul data-start=\"1504\" data-end=\"1569\">\n<li data-section-id=\"1xok7uw\" data-start=\"1504\" data-end=\"1533\">1 \u00d7 Bouilloire SINBOSS 3L<\/li>\n<li data-section-id=\"vrv2vy\" data-start=\"1534\" data-end=\"1554\">1 \u00d7 Base \/ c\u00e2ble<\/li>\n<li data-section-id=\"slj08g\" data-start=\"1555\" data-end=\"1569\">1 \u00d7 Manuel<\/li>\n<\/ul>\n<hr data-start=\"1571\" data-end=\"1574\" \/>\n<h2 data-section-id=\"13b3ls7\" data-start=\"1576\" data-end=\"1594\">\ud83c\udfaf Id\u00e9al pour<\/h2>\n<ul data-start=\"1596\" data-end=\"1665\">\n<li data-section-id=\"5lr0v7\" data-start=\"1596\" data-end=\"1612\">Th\u00e9 &amp; caf\u00e9 \u2615<\/li>\n<li data-section-id=\"ivcxhk\" data-start=\"1613\" data-end=\"1627\">Cuisine \ud83c\udf72<\/li>\n<li data-section-id=\"1cm2a0z\" data-start=\"1628\" data-end=\"1651\">Famille \ud83d\udc68\u200d\ud83d\udc69\u200d\ud83d\udc67\u200d\ud83d\udc66<\/li>\n<li data-section-id=\"1gl03h\" data-start=\"1652\" data-end=\"1665\">Bureau \ud83d\udcbc<\/li>\n<\/ul>\n<hr data-start=\"1667\" data-end=\"1670\" \/>\n<h2 data-section-id=\"1trosze\" data-start=\"1672\" data-end=\"1715\">\ud83d\udca1 Pourquoi choisir cette bouilloire ?<\/h2>\n<p data-start=\"1716\" data-end=\"1870\">La SINBOSS 3L est id\u00e9ale pour ceux qui veulent <strong data-start=\"1763\" data-end=\"1803\">plus de capacit\u00e9 et plus de contr\u00f4le<\/strong> gr\u00e2ce \u00e0 son indicateur de temp\u00e9rature. Pratique, rapide et fiable.<\/p>\n","protected":false},"excerpt":{"rendered":"<p>Pr\u00e9pare ton eau chaude avec pr\u00e9cision \u2615 gr\u00e2ce \u00e0 la bouilloire SINBOSS 3L avec indicateur de temp\u00e9rature. Sa grande capacit\u00e9 et son compteur de temp\u00e9rature int\u00e9gr\u00e9 te permettent de contr\u00f4ler le niveau de chaleur pour un usage optimal (th\u00e9, caf\u00e9, cuisine\u2026). Puissante et \u00e9l\u00e9gante, elle est parfaite pour une utilisation quotidienne \u00e0 la maison ou&hellip;<\/p>\n","protected":false},"featured_media":17179,"comment_status":"open","ping_status":"closed","template":"","meta":[],"product_cat":[100],"product_tag":[],"class_list":{"0":"post-17176","1":"product","2":"type-product","3":"status-publish","4":"has-post-thumbnail","6":"product_cat-electromenager","8":"first","9":"instock","10":"sale","11":"shipping-taxable","12":"purchasable","13":"product-type-simple","14":"col-xs-6 col-sm-4","15":"col-md-3 col-lg-3","16":"un-4-cols"},"_links":{"self":[{"href":"https:\/\/www.vazy.market\/index.php\/wp-json\/wp\/v2\/product\/17176","targetHints":{"allow":["GET"]}}],"collection":[{"href":"https:\/\/www.vazy.market\/index.php\/wp-json\/wp\/v2\/product"}],"about":[{"href":"https:\/\/www.vazy.market\/index.php\/wp-json\/wp\/v2\/types\/product"}],"replies":[{"embeddable":true,"href":"https:\/\/www.vazy.market\/index.php\/wp-json\/wp\/v2\/comments?post=17176"}],"wp:featuredmedia":[{"embeddable":true,"href":"https:\/\/www.vazy.market\/index.php\/wp-json\/wp\/v2\/media\/17179"}],"wp:attachment":[{"href":"https:\/\/www.vazy.market\/index.php\/wp-json\/wp\/v2\/media?parent=17176"}],"wp:term":[{"taxonomy":"product_cat","embeddable":true,"href":"https:\/\/www.vazy.market\/index.php\/wp-json\/wp\/v2\/product_cat?post=17176"},{"taxonomy":"product_tag","embeddable":true,"href":"https:\/\/www.vazy.market\/index.php\/wp-json\/wp\/v2\/product_tag?post=17176"}],"curies":[{"name":"wp","href":"https:\/\/api.w.org\/{rel}","templated":true}]}}