{"id":17171,"date":"2026-03-23T22:08:20","date_gmt":"2026-03-23T22:08:20","guid":{"rendered":"https:\/\/www.vazy.market\/?post_type=product&#038;p=17171"},"modified":"2026-03-24T21:48:21","modified_gmt":"2026-03-24T21:48:21","slug":"bouilloire-electrique-marado-2-litres-1000w-chauffage-rapide","status":"publish","type":"product","link":"https:\/\/www.vazy.market\/index.php\/product\/bouilloire-electrique-marado-2-litres-1000w-chauffage-rapide\/","title":{"rendered":"\u2615 Bouilloire \u00c9lectrique MARADO \u2013 2 Litres | 1000W | Chauffage Rapide"},"content":{"rendered":"<p data-start=\"282\" data-end=\"375\">Pr\u00e9pare rapidement ton th\u00e9, caf\u00e9 ou eau chaude \u2615 avec la <strong data-start=\"339\" data-end=\"374\">bouilloire \u00e9lectrique MARADO 2L<\/strong>.<\/p>\n<p data-start=\"377\" data-end=\"565\">Gr\u00e2ce \u00e0 sa puissance de <strong data-start=\"401\" data-end=\"410\">1000W<\/strong>, elle chauffe l\u2019eau en quelques minutes seulement. Son design \u00e9l\u00e9gant et sa grande capacit\u00e9 la rendent id\u00e9ale pour une utilisation quotidienne en famille.<\/p>\n<p data-start=\"567\" data-end=\"642\">Pratique et facile \u00e0 utiliser, elle est un indispensable dans ta cuisine \ud83d\udd25<\/p>\n<hr data-start=\"644\" data-end=\"647\" \/>\n<h2 data-section-id=\"17dpq8e\" data-start=\"649\" data-end=\"668\">\u2728 Points forts<\/h2>\n<p data-start=\"670\" data-end=\"905\">\u2714\ufe0f <strong data-start=\"673\" data-end=\"701\">Grande capacit\u00e9 2 Litres<\/strong> \ud83d\udca7<br data-start=\"704\" data-end=\"707\" \/>\u2714\ufe0f <strong data-start=\"710\" data-end=\"748\">Puissance 1000W (chauffage rapide)<\/strong> \u26a1<br data-start=\"750\" data-end=\"753\" \/>\u2714\ufe0f <strong data-start=\"756\" data-end=\"788\">Arr\u00eat automatique (s\u00e9curit\u00e9)<\/strong><br data-start=\"788\" data-end=\"791\" \/>\u2714\ufe0f <strong data-start=\"794\" data-end=\"823\">Design moderne et \u00e9l\u00e9gant<\/strong><br data-start=\"823\" data-end=\"826\" \/>\u2714\ufe0f <strong data-start=\"829\" data-end=\"865\">Poign\u00e9e ergonomique anti-chaleur<\/strong><br data-start=\"865\" data-end=\"868\" \/>\u2714\ufe0f <strong data-start=\"871\" data-end=\"903\">Utilisation simple et rapide<\/strong><\/p>\n<hr data-start=\"907\" data-end=\"910\" \/>\n<h2 data-section-id=\"1uyu6z3\" data-start=\"912\" data-end=\"935\">\ud83d\udcca Fiche technique<\/h2>\n<div class=\"TyagGW_tableContainer\">\n<div class=\"group TyagGW_tableWrapper flex flex-col-reverse w-fit\" tabindex=\"-1\">\n<table class=\"w-fit min-w-(--thread-content-width)\" data-start=\"937\" data-end=\"1370\">\n<thead data-start=\"937\" data-end=\"973\">\n<tr data-start=\"937\" data-end=\"973\">\n<th class=\"\" data-start=\"937\" data-end=\"962\" data-col-size=\"sm\">Caract\u00e9ristique<\/th>\n<th class=\"\" data-start=\"962\" data-end=\"973\" data-col-size=\"sm\">D\u00e9tails<\/th>\n<\/tr>\n<\/thead>\n<tbody data-start=\"1008\" data-end=\"1370\">\n<tr data-start=\"1008\" data-end=\"1055\">\n<td data-start=\"1008\" data-end=\"1030\" data-col-size=\"sm\">\u2615 Type<\/td>\n<td data-start=\"1030\" data-end=\"1055\" data-col-size=\"sm\">Bouilloire \u00e9lectrique<\/td>\n<\/tr>\n<tr data-start=\"1056\" data-end=\"1091\">\n<td data-start=\"1056\" data-end=\"1079\" data-col-size=\"sm\">\ud83c\udff7\ufe0f Mod\u00e8le<\/td>\n<td data-start=\"1079\" data-end=\"1091\" data-col-size=\"sm\">WDF-3302<\/td>\n<\/tr>\n<tr data-start=\"1092\" data-end=\"1123\">\n<td data-start=\"1092\" data-end=\"1114\" data-col-size=\"sm\">\u26a1 Puissance<\/td>\n<td data-start=\"1114\" data-end=\"1123\" data-col-size=\"sm\">1000W<\/td>\n<\/tr>\n<tr data-start=\"1124\" data-end=\"1159\">\n<td data-start=\"1124\" data-end=\"1147\" data-col-size=\"sm\">\ud83d\udca7 Capacit\u00e9<\/td>\n<td data-start=\"1147\" data-end=\"1159\" data-col-size=\"sm\">2 Litres<\/td>\n<\/tr>\n<tr data-start=\"1160\" data-end=\"1197\">\n<td data-start=\"1160\" data-end=\"1183\" data-col-size=\"sm\">\ud83d\udd0c Alimentation<\/td>\n<td data-start=\"1183\" data-end=\"1197\" data-col-size=\"sm\">\u00c9lectrique<\/td>\n<\/tr>\n<tr data-start=\"1198\" data-end=\"1242\">\n<td data-start=\"1198\" data-end=\"1221\" data-col-size=\"sm\">\ud83e\uddf1 Mat\u00e9riau<\/td>\n<td data-start=\"1221\" data-end=\"1242\" data-col-size=\"sm\">M\u00e9tal + plastique<\/td>\n<\/tr>\n<tr data-start=\"1243\" data-end=\"1287\">\n<td data-start=\"1243\" data-end=\"1266\" data-col-size=\"sm\">\ud83d\udd12 S\u00e9curit\u00e9<\/td>\n<td data-col-size=\"sm\" data-start=\"1266\" data-end=\"1287\">Arr\u00eat automatique<\/td>\n<\/tr>\n<tr data-start=\"1288\" data-end=\"1327\">\n<td data-start=\"1288\" data-end=\"1311\" data-col-size=\"sm\">\ud83c\udfa8 Couleur<\/td>\n<td data-start=\"1311\" data-end=\"1327\" data-col-size=\"sm\">Rouge \/ Bleu<\/td>\n<\/tr>\n<tr data-start=\"1328\" data-end=\"1370\">\n<td data-start=\"1328\" data-end=\"1351\" data-col-size=\"sm\">\ud83c\udfaf Utilisation<\/td>\n<td data-start=\"1351\" data-end=\"1370\" data-col-size=\"sm\">Cuisine, maison<\/td>\n<\/tr>\n<\/tbody>\n<\/table>\n<\/div>\n<\/div>\n<hr data-start=\"1372\" data-end=\"1375\" \/>\n<h2 data-section-id=\"pvsbnh\" data-start=\"1377\" data-end=\"1401\">\ud83d\udce6 Contenu du colis<\/h2>\n<ul data-start=\"1403\" data-end=\"1482\">\n<li data-section-id=\"awqsv8\" data-start=\"1403\" data-end=\"1431\">1 \u00d7 Bouilloire MARADO 2L<\/li>\n<li data-section-id=\"1kq5kp4\" data-start=\"1432\" data-end=\"1467\">1 \u00d7 Base \/ c\u00e2ble d\u2019alimentation<\/li>\n<li data-section-id=\"slj08g\" data-start=\"1468\" data-end=\"1482\">1 \u00d7 Manuel<\/li>\n<\/ul>\n<hr data-start=\"1484\" data-end=\"1487\" \/>\n<h2 data-section-id=\"13b3ls7\" data-start=\"1489\" data-end=\"1507\">\ud83c\udfaf Id\u00e9al pour<\/h2>\n<ul data-start=\"1509\" data-end=\"1578\">\n<li data-section-id=\"5lr0v7\" data-start=\"1509\" data-end=\"1525\">Th\u00e9 &amp; caf\u00e9 \u2615<\/li>\n<li data-section-id=\"ivad22\" data-start=\"1526\" data-end=\"1540\">Cuisine \ud83c\udfe0<\/li>\n<li data-section-id=\"1gl03h\" data-start=\"1541\" data-end=\"1554\">Bureau \ud83d\udcbc<\/li>\n<li data-section-id=\"1cm2a0z\" data-start=\"1555\" data-end=\"1578\">Famille \ud83d\udc68\u200d\ud83d\udc69\u200d\ud83d\udc67\u200d\ud83d\udc66<\/li>\n<\/ul>\n<hr data-start=\"1580\" data-end=\"1583\" \/>\n<h2 data-section-id=\"1trosze\" data-start=\"1585\" data-end=\"1628\">\ud83d\udca1 Pourquoi choisir cette bouilloire ?<\/h2>\n<p data-start=\"1629\" data-end=\"1758\">La MARADO 2L est parfaite pour ceux qui veulent une solution <strong data-start=\"1690\" data-end=\"1724\">rapide, pratique et \u00e9conomique<\/strong> pour chauffer l\u2019eau au quotidien.<\/p>\n","protected":false},"excerpt":{"rendered":"<p>Pr\u00e9pare rapidement ton th\u00e9, caf\u00e9 ou eau chaude \u2615 avec la bouilloire \u00e9lectrique MARADO 2L. Gr\u00e2ce \u00e0 sa puissance de 1000W, elle chauffe l\u2019eau en quelques minutes seulement. Son design \u00e9l\u00e9gant et sa grande capacit\u00e9 la rendent id\u00e9ale pour une utilisation quotidienne en famille. Pratique et facile \u00e0 utiliser, elle est un indispensable dans ta&hellip;<\/p>\n","protected":false},"featured_media":17174,"comment_status":"open","ping_status":"closed","template":"","meta":[],"product_cat":[100],"product_tag":[],"class_list":{"0":"post-17171","1":"product","2":"type-product","3":"status-publish","4":"has-post-thumbnail","6":"product_cat-electromenager","8":"first","9":"instock","10":"sale","11":"shipping-taxable","12":"purchasable","13":"product-type-simple","14":"col-xs-6 col-sm-4","15":"col-md-3 col-lg-3","16":"un-4-cols"},"_links":{"self":[{"href":"https:\/\/www.vazy.market\/index.php\/wp-json\/wp\/v2\/product\/17171","targetHints":{"allow":["GET"]}}],"collection":[{"href":"https:\/\/www.vazy.market\/index.php\/wp-json\/wp\/v2\/product"}],"about":[{"href":"https:\/\/www.vazy.market\/index.php\/wp-json\/wp\/v2\/types\/product"}],"replies":[{"embeddable":true,"href":"https:\/\/www.vazy.market\/index.php\/wp-json\/wp\/v2\/comments?post=17171"}],"wp:featuredmedia":[{"embeddable":true,"href":"https:\/\/www.vazy.market\/index.php\/wp-json\/wp\/v2\/media\/17174"}],"wp:attachment":[{"href":"https:\/\/www.vazy.market\/index.php\/wp-json\/wp\/v2\/media?parent=17171"}],"wp:term":[{"taxonomy":"product_cat","embeddable":true,"href":"https:\/\/www.vazy.market\/index.php\/wp-json\/wp\/v2\/product_cat?post=17171"},{"taxonomy":"product_tag","embeddable":true,"href":"https:\/\/www.vazy.market\/index.php\/wp-json\/wp\/v2\/product_tag?post=17171"}],"curies":[{"name":"wp","href":"https:\/\/api.w.org\/{rel}","templated":true}]}}