{"id":17167,"date":"2026-03-23T22:01:27","date_gmt":"2026-03-23T22:01:27","guid":{"rendered":"https:\/\/www.vazy.market\/?post_type=product&#038;p=17167"},"modified":"2026-03-24T21:48:35","modified_gmt":"2026-03-24T21:48:35","slug":"woofer-oscar-osc-915t-3-1-bluetooth-son-puissant-design-moderne","status":"publish","type":"product","link":"https:\/\/www.vazy.market\/index.php\/product\/woofer-oscar-osc-915t-3-1-bluetooth-son-puissant-design-moderne\/","title":{"rendered":"\ud83d\udd0a Woofer OSCAR OSC-915T \u2013 3.1 | Bluetooth | Son Puissant &#038; Design Moderne"},"content":{"rendered":"<p data-start=\"292\" data-end=\"371\">Profite d\u2019un son puissant et immersif \ud83d\udd25 avec le <strong data-start=\"341\" data-end=\"370\">woofer OSCAR OSC-915T 3.1<\/strong>.<\/p>\n<p data-start=\"373\" data-end=\"523\">Avec son <strong data-start=\"382\" data-end=\"422\">caisson de basse + 2 colonnes design<\/strong>, ce syst\u00e8me offre un son clair, des basses profondes et une ambiance cin\u00e9ma \ud83c\udfac directement chez toi.<\/p>\n<p data-start=\"525\" data-end=\"653\">Gr\u00e2ce \u00e0 ses multiples options (Bluetooth, USB, FM\u2026), \u00e9coute ta musique facilement depuis ton t\u00e9l\u00e9phone ou tes supports externes.<\/p>\n<hr data-start=\"655\" data-end=\"658\" \/>\n<h2 data-section-id=\"17dpq8e\" data-start=\"660\" data-end=\"679\">\u2728 Points forts<\/h2>\n<p data-start=\"681\" data-end=\"969\">\u2714\ufe0f <strong data-start=\"684\" data-end=\"728\">Syst\u00e8me audio 3.1 (subwoofer + colonnes)<\/strong> \ud83d\udd0a<br data-start=\"731\" data-end=\"734\" \/>\u2714\ufe0f <strong data-start=\"737\" data-end=\"771\">Basses profondes et puissantes<\/strong> \ud83d\udca5<br data-start=\"774\" data-end=\"777\" \/>\u2714\ufe0f <strong data-start=\"780\" data-end=\"814\">Bluetooth (connexion sans fil)<\/strong> \ud83d\udcf1<br data-start=\"817\" data-end=\"820\" \/>\u2714\ufe0f <strong data-start=\"823\" data-end=\"857\">USB \/ Carte m\u00e9moire \/ FM radio<\/strong> \ud83d\udcfb<br data-start=\"860\" data-end=\"863\" \/>\u2714\ufe0f <strong data-start=\"866\" data-end=\"909\">Design \u00e9l\u00e9gant avec colonnes verticales<\/strong><br data-start=\"909\" data-end=\"912\" \/>\u2714\ufe0f <strong data-start=\"915\" data-end=\"939\">T\u00e9l\u00e9commande incluse<\/strong> \ud83c\udfae<br data-start=\"942\" data-end=\"945\" \/>\u2714\ufe0f <strong data-start=\"948\" data-end=\"965\">Garantie 1 an<\/strong> \u2705<\/p>\n<hr data-start=\"971\" data-end=\"974\" \/>\n<h2 data-section-id=\"1uyu6z3\" data-start=\"976\" data-end=\"999\">\ud83d\udcca Fiche technique<\/h2>\n<div class=\"TyagGW_tableContainer\">\n<div class=\"group TyagGW_tableWrapper flex flex-col-reverse w-fit\" tabindex=\"-1\">\n<table class=\"w-fit min-w-(--thread-content-width)\" data-start=\"1001\" data-end=\"1465\">\n<thead data-start=\"1001\" data-end=\"1037\">\n<tr data-start=\"1001\" data-end=\"1037\">\n<th class=\"\" data-start=\"1001\" data-end=\"1026\" data-col-size=\"sm\">Caract\u00e9ristique<\/th>\n<th class=\"\" data-start=\"1026\" data-end=\"1037\" data-col-size=\"sm\">D\u00e9tails<\/th>\n<\/tr>\n<\/thead>\n<tbody data-start=\"1072\" data-end=\"1465\">\n<tr data-start=\"1072\" data-end=\"1116\">\n<td data-start=\"1072\" data-end=\"1095\" data-col-size=\"sm\">\ud83d\udd0a Type<\/td>\n<td data-start=\"1095\" data-end=\"1116\" data-col-size=\"sm\">Syst\u00e8me audio 3.1<\/td>\n<\/tr>\n<tr data-start=\"1117\" data-end=\"1152\">\n<td data-start=\"1117\" data-end=\"1140\" data-col-size=\"sm\">\ud83c\udff7\ufe0f Mod\u00e8le<\/td>\n<td data-start=\"1140\" data-end=\"1152\" data-col-size=\"sm\">OSC-915T<\/td>\n<\/tr>\n<tr data-start=\"1153\" data-end=\"1189\">\n<td data-start=\"1153\" data-end=\"1176\" data-col-size=\"sm\">\ud83d\udce1 Connectivit\u00e9<\/td>\n<td data-start=\"1176\" data-end=\"1189\" data-col-size=\"sm\">Bluetooth<\/td>\n<\/tr>\n<tr data-start=\"1190\" data-end=\"1231\">\n<td data-start=\"1190\" data-end=\"1213\" data-col-size=\"sm\">\ud83d\udd0c Ports<\/td>\n<td data-start=\"1213\" data-end=\"1231\" data-col-size=\"sm\">USB \/ SD \/ AUX<\/td>\n<\/tr>\n<tr data-start=\"1232\" data-end=\"1270\">\n<td data-start=\"1232\" data-end=\"1255\" data-col-size=\"sm\">\ud83d\udcfb Radio<\/td>\n<td data-col-size=\"sm\" data-start=\"1255\" data-end=\"1270\">FM int\u00e9gr\u00e9e<\/td>\n<\/tr>\n<tr data-start=\"1271\" data-end=\"1307\">\n<td data-start=\"1271\" data-end=\"1294\" data-col-size=\"sm\">\ud83d\udca5 Bass<\/td>\n<td data-start=\"1294\" data-end=\"1307\" data-col-size=\"sm\">Renforc\u00e9e<\/td>\n<\/tr>\n<tr data-start=\"1308\" data-end=\"1356\">\n<td data-start=\"1308\" data-end=\"1332\" data-col-size=\"sm\">\ud83d\udda5\ufe0f Design<\/td>\n<td data-start=\"1332\" data-end=\"1356\" data-col-size=\"sm\">Colonnes + subwoofer<\/td>\n<\/tr>\n<tr data-start=\"1357\" data-end=\"1396\">\n<td data-start=\"1357\" data-end=\"1380\" data-col-size=\"sm\">\ud83c\udfae Accessoires<\/td>\n<td data-start=\"1380\" data-end=\"1396\" data-col-size=\"sm\">T\u00e9l\u00e9commande<\/td>\n<\/tr>\n<tr data-start=\"1397\" data-end=\"1433\">\n<td data-start=\"1397\" data-end=\"1419\" data-col-size=\"sm\">\u26a1 Alimentation<\/td>\n<td data-start=\"1419\" data-end=\"1433\" data-col-size=\"sm\">\u00c9lectrique<\/td>\n<\/tr>\n<tr data-start=\"1434\" data-end=\"1465\">\n<td data-start=\"1434\" data-end=\"1457\" data-col-size=\"sm\">\ud83d\udee1\ufe0f Garantie<\/td>\n<td data-col-size=\"sm\" data-start=\"1457\" data-end=\"1465\">1 an<\/td>\n<\/tr>\n<\/tbody>\n<\/table>\n<\/div>\n<\/div>\n<hr data-start=\"1467\" data-end=\"1470\" \/>\n<h2 data-section-id=\"pvsbnh\" data-start=\"1472\" data-end=\"1496\">\ud83d\udce6 Contenu du colis<\/h2>\n<ul data-start=\"1498\" data-end=\"1604\">\n<li data-section-id=\"10tfabn\" data-start=\"1498\" data-end=\"1522\">1 \u00d7 Caisson de basse<\/li>\n<li data-section-id=\"vmhkvj\" data-start=\"1523\" data-end=\"1553\">2 \u00d7 Haut-parleurs colonnes<\/li>\n<li data-section-id=\"1aam6fo\" data-start=\"1554\" data-end=\"1574\">1 \u00d7 T\u00e9l\u00e9commande<\/li>\n<li data-section-id=\"1v0vyk7\" data-start=\"1575\" data-end=\"1589\">1 \u00d7 C\u00e2bles<\/li>\n<li data-section-id=\"slj08g\" data-start=\"1590\" data-end=\"1604\">1 \u00d7 Manuel<\/li>\n<\/ul>\n<hr data-start=\"1606\" data-end=\"1609\" \/>\n<h2 data-section-id=\"13b3ls7\" data-start=\"1611\" data-end=\"1629\">\ud83c\udfaf Id\u00e9al pour<\/h2>\n<ul data-start=\"1631\" data-end=\"1709\">\n<li data-section-id=\"4u5qln\" data-start=\"1631\" data-end=\"1643\">Salon \ud83c\udfe0<\/li>\n<li data-section-id=\"1549rro\" data-start=\"1644\" data-end=\"1665\">Films &amp; s\u00e9ries \ud83c\udfac<\/li>\n<li data-section-id=\"sdp8n5\" data-start=\"1666\" data-end=\"1680\">Musique \ud83c\udfb6<\/li>\n<li data-section-id=\"j6y21x\" data-start=\"1681\" data-end=\"1695\">Soir\u00e9es \ud83c\udf89<\/li>\n<li data-section-id=\"19bznv5\" data-start=\"1696\" data-end=\"1709\">Gaming \ud83c\udfae<\/li>\n<\/ul>\n<hr data-start=\"1711\" data-end=\"1714\" \/>\n<h2 data-section-id=\"494wbd\" data-start=\"1716\" data-end=\"1752\">\ud83d\udca1 Pourquoi choisir ce woofer ?<\/h2>\n<p data-start=\"1753\" data-end=\"1910\">Le OSCAR OSC-915T combine <strong data-start=\"1779\" data-end=\"1823\">puissance, design moderne et polyvalence<\/strong>. Parfait pour ceux qui veulent un son de qualit\u00e9 avec un look \u00e9l\u00e9gant dans leur salon.<\/p>\n","protected":false},"excerpt":{"rendered":"<p>Profite d\u2019un son puissant et immersif \ud83d\udd25 avec le woofer OSCAR OSC-915T 3.1. Avec son caisson de basse + 2 colonnes design, ce syst\u00e8me offre un son clair, des basses profondes et une ambiance cin\u00e9ma \ud83c\udfac directement chez toi. Gr\u00e2ce \u00e0 ses multiples options (Bluetooth, USB, FM\u2026), \u00e9coute ta musique facilement depuis ton t\u00e9l\u00e9phone ou&hellip;<\/p>\n","protected":false},"featured_media":17170,"comment_status":"open","ping_status":"closed","template":"","meta":[],"product_cat":[92],"product_tag":[],"class_list":{"0":"post-17167","1":"product","2":"type-product","3":"status-publish","4":"has-post-thumbnail","6":"product_cat-audio","8":"first","9":"instock","10":"sale","11":"shipping-taxable","12":"purchasable","13":"product-type-simple","14":"col-xs-6 col-sm-4","15":"col-md-3 col-lg-3","16":"un-4-cols"},"_links":{"self":[{"href":"https:\/\/www.vazy.market\/index.php\/wp-json\/wp\/v2\/product\/17167","targetHints":{"allow":["GET"]}}],"collection":[{"href":"https:\/\/www.vazy.market\/index.php\/wp-json\/wp\/v2\/product"}],"about":[{"href":"https:\/\/www.vazy.market\/index.php\/wp-json\/wp\/v2\/types\/product"}],"replies":[{"embeddable":true,"href":"https:\/\/www.vazy.market\/index.php\/wp-json\/wp\/v2\/comments?post=17167"}],"wp:featuredmedia":[{"embeddable":true,"href":"https:\/\/www.vazy.market\/index.php\/wp-json\/wp\/v2\/media\/17170"}],"wp:attachment":[{"href":"https:\/\/www.vazy.market\/index.php\/wp-json\/wp\/v2\/media?parent=17167"}],"wp:term":[{"taxonomy":"product_cat","embeddable":true,"href":"https:\/\/www.vazy.market\/index.php\/wp-json\/wp\/v2\/product_cat?post=17167"},{"taxonomy":"product_tag","embeddable":true,"href":"https:\/\/www.vazy.market\/index.php\/wp-json\/wp\/v2\/product_tag?post=17167"}],"curies":[{"name":"wp","href":"https:\/\/api.w.org\/{rel}","templated":true}]}}