{"id":17162,"date":"2026-03-23T21:51:59","date_gmt":"2026-03-23T21:51:59","guid":{"rendered":"https:\/\/www.vazy.market\/?post_type=product&#038;p=17162"},"modified":"2026-03-24T21:48:49","modified_gmt":"2026-03-24T21:48:49","slug":"barre-de-son-nd-240-wireless-soundbar-bluetooth-son-puissant","status":"publish","type":"product","link":"https:\/\/www.vazy.market\/index.php\/product\/barre-de-son-nd-240-wireless-soundbar-bluetooth-son-puissant\/","title":{"rendered":"\ud83d\udd0a Barre de Son ND-240 \u2013 Wireless Soundbar | Bluetooth | Son Puissant"},"content":{"rendered":"<p data-start=\"260\" data-end=\"335\">Am\u00e9liore instantan\u00e9ment le son de ta TV \ud83c\udfac avec la <strong data-start=\"311\" data-end=\"334\">barre de son ND-240<\/strong>.<\/p>\n<p data-start=\"337\" data-end=\"482\">Gr\u00e2ce \u00e0 sa technologie Bluetooth et ses multiples connexions, elle offre un <strong data-start=\"413\" data-end=\"448\">son clair, puissant et immersif<\/strong> pour tes films, musiques et jeux.<\/p>\n<p data-start=\"484\" data-end=\"582\">Son design moderne s\u2019int\u00e8gre parfaitement dans ton salon pour une exp\u00e9rience cin\u00e9ma \u00e0 domicile \ud83d\udd25.<\/p>\n<hr data-start=\"584\" data-end=\"587\" \/>\n<h2 data-section-id=\"17dpq8e\" data-start=\"589\" data-end=\"608\">\u2728 Points forts<\/h2>\n<p data-start=\"610\" data-end=\"874\">\u2714\ufe0f <strong data-start=\"613\" data-end=\"641\">Son puissant et immersif<\/strong> \ud83d\udd0a<br data-start=\"644\" data-end=\"647\" \/>\u2714\ufe0f <strong data-start=\"650\" data-end=\"682\">Connexion Bluetooth sans fil<\/strong> \ud83d\udcf1<br data-start=\"685\" data-end=\"688\" \/>\u2714\ufe0f <strong data-start=\"691\" data-end=\"723\">Compatible TV, t\u00e9l\u00e9phone, PC<\/strong><br data-start=\"723\" data-end=\"726\" \/>\u2714\ufe0f <strong data-start=\"729\" data-end=\"770\">Ports USB \/ AUX \/ HDMI (selon mod\u00e8le)<\/strong> \ud83d\udd0c<br data-start=\"773\" data-end=\"776\" \/>\u2714\ufe0f <strong data-start=\"779\" data-end=\"808\">Design \u00e9l\u00e9gant et compact<\/strong><br data-start=\"808\" data-end=\"811\" \/>\u2714\ufe0f <strong data-start=\"814\" data-end=\"839\">Affichage LED int\u00e9gr\u00e9<\/strong><br data-start=\"839\" data-end=\"842\" \/>\u2714\ufe0f <strong data-start=\"845\" data-end=\"869\">T\u00e9l\u00e9commande incluse<\/strong> \ud83c\udfae<\/p>\n<hr data-start=\"876\" data-end=\"879\" \/>\n<h2 data-section-id=\"1uyu6z3\" data-start=\"881\" data-end=\"904\">\ud83d\udcca Fiche technique<\/h2>\n<div class=\"TyagGW_tableContainer\">\n<div class=\"group TyagGW_tableWrapper flex flex-col-reverse w-fit\" tabindex=\"-1\">\n<table class=\"w-fit min-w-(--thread-content-width)\" data-start=\"906\" data-end=\"1358\">\n<thead data-start=\"906\" data-end=\"942\">\n<tr data-start=\"906\" data-end=\"942\">\n<th class=\"\" data-start=\"906\" data-end=\"931\" data-col-size=\"sm\">Caract\u00e9ristique<\/th>\n<th class=\"\" data-start=\"931\" data-end=\"942\" data-col-size=\"sm\">D\u00e9tails<\/th>\n<\/tr>\n<\/thead>\n<tbody data-start=\"977\" data-end=\"1358\">\n<tr data-start=\"977\" data-end=\"1027\">\n<td data-start=\"977\" data-end=\"1000\" data-col-size=\"sm\">\ud83d\udd0a Type<\/td>\n<td data-start=\"1000\" data-end=\"1027\" data-col-size=\"sm\">Barre de son (Soundbar)<\/td>\n<\/tr>\n<tr data-start=\"1028\" data-end=\"1061\">\n<td data-start=\"1028\" data-end=\"1051\" data-col-size=\"sm\">\ud83c\udff7\ufe0f Mod\u00e8le<\/td>\n<td data-col-size=\"sm\" data-start=\"1051\" data-end=\"1061\">ND-240<\/td>\n<\/tr>\n<tr data-start=\"1062\" data-end=\"1098\">\n<td data-start=\"1062\" data-end=\"1085\" data-col-size=\"sm\">\ud83d\udce1 Connectivit\u00e9<\/td>\n<td data-start=\"1085\" data-end=\"1098\" data-col-size=\"sm\">Bluetooth<\/td>\n<\/tr>\n<tr data-start=\"1099\" data-end=\"1157\">\n<td data-start=\"1099\" data-end=\"1122\" data-col-size=\"sm\">\ud83d\udd0c Ports<\/td>\n<td data-start=\"1122\" data-end=\"1157\" data-col-size=\"sm\">USB \/ AUX \/ HDMI (selon mod\u00e8le)<\/td>\n<\/tr>\n<tr data-start=\"1158\" data-end=\"1189\">\n<td data-start=\"1158\" data-end=\"1182\" data-col-size=\"sm\">\ud83d\udda5\ufe0f Affichage<\/td>\n<td data-start=\"1182\" data-end=\"1189\" data-col-size=\"sm\">LED<\/td>\n<\/tr>\n<tr data-start=\"1190\" data-end=\"1229\">\n<td data-start=\"1190\" data-end=\"1213\" data-col-size=\"sm\">\ud83c\udfae Accessoires<\/td>\n<td data-col-size=\"sm\" data-start=\"1213\" data-end=\"1229\">T\u00e9l\u00e9commande<\/td>\n<\/tr>\n<tr data-start=\"1230\" data-end=\"1266\">\n<td data-start=\"1230\" data-end=\"1252\" data-col-size=\"sm\">\u26a1 Alimentation<\/td>\n<td data-start=\"1252\" data-end=\"1266\" data-col-size=\"sm\">\u00c9lectrique<\/td>\n<\/tr>\n<tr data-start=\"1267\" data-end=\"1312\">\n<td data-start=\"1267\" data-end=\"1290\" data-col-size=\"sm\">\ud83c\udfa8 Design<\/td>\n<td data-start=\"1290\" data-end=\"1312\" data-col-size=\"sm\">Compact et moderne<\/td>\n<\/tr>\n<tr data-start=\"1313\" data-end=\"1358\">\n<td data-start=\"1313\" data-end=\"1336\" data-col-size=\"sm\">\ud83c\udfaf Utilisation<\/td>\n<td data-start=\"1336\" data-end=\"1358\" data-col-size=\"sm\">TV, musique, films<\/td>\n<\/tr>\n<\/tbody>\n<\/table>\n<\/div>\n<\/div>\n<hr data-start=\"1360\" data-end=\"1363\" \/>\n<h2 data-section-id=\"pvsbnh\" data-start=\"1365\" data-end=\"1389\">\ud83d\udce6 Contenu du colis<\/h2>\n<ul data-start=\"1391\" data-end=\"1482\">\n<li data-section-id=\"1ir6aa2\" data-start=\"1391\" data-end=\"1418\">1 \u00d7 Barre de son ND-240<\/li>\n<li data-section-id=\"1aam6fo\" data-start=\"1419\" data-end=\"1439\">1 \u00d7 T\u00e9l\u00e9commande<\/li>\n<li data-section-id=\"y1l167\" data-start=\"1440\" data-end=\"1467\">1 \u00d7 C\u00e2bles de connexion<\/li>\n<li data-section-id=\"slj08g\" data-start=\"1468\" data-end=\"1482\">1 \u00d7 Manuel<\/li>\n<\/ul>\n<hr data-start=\"1484\" data-end=\"1487\" \/>\n<h2 data-section-id=\"13b3ls7\" data-start=\"1489\" data-end=\"1507\">\ud83c\udfaf Id\u00e9al pour<\/h2>\n<ul data-start=\"1509\" data-end=\"1586\">\n<li data-section-id=\"4u5qln\" data-start=\"1509\" data-end=\"1521\">Salon \ud83c\udfe0<\/li>\n<li data-section-id=\"1549rro\" data-start=\"1522\" data-end=\"1543\">Films &amp; s\u00e9ries \ud83c\udfac<\/li>\n<li data-section-id=\"sdp8n5\" data-start=\"1544\" data-end=\"1558\">Musique \ud83c\udfb6<\/li>\n<li data-section-id=\"19bznv5\" data-start=\"1559\" data-end=\"1572\">Gaming \ud83c\udfae<\/li>\n<li data-section-id=\"1gl03h\" data-start=\"1573\" data-end=\"1586\">Bureau \ud83d\udcbc<\/li>\n<\/ul>\n<hr data-start=\"1588\" data-end=\"1591\" \/>\n<h2 data-section-id=\"1yr6ru7\" data-start=\"1593\" data-end=\"1638\">\ud83d\udca1 Pourquoi choisir cette barre de son ?<\/h2>\n<p data-start=\"1639\" data-end=\"1811\">La ND-240 est parfaite pour ceux qui veulent un <strong data-start=\"1687\" data-end=\"1742\">son de qualit\u00e9 sans installer un gros syst\u00e8me audio<\/strong>. Elle transforme facilement le son de ta TV en exp\u00e9rience immersive.<\/p>\n","protected":false},"excerpt":{"rendered":"<p>Am\u00e9liore instantan\u00e9ment le son de ta TV \ud83c\udfac avec la barre de son ND-240. Gr\u00e2ce \u00e0 sa technologie Bluetooth et ses multiples connexions, elle offre un son clair, puissant et immersif pour tes films, musiques et jeux. Son design moderne s\u2019int\u00e8gre parfaitement dans ton salon pour une exp\u00e9rience cin\u00e9ma \u00e0 domicile \ud83d\udd25. \u2728 Points forts&hellip;<\/p>\n","protected":false},"featured_media":17166,"comment_status":"open","ping_status":"closed","template":"","meta":[],"product_cat":[92],"product_tag":[],"class_list":{"0":"post-17162","1":"product","2":"type-product","3":"status-publish","4":"has-post-thumbnail","6":"product_cat-audio","8":"first","9":"instock","10":"sale","11":"shipping-taxable","12":"purchasable","13":"product-type-simple","14":"col-xs-6 col-sm-4","15":"col-md-3 col-lg-3","16":"un-4-cols"},"_links":{"self":[{"href":"https:\/\/www.vazy.market\/index.php\/wp-json\/wp\/v2\/product\/17162","targetHints":{"allow":["GET"]}}],"collection":[{"href":"https:\/\/www.vazy.market\/index.php\/wp-json\/wp\/v2\/product"}],"about":[{"href":"https:\/\/www.vazy.market\/index.php\/wp-json\/wp\/v2\/types\/product"}],"replies":[{"embeddable":true,"href":"https:\/\/www.vazy.market\/index.php\/wp-json\/wp\/v2\/comments?post=17162"}],"wp:featuredmedia":[{"embeddable":true,"href":"https:\/\/www.vazy.market\/index.php\/wp-json\/wp\/v2\/media\/17166"}],"wp:attachment":[{"href":"https:\/\/www.vazy.market\/index.php\/wp-json\/wp\/v2\/media?parent=17162"}],"wp:term":[{"taxonomy":"product_cat","embeddable":true,"href":"https:\/\/www.vazy.market\/index.php\/wp-json\/wp\/v2\/product_cat?post=17162"},{"taxonomy":"product_tag","embeddable":true,"href":"https:\/\/www.vazy.market\/index.php\/wp-json\/wp\/v2\/product_tag?post=17162"}],"curies":[{"name":"wp","href":"https:\/\/api.w.org\/{rel}","templated":true}]}}