{"id":17153,"date":"2026-03-23T12:22:52","date_gmt":"2026-03-23T12:22:52","guid":{"rendered":"https:\/\/www.vazy.market\/?post_type=product&#038;p=17153"},"modified":"2026-03-24T21:48:57","modified_gmt":"2026-03-24T21:48:57","slug":"smart-tv-led-lg-samsung-22-a-50-image-hd","status":"publish","type":"product","link":"https:\/\/www.vazy.market\/index.php\/product\/smart-tv-led-lg-samsung-22-a-50-image-hd\/","title":{"rendered":"\ud83d\udcfa Smart TV LG &#038; Samsung \u2013 32&Prime; \u00e0 70&Prime; | Full HD \/ 4K"},"content":{"rendered":"<div class=\"flex flex-col text-sm pb-25\">\n<section class=\"text-token-text-primary w-full focus:outline-none [--shadow-height:45px] has-data-writing-block:pointer-events-none has-data-writing-block:-mt-(--shadow-height) has-data-writing-block:pt-(--shadow-height) [&amp;:has([data-writing-block])&gt;*]:pointer-events-auto scroll-mt-[calc(var(--header-height)+min(200px,max(70px,20svh)))]\" dir=\"auto\" data-turn-id=\"request-69bc7cd1-d730-8328-8df5-5a951f76907b-18\" data-testid=\"conversation-turn-102\" data-scroll-anchor=\"true\" data-turn=\"assistant\">\n<div class=\"text-base my-auto mx-auto pb-10 [--thread-content-margin:var(--thread-content-margin-xs,calc(var(--spacing)*4))] @w-sm\/main:[--thread-content-margin:var(--thread-content-margin-sm,calc(var(--spacing)*6))] @w-lg\/main:[--thread-content-margin:var(--thread-content-margin-lg,calc(var(--spacing)*16))] px-(--thread-content-margin)\">\n<div class=\"[--thread-content-max-width:40rem] @w-lg\/main:[--thread-content-max-width:48rem] mx-auto max-w-(--thread-content-max-width) flex-1 group\/turn-messages focus-visible:outline-hidden relative flex w-full min-w-0 flex-col agent-turn\">\n<div class=\"flex max-w-full flex-col gap-4 grow\">\n<div class=\"min-h-8 text-message relative flex w-full flex-col items-end gap-2 text-start break-words whitespace-normal outline-none keyboard-focused:focus-ring [.text-message+&amp;]:mt-1\" dir=\"auto\" tabindex=\"0\" data-message-author-role=\"assistant\" data-message-id=\"9998590b-ff3f-4111-9609-0537a4aa8014\" data-message-model-slug=\"gpt-5-3\" data-turn-start-message=\"true\">\n<div class=\"flex w-full flex-col gap-1 empty:hidden\">\n<div class=\"markdown prose dark:prose-invert w-full wrap-break-word light markdown-new-styling\">\n<p data-start=\"276\" data-end=\"364\">Profite d\u2019une exp\u00e9rience immersive exceptionnelle \ud83c\udfac avec les <strong data-start=\"338\" data-end=\"363\">Smart TV LG &amp; Samsung<\/strong>.<\/p>\n<p data-start=\"366\" data-end=\"577\">Acc\u00e8de directement \u00e0 <strong data-start=\"387\" data-end=\"433\">Netflix, YouTube, Prime Video et bien plus<\/strong> sans appareil externe \ud83d\udcf1. Gr\u00e2ce \u00e0 leur qualit\u00e9 d\u2019image HD, Full HD ou 4K, ces t\u00e9l\u00e9viseurs offrent des images nettes et des couleurs \u00e9clatantes.<\/p>\n<p data-start=\"579\" data-end=\"645\">Parfaites pour transformer ton salon en v\u00e9ritable cin\u00e9ma maison \ud83d\udd25<\/p>\n<hr data-start=\"647\" data-end=\"650\" \/>\n<h2 data-section-id=\"17dpq8e\" data-start=\"652\" data-end=\"671\">\u2728 Points forts<\/h2>\n<p data-start=\"673\" data-end=\"960\">\u2714\ufe0f <strong data-start=\"676\" data-end=\"715\">Disponible en 32&Prime; \/ 45&Prime; \/ 65&Prime; \/ 70&Prime;<\/strong> \ud83d\udccf<br data-start=\"718\" data-end=\"721\" \/>\u2714\ufe0f <strong data-start=\"724\" data-end=\"761\">Smart TV (Netflix, YouTube, apps)<\/strong> \ud83d\udcf1<br data-start=\"764\" data-end=\"767\" \/>\u2714\ufe0f <strong data-start=\"770\" data-end=\"802\">R\u00e9solution HD \/ Full HD \/ 4K<\/strong> \ud83c\udfa5<br data-start=\"805\" data-end=\"808\" \/>\u2714\ufe0f <strong data-start=\"811\" data-end=\"839\">Connexion Wi-Fi int\u00e9gr\u00e9e<\/strong> \ud83d\udcf6<br data-start=\"842\" data-end=\"845\" \/>\u2714\ufe0f <strong data-start=\"848\" data-end=\"885\">Design fin et \u00e9l\u00e9gant (frameless)<\/strong><br data-start=\"885\" data-end=\"888\" \/>\u2714\ufe0f <strong data-start=\"891\" data-end=\"921\">Ports HDMI \/ USB multiples<\/strong> \ud83d\udd0c<br data-start=\"924\" data-end=\"927\" \/>\u2714\ufe0f <strong data-start=\"930\" data-end=\"955\">Son clair et immersif<\/strong> \ud83d\udd0a<\/p>\n<hr data-start=\"962\" data-end=\"965\" \/>\n<h2 data-section-id=\"1uyu6z3\" data-start=\"967\" data-end=\"990\">\ud83d\udcca Fiche technique<\/h2>\n<div class=\"TyagGW_tableContainer\">\n<div class=\"group TyagGW_tableWrapper flex flex-col-reverse w-fit\" tabindex=\"-1\">\n<table class=\"w-fit min-w-(--thread-content-width)\" data-start=\"992\" data-end=\"1519\">\n<thead data-start=\"992\" data-end=\"1028\">\n<tr data-start=\"992\" data-end=\"1028\">\n<th class=\"\" data-start=\"992\" data-end=\"1017\" data-col-size=\"sm\">Caract\u00e9ristique<\/th>\n<th class=\"\" data-start=\"1017\" data-end=\"1028\" data-col-size=\"sm\">D\u00e9tails<\/th>\n<\/tr>\n<\/thead>\n<tbody data-start=\"1063\" data-end=\"1519\">\n<tr data-start=\"1063\" data-end=\"1102\">\n<td data-start=\"1063\" data-end=\"1086\" data-col-size=\"sm\">\ud83d\udcfa Type<\/td>\n<td data-start=\"1086\" data-end=\"1102\" data-col-size=\"sm\">Smart TV LED<\/td>\n<\/tr>\n<tr data-start=\"1103\" data-end=\"1142\">\n<td data-start=\"1103\" data-end=\"1126\" data-col-size=\"sm\">\ud83c\udff7\ufe0f Marques<\/td>\n<td data-start=\"1126\" data-end=\"1142\" data-col-size=\"sm\">LG \/ Samsung<\/td>\n<\/tr>\n<tr data-start=\"1143\" data-end=\"1191\">\n<td data-start=\"1143\" data-end=\"1166\" data-col-size=\"sm\">\ud83d\udccf Tailles<\/td>\n<td data-start=\"1166\" data-end=\"1191\" data-col-size=\"sm\">32&Prime; \/ 45&Prime; \/ 65&Prime; \/ 70&Prime;<\/td>\n<\/tr>\n<tr data-start=\"1192\" data-end=\"1237\">\n<td data-start=\"1192\" data-end=\"1216\" data-col-size=\"sm\">\ud83d\uddbc\ufe0f R\u00e9solution<\/td>\n<td data-col-size=\"sm\" data-start=\"1216\" data-end=\"1237\">HD \/ Full HD \/ 4K<\/td>\n<\/tr>\n<tr data-start=\"1238\" data-end=\"1302\">\n<td data-start=\"1238\" data-end=\"1261\" data-col-size=\"sm\">\ud83c\udf10 Syst\u00e8me<\/td>\n<td data-start=\"1261\" data-end=\"1302\" data-col-size=\"sm\">Smart TV (WebOS \/ Tizen selon marque)<\/td>\n<\/tr>\n<tr data-start=\"1303\" data-end=\"1347\">\n<td data-start=\"1303\" data-end=\"1326\" data-col-size=\"sm\">\ud83d\udce1 Connectivit\u00e9<\/td>\n<td data-start=\"1326\" data-end=\"1347\" data-col-size=\"sm\">Wi-Fi \/ Bluetooth<\/td>\n<\/tr>\n<tr data-start=\"1348\" data-end=\"1390\">\n<td data-start=\"1348\" data-end=\"1371\" data-col-size=\"sm\">\ud83d\udd0c Connectiques<\/td>\n<td data-start=\"1371\" data-end=\"1390\" data-col-size=\"sm\">HDMI \/ USB \/ AV<\/td>\n<\/tr>\n<tr data-start=\"1391\" data-end=\"1437\">\n<td data-start=\"1391\" data-end=\"1414\" data-col-size=\"sm\">\ud83c\udfae Compatibilit\u00e9<\/td>\n<td data-start=\"1414\" data-end=\"1437\" data-col-size=\"sm\">Console, TV Box, PC<\/td>\n<\/tr>\n<tr data-start=\"1438\" data-end=\"1471\">\n<td data-start=\"1438\" data-end=\"1461\" data-col-size=\"sm\">\ud83d\udd0a Audio<\/td>\n<td data-start=\"1461\" data-end=\"1471\" data-col-size=\"sm\">St\u00e9r\u00e9o<\/td>\n<\/tr>\n<tr data-start=\"1472\" data-end=\"1519\">\n<td data-start=\"1472\" data-end=\"1495\" data-col-size=\"sm\">\ud83c\udfa8 Design<\/td>\n<td data-start=\"1495\" data-end=\"1519\" data-col-size=\"sm\">\u00c9cran plat, bord fin<\/td>\n<\/tr>\n<\/tbody>\n<\/table>\n<\/div>\n<\/div>\n<hr data-start=\"1521\" data-end=\"1524\" \/>\n<h2 data-section-id=\"pvsbnh\" data-start=\"1526\" data-end=\"1550\">\ud83d\udce6 Contenu du colis<\/h2>\n<ul data-start=\"1552\" data-end=\"1654\">\n<li data-section-id=\"1p2opbp\" data-start=\"1552\" data-end=\"1568\">1 \u00d7 Smart TV<\/li>\n<li data-section-id=\"1aam6fo\" data-start=\"1569\" data-end=\"1589\">1 \u00d7 T\u00e9l\u00e9commande<\/li>\n<li data-section-id=\"1kxsnyu\" data-start=\"1590\" data-end=\"1610\">1 \u00d7 Pied\/support<\/li>\n<li data-section-id=\"ax7c2a\" data-start=\"1611\" data-end=\"1639\">1 \u00d7 C\u00e2ble d\u2019alimentation<\/li>\n<li data-section-id=\"slj08g\" data-start=\"1640\" data-end=\"1654\">1 \u00d7 Manuel<\/li>\n<\/ul>\n<hr data-start=\"1656\" data-end=\"1659\" \/>\n<h2 data-section-id=\"13b3ls7\" data-start=\"1661\" data-end=\"1679\">\ud83c\udfaf Id\u00e9al pour<\/h2>\n<ul data-start=\"1681\" data-end=\"1768\">\n<li data-section-id=\"4u5qln\" data-start=\"1681\" data-end=\"1693\">Salon \ud83c\udfe0<\/li>\n<li data-section-id=\"1549rro\" data-start=\"1694\" data-end=\"1715\">Films &amp; s\u00e9ries \ud83c\udfac<\/li>\n<li data-section-id=\"1xoxqm0\" data-start=\"1716\" data-end=\"1732\">Streaming \ud83d\udcf1<\/li>\n<li data-section-id=\"19bznv5\" data-start=\"1733\" data-end=\"1746\">Gaming \ud83c\udfae<\/li>\n<li data-section-id=\"1qnu8zm\" data-start=\"1747\" data-end=\"1768\">Bars &amp; lounges \ud83c\udf7b<\/li>\n<\/ul>\n<hr data-start=\"1770\" data-end=\"1773\" \/>\n<h2 data-section-id=\"12esjl\" data-start=\"1775\" data-end=\"1816\">\ud83d\udca1 Pourquoi choisir cette Smart TV ?<\/h2>\n<p data-start=\"1817\" data-end=\"1985\">Avec LG et Samsung, tu b\u00e9n\u00e9ficies d\u2019une <strong data-start=\"1857\" data-end=\"1899\">technologie moderne, fluide et durable<\/strong>. Plus besoin de d\u00e9codeur ou TV Box : tout est int\u00e9gr\u00e9 directement dans ta t\u00e9l\u00e9vision.<\/p>\n<\/div>\n<\/div>\n<\/div>\n<\/div>\n<\/div>\n<\/div>\n<\/section>\n<\/div>\n","protected":false},"excerpt":{"rendered":"<p>Profite d\u2019une exp\u00e9rience immersive exceptionnelle \ud83c\udfac avec les Smart TV LG &amp; Samsung. Acc\u00e8de directement \u00e0 Netflix, YouTube, Prime Video et bien plus sans appareil externe \ud83d\udcf1. Gr\u00e2ce \u00e0 leur qualit\u00e9 d\u2019image HD, Full HD ou 4K, ces t\u00e9l\u00e9viseurs offrent des images nettes et des couleurs \u00e9clatantes. Parfaites pour transformer ton salon en v\u00e9ritable cin\u00e9ma&hellip;<\/p>\n","protected":false},"featured_media":17159,"comment_status":"open","ping_status":"closed","template":"","meta":[],"product_cat":[91],"product_tag":[],"class_list":{"0":"post-17153","1":"product","2":"type-product","3":"status-publish","4":"has-post-thumbnail","6":"product_brand-lg","7":"product_brand-samsung","8":"product_cat-tv-smart-tv","10":"first","11":"instock","12":"sale","13":"shipping-taxable","14":"purchasable","15":"product-type-variable","16":"col-xs-6 col-sm-4","17":"col-md-3 col-lg-3","18":"un-4-cols"},"_links":{"self":[{"href":"https:\/\/www.vazy.market\/index.php\/wp-json\/wp\/v2\/product\/17153","targetHints":{"allow":["GET"]}}],"collection":[{"href":"https:\/\/www.vazy.market\/index.php\/wp-json\/wp\/v2\/product"}],"about":[{"href":"https:\/\/www.vazy.market\/index.php\/wp-json\/wp\/v2\/types\/product"}],"replies":[{"embeddable":true,"href":"https:\/\/www.vazy.market\/index.php\/wp-json\/wp\/v2\/comments?post=17153"}],"wp:featuredmedia":[{"embeddable":true,"href":"https:\/\/www.vazy.market\/index.php\/wp-json\/wp\/v2\/media\/17159"}],"wp:attachment":[{"href":"https:\/\/www.vazy.market\/index.php\/wp-json\/wp\/v2\/media?parent=17153"}],"wp:term":[{"taxonomy":"product_cat","embeddable":true,"href":"https:\/\/www.vazy.market\/index.php\/wp-json\/wp\/v2\/product_cat?post=17153"},{"taxonomy":"product_tag","embeddable":true,"href":"https:\/\/www.vazy.market\/index.php\/wp-json\/wp\/v2\/product_tag?post=17153"}],"curies":[{"name":"wp","href":"https:\/\/api.w.org\/{rel}","templated":true}]}}