{"id":17117,"date":"2026-03-23T11:28:45","date_gmt":"2026-03-23T11:28:45","guid":{"rendered":"https:\/\/www.vazy.market\/?post_type=product&#038;p=17117"},"modified":"2026-03-29T17:43:48","modified_gmt":"2026-03-29T17:43:48","slug":"mini-ventilateur-portable-rechargeable-usb-silencieux-avec-support","status":"publish","type":"product","link":"https:\/\/www.vazy.market\/index.php\/product\/mini-ventilateur-portable-rechargeable-usb-silencieux-avec-support\/","title":{"rendered":"Mini Ventilateur Portable Rechargeable \u2013 USB | Silencieux | Avec support"},"content":{"rendered":"<p data-start=\"295\" data-end=\"385\">Reste au frais partout \ud83c\udf1e avec ce <strong data-start=\"329\" data-end=\"384\">mini ventilateur portable rechargeable avec support<\/strong>.<\/p>\n<p data-start=\"387\" data-end=\"567\">Gr\u00e2ce \u00e0 son design intelligent, il peut \u00eatre utilis\u00e9 <strong data-start=\"440\" data-end=\"471\">\u00e0 la main ou pos\u00e9 sur table<\/strong> avec son socle. Compact et l\u00e9ger, il est parfait pour le bureau, la maison ou les d\u00e9placements.<\/p>\n<p data-start=\"569\" data-end=\"658\">Silencieux et efficace, il te garantit un <strong data-start=\"611\" data-end=\"657\">rafra\u00eechissement confortable \u00e0 tout moment<\/strong>.<\/p>\n<hr data-start=\"660\" data-end=\"663\" \/>\n<h2 data-section-id=\"17dpq8e\" data-start=\"665\" data-end=\"684\">\u2728 Points forts<\/h2>\n<p data-start=\"686\" data-end=\"935\">\u2714\ufe0f <strong data-start=\"689\" data-end=\"733\">2 en 1 : portable + ventilateur de table<\/strong><br data-start=\"733\" data-end=\"736\" \/>\u2714\ufe0f <strong data-start=\"739\" data-end=\"781\">Rechargeable USB (utilisation partout)<\/strong> \ud83d\udd0b<br data-start=\"784\" data-end=\"787\" \/>\u2714\ufe0f <strong data-start=\"790\" data-end=\"819\">Fonctionnement silencieux<\/strong> \ud83e\udd2b<br data-start=\"822\" data-end=\"825\" \/>\u2714\ufe0f <strong data-start=\"828\" data-end=\"857\">Design compact et moderne<\/strong><br data-start=\"857\" data-end=\"860\" \/>\u2714\ufe0f <strong data-start=\"863\" data-end=\"903\">Bonne puissance malgr\u00e9 petite taille<\/strong><br data-start=\"903\" data-end=\"906\" \/>\u2714\ufe0f <strong data-start=\"909\" data-end=\"933\">Facile \u00e0 transporter<\/strong><\/p>\n<hr data-start=\"937\" data-end=\"940\" \/>\n<h2 data-section-id=\"1uyu6z3\" data-start=\"942\" data-end=\"965\">\ud83d\udcca Fiche technique<\/h2>\n<div class=\"TyagGW_tableContainer\">\n<div class=\"group TyagGW_tableWrapper flex flex-col-reverse w-fit\" tabindex=\"-1\">\n<table class=\"w-fit min-w-(--thread-content-width)\" data-start=\"967\" data-end=\"1417\">\n<thead data-start=\"967\" data-end=\"1003\">\n<tr data-start=\"967\" data-end=\"1003\">\n<th class=\"\" data-start=\"967\" data-end=\"992\" data-col-size=\"sm\">Caract\u00e9ristique<\/th>\n<th class=\"\" data-start=\"992\" data-end=\"1003\" data-col-size=\"sm\">D\u00e9tails<\/th>\n<\/tr>\n<\/thead>\n<tbody data-start=\"1038\" data-end=\"1417\">\n<tr data-start=\"1038\" data-end=\"1091\">\n<td data-start=\"1038\" data-end=\"1062\" data-col-size=\"sm\">\ud83c\udf2c\ufe0f Type<\/td>\n<td data-start=\"1062\" data-end=\"1091\" data-col-size=\"sm\">Mini ventilateur portable<\/td>\n<\/tr>\n<tr data-start=\"1092\" data-end=\"1140\">\n<td data-start=\"1092\" data-end=\"1115\" data-col-size=\"sm\">\ud83d\udd0b Alimentation<\/td>\n<td data-start=\"1115\" data-end=\"1140\" data-col-size=\"sm\">Batterie rechargeable<\/td>\n<\/tr>\n<tr data-start=\"1141\" data-end=\"1171\">\n<td data-start=\"1141\" data-end=\"1164\" data-col-size=\"sm\">\ud83d\udd0c Recharge<\/td>\n<td data-start=\"1164\" data-end=\"1171\" data-col-size=\"sm\">USB<\/td>\n<\/tr>\n<tr data-start=\"1172\" data-end=\"1212\">\n<td data-start=\"1172\" data-end=\"1195\" data-col-size=\"sm\">\ud83c\udf2a\ufe0f Vitesses<\/td>\n<td data-col-size=\"sm\" data-start=\"1195\" data-end=\"1212\">2 \u00e0 3 niveaux<\/td>\n<\/tr>\n<tr data-start=\"1213\" data-end=\"1246\">\n<td data-start=\"1213\" data-end=\"1236\" data-col-size=\"sm\">\ud83d\udd0a Niveau sonore<\/td>\n<td data-start=\"1236\" data-end=\"1246\" data-col-size=\"sm\">Faible<\/td>\n<\/tr>\n<tr data-start=\"1247\" data-end=\"1292\">\n<td data-start=\"1247\" data-end=\"1270\" data-col-size=\"sm\">\ud83e\uddf1 Support<\/td>\n<td data-start=\"1270\" data-end=\"1292\" data-col-size=\"sm\">Oui (socle inclus)<\/td>\n<\/tr>\n<tr data-start=\"1293\" data-end=\"1336\">\n<td data-start=\"1293\" data-end=\"1316\" data-col-size=\"sm\">\ud83e\udeb6 Design<\/td>\n<td data-start=\"1316\" data-end=\"1336\" data-col-size=\"sm\">Compact et l\u00e9ger<\/td>\n<\/tr>\n<tr data-start=\"1337\" data-end=\"1376\">\n<td data-start=\"1337\" data-end=\"1360\" data-col-size=\"sm\">\ud83c\udfa8 Couleur<\/td>\n<td data-col-size=\"sm\" data-start=\"1360\" data-end=\"1376\">Bleu \/ blanc<\/td>\n<\/tr>\n<tr data-start=\"1377\" data-end=\"1417\">\n<td data-start=\"1377\" data-end=\"1400\" data-col-size=\"sm\">\ud83c\udf92 Utilisation<\/td>\n<td data-start=\"1400\" data-end=\"1417\" data-col-size=\"sm\">Main ou table<\/td>\n<\/tr>\n<\/tbody>\n<\/table>\n<\/div>\n<\/div>\n<hr data-start=\"1419\" data-end=\"1422\" \/>\n<h2 data-section-id=\"pvsbnh\" data-start=\"1424\" data-end=\"1448\">\ud83d\udce6 Contenu du colis<\/h2>\n<ul data-start=\"1450\" data-end=\"1555\">\n<li data-section-id=\"ac3o5h\" data-start=\"1450\" data-end=\"1483\">1 \u00d7 Mini ventilateur portable<\/li>\n<li data-section-id=\"1fi7kty\" data-start=\"1484\" data-end=\"1508\">1 \u00d7 Socle de support<\/li>\n<li data-section-id=\"ym4feo\" data-start=\"1509\" data-end=\"1526\">1 \u00d7 C\u00e2ble USB<\/li>\n<li data-section-id=\"euolri\" data-start=\"1527\" data-end=\"1555\">1 \u00d7 Manuel d\u2019utilisation<\/li>\n<\/ul>\n<hr data-start=\"1557\" data-end=\"1560\" \/>\n<h2 data-section-id=\"13b3ls7\" data-start=\"1562\" data-end=\"1580\">\ud83c\udfaf Id\u00e9al pour<\/h2>\n<ul data-start=\"1582\" data-end=\"1656\">\n<li data-section-id=\"1gl03h\" data-start=\"1582\" data-end=\"1595\">Bureau \ud83d\udcbc<\/li>\n<li data-section-id=\"fybzyi\" data-start=\"1596\" data-end=\"1608\">\u00c9cole \ud83c\udf92<\/li>\n<li data-section-id=\"5vr9sc\" data-start=\"1609\" data-end=\"1622\">Voyage \u2708\ufe0f<\/li>\n<li data-section-id=\"1lub2g3\" data-start=\"1623\" data-end=\"1636\">Maison \ud83c\udfe0<\/li>\n<li data-section-id=\"1m2zdnj\" data-start=\"1637\" data-end=\"1656\">Usage personnel<\/li>\n<\/ul>\n<hr data-start=\"1658\" data-end=\"1661\" \/>\n<h2 data-section-id=\"12937yc\" data-start=\"1663\" data-end=\"1704\">\ud83d\udca1 Pourquoi choisir ce ventilateur ?<\/h2>\n<p data-start=\"1705\" data-end=\"1870\">Ce ventilateur est parfait pour ceux qui veulent un appareil <strong data-start=\"1766\" data-end=\"1804\">pratique, polyvalent et \u00e9conomique<\/strong>. Il s\u2019adapte \u00e0 toutes les situations et se transporte facilement.<\/p>\n","protected":false},"excerpt":{"rendered":"<p>Reste au frais partout \ud83c\udf1e avec ce mini ventilateur portable rechargeable avec support. Gr\u00e2ce \u00e0 son design intelligent, il peut \u00eatre utilis\u00e9 \u00e0 la main ou pos\u00e9 sur table avec son socle. Compact et l\u00e9ger, il est parfait pour le bureau, la maison ou les d\u00e9placements. Silencieux et efficace, il te garantit un rafra\u00eechissement confortable&hellip;<\/p>\n","protected":false},"featured_media":17119,"comment_status":"open","ping_status":"closed","template":"","meta":[],"product_cat":[100,126],"product_tag":[],"class_list":{"0":"post-17117","1":"product","2":"type-product","3":"status-publish","4":"has-post-thumbnail","6":"product_cat-electromenager","7":"product_cat-ventilateurs","9":"first","10":"instock","11":"sale","12":"shipping-taxable","13":"purchasable","14":"product-type-simple","15":"col-xs-6 col-sm-4","16":"col-md-3 col-lg-3","17":"un-4-cols"},"_links":{"self":[{"href":"https:\/\/www.vazy.market\/index.php\/wp-json\/wp\/v2\/product\/17117","targetHints":{"allow":["GET"]}}],"collection":[{"href":"https:\/\/www.vazy.market\/index.php\/wp-json\/wp\/v2\/product"}],"about":[{"href":"https:\/\/www.vazy.market\/index.php\/wp-json\/wp\/v2\/types\/product"}],"replies":[{"embeddable":true,"href":"https:\/\/www.vazy.market\/index.php\/wp-json\/wp\/v2\/comments?post=17117"}],"wp:featuredmedia":[{"embeddable":true,"href":"https:\/\/www.vazy.market\/index.php\/wp-json\/wp\/v2\/media\/17119"}],"wp:attachment":[{"href":"https:\/\/www.vazy.market\/index.php\/wp-json\/wp\/v2\/media?parent=17117"}],"wp:term":[{"taxonomy":"product_cat","embeddable":true,"href":"https:\/\/www.vazy.market\/index.php\/wp-json\/wp\/v2\/product_cat?post=17117"},{"taxonomy":"product_tag","embeddable":true,"href":"https:\/\/www.vazy.market\/index.php\/wp-json\/wp\/v2\/product_tag?post=17117"}],"curies":[{"name":"wp","href":"https:\/\/api.w.org\/{rel}","templated":true}]}}