{"id":17103,"date":"2026-03-23T11:09:48","date_gmt":"2026-03-23T11:09:48","guid":{"rendered":"https:\/\/www.vazy.market\/?post_type=product&#038;p=17103"},"modified":"2026-03-24T21:54:30","modified_gmt":"2026-03-24T21:54:30","slug":"microphone-sans-fil-double-lightning-type-c-reduction-de-bruit-pro","status":"publish","type":"product","link":"https:\/\/www.vazy.market\/index.php\/product\/microphone-sans-fil-double-lightning-type-c-reduction-de-bruit-pro\/","title":{"rendered":"\ud83c\udfa4 Microphone Sans Fil Double \u2013 Lightning &#038; Type-C | R\u00e9duction de bruit | Pro"},"content":{"rendered":"<p data-start=\"292\" data-end=\"382\">Am\u00e9liore la qualit\u00e9 de tes vid\u00e9os \ud83c\udfac avec le <strong data-start=\"337\" data-end=\"381\">microphone sans fil double professionnel<\/strong>.<\/p>\n<p data-start=\"384\" data-end=\"603\">Con\u00e7u pour les cr\u00e9ateurs de contenu, il offre un <strong data-start=\"433\" data-end=\"483\">son clair avec r\u00e9duction de bruit intelligente<\/strong>. Gr\u00e2ce \u00e0 ses r\u00e9cepteurs <strong data-start=\"508\" data-end=\"531\">Lightning et Type-C<\/strong>, il est compatible avec la majorit\u00e9 des smartphones (iPhone &amp; Android).<\/p>\n<p data-start=\"605\" data-end=\"662\">Id\u00e9al pour TikTok, YouTube, interviews ou live streaming.<\/p>\n<hr data-start=\"664\" data-end=\"667\" \/>\n<h2 data-section-id=\"17dpq8e\" data-start=\"669\" data-end=\"688\">\u2728 Points forts<\/h2>\n<p data-start=\"690\" data-end=\"974\">\u2714\ufe0f <strong data-start=\"693\" data-end=\"735\">Double micro (id\u00e9al interviews ou duo)<\/strong> \ud83c\udfa4\ud83c\udfa4<br data-start=\"740\" data-end=\"743\" \/>\u2714\ufe0f <strong data-start=\"746\" data-end=\"801\">Compatibilit\u00e9 iPhone (Lightning) &amp; Android (Type-C)<\/strong><br data-start=\"801\" data-end=\"804\" \/>\u2714\ufe0f <strong data-start=\"807\" data-end=\"854\">R\u00e9duction de bruit intelligente (son clair)<\/strong><br data-start=\"854\" data-end=\"857\" \/>\u2714\ufe0f <strong data-start=\"860\" data-end=\"889\">Connexion sans fil stable<\/strong> \ud83d\udcf6<br data-start=\"892\" data-end=\"895\" \/>\u2714\ufe0f <strong data-start=\"898\" data-end=\"933\">Facile \u00e0 utiliser (plug &amp; play)<\/strong><br data-start=\"933\" data-end=\"936\" \/>\u2714\ufe0f <strong data-start=\"939\" data-end=\"969\">Bo\u00eetier de recharge inclus<\/strong> \ud83d\udd0b<\/p>\n<hr data-start=\"976\" data-end=\"979\" \/>\n<h2 data-section-id=\"1uyu6z3\" data-start=\"981\" data-end=\"1004\">\ud83d\udcca Fiche technique<\/h2>\n<div class=\"TyagGW_tableContainer\">\n<div class=\"group TyagGW_tableWrapper flex flex-col-reverse w-fit\" tabindex=\"-1\">\n<table class=\"w-fit min-w-(--thread-content-width)\" data-start=\"1006\" data-end=\"1559\">\n<thead data-start=\"1006\" data-end=\"1042\">\n<tr data-start=\"1006\" data-end=\"1042\">\n<th class=\"\" data-start=\"1006\" data-end=\"1031\" data-col-size=\"sm\">Caract\u00e9ristique<\/th>\n<th class=\"\" data-start=\"1031\" data-end=\"1042\" data-col-size=\"sm\">D\u00e9tails<\/th>\n<\/tr>\n<\/thead>\n<tbody data-start=\"1077\" data-end=\"1559\">\n<tr data-start=\"1077\" data-end=\"1134\">\n<td data-start=\"1077\" data-end=\"1100\" data-col-size=\"sm\">\ud83c\udfa4 Type<\/td>\n<td data-start=\"1100\" data-end=\"1134\" data-col-size=\"sm\">Microphone sans fil (lavalier)<\/td>\n<\/tr>\n<tr data-start=\"1135\" data-end=\"1199\">\n<td data-start=\"1135\" data-end=\"1158\" data-col-size=\"sm\">\ud83d\udcf1 Compatibilit\u00e9<\/td>\n<td data-start=\"1158\" data-end=\"1199\" data-col-size=\"sm\">iPhone (Lightning) &amp; Android (Type-C)<\/td>\n<\/tr>\n<tr data-start=\"1200\" data-end=\"1240\">\n<td data-start=\"1200\" data-end=\"1224\" data-col-size=\"sm\">\ud83c\udf99\ufe0f Microphones<\/td>\n<td data-start=\"1224\" data-end=\"1240\" data-col-size=\"sm\">Double micro<\/td>\n<\/tr>\n<tr data-start=\"1241\" data-end=\"1276\">\n<td data-start=\"1241\" data-end=\"1264\" data-col-size=\"sm\">\ud83d\udcf6 Connexion<\/td>\n<td data-start=\"1264\" data-end=\"1276\" data-col-size=\"sm\">Sans fil<\/td>\n<\/tr>\n<tr data-start=\"1277\" data-end=\"1322\">\n<td data-start=\"1277\" data-end=\"1300\" data-col-size=\"sm\">\ud83d\udd07 R\u00e9duction bruit<\/td>\n<td data-start=\"1300\" data-end=\"1322\" data-col-size=\"sm\">Oui (intelligente)<\/td>\n<\/tr>\n<tr data-start=\"1323\" data-end=\"1379\">\n<td data-start=\"1323\" data-end=\"1346\" data-col-size=\"sm\">\ud83d\udd0b Batterie<\/td>\n<td data-start=\"1346\" data-end=\"1379\" data-col-size=\"sm\">Rechargeable (bo\u00eetier inclus)<\/td>\n<\/tr>\n<tr data-start=\"1380\" data-end=\"1422\">\n<td data-start=\"1380\" data-end=\"1402\" data-col-size=\"sm\">\u26a1 Autonomie<\/td>\n<td data-start=\"1402\" data-end=\"1422\" data-col-size=\"sm\">Plusieurs heures<\/td>\n<\/tr>\n<tr data-start=\"1423\" data-end=\"1462\">\n<td data-start=\"1423\" data-end=\"1447\" data-col-size=\"sm\">\ud83c\udf9b\ufe0f Utilisation<\/td>\n<td data-start=\"1447\" data-end=\"1462\" data-col-size=\"sm\">Plug &amp; Play<\/td>\n<\/tr>\n<tr data-start=\"1463\" data-end=\"1509\">\n<td data-start=\"1463\" data-end=\"1486\" data-col-size=\"sm\">\ud83c\udf92 Design<\/td>\n<td data-start=\"1486\" data-end=\"1509\" data-col-size=\"sm\">Compact et portable<\/td>\n<\/tr>\n<tr data-start=\"1510\" data-end=\"1559\">\n<td data-start=\"1510\" data-end=\"1533\" data-col-size=\"sm\">\ud83c\udfaf Usage<\/td>\n<td data-start=\"1533\" data-end=\"1559\" data-col-size=\"sm\">Vid\u00e9o, live, interview<\/td>\n<\/tr>\n<\/tbody>\n<\/table>\n<\/div>\n<\/div>\n<hr data-start=\"1561\" data-end=\"1564\" \/>\n<h2 data-section-id=\"pvsbnh\" data-start=\"1566\" data-end=\"1590\">\ud83d\udce6 Contenu du colis<\/h2>\n<ul data-start=\"1592\" data-end=\"1756\">\n<li data-section-id=\"17ipq8k\" data-start=\"1592\" data-end=\"1620\">2 \u00d7 Microphones sans fil<\/li>\n<li data-section-id=\"ql8tb9\" data-start=\"1621\" data-end=\"1648\">1 \u00d7 R\u00e9cepteur Lightning<\/li>\n<li data-section-id=\"cu4nur\" data-start=\"1649\" data-end=\"1673\">1 \u00d7 R\u00e9cepteur Type-C<\/li>\n<li data-section-id=\"10vemtn\" data-start=\"1674\" data-end=\"1701\">1 \u00d7 Bo\u00eetier de recharge<\/li>\n<li data-section-id=\"1ujm9xk\" data-start=\"1702\" data-end=\"1727\">1 \u00d7 C\u00e2ble de recharge<\/li>\n<li data-section-id=\"euolri\" data-start=\"1728\" data-end=\"1756\">1 \u00d7 Manuel d\u2019utilisation<\/li>\n<\/ul>\n<hr data-start=\"1758\" data-end=\"1761\" \/>\n<h2 data-section-id=\"13b3ls7\" data-start=\"1763\" data-end=\"1781\">\ud83c\udfaf Id\u00e9al pour<\/h2>\n<ul data-start=\"1783\" data-end=\"1901\">\n<li data-section-id=\"vc0tk4\" data-start=\"1783\" data-end=\"1810\">Cr\u00e9ateurs de contenu \ud83c\udfa5<\/li>\n<li data-section-id=\"1zgt1k\" data-start=\"1811\" data-end=\"1834\">TikTok \/ YouTube \ud83d\udcf1<\/li>\n<li data-section-id=\"hjeocq\" data-start=\"1835\" data-end=\"1852\">Interviews \ud83c\udfa4<\/li>\n<li data-section-id=\"cptwp7\" data-start=\"1853\" data-end=\"1874\">Live streaming \ud83d\udd34<\/li>\n<li data-section-id=\"1hwz22l\" data-start=\"1875\" data-end=\"1901\">Formations en ligne \ud83c\udf93<\/li>\n<\/ul>\n<hr data-start=\"1903\" data-end=\"1906\" \/>\n<h2 data-section-id=\"2uue91\" data-start=\"1908\" data-end=\"1943\">\ud83d\udca1 Pourquoi choisir ce micro ?<\/h2>\n<p data-start=\"1944\" data-end=\"2106\">Ce microphone est parfait pour obtenir un <strong data-start=\"1986\" data-end=\"2033\">son professionnel sans \u00e9quipement compliqu\u00e9<\/strong>. Il est simple, efficace et compatible avec presque tous les t\u00e9l\u00e9phones.<\/p>\n","protected":false},"excerpt":{"rendered":"<p>Am\u00e9liore la qualit\u00e9 de tes vid\u00e9os \ud83c\udfac avec le microphone sans fil double professionnel. Con\u00e7u pour les cr\u00e9ateurs de contenu, il offre un son clair avec r\u00e9duction de bruit intelligente. Gr\u00e2ce \u00e0 ses r\u00e9cepteurs Lightning et Type-C, il est compatible avec la majorit\u00e9 des smartphones (iPhone &amp; Android). Id\u00e9al pour TikTok, YouTube, interviews ou live&hellip;<\/p>\n","protected":false},"featured_media":17108,"comment_status":"open","ping_status":"closed","template":"","meta":[],"product_cat":[92],"product_tag":[],"class_list":{"0":"post-17103","1":"product","2":"type-product","3":"status-publish","4":"has-post-thumbnail","6":"product_cat-audio","8":"first","9":"instock","10":"sale","11":"shipping-taxable","12":"purchasable","13":"product-type-simple","14":"col-xs-6 col-sm-4","15":"col-md-3 col-lg-3","16":"un-4-cols"},"_links":{"self":[{"href":"https:\/\/www.vazy.market\/index.php\/wp-json\/wp\/v2\/product\/17103","targetHints":{"allow":["GET"]}}],"collection":[{"href":"https:\/\/www.vazy.market\/index.php\/wp-json\/wp\/v2\/product"}],"about":[{"href":"https:\/\/www.vazy.market\/index.php\/wp-json\/wp\/v2\/types\/product"}],"replies":[{"embeddable":true,"href":"https:\/\/www.vazy.market\/index.php\/wp-json\/wp\/v2\/comments?post=17103"}],"wp:featuredmedia":[{"embeddable":true,"href":"https:\/\/www.vazy.market\/index.php\/wp-json\/wp\/v2\/media\/17108"}],"wp:attachment":[{"href":"https:\/\/www.vazy.market\/index.php\/wp-json\/wp\/v2\/media?parent=17103"}],"wp:term":[{"taxonomy":"product_cat","embeddable":true,"href":"https:\/\/www.vazy.market\/index.php\/wp-json\/wp\/v2\/product_cat?post=17103"},{"taxonomy":"product_tag","embeddable":true,"href":"https:\/\/www.vazy.market\/index.php\/wp-json\/wp\/v2\/product_tag?post=17103"}],"curies":[{"name":"wp","href":"https:\/\/api.w.org\/{rel}","templated":true}]}}