{"id":17087,"date":"2026-03-23T10:02:07","date_gmt":"2026-03-23T10:02:07","guid":{"rendered":"https:\/\/www.vazy.market\/?post_type=product&#038;p=17087"},"modified":"2026-03-29T17:43:50","modified_gmt":"2026-03-29T17:43:50","slug":"ventilateur-telescopique-pliable-rechargeable-usb-portable","status":"publish","type":"product","link":"https:\/\/www.vazy.market\/index.php\/product\/ventilateur-telescopique-pliable-rechargeable-usb-portable\/","title":{"rendered":"Ventilateur T\u00e9lescopique Pliable \u2013 Rechargeable | USB | Portable"},"content":{"rendered":"<p data-start=\"232\" data-end=\"308\">Reste au frais partout \ud83c\udf2c\ufe0f avec le <strong data-start=\"267\" data-end=\"307\">ventilateur t\u00e9lescopique pliable USB<\/strong>.<\/p>\n<p data-start=\"310\" data-end=\"473\">Compact et ing\u00e9nieux, il peut se <strong data-start=\"343\" data-end=\"365\">plier compl\u00e8tement<\/strong> pour le transport et se transformer en ventilateur sur pied gr\u00e2ce \u00e0 son <strong data-start=\"438\" data-end=\"472\">syst\u00e8me t\u00e9lescopique ajustable<\/strong>.<\/p>\n<p data-start=\"475\" data-end=\"574\">Rechargeable via USB, il est parfait pour une utilisation \u00e0 la maison, au bureau ou en d\u00e9placement.<\/p>\n<hr data-start=\"576\" data-end=\"579\" \/>\n<h2 data-section-id=\"17dpq8e\" data-start=\"581\" data-end=\"600\">\u2728 Points forts<\/h2>\n<p data-start=\"602\" data-end=\"864\">\u2714\ufe0f <strong data-start=\"605\" data-end=\"646\">Design pliable (facile \u00e0 transporter)<\/strong><br data-start=\"646\" data-end=\"649\" \/>\u2714\ufe0f <strong data-start=\"652\" data-end=\"699\">Hauteur r\u00e9glable (format table ou sur pied)<\/strong><br data-start=\"699\" data-end=\"702\" \/>\u2714\ufe0f <strong data-start=\"705\" data-end=\"744\">Rechargeable USB (pratique partout)<\/strong> \ud83d\udd0b<br data-start=\"747\" data-end=\"750\" \/>\u2714\ufe0f <strong data-start=\"753\" data-end=\"778\">Rotation jusqu\u2019\u00e0 180\u00b0<\/strong><br data-start=\"778\" data-end=\"781\" \/>\u2714\ufe0f <strong data-start=\"784\" data-end=\"821\">Plusieurs vitesses de ventilation<\/strong><br data-start=\"821\" data-end=\"824\" \/>\u2714\ufe0f <strong data-start=\"827\" data-end=\"860\">Faible consommation d\u2019\u00e9nergie<\/strong> \u26a1<\/p>\n<hr data-start=\"866\" data-end=\"869\" \/>\n<h2 data-section-id=\"1uyu6z3\" data-start=\"871\" data-end=\"894\">\ud83d\udcca Fiche technique<\/h2>\n<div class=\"TyagGW_tableContainer\">\n<div class=\"group TyagGW_tableWrapper flex flex-col-reverse w-fit\" tabindex=\"-1\">\n<table class=\"w-fit min-w-(--thread-content-width)\" data-start=\"896\" data-end=\"1409\">\n<thead data-start=\"896\" data-end=\"932\">\n<tr data-start=\"896\" data-end=\"932\">\n<th class=\"\" data-start=\"896\" data-end=\"921\" data-col-size=\"sm\">Caract\u00e9ristique<\/th>\n<th class=\"\" data-start=\"921\" data-end=\"932\" data-col-size=\"sm\">D\u00e9tails<\/th>\n<\/tr>\n<\/thead>\n<tbody data-start=\"967\" data-end=\"1409\">\n<tr data-start=\"967\" data-end=\"1027\">\n<td data-start=\"967\" data-end=\"991\" data-col-size=\"sm\">\ud83c\udf2c\ufe0f Type<\/td>\n<td data-start=\"991\" data-end=\"1027\" data-col-size=\"sm\">Ventilateur t\u00e9lescopique pliable<\/td>\n<\/tr>\n<tr data-start=\"1028\" data-end=\"1082\">\n<td data-start=\"1028\" data-end=\"1051\" data-col-size=\"sm\">\ud83d\udd0b Alimentation<\/td>\n<td data-start=\"1051\" data-end=\"1082\" data-col-size=\"sm\">Batterie rechargeable (USB)<\/td>\n<\/tr>\n<tr data-start=\"1083\" data-end=\"1113\">\n<td data-start=\"1083\" data-end=\"1106\" data-col-size=\"sm\">\ud83d\udd0c Recharge<\/td>\n<td data-col-size=\"sm\" data-start=\"1106\" data-end=\"1113\">USB<\/td>\n<\/tr>\n<tr data-start=\"1114\" data-end=\"1159\">\n<td data-start=\"1114\" data-end=\"1137\" data-col-size=\"sm\">\ud83d\udcd0 R\u00e9glage hauteur<\/td>\n<td data-start=\"1137\" data-end=\"1159\" data-col-size=\"sm\">Oui (t\u00e9lescopique)<\/td>\n<\/tr>\n<tr data-start=\"1160\" data-end=\"1193\">\n<td data-start=\"1160\" data-end=\"1183\" data-col-size=\"sm\">\ud83d\udd04 Rotation<\/td>\n<td data-start=\"1183\" data-end=\"1193\" data-col-size=\"sm\">\u2248 180\u00b0<\/td>\n<\/tr>\n<tr data-start=\"1194\" data-end=\"1234\">\n<td data-start=\"1194\" data-end=\"1217\" data-col-size=\"sm\">\ud83c\udf2a\ufe0f Vitesses<\/td>\n<td data-col-size=\"sm\" data-start=\"1217\" data-end=\"1234\">2 \u00e0 3 niveaux<\/td>\n<\/tr>\n<tr data-start=\"1235\" data-end=\"1278\">\n<td data-start=\"1235\" data-end=\"1258\" data-col-size=\"sm\">\ud83e\udeb6 Design<\/td>\n<td data-col-size=\"sm\" data-start=\"1258\" data-end=\"1278\">Pliable, compact<\/td>\n<\/tr>\n<tr data-start=\"1279\" data-end=\"1312\">\n<td data-start=\"1279\" data-end=\"1302\" data-col-size=\"sm\">\ud83d\udd0a Niveau sonore<\/td>\n<td data-start=\"1302\" data-end=\"1312\" data-col-size=\"sm\">Faible<\/td>\n<\/tr>\n<tr data-start=\"1313\" data-end=\"1362\">\n<td data-start=\"1313\" data-end=\"1336\" data-col-size=\"sm\">\ud83c\udf92 Utilisation<\/td>\n<td data-col-size=\"sm\" data-start=\"1336\" data-end=\"1362\">Maison, bureau, voyage<\/td>\n<\/tr>\n<tr data-start=\"1363\" data-end=\"1409\">\n<td data-start=\"1363\" data-end=\"1386\" data-col-size=\"sm\">\ud83c\udfa8 Couleur<\/td>\n<td data-start=\"1386\" data-end=\"1409\" data-col-size=\"sm\">Vert (selon mod\u00e8le)<\/td>\n<\/tr>\n<\/tbody>\n<\/table>\n<\/div>\n<\/div>\n<hr data-start=\"1411\" data-end=\"1414\" \/>\n<h2 data-section-id=\"pvsbnh\" data-start=\"1416\" data-end=\"1440\">\ud83d\udce6 Contenu du colis<\/h2>\n<ul data-start=\"1442\" data-end=\"1529\">\n<li data-section-id=\"n9yxix\" data-start=\"1442\" data-end=\"1482\">1 \u00d7 Ventilateur t\u00e9lescopique pliable<\/li>\n<li data-section-id=\"ym4feo\" data-start=\"1483\" data-end=\"1500\">1 \u00d7 C\u00e2ble USB<\/li>\n<li data-section-id=\"euolri\" data-start=\"1501\" data-end=\"1529\">1 \u00d7 Manuel d\u2019utilisation<\/li>\n<\/ul>\n<hr data-start=\"1531\" data-end=\"1534\" \/>\n<h2 data-section-id=\"13b3ls7\" data-start=\"1536\" data-end=\"1554\">\ud83c\udfaf Id\u00e9al pour<\/h2>\n<ul data-start=\"1556\" data-end=\"1643\">\n<li data-section-id=\"5vr9sc\" data-start=\"1556\" data-end=\"1569\">Voyage \u2708\ufe0f<\/li>\n<li data-section-id=\"1gl03h\" data-start=\"1570\" data-end=\"1583\">Bureau \ud83d\udcbc<\/li>\n<li data-section-id=\"nu3h5z\" data-start=\"1584\" data-end=\"1599\">Chambre \ud83d\udecf\ufe0f<\/li>\n<li data-section-id=\"m9qkve\" data-start=\"1600\" data-end=\"1616\">\u00c9tudiants \ud83c\udf93<\/li>\n<li data-section-id=\"8w31xs\" data-start=\"1617\" data-end=\"1643\">Coupures de courant \ud83d\udd0c<\/li>\n<\/ul>\n<hr data-start=\"1645\" data-end=\"1648\" \/>\n<h2 data-section-id=\"12937yc\" data-start=\"1650\" data-end=\"1691\">\ud83d\udca1 Pourquoi choisir ce ventilateur ?<\/h2>\n<p data-start=\"1692\" data-end=\"1841\">Ce ventilateur est parfait si tu veux un appareil <strong data-start=\"1742\" data-end=\"1778\">portable, pratique et polyvalent<\/strong>. Il combine mobilit\u00e9, autonomie et confort en un seul produit.<\/p>\n","protected":false},"excerpt":{"rendered":"<p>Reste au frais partout \ud83c\udf2c\ufe0f avec le ventilateur t\u00e9lescopique pliable USB. Compact et ing\u00e9nieux, il peut se plier compl\u00e8tement pour le transport et se transformer en ventilateur sur pied gr\u00e2ce \u00e0 son syst\u00e8me t\u00e9lescopique ajustable. Rechargeable via USB, il est parfait pour une utilisation \u00e0 la maison, au bureau ou en d\u00e9placement. \u2728 Points forts&hellip;<\/p>\n","protected":false},"featured_media":17090,"comment_status":"open","ping_status":"closed","template":"","meta":[],"product_cat":[100,126],"product_tag":[],"class_list":{"0":"post-17087","1":"product","2":"type-product","3":"status-publish","4":"has-post-thumbnail","6":"product_cat-electromenager","7":"product_cat-ventilateurs","9":"first","10":"instock","11":"sale","12":"shipping-taxable","13":"purchasable","14":"product-type-simple","15":"col-xs-6 col-sm-4","16":"col-md-3 col-lg-3","17":"un-4-cols"},"_links":{"self":[{"href":"https:\/\/www.vazy.market\/index.php\/wp-json\/wp\/v2\/product\/17087","targetHints":{"allow":["GET"]}}],"collection":[{"href":"https:\/\/www.vazy.market\/index.php\/wp-json\/wp\/v2\/product"}],"about":[{"href":"https:\/\/www.vazy.market\/index.php\/wp-json\/wp\/v2\/types\/product"}],"replies":[{"embeddable":true,"href":"https:\/\/www.vazy.market\/index.php\/wp-json\/wp\/v2\/comments?post=17087"}],"wp:featuredmedia":[{"embeddable":true,"href":"https:\/\/www.vazy.market\/index.php\/wp-json\/wp\/v2\/media\/17090"}],"wp:attachment":[{"href":"https:\/\/www.vazy.market\/index.php\/wp-json\/wp\/v2\/media?parent=17087"}],"wp:term":[{"taxonomy":"product_cat","embeddable":true,"href":"https:\/\/www.vazy.market\/index.php\/wp-json\/wp\/v2\/product_cat?post=17087"},{"taxonomy":"product_tag","embeddable":true,"href":"https:\/\/www.vazy.market\/index.php\/wp-json\/wp\/v2\/product_tag?post=17087"}],"curies":[{"name":"wp","href":"https:\/\/api.w.org\/{rel}","templated":true}]}}