{"id":17067,"date":"2026-03-23T09:12:50","date_gmt":"2026-03-23T09:12:50","guid":{"rendered":"https:\/\/www.vazy.market\/?post_type=product&#038;p=17067"},"modified":"2026-03-24T22:00:09","modified_gmt":"2026-03-24T22:00:09","slug":"telephone-oking-ok5606-double-sim-batterie-longue-duree-simple-robuste","status":"publish","type":"product","link":"https:\/\/www.vazy.market\/index.php\/product\/telephone-oking-ok5606-double-sim-batterie-longue-duree-simple-robuste\/","title":{"rendered":"\ud83d\udcf1 T\u00e9l\u00e9phone OKING OK5606 \u2013 Double SIM | Batterie longue dur\u00e9e | Simple &#038; robuste"},"content":{"rendered":"<p data-start=\"271\" data-end=\"380\">Opte pour la simplicit\u00e9 et l\u2019efficacit\u00e9 \ud83d\udcf1 avec le <strong data-start=\"322\" data-end=\"338\">OKING OK5606<\/strong>, un t\u00e9l\u00e9phone classique con\u00e7u pour durer.<\/p>\n<p data-start=\"382\" data-end=\"533\">Avec sa <strong data-start=\"390\" data-end=\"415\">batterie longue dur\u00e9e<\/strong>, il peut tenir plusieurs jours sans recharge, id\u00e9al pour ceux qui veulent un t\u00e9l\u00e9phone fiable pour les appels et SMS.<\/p>\n<p data-start=\"535\" data-end=\"667\">Son design robuste et ses touches larges le rendent facile \u00e0 utiliser, m\u00eame pour les personnes \u00e2g\u00e9es ou pour un usage professionnel.<\/p>\n<hr data-start=\"669\" data-end=\"672\" \/>\n<h2 data-section-id=\"17dpq8e\" data-start=\"674\" data-end=\"693\">\u2728 Points forts<\/h2>\n<p data-start=\"695\" data-end=\"967\">\u2714\ufe0f <strong data-start=\"698\" data-end=\"753\">Batterie longue autonomie (jusqu\u2019\u00e0 plusieurs jours)<\/strong> \ud83d\udd0b<br data-start=\"756\" data-end=\"759\" \/>\u2714\ufe0f <strong data-start=\"762\" data-end=\"801\">Double SIM (2 cartes en m\u00eame temps)<\/strong><br data-start=\"801\" data-end=\"804\" \/>\u2714\ufe0f <strong data-start=\"807\" data-end=\"848\">T\u00e9l\u00e9phone simple et facile \u00e0 utiliser<\/strong><br data-start=\"848\" data-end=\"851\" \/>\u2714\ufe0f <strong data-start=\"854\" data-end=\"883\">Design robuste et durable<\/strong><br data-start=\"883\" data-end=\"886\" \/>\u2714\ufe0f <strong data-start=\"889\" data-end=\"931\">Touches larges (confort d\u2019utilisation)<\/strong><br data-start=\"931\" data-end=\"934\" \/>\u2714\ufe0f <strong data-start=\"937\" data-end=\"965\">Lampe torche int\u00e9gr\u00e9e \ud83d\udd26<\/strong><\/p>\n<hr data-start=\"969\" data-end=\"972\" \/>\n<h2 data-section-id=\"1uyu6z3\" data-start=\"974\" data-end=\"997\">\ud83d\udcca Fiche technique<\/h2>\n<div class=\"TyagGW_tableContainer\">\n<div class=\"group TyagGW_tableWrapper flex flex-col-reverse w-fit\" tabindex=\"-1\">\n<table class=\"w-fit min-w-(--thread-content-width)\" data-start=\"999\" data-end=\"1616\">\n<thead data-start=\"999\" data-end=\"1035\">\n<tr data-start=\"999\" data-end=\"1035\">\n<th class=\"\" data-start=\"999\" data-end=\"1024\" data-col-size=\"sm\">Caract\u00e9ristique<\/th>\n<th class=\"\" data-start=\"1024\" data-end=\"1035\" data-col-size=\"sm\">D\u00e9tails<\/th>\n<\/tr>\n<\/thead>\n<tbody data-start=\"1070\" data-end=\"1616\">\n<tr data-start=\"1070\" data-end=\"1109\">\n<td data-start=\"1070\" data-end=\"1093\" data-col-size=\"sm\">\ud83d\udcf1 Mod\u00e8le<\/td>\n<td data-col-size=\"sm\" data-start=\"1093\" data-end=\"1109\">OKING OK5606<\/td>\n<\/tr>\n<tr data-start=\"1110\" data-end=\"1140\">\n<td data-start=\"1110\" data-end=\"1133\" data-col-size=\"sm\">\ud83d\udcf6 R\u00e9seau<\/td>\n<td data-start=\"1133\" data-end=\"1140\" data-col-size=\"sm\">GSM<\/td>\n<\/tr>\n<tr data-start=\"1141\" data-end=\"1178\">\n<td data-start=\"1141\" data-end=\"1164\" data-col-size=\"sm\">\ud83d\udd0b Batterie<\/td>\n<td data-col-size=\"sm\" data-start=\"1164\" data-end=\"1178\">\u2248 2500 mAh<\/td>\n<\/tr>\n<tr data-start=\"1179\" data-end=\"1236\">\n<td data-start=\"1179\" data-end=\"1202\" data-col-size=\"sm\">\ud83d\udd0b Autonomie<\/td>\n<td data-col-size=\"sm\" data-start=\"1202\" data-end=\"1236\">Longue dur\u00e9e (plusieurs jours)<\/td>\n<\/tr>\n<tr data-start=\"1237\" data-end=\"1274\">\n<td data-start=\"1237\" data-end=\"1260\" data-col-size=\"sm\">\ud83d\udcf2 SIM<\/td>\n<td data-start=\"1260\" data-end=\"1274\" data-col-size=\"sm\">Double SIM<\/td>\n<\/tr>\n<tr data-start=\"1275\" data-end=\"1321\">\n<td data-start=\"1275\" data-end=\"1298\" data-col-size=\"sm\">\ud83d\udcdf \u00c9cran<\/td>\n<td data-start=\"1298\" data-end=\"1321\" data-col-size=\"sm\">Petit \u00e9cran couleur<\/td>\n<\/tr>\n<tr data-start=\"1322\" data-end=\"1372\">\n<td data-start=\"1322\" data-end=\"1345\" data-col-size=\"sm\">\ud83c\udfb5 Multim\u00e9dia<\/td>\n<td data-col-size=\"sm\" data-start=\"1345\" data-end=\"1372\">Radio FM, lecteur audio<\/td>\n<\/tr>\n<tr data-start=\"1373\" data-end=\"1421\">\n<td data-start=\"1373\" data-end=\"1396\" data-col-size=\"sm\">\ud83d\udd26 Fonction<\/td>\n<td data-start=\"1396\" data-end=\"1421\" data-col-size=\"sm\">Lampe torche int\u00e9gr\u00e9e<\/td>\n<\/tr>\n<tr data-start=\"1422\" data-end=\"1470\">\n<td data-start=\"1422\" data-end=\"1445\" data-col-size=\"sm\">\ud83d\udcbe M\u00e9moire<\/td>\n<td data-col-size=\"sm\" data-start=\"1445\" data-end=\"1470\">Support carte microSD<\/td>\n<\/tr>\n<tr data-start=\"1471\" data-end=\"1518\">\n<td data-start=\"1471\" data-end=\"1493\" data-col-size=\"sm\">\ud83d\udd0a Audio<\/td>\n<td data-start=\"1493\" data-end=\"1518\" data-col-size=\"sm\">Haut-parleur puissant<\/td>\n<\/tr>\n<tr data-start=\"1519\" data-end=\"1562\">\n<td data-start=\"1519\" data-end=\"1542\" data-col-size=\"sm\">\ud83c\udf92 Design<\/td>\n<td data-col-size=\"sm\" data-start=\"1542\" data-end=\"1562\">Compact, robuste<\/td>\n<\/tr>\n<tr data-start=\"1563\" data-end=\"1616\">\n<td data-start=\"1563\" data-end=\"1586\" data-col-size=\"sm\">\ud83c\udfaf Utilisation<\/td>\n<td data-col-size=\"sm\" data-start=\"1586\" data-end=\"1616\">Appels, SMS, usage basique<\/td>\n<\/tr>\n<\/tbody>\n<\/table>\n<\/div>\n<\/div>\n<hr data-start=\"1618\" data-end=\"1621\" \/>\n<h2 data-section-id=\"pvsbnh\" data-start=\"1623\" data-end=\"1647\">\ud83d\udce6 Contenu du colis<\/h2>\n<ul data-start=\"1649\" data-end=\"1742\">\n<li data-section-id=\"rj9033\" data-start=\"1649\" data-end=\"1679\">1 \u00d7 T\u00e9l\u00e9phone OKING OK5606<\/li>\n<li data-section-id=\"dx2ad2\" data-start=\"1680\" data-end=\"1696\">1 \u00d7 Batterie<\/li>\n<li data-section-id=\"gzkpdf\" data-start=\"1697\" data-end=\"1713\">1 \u00d7 Chargeur<\/li>\n<li data-section-id=\"euolri\" data-start=\"1714\" data-end=\"1742\">1 \u00d7 Manuel d\u2019utilisation<\/li>\n<\/ul>\n<hr data-start=\"1744\" data-end=\"1747\" \/>\n<h2 data-section-id=\"13b3ls7\" data-start=\"1749\" data-end=\"1767\">\ud83c\udfaf Id\u00e9al pour<\/h2>\n<ul data-start=\"1769\" data-end=\"1910\">\n<li data-section-id=\"10o0lu4\" data-start=\"1769\" data-end=\"1789\">Appels et SMS \ud83d\udcde<\/li>\n<li data-section-id=\"tb81o6\" data-start=\"1790\" data-end=\"1812\">Personnes \u00e2g\u00e9es \ud83d\udc74<\/li>\n<li data-section-id=\"nl0vn3\" data-start=\"1813\" data-end=\"1840\">T\u00e9l\u00e9phone de secours \ud83d\udcf1<\/li>\n<li data-section-id=\"1uncoki\" data-start=\"1841\" data-end=\"1871\">Usage professionnel simple<\/li>\n<li data-section-id=\"cghpts\" data-start=\"1872\" data-end=\"1910\">Zones \u00e0 faible recharge \u00e9lectrique<\/li>\n<\/ul>\n<hr data-start=\"1912\" data-end=\"1915\" \/>\n<h2 data-section-id=\"4nyv17\" data-start=\"1917\" data-end=\"1956\">\ud83d\udca1 Pourquoi choisir ce t\u00e9l\u00e9phone ?<\/h2>\n<p data-start=\"1957\" data-end=\"2127\">Le OK5606 est parfait pour ceux qui veulent un t\u00e9l\u00e9phone <strong data-start=\"2014\" data-end=\"2060\">simple, fiable et avec une grosse batterie<\/strong>. Il tient longtemps sans recharge et reste tr\u00e8s facile \u00e0 utiliser.<\/p>\n","protected":false},"excerpt":{"rendered":"<p>Opte pour la simplicit\u00e9 et l\u2019efficacit\u00e9 \ud83d\udcf1 avec le OKING OK5606, un t\u00e9l\u00e9phone classique con\u00e7u pour durer. Avec sa batterie longue dur\u00e9e, il peut tenir plusieurs jours sans recharge, id\u00e9al pour ceux qui veulent un t\u00e9l\u00e9phone fiable pour les appels et SMS. Son design robuste et ses touches larges le rendent facile \u00e0 utiliser, m\u00eame&hellip;<\/p>\n","protected":false},"featured_media":17069,"comment_status":"open","ping_status":"closed","template":"","meta":[],"product_cat":[76],"product_tag":[],"class_list":{"0":"post-17067","1":"product","2":"type-product","3":"status-publish","4":"has-post-thumbnail","6":"product_brand-oking","7":"product_cat-telephones-basiques","9":"first","10":"instock","11":"sale","12":"shipping-taxable","13":"purchasable","14":"product-type-simple","15":"col-xs-6 col-sm-4","16":"col-md-3 col-lg-3","17":"un-4-cols"},"_links":{"self":[{"href":"https:\/\/www.vazy.market\/index.php\/wp-json\/wp\/v2\/product\/17067","targetHints":{"allow":["GET"]}}],"collection":[{"href":"https:\/\/www.vazy.market\/index.php\/wp-json\/wp\/v2\/product"}],"about":[{"href":"https:\/\/www.vazy.market\/index.php\/wp-json\/wp\/v2\/types\/product"}],"replies":[{"embeddable":true,"href":"https:\/\/www.vazy.market\/index.php\/wp-json\/wp\/v2\/comments?post=17067"}],"wp:featuredmedia":[{"embeddable":true,"href":"https:\/\/www.vazy.market\/index.php\/wp-json\/wp\/v2\/media\/17069"}],"wp:attachment":[{"href":"https:\/\/www.vazy.market\/index.php\/wp-json\/wp\/v2\/media?parent=17067"}],"wp:term":[{"taxonomy":"product_cat","embeddable":true,"href":"https:\/\/www.vazy.market\/index.php\/wp-json\/wp\/v2\/product_cat?post=17067"},{"taxonomy":"product_tag","embeddable":true,"href":"https:\/\/www.vazy.market\/index.php\/wp-json\/wp\/v2\/product_tag?post=17067"}],"curies":[{"name":"wp","href":"https:\/\/api.w.org\/{rel}","templated":true}]}}