{"id":17061,"date":"2026-03-21T10:30:32","date_gmt":"2026-03-21T10:30:32","guid":{"rendered":"https:\/\/www.vazy.market\/?post_type=product&#038;p=17061"},"modified":"2026-03-29T17:43:51","modified_gmt":"2026-03-29T17:43:51","slug":"ventilateur-sur-pied-couronne-18-puissant-3-vitesses-design-moderne","status":"publish","type":"product","link":"https:\/\/www.vazy.market\/index.php\/product\/ventilateur-sur-pied-couronne-18-puissant-3-vitesses-design-moderne\/","title":{"rendered":"Ventilateur sur pied Couronne 18\u201d \u2013 Puissant | 3 vitesses | Design moderne"},"content":{"rendered":"<p data-start=\"276\" data-end=\"370\">Profite d\u2019un rafra\u00eechissement optimal\u00a0 avec le <strong data-start=\"326\" data-end=\"369\">ventilateur sur pied Couronne 18 pouces<\/strong>.<\/p>\n<p data-start=\"372\" data-end=\"523\">Dot\u00e9 de <strong data-start=\"380\" data-end=\"408\">grandes pales puissantes<\/strong>, il assure une circulation d\u2019air rapide et efficace pour garder ta pi\u00e8ce fra\u00eeche m\u00eame pendant les fortes chaleurs.<\/p>\n<p data-start=\"525\" data-end=\"676\">Son design moderne avec pales rouges et sa base stable en font un appareil \u00e0 la fois <strong data-start=\"610\" data-end=\"638\">performant et esth\u00e9tique<\/strong>, parfait pour la maison ou le bureau.<\/p>\n<hr data-start=\"678\" data-end=\"681\" \/>\n<h2 data-section-id=\"17dpq8e\" data-start=\"683\" data-end=\"702\">\u2728 Points forts<\/h2>\n<p data-start=\"704\" data-end=\"984\">\u2714\ufe0f <strong data-start=\"707\" data-end=\"755\">Grande taille 18 pouces (puissance maximale)<\/strong><br data-start=\"755\" data-end=\"758\" \/>\u2714\ufe0f <strong data-start=\"761\" data-end=\"802\">3 vitesses r\u00e9glables selon ton besoin<\/strong><br data-start=\"802\" data-end=\"805\" \/>\u2714\ufe0f <strong data-start=\"808\" data-end=\"853\">Air puissant et rafra\u00eechissant rapidement<\/strong><br data-start=\"853\" data-end=\"856\" \/>\u2714\ufe0f <strong data-start=\"859\" data-end=\"888\">Fonctionnement silencieux<\/strong> \ud83e\udd2b<br data-start=\"891\" data-end=\"894\" \/>\u2714\ufe0f <strong data-start=\"897\" data-end=\"941\">Hauteur r\u00e9glable (confort d\u2019utilisation)<\/strong><br data-start=\"941\" data-end=\"944\" \/>\u2714\ufe0f <strong data-start=\"947\" data-end=\"982\">Base large et stable (s\u00e9curit\u00e9)<\/strong><\/p>\n<hr data-start=\"986\" data-end=\"989\" \/>\n<h2 data-section-id=\"1uyu6z3\" data-start=\"991\" data-end=\"1014\">\ud83d\udcca Fiche technique<\/h2>\n<div class=\"TyagGW_tableContainer\">\n<div class=\"group TyagGW_tableWrapper flex flex-col-reverse w-fit\" tabindex=\"-1\">\n<table class=\"w-fit min-w-(--thread-content-width)\" data-start=\"1016\" data-end=\"1592\">\n<thead data-start=\"1016\" data-end=\"1052\">\n<tr data-start=\"1016\" data-end=\"1052\">\n<th class=\"\" data-start=\"1016\" data-end=\"1041\" data-col-size=\"sm\">Caract\u00e9ristique<\/th>\n<th class=\"\" data-start=\"1041\" data-end=\"1052\" data-col-size=\"sm\">D\u00e9tails<\/th>\n<\/tr>\n<\/thead>\n<tbody data-start=\"1087\" data-end=\"1592\">\n<tr data-start=\"1087\" data-end=\"1135\">\n<td data-start=\"1087\" data-end=\"1111\" data-col-size=\"sm\">\ud83c\udf2c\ufe0f Type<\/td>\n<td data-col-size=\"sm\" data-start=\"1111\" data-end=\"1135\">Ventilateur sur pied<\/td>\n<\/tr>\n<tr data-start=\"1136\" data-end=\"1172\">\n<td data-start=\"1136\" data-end=\"1159\" data-col-size=\"sm\">\ud83d\udccf Taille<\/td>\n<td data-start=\"1159\" data-end=\"1172\" data-col-size=\"sm\">18 pouces<\/td>\n<\/tr>\n<tr data-start=\"1173\" data-end=\"1223\">\n<td data-start=\"1173\" data-end=\"1195\" data-col-size=\"sm\">\u26a1 Puissance<\/td>\n<td data-start=\"1195\" data-end=\"1223\" data-col-size=\"sm\">Moteur haute performance<\/td>\n<\/tr>\n<tr data-start=\"1224\" data-end=\"1260\">\n<td data-start=\"1224\" data-end=\"1247\" data-col-size=\"sm\">\ud83c\udf2a\ufe0f Vitesses<\/td>\n<td data-col-size=\"sm\" data-start=\"1247\" data-end=\"1260\">3 niveaux<\/td>\n<\/tr>\n<tr data-start=\"1261\" data-end=\"1291\">\n<td data-start=\"1261\" data-end=\"1284\" data-col-size=\"sm\">\ud83d\udd04 Oscillation<\/td>\n<td data-col-size=\"sm\" data-start=\"1284\" data-end=\"1291\">Oui<\/td>\n<\/tr>\n<tr data-start=\"1292\" data-end=\"1327\">\n<td data-start=\"1292\" data-end=\"1315\" data-col-size=\"sm\">\ud83d\udcd0 Hauteur<\/td>\n<td data-start=\"1315\" data-end=\"1327\" data-col-size=\"sm\">R\u00e9glable<\/td>\n<\/tr>\n<tr data-start=\"1328\" data-end=\"1362\">\n<td data-start=\"1328\" data-end=\"1351\" data-col-size=\"sm\">\ud83e\udeb6 Pales<\/td>\n<td data-start=\"1351\" data-end=\"1362\" data-col-size=\"sm\">5 pales<\/td>\n<\/tr>\n<tr data-start=\"1363\" data-end=\"1409\">\n<td data-start=\"1363\" data-end=\"1386\" data-col-size=\"sm\">\ud83d\udd0a Niveau sonore<\/td>\n<td data-start=\"1386\" data-end=\"1409\" data-col-size=\"sm\">Faible (silencieux)<\/td>\n<\/tr>\n<tr data-start=\"1410\" data-end=\"1452\">\n<td data-start=\"1410\" data-end=\"1433\" data-col-size=\"sm\">\ud83e\uddf1 Base<\/td>\n<td data-start=\"1433\" data-end=\"1452\" data-col-size=\"sm\">Large et stable<\/td>\n<\/tr>\n<tr data-start=\"1453\" data-end=\"1502\">\n<td data-start=\"1453\" data-end=\"1476\" data-col-size=\"sm\">\ud83c\udfa8 Design<\/td>\n<td data-col-size=\"sm\" data-start=\"1476\" data-end=\"1502\">Noir avec pales rouges<\/td>\n<\/tr>\n<tr data-start=\"1503\" data-end=\"1540\">\n<td data-start=\"1503\" data-end=\"1526\" data-col-size=\"sm\">\ud83d\udd0c Alimentation<\/td>\n<td data-start=\"1526\" data-end=\"1540\" data-col-size=\"sm\">\u00c9lectrique<\/td>\n<\/tr>\n<tr data-start=\"1541\" data-end=\"1592\">\n<td data-start=\"1541\" data-end=\"1564\" data-col-size=\"sm\">\ud83c\udf92 Utilisation<\/td>\n<td data-start=\"1564\" data-end=\"1592\" data-col-size=\"sm\">Maison, bureau, boutique<\/td>\n<\/tr>\n<\/tbody>\n<\/table>\n<\/div>\n<\/div>\n<hr data-start=\"1594\" data-end=\"1597\" \/>\n<h2 data-section-id=\"pvsbnh\" data-start=\"1599\" data-end=\"1623\">\ud83d\udce6 Contenu du colis<\/h2>\n<ul data-start=\"1625\" data-end=\"1709\">\n<li data-section-id=\"1bldcf4\" data-start=\"1625\" data-end=\"1657\">1 \u00d7 Ventilateur Couronne 18\u201d<\/li>\n<li data-section-id=\"au1zlu\" data-start=\"1658\" data-end=\"1680\">1 \u00d7 Kit de montage<\/li>\n<li data-section-id=\"euolri\" data-start=\"1681\" data-end=\"1709\">1 \u00d7 Manuel d\u2019utilisation<\/li>\n<\/ul>\n<hr data-start=\"1711\" data-end=\"1714\" \/>\n<h2 data-section-id=\"13b3ls7\" data-start=\"1716\" data-end=\"1734\">\ud83c\udfaf Id\u00e9al pour<\/h2>\n<ul data-start=\"1736\" data-end=\"1820\">\n<li data-section-id=\"1lub2g3\" data-start=\"1736\" data-end=\"1749\">Maison \ud83c\udfe0<\/li>\n<li data-section-id=\"1gl03h\" data-start=\"1750\" data-end=\"1763\">Bureau \ud83d\udcbc<\/li>\n<li data-section-id=\"3ttutl\" data-start=\"1764\" data-end=\"1780\">Boutiques \ud83c\udfea<\/li>\n<li data-section-id=\"am8ims\" data-start=\"1781\" data-end=\"1797\">Chambres \ud83d\udecf\ufe0f<\/li>\n<li data-section-id=\"1k5a6cw\" data-start=\"1798\" data-end=\"1820\">Saisons chaudes \u2600\ufe0f<\/li>\n<\/ul>\n<hr data-start=\"1822\" data-end=\"1825\" \/>\n<h2 data-section-id=\"12937yc\" data-start=\"1827\" data-end=\"1868\">\ud83d\udca1 Pourquoi choisir ce ventilateur ?<\/h2>\n<p data-start=\"1869\" data-end=\"2044\">Ce ventilateur est un excellent choix pour ceux qui recherchent <strong data-start=\"1933\" data-end=\"1967\">puissance, stabilit\u00e9 et design<\/strong>. Il rafra\u00eechit efficacement tout en restant \u00e9conomique et facile \u00e0 utiliser.<\/p>\n","protected":false},"excerpt":{"rendered":"<p>Profite d\u2019un rafra\u00eechissement optimal\u00a0 avec le ventilateur sur pied Couronne 18 pouces. Dot\u00e9 de grandes pales puissantes, il assure une circulation d\u2019air rapide et efficace pour garder ta pi\u00e8ce fra\u00eeche m\u00eame pendant les fortes chaleurs. Son design moderne avec pales rouges et sa base stable en font un appareil \u00e0 la fois performant et esth\u00e9tique,&hellip;<\/p>\n","protected":false},"featured_media":17063,"comment_status":"open","ping_status":"closed","template":"","meta":[],"product_cat":[100,126],"product_tag":[],"class_list":{"0":"post-17061","1":"product","2":"type-product","3":"status-publish","4":"has-post-thumbnail","6":"product_cat-electromenager","7":"product_cat-ventilateurs","9":"first","10":"instock","11":"sale","12":"shipping-taxable","13":"purchasable","14":"product-type-simple","15":"col-xs-6 col-sm-4","16":"col-md-3 col-lg-3","17":"un-4-cols"},"_links":{"self":[{"href":"https:\/\/www.vazy.market\/index.php\/wp-json\/wp\/v2\/product\/17061","targetHints":{"allow":["GET"]}}],"collection":[{"href":"https:\/\/www.vazy.market\/index.php\/wp-json\/wp\/v2\/product"}],"about":[{"href":"https:\/\/www.vazy.market\/index.php\/wp-json\/wp\/v2\/types\/product"}],"replies":[{"embeddable":true,"href":"https:\/\/www.vazy.market\/index.php\/wp-json\/wp\/v2\/comments?post=17061"}],"wp:featuredmedia":[{"embeddable":true,"href":"https:\/\/www.vazy.market\/index.php\/wp-json\/wp\/v2\/media\/17063"}],"wp:attachment":[{"href":"https:\/\/www.vazy.market\/index.php\/wp-json\/wp\/v2\/media?parent=17061"}],"wp:term":[{"taxonomy":"product_cat","embeddable":true,"href":"https:\/\/www.vazy.market\/index.php\/wp-json\/wp\/v2\/product_cat?post=17061"},{"taxonomy":"product_tag","embeddable":true,"href":"https:\/\/www.vazy.market\/index.php\/wp-json\/wp\/v2\/product_tag?post=17061"}],"curies":[{"name":"wp","href":"https:\/\/api.w.org\/{rel}","templated":true}]}}