{"id":17052,"date":"2026-03-21T10:11:07","date_gmt":"2026-03-21T10:11:07","guid":{"rendered":"https:\/\/www.vazy.market\/?post_type=product&#038;p=17052"},"modified":"2026-03-29T17:43:51","modified_gmt":"2026-03-29T17:43:51","slug":"ventilateur-sur-pied-18-puissant-3-vitesses-silencieux","status":"publish","type":"product","link":"https:\/\/www.vazy.market\/index.php\/product\/ventilateur-sur-pied-18-puissant-3-vitesses-silencieux\/","title":{"rendered":"\ud83c\udf2c\ufe0f Ventilateur sur pied 18\u201d \u2013 Puissant | 3 vitesses | Silencieux"},"content":{"rendered":"<p data-start=\"254\" data-end=\"348\">Reste au frais m\u00eame pendant les fortes chaleurs \ud83c\udf1e avec ce <strong data-start=\"313\" data-end=\"347\">ventilateur sur pied 18 pouces<\/strong>.<\/p>\n<p data-start=\"350\" data-end=\"569\">Gr\u00e2ce \u00e0 son <strong data-start=\"362\" data-end=\"381\">moteur puissant<\/strong> et ses <strong data-start=\"389\" data-end=\"406\">grandes pales<\/strong>, il offre une ventilation efficace pour rafra\u00eechir rapidement ta pi\u00e8ce. Son fonctionnement <strong data-start=\"498\" data-end=\"512\">silencieux<\/strong> te permet de l\u2019utiliser de jour comme de nuit sans g\u00eane.<\/p>\n<p data-start=\"571\" data-end=\"686\">Avec sa <strong data-start=\"579\" data-end=\"599\">hauteur r\u00e9glable<\/strong> et ses <strong data-start=\"607\" data-end=\"621\">3 vitesses<\/strong>, il s\u2019adapte parfaitement \u00e0 tes besoins pour un confort optimal.<\/p>\n<hr data-start=\"688\" data-end=\"691\" \/>\n<h2 data-section-id=\"17dpq8e\" data-start=\"693\" data-end=\"712\">\u2728 Points forts<\/h2>\n<p data-start=\"714\" data-end=\"955\">\u2714\ufe0f <strong data-start=\"717\" data-end=\"763\">Grande taille 18 pouces (fort d\u00e9bit d\u2019air)<\/strong><br data-start=\"763\" data-end=\"766\" \/>\u2714\ufe0f <strong data-start=\"769\" data-end=\"815\">3 vitesses r\u00e9glables (faible, moyen, fort)<\/strong><br data-start=\"815\" data-end=\"818\" \/>\u2714\ufe0f <strong data-start=\"821\" data-end=\"850\">Fonctionnement silencieux<\/strong> \ud83e\udd2b<br data-start=\"853\" data-end=\"856\" \/>\u2714\ufe0f <strong data-start=\"859\" data-end=\"880\">Hauteur ajustable<\/strong><br data-start=\"880\" data-end=\"883\" \/>\u2714\ufe0f <strong data-start=\"886\" data-end=\"914\">Base stable et s\u00e9curis\u00e9e<\/strong><br data-start=\"914\" data-end=\"917\" \/>\u2714\ufe0f <strong data-start=\"920\" data-end=\"953\">Facile \u00e0 monter et \u00e0 utiliser<\/strong><\/p>\n<hr data-start=\"957\" data-end=\"960\" \/>\n<h2 data-section-id=\"1uyu6z3\" data-start=\"962\" data-end=\"985\">\ud83d\udcca Fiche technique<\/h2>\n<div class=\"TyagGW_tableContainer\">\n<div class=\"group TyagGW_tableWrapper flex flex-col-reverse w-fit\" tabindex=\"-1\">\n<table class=\"w-fit min-w-(--thread-content-width)\" data-start=\"987\" data-end=\"1609\">\n<thead data-start=\"987\" data-end=\"1023\">\n<tr data-start=\"987\" data-end=\"1023\">\n<th class=\"\" data-start=\"987\" data-end=\"1012\" data-col-size=\"sm\">Caract\u00e9ristique<\/th>\n<th class=\"\" data-start=\"1012\" data-end=\"1023\" data-col-size=\"sm\">D\u00e9tails<\/th>\n<\/tr>\n<\/thead>\n<tbody data-start=\"1058\" data-end=\"1609\">\n<tr data-start=\"1058\" data-end=\"1106\">\n<td data-start=\"1058\" data-end=\"1082\" data-col-size=\"sm\">\ud83c\udf2c\ufe0f Type<\/td>\n<td data-start=\"1082\" data-end=\"1106\" data-col-size=\"sm\">Ventilateur sur pied<\/td>\n<\/tr>\n<tr data-start=\"1107\" data-end=\"1143\">\n<td data-start=\"1107\" data-end=\"1130\" data-col-size=\"sm\">\ud83d\udccf Taille<\/td>\n<td data-start=\"1130\" data-end=\"1143\" data-col-size=\"sm\">18 pouces<\/td>\n<\/tr>\n<tr data-start=\"1144\" data-end=\"1194\">\n<td data-start=\"1144\" data-end=\"1166\" data-col-size=\"sm\">\u26a1 Puissance<\/td>\n<td data-col-size=\"sm\" data-start=\"1166\" data-end=\"1194\">Moteur haute performance<\/td>\n<\/tr>\n<tr data-start=\"1195\" data-end=\"1231\">\n<td data-start=\"1195\" data-end=\"1218\" data-col-size=\"sm\">\ud83c\udf2a\ufe0f Vitesses<\/td>\n<td data-col-size=\"sm\" data-start=\"1218\" data-end=\"1231\">3 niveaux<\/td>\n<\/tr>\n<tr data-start=\"1232\" data-end=\"1286\">\n<td data-start=\"1232\" data-end=\"1255\" data-col-size=\"sm\">\ud83d\udd04 Oscillation<\/td>\n<td data-start=\"1255\" data-end=\"1286\" data-col-size=\"sm\">Oui (diffusion d\u2019air large)<\/td>\n<\/tr>\n<tr data-start=\"1287\" data-end=\"1341\">\n<td data-start=\"1287\" data-end=\"1310\" data-col-size=\"sm\">\ud83d\udcd0 Hauteur<\/td>\n<td data-start=\"1310\" data-end=\"1341\" data-col-size=\"sm\">R\u00e9glable (\u2248 jusqu\u2019\u00e0 130 cm)<\/td>\n<\/tr>\n<tr data-start=\"1342\" data-end=\"1376\">\n<td data-start=\"1342\" data-end=\"1365\" data-col-size=\"sm\">\ud83e\udeb6 Pales<\/td>\n<td data-col-size=\"sm\" data-start=\"1365\" data-end=\"1376\">5 pales<\/td>\n<\/tr>\n<tr data-start=\"1377\" data-end=\"1423\">\n<td data-start=\"1377\" data-end=\"1400\" data-col-size=\"sm\">\ud83d\udd0a Niveau sonore<\/td>\n<td data-start=\"1400\" data-end=\"1423\" data-col-size=\"sm\">Faible (silencieux)<\/td>\n<\/tr>\n<tr data-start=\"1424\" data-end=\"1462\">\n<td data-start=\"1424\" data-end=\"1447\" data-col-size=\"sm\">\ud83e\uddf1 Structure<\/td>\n<td data-col-size=\"sm\" data-start=\"1447\" data-end=\"1462\">Base stable<\/td>\n<\/tr>\n<tr data-start=\"1463\" data-end=\"1509\">\n<td data-start=\"1463\" data-end=\"1486\" data-col-size=\"sm\">\ud83c\udfa8 Couleur<\/td>\n<td data-start=\"1486\" data-end=\"1509\" data-col-size=\"sm\">Rose (selon mod\u00e8le)<\/td>\n<\/tr>\n<tr data-start=\"1510\" data-end=\"1557\">\n<td data-start=\"1510\" data-end=\"1533\" data-col-size=\"sm\">\ud83d\udd0c Alimentation<\/td>\n<td data-col-size=\"sm\" data-start=\"1533\" data-end=\"1557\">\u00c9lectrique (secteur)<\/td>\n<\/tr>\n<tr data-start=\"1558\" data-end=\"1609\">\n<td data-start=\"1558\" data-end=\"1581\" data-col-size=\"sm\">\ud83c\udf92 Utilisation<\/td>\n<td data-col-size=\"sm\" data-start=\"1581\" data-end=\"1609\">Maison, bureau, boutique<\/td>\n<\/tr>\n<\/tbody>\n<\/table>\n<\/div>\n<\/div>\n<hr data-start=\"1611\" data-end=\"1614\" \/>\n<h2 data-section-id=\"pvsbnh\" data-start=\"1616\" data-end=\"1640\">\ud83d\udce6 Contenu du colis<\/h2>\n<ul data-start=\"1642\" data-end=\"1726\">\n<li data-section-id=\"1i1xh65\" data-start=\"1642\" data-end=\"1674\">1 \u00d7 Ventilateur sur pied 18\u201d<\/li>\n<li data-section-id=\"au1zlu\" data-start=\"1675\" data-end=\"1697\">1 \u00d7 Kit de montage<\/li>\n<li data-section-id=\"euolri\" data-start=\"1698\" data-end=\"1726\">1 \u00d7 Manuel d\u2019utilisation<\/li>\n<\/ul>\n<hr data-start=\"1728\" data-end=\"1731\" \/>\n<h2 data-section-id=\"13b3ls7\" data-start=\"1733\" data-end=\"1751\">\ud83c\udfaf Id\u00e9al pour<\/h2>\n<ul data-start=\"1753\" data-end=\"1837\">\n<li data-section-id=\"1lub2g3\" data-start=\"1753\" data-end=\"1766\">Maison \ud83c\udfe0<\/li>\n<li data-section-id=\"1gl03h\" data-start=\"1767\" data-end=\"1780\">Bureau \ud83d\udcbc<\/li>\n<li data-section-id=\"3ttutl\" data-start=\"1781\" data-end=\"1797\">Boutiques \ud83c\udfea<\/li>\n<li data-section-id=\"am8ims\" data-start=\"1798\" data-end=\"1814\">Chambres \ud83d\udecf\ufe0f<\/li>\n<li data-section-id=\"1k5a6cw\" data-start=\"1815\" data-end=\"1837\">Saisons chaudes \u2600\ufe0f<\/li>\n<\/ul>\n<hr data-start=\"1839\" data-end=\"1842\" \/>\n<h2 data-section-id=\"12937yc\" data-start=\"1844\" data-end=\"1885\">\ud83d\udca1 Pourquoi choisir ce ventilateur ?<\/h2>\n<p data-start=\"1886\" data-end=\"2060\">Ce ventilateur est parfait pour ceux qui veulent <strong data-start=\"1935\" data-end=\"1968\">puissance, confort et silence<\/strong>. Il offre une excellente circulation d\u2019air tout en restant \u00e9conomique et facile \u00e0 utiliser.<\/p>\n","protected":false},"excerpt":{"rendered":"<p>Reste au frais m\u00eame pendant les fortes chaleurs \ud83c\udf1e avec ce ventilateur sur pied 18 pouces. Gr\u00e2ce \u00e0 son moteur puissant et ses grandes pales, il offre une ventilation efficace pour rafra\u00eechir rapidement ta pi\u00e8ce. Son fonctionnement silencieux te permet de l\u2019utiliser de jour comme de nuit sans g\u00eane. Avec sa hauteur r\u00e9glable et ses&hellip;<\/p>\n","protected":false},"featured_media":17054,"comment_status":"open","ping_status":"closed","template":"","meta":[],"product_cat":[100,126],"product_tag":[],"class_list":{"0":"post-17052","1":"product","2":"type-product","3":"status-publish","4":"has-post-thumbnail","6":"product_cat-electromenager","7":"product_cat-ventilateurs","9":"first","10":"instock","11":"sale","12":"shipping-taxable","13":"purchasable","14":"product-type-simple","15":"col-xs-6 col-sm-4","16":"col-md-3 col-lg-3","17":"un-4-cols"},"_links":{"self":[{"href":"https:\/\/www.vazy.market\/index.php\/wp-json\/wp\/v2\/product\/17052","targetHints":{"allow":["GET"]}}],"collection":[{"href":"https:\/\/www.vazy.market\/index.php\/wp-json\/wp\/v2\/product"}],"about":[{"href":"https:\/\/www.vazy.market\/index.php\/wp-json\/wp\/v2\/types\/product"}],"replies":[{"embeddable":true,"href":"https:\/\/www.vazy.market\/index.php\/wp-json\/wp\/v2\/comments?post=17052"}],"wp:featuredmedia":[{"embeddable":true,"href":"https:\/\/www.vazy.market\/index.php\/wp-json\/wp\/v2\/media\/17054"}],"wp:attachment":[{"href":"https:\/\/www.vazy.market\/index.php\/wp-json\/wp\/v2\/media?parent=17052"}],"wp:term":[{"taxonomy":"product_cat","embeddable":true,"href":"https:\/\/www.vazy.market\/index.php\/wp-json\/wp\/v2\/product_cat?post=17052"},{"taxonomy":"product_tag","embeddable":true,"href":"https:\/\/www.vazy.market\/index.php\/wp-json\/wp\/v2\/product_tag?post=17052"}],"curies":[{"name":"wp","href":"https:\/\/api.w.org\/{rel}","templated":true}]}}