{"id":17047,"date":"2026-03-21T10:06:31","date_gmt":"2026-03-21T10:06:31","guid":{"rendered":"https:\/\/www.vazy.market\/?post_type=product&#038;p=17047"},"modified":"2026-03-24T22:17:03","modified_gmt":"2026-03-24T22:17:03","slug":"bouilloire-electrique-raf-2l-chauffage-rapide-arret-automatique-design-moderne","status":"publish","type":"product","link":"https:\/\/www.vazy.market\/index.php\/product\/bouilloire-electrique-raf-2l-chauffage-rapide-arret-automatique-design-moderne\/","title":{"rendered":"\u2615 Bouilloire \u00c9lectrique RAF 2L \u2013 Chauffage rapide | Arr\u00eat automatique | Design moderne"},"content":{"rendered":"<p data-start=\"277\" data-end=\"372\">Pr\u00e9pare tes boissons chaudes en un clin d\u2019\u0153il \u2615 avec la <strong data-start=\"333\" data-end=\"371\">bouilloire \u00e9lectrique RAF 2 litres<\/strong>.<\/p>\n<p data-start=\"374\" data-end=\"582\">Gr\u00e2ce \u00e0 sa <strong data-start=\"385\" data-end=\"404\">grande capacit\u00e9<\/strong> et sa <strong data-start=\"411\" data-end=\"431\">puissance \u00e9lev\u00e9e<\/strong>, elle chauffe l\u2019eau rapidement pour le th\u00e9, le caf\u00e9 ou la cuisine. Son syst\u00e8me <strong data-start=\"511\" data-end=\"534\">d\u2019arr\u00eat automatique<\/strong> garantit une utilisation s\u00e9curis\u00e9e et pratique.<\/p>\n<p data-start=\"584\" data-end=\"673\">Avec son design moderne et \u00e9l\u00e9gant, elle s\u2019int\u00e8gre parfaitement dans toutes les cuisines.<\/p>\n<hr data-start=\"675\" data-end=\"678\" \/>\n<h2 data-section-id=\"17dpq8e\" data-start=\"680\" data-end=\"699\">\u2728 Points forts<\/h2>\n<p data-start=\"701\" data-end=\"959\">\u2714\ufe0f <strong data-start=\"704\" data-end=\"748\">Grande capacit\u00e9 2 litres (id\u00e9al famille)<\/strong><br data-start=\"748\" data-end=\"751\" \/>\u2714\ufe0f <strong data-start=\"754\" data-end=\"790\">Chauffage rapide (gain de temps)<\/strong> \u26a1<br data-start=\"792\" data-end=\"795\" \/>\u2714\ufe0f <strong data-start=\"798\" data-end=\"840\">Arr\u00eat automatique (s\u00e9curit\u00e9 renforc\u00e9e)<\/strong><br data-start=\"840\" data-end=\"843\" \/>\u2714\ufe0f <strong data-start=\"846\" data-end=\"883\">Base stable et utilisation facile<\/strong><br data-start=\"883\" data-end=\"886\" \/>\u2714\ufe0f <strong data-start=\"889\" data-end=\"918\">Design moderne et \u00e9l\u00e9gant<\/strong><br data-start=\"918\" data-end=\"921\" \/>\u2714\ufe0f <strong data-start=\"924\" data-end=\"957\">Faible consommation d\u2019\u00e9nergie<\/strong><\/p>\n<hr data-start=\"961\" data-end=\"964\" \/>\n<h2 data-section-id=\"1uyu6z3\" data-start=\"966\" data-end=\"989\">\ud83d\udcca Fiche technique<\/h2>\n<div class=\"TyagGW_tableContainer\">\n<div class=\"group TyagGW_tableWrapper flex flex-col-reverse w-fit\" tabindex=\"-1\">\n<table class=\"w-fit min-w-(--thread-content-width)\" data-start=\"991\" data-end=\"1503\">\n<thead data-start=\"991\" data-end=\"1027\">\n<tr data-start=\"991\" data-end=\"1027\">\n<th class=\"\" data-start=\"991\" data-end=\"1016\" data-col-size=\"sm\">Caract\u00e9ristique<\/th>\n<th class=\"\" data-start=\"1016\" data-end=\"1027\" data-col-size=\"sm\">D\u00e9tails<\/th>\n<\/tr>\n<\/thead>\n<tbody data-start=\"1062\" data-end=\"1503\">\n<tr data-start=\"1062\" data-end=\"1109\">\n<td data-start=\"1062\" data-end=\"1084\" data-col-size=\"sm\">\u2615 Type<\/td>\n<td data-col-size=\"sm\" data-start=\"1084\" data-end=\"1109\">Bouilloire \u00e9lectrique<\/td>\n<\/tr>\n<tr data-start=\"1110\" data-end=\"1145\">\n<td data-start=\"1110\" data-end=\"1133\" data-col-size=\"sm\">\ud83d\udccf Capacit\u00e9<\/td>\n<td data-col-size=\"sm\" data-start=\"1133\" data-end=\"1145\">2 Litres<\/td>\n<\/tr>\n<tr data-start=\"1146\" data-end=\"1179\">\n<td data-start=\"1146\" data-end=\"1168\" data-col-size=\"sm\">\u26a1 Puissance<\/td>\n<td data-start=\"1168\" data-end=\"1179\" data-col-size=\"sm\">\u2248 1500W<\/td>\n<\/tr>\n<tr data-start=\"1180\" data-end=\"1227\">\n<td data-start=\"1180\" data-end=\"1203\" data-col-size=\"sm\">\ud83d\udd0c Alimentation<\/td>\n<td data-start=\"1203\" data-end=\"1227\" data-col-size=\"sm\">\u00c9lectrique (secteur)<\/td>\n<\/tr>\n<tr data-start=\"1228\" data-end=\"1272\">\n<td data-start=\"1228\" data-end=\"1251\" data-col-size=\"sm\">\ud83d\udd12 S\u00e9curit\u00e9<\/td>\n<td data-col-size=\"sm\" data-start=\"1251\" data-end=\"1272\">Arr\u00eat automatique<\/td>\n<\/tr>\n<tr data-start=\"1273\" data-end=\"1306\">\n<td data-start=\"1273\" data-end=\"1296\" data-col-size=\"sm\">\ud83c\udf21\ufe0f Chauffage<\/td>\n<td data-start=\"1296\" data-end=\"1306\" data-col-size=\"sm\">Rapide<\/td>\n<\/tr>\n<tr data-start=\"1307\" data-end=\"1353\">\n<td data-start=\"1307\" data-end=\"1330\" data-col-size=\"sm\">\ud83e\uddf1 Mat\u00e9riau<\/td>\n<td data-col-size=\"sm\" data-start=\"1330\" data-end=\"1353\">Plastique r\u00e9sistant<\/td>\n<\/tr>\n<tr data-start=\"1354\" data-end=\"1407\">\n<td data-start=\"1354\" data-end=\"1377\" data-col-size=\"sm\">\ud83c\udfa8 Couleur<\/td>\n<td data-start=\"1377\" data-end=\"1407\" data-col-size=\"sm\">Bleu \/ rose (selon mod\u00e8le)<\/td>\n<\/tr>\n<tr data-start=\"1408\" data-end=\"1453\">\n<td data-start=\"1408\" data-end=\"1431\" data-col-size=\"sm\">\ud83d\udd04 Utilisation<\/td>\n<td data-start=\"1431\" data-end=\"1453\" data-col-size=\"sm\">Th\u00e9, caf\u00e9, cuisine<\/td>\n<\/tr>\n<tr data-start=\"1454\" data-end=\"1503\">\n<td data-start=\"1454\" data-end=\"1477\" data-col-size=\"sm\">\ud83c\udf92 Design<\/td>\n<td data-start=\"1477\" data-end=\"1503\" data-col-size=\"sm\">Compact et ergonomique<\/td>\n<\/tr>\n<\/tbody>\n<\/table>\n<\/div>\n<\/div>\n<hr data-start=\"1505\" data-end=\"1508\" \/>\n<h2 data-section-id=\"pvsbnh\" data-start=\"1510\" data-end=\"1534\">\ud83d\udce6 Contenu du colis<\/h2>\n<ul data-start=\"1536\" data-end=\"1629\">\n<li data-section-id=\"1jr1o3s\" data-start=\"1536\" data-end=\"1572\">1 \u00d7 Bouilloire \u00e9lectrique RAF 2L<\/li>\n<li data-section-id=\"5ivyr1\" data-start=\"1573\" data-end=\"1600\">1 \u00d7 Base d\u2019alimentation<\/li>\n<li data-section-id=\"euolri\" data-start=\"1601\" data-end=\"1629\">1 \u00d7 Manuel d\u2019utilisation<\/li>\n<\/ul>\n<hr data-start=\"1631\" data-end=\"1634\" \/>\n<h2 data-section-id=\"13b3ls7\" data-start=\"1636\" data-end=\"1654\">\ud83c\udfaf Id\u00e9al pour<\/h2>\n<ul data-start=\"1656\" data-end=\"1735\">\n<li data-section-id=\"1lub2g3\" data-start=\"1656\" data-end=\"1669\">Maison \ud83c\udfe0<\/li>\n<li data-section-id=\"1gl03h\" data-start=\"1670\" data-end=\"1683\">Bureau \ud83d\udcbc<\/li>\n<li data-section-id=\"m9qkve\" data-start=\"1684\" data-end=\"1700\">\u00c9tudiants \ud83c\udf93<\/li>\n<li data-section-id=\"1ljiwm9\" data-start=\"1701\" data-end=\"1735\">Pr\u00e9paration rapide de boissons<\/li>\n<\/ul>\n<hr data-start=\"1737\" data-end=\"1740\" \/>\n<h2 data-section-id=\"1trosze\" data-start=\"1742\" data-end=\"1785\">\ud83d\udca1 Pourquoi choisir cette bouilloire ?<\/h2>\n<p data-start=\"1786\" data-end=\"1981\">Cette bouilloire est parfaite pour ceux qui veulent <strong data-start=\"1838\" data-end=\"1874\">rapidit\u00e9, simplicit\u00e9 et s\u00e9curit\u00e9<\/strong> au quotidien. Elle permet de chauffer de grandes quantit\u00e9s d\u2019eau facilement, tout en \u00e9conomisant du temps<\/p>\n","protected":false},"excerpt":{"rendered":"<p>Pr\u00e9pare tes boissons chaudes en un clin d\u2019\u0153il \u2615 avec la bouilloire \u00e9lectrique RAF 2 litres. Gr\u00e2ce \u00e0 sa grande capacit\u00e9 et sa puissance \u00e9lev\u00e9e, elle chauffe l\u2019eau rapidement pour le th\u00e9, le caf\u00e9 ou la cuisine. Son syst\u00e8me d\u2019arr\u00eat automatique garantit une utilisation s\u00e9curis\u00e9e et pratique. Avec son design moderne et \u00e9l\u00e9gant, elle s\u2019int\u00e8gre&hellip;<\/p>\n","protected":false},"featured_media":17051,"comment_status":"open","ping_status":"closed","template":"","meta":[],"product_cat":[100],"product_tag":[],"class_list":{"0":"post-17047","1":"product","2":"type-product","3":"status-publish","4":"has-post-thumbnail","6":"product_cat-electromenager","8":"first","9":"instock","10":"sale","11":"shipping-taxable","12":"purchasable","13":"product-type-simple","14":"col-xs-6 col-sm-4","15":"col-md-3 col-lg-3","16":"un-4-cols"},"_links":{"self":[{"href":"https:\/\/www.vazy.market\/index.php\/wp-json\/wp\/v2\/product\/17047","targetHints":{"allow":["GET"]}}],"collection":[{"href":"https:\/\/www.vazy.market\/index.php\/wp-json\/wp\/v2\/product"}],"about":[{"href":"https:\/\/www.vazy.market\/index.php\/wp-json\/wp\/v2\/types\/product"}],"replies":[{"embeddable":true,"href":"https:\/\/www.vazy.market\/index.php\/wp-json\/wp\/v2\/comments?post=17047"}],"wp:featuredmedia":[{"embeddable":true,"href":"https:\/\/www.vazy.market\/index.php\/wp-json\/wp\/v2\/media\/17051"}],"wp:attachment":[{"href":"https:\/\/www.vazy.market\/index.php\/wp-json\/wp\/v2\/media?parent=17047"}],"wp:term":[{"taxonomy":"product_cat","embeddable":true,"href":"https:\/\/www.vazy.market\/index.php\/wp-json\/wp\/v2\/product_cat?post=17047"},{"taxonomy":"product_tag","embeddable":true,"href":"https:\/\/www.vazy.market\/index.php\/wp-json\/wp\/v2\/product_tag?post=17047"}],"curies":[{"name":"wp","href":"https:\/\/api.w.org\/{rel}","templated":true}]}}