{"id":17029,"date":"2026-03-21T09:32:47","date_gmt":"2026-03-21T09:32:47","guid":{"rendered":"https:\/\/www.vazy.market\/?post_type=product&#038;p=17029"},"modified":"2026-03-24T22:24:31","modified_gmt":"2026-03-24T22:24:31","slug":"seche-cheveux-professionnel-waer-5000w-puissant-ionique-salon","status":"publish","type":"product","link":"https:\/\/www.vazy.market\/index.php\/product\/seche-cheveux-professionnel-waer-5000w-puissant-ionique-salon\/","title":{"rendered":"\ud83d\udca8 S\u00e8che-cheveux Professionnel WAER 5000W \u2013 Puissant | Ionique | Salon"},"content":{"rendered":"<p data-start=\"247\" data-end=\"359\">Obtiens un s\u00e9chage rapide et un r\u00e9sultat digne d\u2019un salon avec le <strong data-start=\"313\" data-end=\"355\">s\u00e8che-cheveux professionnel WAER 5000W<\/strong> \ud83d\udca8.<\/p>\n<p data-start=\"361\" data-end=\"576\">Gr\u00e2ce \u00e0 sa <strong data-start=\"372\" data-end=\"392\">puissance \u00e9lev\u00e9e<\/strong>, il s\u00e8che les cheveux en un temps record tout en les laissant <strong data-start=\"455\" data-end=\"486\">doux, brillants et prot\u00e9g\u00e9s<\/strong>. Sa technologie ionique aide \u00e0 r\u00e9duire les frisottis et \u00e0 am\u00e9liorer la qualit\u00e9 du cheveu.<\/p>\n<p data-start=\"578\" data-end=\"676\">Id\u00e9al pour un usage personnel ou professionnel, il combine <strong data-start=\"637\" data-end=\"675\">performance, confort et efficacit\u00e9<\/strong>.<\/p>\n<hr data-start=\"678\" data-end=\"681\" \/>\n<h2 data-section-id=\"17dpq8e\" data-start=\"683\" data-end=\"702\">\u2728 Points forts<\/h2>\n<p data-start=\"704\" data-end=\"1008\">\u2714\ufe0f <strong data-start=\"707\" data-end=\"756\">Puissance \u00e9lev\u00e9e 5000W (s\u00e9chage ultra rapide)<\/strong> \u26a1<br data-start=\"758\" data-end=\"761\" \/>\u2714\ufe0f <strong data-start=\"764\" data-end=\"815\">Technologie ionique (cheveux doux et brillants)<\/strong><br data-start=\"815\" data-end=\"818\" \/>\u2714\ufe0f <strong data-start=\"821\" data-end=\"870\">Embout concentrateur inclus (coiffage pr\u00e9cis)<\/strong><br data-start=\"870\" data-end=\"873\" \/>\u2714\ufe0f <strong data-start=\"876\" data-end=\"923\">Plusieurs niveaux de temp\u00e9rature et vitesse<\/strong><br data-start=\"923\" data-end=\"926\" \/>\u2714\ufe0f <strong data-start=\"929\" data-end=\"960\">Design ergonomique et l\u00e9ger<\/strong><br data-start=\"960\" data-end=\"963\" \/>\u2714\ufe0f <strong data-start=\"966\" data-end=\"1006\">Faible bruit (confort d\u2019utilisation)<\/strong><\/p>\n<hr data-start=\"1010\" data-end=\"1013\" \/>\n<h2 data-section-id=\"1uyu6z3\" data-start=\"1015\" data-end=\"1038\">\ud83d\udcca Fiche technique<\/h2>\n<div class=\"TyagGW_tableContainer\">\n<div class=\"group TyagGW_tableWrapper flex flex-col-reverse w-fit\" tabindex=\"-1\">\n<table class=\"w-fit min-w-(--thread-content-width)\" data-start=\"1040\" data-end=\"1653\">\n<thead data-start=\"1040\" data-end=\"1076\">\n<tr data-start=\"1040\" data-end=\"1076\">\n<th class=\"\" data-start=\"1040\" data-end=\"1065\" data-col-size=\"sm\">Caract\u00e9ristique<\/th>\n<th class=\"\" data-start=\"1065\" data-end=\"1076\" data-col-size=\"sm\">D\u00e9tails<\/th>\n<\/tr>\n<\/thead>\n<tbody data-start=\"1111\" data-end=\"1653\">\n<tr data-start=\"1111\" data-end=\"1176\">\n<td data-start=\"1111\" data-end=\"1134\" data-col-size=\"sm\">\ud83d\udca8 Type<\/td>\n<td data-start=\"1134\" data-end=\"1176\" data-col-size=\"sm\">S\u00e8che-cheveux \u00e9lectrique professionnel<\/td>\n<\/tr>\n<tr data-start=\"1177\" data-end=\"1208\">\n<td data-start=\"1177\" data-end=\"1199\" data-col-size=\"sm\">\u26a1 Puissance<\/td>\n<td data-start=\"1199\" data-end=\"1208\" data-col-size=\"sm\">5000W<\/td>\n<\/tr>\n<tr data-start=\"1209\" data-end=\"1265\">\n<td data-start=\"1209\" data-end=\"1233\" data-col-size=\"sm\">\ud83c\udf21\ufe0f Temp\u00e9rature<\/td>\n<td data-start=\"1233\" data-end=\"1265\" data-col-size=\"sm\">R\u00e9glable (plusieurs niveaux)<\/td>\n<\/tr>\n<tr data-start=\"1266\" data-end=\"1312\">\n<td data-start=\"1266\" data-end=\"1290\" data-col-size=\"sm\">\ud83c\udf2c\ufe0f Vitesse<\/td>\n<td data-start=\"1290\" data-end=\"1312\" data-col-size=\"sm\">Plusieurs vitesses<\/td>\n<\/tr>\n<tr data-start=\"1313\" data-end=\"1364\">\n<td data-start=\"1313\" data-end=\"1336\" data-col-size=\"sm\">\ud83d\udc8e Technologie<\/td>\n<td data-start=\"1336\" data-end=\"1364\" data-col-size=\"sm\">Ionique (anti-frisottis)<\/td>\n<\/tr>\n<tr data-start=\"1365\" data-end=\"1412\">\n<td data-start=\"1365\" data-end=\"1388\" data-col-size=\"sm\">\ud83d\udd0c Alimentation<\/td>\n<td data-start=\"1388\" data-end=\"1412\" data-col-size=\"sm\">\u00c9lectrique (secteur)<\/td>\n<\/tr>\n<tr data-start=\"1413\" data-end=\"1460\">\n<td data-start=\"1413\" data-end=\"1436\" data-col-size=\"sm\">\ud83c\udfaf Accessoires<\/td>\n<td data-start=\"1436\" data-end=\"1460\" data-col-size=\"sm\">Embout concentrateur<\/td>\n<\/tr>\n<tr data-start=\"1461\" data-end=\"1500\">\n<td data-start=\"1461\" data-end=\"1484\" data-col-size=\"sm\">\ud83d\udd0a Niveau sonore<\/td>\n<td data-start=\"1484\" data-end=\"1500\" data-col-size=\"sm\">Faible bruit<\/td>\n<\/tr>\n<tr data-start=\"1501\" data-end=\"1546\">\n<td data-start=\"1501\" data-end=\"1524\" data-col-size=\"sm\">\ud83e\udeb6 Design<\/td>\n<td data-col-size=\"sm\" data-start=\"1524\" data-end=\"1546\">Ergonomique, l\u00e9ger<\/td>\n<\/tr>\n<tr data-start=\"1547\" data-end=\"1600\">\n<td data-start=\"1547\" data-end=\"1570\" data-col-size=\"sm\">\ud83c\udfa8 Couleur<\/td>\n<td data-start=\"1570\" data-end=\"1600\" data-col-size=\"sm\">Bleu \/ vert (selon mod\u00e8le)<\/td>\n<\/tr>\n<tr data-start=\"1601\" data-end=\"1653\">\n<td data-start=\"1601\" data-end=\"1624\" data-col-size=\"sm\">\ud83c\udf92 Utilisation<\/td>\n<td data-start=\"1624\" data-end=\"1653\" data-col-size=\"sm\">Maison, salon de coiffure<\/td>\n<\/tr>\n<\/tbody>\n<\/table>\n<\/div>\n<\/div>\n<hr data-start=\"1655\" data-end=\"1658\" \/>\n<h2 data-section-id=\"pvsbnh\" data-start=\"1660\" data-end=\"1684\">\ud83d\udce6 Contenu du colis<\/h2>\n<ul data-start=\"1686\" data-end=\"1776\">\n<li data-section-id=\"18tw0np\" data-start=\"1686\" data-end=\"1718\">1 \u00d7 S\u00e8che-cheveux WAER 5000W<\/li>\n<li data-section-id=\"hhzgup\" data-start=\"1719\" data-end=\"1747\">1 \u00d7 Embout concentrateur<\/li>\n<li data-section-id=\"euolri\" data-start=\"1748\" data-end=\"1776\">1 \u00d7 Manuel d\u2019utilisation<\/li>\n<\/ul>\n<hr data-start=\"1778\" data-end=\"1781\" \/>\n<h2 data-section-id=\"13b3ls7\" data-start=\"1783\" data-end=\"1801\">\ud83c\udfaf Id\u00e9al pour<\/h2>\n<ul data-start=\"1803\" data-end=\"1912\">\n<li data-section-id=\"1s5ewcl\" data-start=\"1803\" data-end=\"1828\">Usage quotidien \ud83d\udc87\u200d\u2640\ufe0f<\/li>\n<li data-section-id=\"e5kuf7\" data-start=\"1829\" data-end=\"1854\">Salons de coiffure \ud83d\udcbc<\/li>\n<li data-section-id=\"bheg1o\" data-start=\"1855\" data-end=\"1886\">Coiffage rapide et efficace<\/li>\n<li data-section-id=\"lh18q7\" data-start=\"1887\" data-end=\"1912\">Tous types de cheveux<\/li>\n<\/ul>\n<hr data-start=\"1914\" data-end=\"1917\" \/>\n<h2 data-section-id=\"14b8g7r\" data-start=\"1919\" data-end=\"1962\">\ud83d\udca1 Pourquoi choisir ce s\u00e8che-cheveux ?<\/h2>\n<p data-start=\"1963\" data-end=\"2134\">Ce s\u00e8che-cheveux est parfait pour ceux qui recherchent <strong data-start=\"2018\" data-end=\"2067\">puissance, rapidit\u00e9 et r\u00e9sultat professionnel<\/strong>. Il permet de gagner du temps tout en prenant soin de tes cheveux.<\/p>\n","protected":false},"excerpt":{"rendered":"<p>Obtiens un s\u00e9chage rapide et un r\u00e9sultat digne d\u2019un salon avec le s\u00e8che-cheveux professionnel WAER 5000W \ud83d\udca8. Gr\u00e2ce \u00e0 sa puissance \u00e9lev\u00e9e, il s\u00e8che les cheveux en un temps record tout en les laissant doux, brillants et prot\u00e9g\u00e9s. Sa technologie ionique aide \u00e0 r\u00e9duire les frisottis et \u00e0 am\u00e9liorer la qualit\u00e9 du cheveu. Id\u00e9al pour&hellip;<\/p>\n","protected":false},"featured_media":17032,"comment_status":"open","ping_status":"closed","template":"","meta":[],"product_cat":[73,24],"product_tag":[],"class_list":{"0":"post-17029","1":"product","2":"type-product","3":"status-publish","4":"has-post-thumbnail","6":"product_brand-waer","7":"product_cat-beaute-sante","8":"product_cat-uncategorized","10":"first","11":"instock","12":"sale","13":"shipping-taxable","14":"purchasable","15":"product-type-simple","16":"col-xs-6 col-sm-4","17":"col-md-3 col-lg-3","18":"un-4-cols"},"_links":{"self":[{"href":"https:\/\/www.vazy.market\/index.php\/wp-json\/wp\/v2\/product\/17029","targetHints":{"allow":["GET"]}}],"collection":[{"href":"https:\/\/www.vazy.market\/index.php\/wp-json\/wp\/v2\/product"}],"about":[{"href":"https:\/\/www.vazy.market\/index.php\/wp-json\/wp\/v2\/types\/product"}],"replies":[{"embeddable":true,"href":"https:\/\/www.vazy.market\/index.php\/wp-json\/wp\/v2\/comments?post=17029"}],"wp:featuredmedia":[{"embeddable":true,"href":"https:\/\/www.vazy.market\/index.php\/wp-json\/wp\/v2\/media\/17032"}],"wp:attachment":[{"href":"https:\/\/www.vazy.market\/index.php\/wp-json\/wp\/v2\/media?parent=17029"}],"wp:term":[{"taxonomy":"product_cat","embeddable":true,"href":"https:\/\/www.vazy.market\/index.php\/wp-json\/wp\/v2\/product_cat?post=17029"},{"taxonomy":"product_tag","embeddable":true,"href":"https:\/\/www.vazy.market\/index.php\/wp-json\/wp\/v2\/product_tag?post=17029"}],"curies":[{"name":"wp","href":"https:\/\/api.w.org\/{rel}","templated":true}]}}