{"id":17025,"date":"2026-03-21T09:24:35","date_gmt":"2026-03-21T09:24:35","guid":{"rendered":"https:\/\/www.vazy.market\/?post_type=product&#038;p=17025"},"modified":"2026-03-24T22:26:39","modified_gmt":"2026-03-24T22:26:39","slug":"lot-de-2-cables-4-en-1","status":"publish","type":"product","link":"https:\/\/www.vazy.market\/index.php\/product\/lot-de-2-cables-4-en-1\/","title":{"rendered":"\ud83d\udd0c Lot de 2 C\u00e2bles 4 en 1 \u2013 Charge ultra rapide 65W | Type-C &#038; Lightning | Universel"},"content":{"rendered":"<p data-start=\"324\" data-end=\"433\">Simplifie ta vie avec ce <strong data-start=\"349\" data-end=\"389\">lot de 2 c\u00e2bles 4 en 1 ultra rapides<\/strong> \ud83d\udd0c. Un seul c\u00e2ble pour tous tes appareils !<\/p>\n<p data-start=\"435\" data-end=\"597\">Gr\u00e2ce \u00e0 ses <strong data-start=\"447\" data-end=\"506\">connecteurs multiples (USB-A, USB-C, Lightning, Type-C)<\/strong>, ce c\u00e2ble est compatible avec <strong data-start=\"537\" data-end=\"596\">Android, iPhone, tablettes et m\u00eame certains ordinateurs<\/strong>.<\/p>\n<p data-start=\"599\" data-end=\"797\">Avec une puissance allant jusqu\u2019\u00e0 <strong data-start=\"633\" data-end=\"668\">65W en USB-C et 27W pour iPhone<\/strong>, tu profites d\u2019une <strong data-start=\"688\" data-end=\"717\">charge rapide et efficace<\/strong> \u00e0 la maison, au bureau ou en d\u00e9placement.<\/p>\n<hr data-start=\"799\" data-end=\"802\" \/>\n<h2 data-section-id=\"17dpq8e\" data-start=\"804\" data-end=\"823\">\u2728 Points forts<\/h2>\n<p data-start=\"825\" data-end=\"1214\">\u2714\ufe0f <strong data-start=\"828\" data-end=\"884\">C\u00e2ble 4 en 1 (un seul c\u00e2ble pour tous tes appareils)<\/strong><br data-start=\"884\" data-end=\"887\" \/>\u2714\ufe0f <strong data-start=\"890\" data-end=\"934\">Charge ultra rapide jusqu\u2019\u00e0 65W (Type-C)<\/strong> \u26a1 <br data-start=\"974\" data-end=\"977\" \/>\u2714\ufe0f <strong data-start=\"980\" data-end=\"1028\">Charge rapide iPhone jusqu\u2019\u00e0 27W (Lightning)<\/strong> \ud83d\udcf1 <br data-start=\"1069\" data-end=\"1072\" \/>\u2714\ufe0f <strong data-start=\"1075\" data-end=\"1120\">Compatible Android, iPhone, tablettes, PC<\/strong><br data-start=\"1120\" data-end=\"1123\" \/>\u2714\ufe0f <strong data-start=\"1126\" data-end=\"1160\">Lot de 2 (\u00e9conomie + pratique)<\/strong><br data-start=\"1160\" data-end=\"1163\" \/>\u2714\ufe0f <strong data-start=\"1166\" data-end=\"1212\">Design robuste et durable (souvent tress\u00e9)<\/strong><\/p>\n<hr data-start=\"1216\" data-end=\"1219\" \/>\n<h2 data-section-id=\"1uyu6z3\" data-start=\"1221\" data-end=\"1244\">\ud83d\udcca Fiche technique<\/h2>\n<div class=\"TyagGW_tableContainer\">\n<div class=\"group TyagGW_tableWrapper flex flex-col-reverse w-fit\" tabindex=\"-1\">\n<table class=\"w-fit min-w-(--thread-content-width)\" data-start=\"1246\" data-end=\"2007\">\n<thead data-start=\"1246\" data-end=\"1282\">\n<tr data-start=\"1246\" data-end=\"1282\">\n<th class=\"\" data-start=\"1246\" data-end=\"1271\" data-col-size=\"sm\">Caract\u00e9ristique<\/th>\n<th class=\"\" data-start=\"1271\" data-end=\"1282\" data-col-size=\"sm\">D\u00e9tails<\/th>\n<\/tr>\n<\/thead>\n<tbody data-start=\"1317\" data-end=\"2007\">\n<tr data-start=\"1317\" data-end=\"1366\">\n<td data-start=\"1317\" data-end=\"1340\" data-col-size=\"sm\">\ud83d\udd0c Type<\/td>\n<td data-start=\"1340\" data-end=\"1366\" data-col-size=\"sm\">C\u00e2ble de charge 4 en 1<\/td>\n<\/tr>\n<tr data-start=\"1367\" data-end=\"1408\">\n<td data-start=\"1367\" data-end=\"1391\" data-col-size=\"sm\">\ud83d\udd17 Connecteurs entr\u00e9e<\/td>\n<td data-col-size=\"sm\" data-start=\"1391\" data-end=\"1408\">USB-A + USB-C<\/td>\n<\/tr>\n<tr data-start=\"1409\" data-end=\"1455\">\n<td data-start=\"1409\" data-end=\"1433\" data-col-size=\"sm\">\ud83d\udd17 Connecteurs sortie<\/td>\n<td data-start=\"1433\" data-end=\"1455\" data-col-size=\"sm\">Type-C + Lightning<\/td>\n<\/tr>\n<tr data-start=\"1456\" data-end=\"1547\">\n<td data-start=\"1456\" data-end=\"1478\" data-col-size=\"sm\">\u26a1 Puissance Type-C<\/td>\n<td data-start=\"1478\" data-end=\"1547\" data-col-size=\"sm\">Jusqu\u2019\u00e0 65W (charge rapide)<\/td>\n<\/tr>\n<tr data-start=\"1548\" data-end=\"1634\">\n<td data-start=\"1548\" data-end=\"1572\" data-col-size=\"sm\">\u26a1 Puissance Lightning<\/td>\n<td data-start=\"1572\" data-end=\"1634\" data-col-size=\"sm\">Jusqu\u2019\u00e0 27W (iPhone)<\/td>\n<\/tr>\n<tr data-start=\"1635\" data-end=\"1701\">\n<td data-start=\"1635\" data-end=\"1658\" data-col-size=\"sm\">\ud83d\udd04 Technologie<\/td>\n<td data-start=\"1658\" data-end=\"1701\" data-col-size=\"sm\">Power Delivery (PD) \/ Quick Charge (QC)<\/td>\n<\/tr>\n<tr data-start=\"1702\" data-end=\"1785\">\n<td data-start=\"1702\" data-end=\"1725\" data-col-size=\"sm\">\ud83d\udce1 Transfert donn\u00e9es<\/td>\n<td data-start=\"1725\" data-end=\"1785\" data-col-size=\"sm\">Jusqu\u2019\u00e0 \u2248 480 Mbps<\/td>\n<\/tr>\n<tr data-start=\"1786\" data-end=\"1824\">\n<td data-start=\"1786\" data-end=\"1809\" data-col-size=\"sm\">\ud83d\udccf Longueur<\/td>\n<td data-start=\"1809\" data-end=\"1824\" data-col-size=\"sm\">\u2248 1 \u00e0 1,2 m<\/td>\n<\/tr>\n<tr data-start=\"1825\" data-end=\"1885\">\n<td data-start=\"1825\" data-end=\"1848\" data-col-size=\"sm\">\ud83e\uddf1 Mat\u00e9riau<\/td>\n<td data-start=\"1848\" data-end=\"1885\" data-col-size=\"sm\">Nylon tress\u00e9 \/ plastique renforc\u00e9<\/td>\n<\/tr>\n<tr data-start=\"1886\" data-end=\"1948\">\n<td data-start=\"1886\" data-end=\"1909\" data-col-size=\"sm\">\ud83d\udcf1 Compatibilit\u00e9<\/td>\n<td data-start=\"1909\" data-end=\"1948\" data-col-size=\"sm\">iPhone, Android, tablettes, laptops<\/td>\n<\/tr>\n<tr data-start=\"1949\" data-end=\"2007\">\n<td data-start=\"1949\" data-end=\"1972\" data-col-size=\"sm\">\ud83c\udf92 Utilisation<\/td>\n<td data-start=\"1972\" data-end=\"2007\" data-col-size=\"sm\">Maison, bureau, voiture, voyage<\/td>\n<\/tr>\n<\/tbody>\n<\/table>\n<\/div>\n<\/div>\n<hr data-start=\"2009\" data-end=\"2012\" \/>\n<h2 data-section-id=\"pvsbnh\" data-start=\"2014\" data-end=\"2038\">\ud83d\udce6 Contenu du colis<\/h2>\n<ul data-start=\"2040\" data-end=\"2120\">\n<li data-section-id=\"1lbc6i3\" data-start=\"2040\" data-end=\"2075\">2 \u00d7 C\u00e2bles 4 en 1 charge rapide<\/li>\n<li data-section-id=\"1exri29\" data-start=\"2076\" data-end=\"2120\">(Pas besoin d\u2019accessoires suppl\u00e9mentaires)<\/li>\n<\/ul>\n<hr data-start=\"2122\" data-end=\"2125\" \/>\n<h2 data-section-id=\"13b3ls7\" data-start=\"2127\" data-end=\"2145\">\ud83c\udfaf Id\u00e9al pour<\/h2>\n<ul data-start=\"2147\" data-end=\"2289\">\n<li data-section-id=\"me8wom\" data-start=\"2147\" data-end=\"2183\">Utilisateurs Android &amp; iPhone \ud83d\udcf1<\/li>\n<li data-section-id=\"1x7thuy\" data-start=\"2184\" data-end=\"2213\">Voyage et d\u00e9placements \u2708\ufe0f<\/li>\n<li data-section-id=\"1paqvdo\" data-start=\"2214\" data-end=\"2237\">Bureau et maison \ud83d\udcbb<\/li>\n<li data-section-id=\"1dj6abn\" data-start=\"2238\" data-end=\"2289\">Personnes fatigu\u00e9es de multiplier les c\u00e2bles \ud83d\ude05<\/li>\n<\/ul>\n<hr data-start=\"2291\" data-end=\"2294\" \/>\n<h2 data-section-id=\"kyfor9\" data-start=\"2296\" data-end=\"2331\">\ud83d\udca1 Pourquoi choisir ce c\u00e2ble ?<\/h2>\n<p data-start=\"2332\" data-end=\"2546\">Ce c\u00e2ble est une solution <strong data-start=\"2358\" data-end=\"2387\">tout-en-un ultra pratique<\/strong> : plus besoin de transporter plusieurs fils. Il combine <strong data-start=\"2444\" data-end=\"2486\">puissance, compatibilit\u00e9 et durabilit\u00e9<\/strong>, tout en offrant une charge rapide pour tous tes appareils.<\/p>\n","protected":false},"excerpt":{"rendered":"<p>Simplifie ta vie avec ce lot de 2 c\u00e2bles 4 en 1 ultra rapides \ud83d\udd0c. Un seul c\u00e2ble pour tous tes appareils ! Gr\u00e2ce \u00e0 ses connecteurs multiples (USB-A, USB-C, Lightning, Type-C), ce c\u00e2ble est compatible avec Android, iPhone, tablettes et m\u00eame certains ordinateurs. Avec une puissance allant jusqu\u2019\u00e0 65W en USB-C et 27W pour&hellip;<\/p>\n","protected":false},"featured_media":17028,"comment_status":"open","ping_status":"closed","template":"","meta":[],"product_cat":[78],"product_tag":[],"class_list":{"0":"post-17025","1":"product","2":"type-product","3":"status-publish","4":"has-post-thumbnail","6":"product_cat-accessoires","8":"first","9":"instock","10":"sale","11":"shipping-taxable","12":"purchasable","13":"product-type-simple","14":"col-xs-6 col-sm-4","15":"col-md-3 col-lg-3","16":"un-4-cols"},"_links":{"self":[{"href":"https:\/\/www.vazy.market\/index.php\/wp-json\/wp\/v2\/product\/17025","targetHints":{"allow":["GET"]}}],"collection":[{"href":"https:\/\/www.vazy.market\/index.php\/wp-json\/wp\/v2\/product"}],"about":[{"href":"https:\/\/www.vazy.market\/index.php\/wp-json\/wp\/v2\/types\/product"}],"replies":[{"embeddable":true,"href":"https:\/\/www.vazy.market\/index.php\/wp-json\/wp\/v2\/comments?post=17025"}],"wp:featuredmedia":[{"embeddable":true,"href":"https:\/\/www.vazy.market\/index.php\/wp-json\/wp\/v2\/media\/17028"}],"wp:attachment":[{"href":"https:\/\/www.vazy.market\/index.php\/wp-json\/wp\/v2\/media?parent=17025"}],"wp:term":[{"taxonomy":"product_cat","embeddable":true,"href":"https:\/\/www.vazy.market\/index.php\/wp-json\/wp\/v2\/product_cat?post=17025"},{"taxonomy":"product_tag","embeddable":true,"href":"https:\/\/www.vazy.market\/index.php\/wp-json\/wp\/v2\/product_tag?post=17025"}],"curies":[{"name":"wp","href":"https:\/\/api.w.org\/{rel}","templated":true}]}}