{"id":17021,"date":"2026-03-21T09:19:08","date_gmt":"2026-03-21T09:19:08","guid":{"rendered":"https:\/\/www.vazy.market\/?post_type=product&#038;p=17021"},"modified":"2026-04-06T03:19:35","modified_gmt":"2026-04-06T03:19:35","slug":"ecouteurs-bluetooth-oraimo-necklace-tour-de-cou-autonomie-30h-basses-puissantes","status":"publish","type":"product","link":"https:\/\/www.vazy.market\/index.php\/product\/ecouteurs-bluetooth-oraimo-necklace-tour-de-cou-autonomie-30h-basses-puissantes\/","title":{"rendered":"\ud83c\udfa7 \u00c9couteurs Bluetooth Oraimo Necklace \u2013 Tour de cou | Autonomie 30h | Basses puissantes"},"content":{"rendered":"<p data-start=\"343\" data-end=\"444\">Profite d\u2019un confort ultime et d\u2019un son puissant avec les <strong data-start=\"401\" data-end=\"440\">\u00e9couteurs Bluetooth Oraimo Necklace<\/strong> \ud83c\udfa7.<\/p>\n<p data-start=\"446\" data-end=\"711\">Con\u00e7us en format <strong data-start=\"463\" data-end=\"490\">tour de cou ergonomique<\/strong>, ils offrent une tenue parfaite et une utilisation confortable toute la journ\u00e9e. Gr\u00e2ce \u00e0 leur <strong data-start=\"585\" data-end=\"631\">autonomie longue dur\u00e9e (jusqu\u2019\u00e0 30 heures)<\/strong>, tu peux \u00e9couter ta musique, passer des appels ou travailler sans interruption.<\/p>\n<p data-start=\"713\" data-end=\"846\">Leur technologie audio avanc\u00e9e d\u00e9livre des <strong data-start=\"756\" data-end=\"792\">basses profondes et un son clair<\/strong>, id\u00e9al pour le sport, les d\u00e9placements ou le travail.<\/p>\n<hr data-start=\"848\" data-end=\"851\" \/>\n<h2 data-section-id=\"17dpq8e\" data-start=\"853\" data-end=\"872\">\u2728 Points forts<\/h2>\n<p data-start=\"874\" data-end=\"1422\">\u2714\ufe0f <strong data-start=\"877\" data-end=\"908\">Autonomie jusqu\u2019\u00e0 30 heures<\/strong> \ud83d\udd0b <br data-start=\"949\" data-end=\"952\" \/>\u2714\ufe0f <strong data-start=\"955\" data-end=\"989\">Bluetooth 5.3 stable et rapide<\/strong> \ud83d\udcf6 <br data-start=\"1030\" data-end=\"1033\" \/>\u2714\ufe0f <strong data-start=\"1036\" data-end=\"1079\">Design tour de cou confortable et l\u00e9ger<\/strong><br data-start=\"1079\" data-end=\"1082\" \/>\u2714\ufe0f <strong data-start=\"1085\" data-end=\"1132\">\u00c9couteurs magn\u00e9tiques (anti-enchev\u00eatrement)<\/strong> <br data-start=\"1170\" data-end=\"1173\" \/>\u2714\ufe0f <strong data-start=\"1176\" data-end=\"1213\">Basses puissantes (drivers 10 mm)<\/strong> <br data-start=\"1251\" data-end=\"1254\" \/>\u2714\ufe0f <strong data-start=\"1257\" data-end=\"1298\">R\u00e9duction de bruit pour appels clairs<\/strong> <br data-start=\"1336\" data-end=\"1339\" \/>\u2714\ufe0f <strong data-start=\"1342\" data-end=\"1382\">R\u00e9sistant \u00e0 la transpiration (sport)<\/strong><\/p>\n<hr data-start=\"1424\" data-end=\"1427\" \/>\n<h2 data-section-id=\"1uyu6z3\" data-start=\"1429\" data-end=\"1452\">\ud83d\udcca Fiche technique<\/h2>\n<div class=\"TyagGW_tableContainer\">\n<div class=\"group TyagGW_tableWrapper flex flex-col-reverse w-fit\" tabindex=\"-1\">\n<table class=\"w-fit min-w-(--thread-content-width)\" data-start=\"1454\" data-end=\"2359\">\n<thead data-start=\"1454\" data-end=\"1490\">\n<tr data-start=\"1454\" data-end=\"1490\">\n<th class=\"\" data-start=\"1454\" data-end=\"1479\" data-col-size=\"sm\">Caract\u00e9ristique<\/th>\n<th class=\"\" data-start=\"1479\" data-end=\"1490\" data-col-size=\"sm\">D\u00e9tails<\/th>\n<\/tr>\n<\/thead>\n<tbody data-start=\"1525\" data-end=\"2359\">\n<tr data-start=\"1525\" data-end=\"1583\">\n<td data-start=\"1525\" data-end=\"1548\" data-col-size=\"sm\">\ud83c\udfa7 Type<\/td>\n<td data-start=\"1548\" data-end=\"1583\" data-col-size=\"sm\">\u00c9couteurs Bluetooth tour de cou<\/td>\n<\/tr>\n<tr data-start=\"1584\" data-end=\"1652\">\n<td data-start=\"1584\" data-end=\"1607\" data-col-size=\"sm\">\ud83d\udcf6 Version Bluetooth<\/td>\n<td data-start=\"1607\" data-end=\"1652\" data-col-size=\"sm\">5.3<\/td>\n<\/tr>\n<tr data-start=\"1653\" data-end=\"1729\">\n<td data-start=\"1653\" data-end=\"1676\" data-col-size=\"sm\">\ud83d\udce1 Port\u00e9e<\/td>\n<td data-start=\"1676\" data-end=\"1729\" data-col-size=\"sm\">\u2248 10 m\u00e8tres<\/td>\n<\/tr>\n<tr data-start=\"1730\" data-end=\"1804\">\n<td data-start=\"1730\" data-end=\"1753\" data-col-size=\"sm\">\ud83d\udd0b Batterie<\/td>\n<td data-start=\"1753\" data-end=\"1804\" data-col-size=\"sm\">\u2248 220 mAh<\/td>\n<\/tr>\n<tr data-start=\"1805\" data-end=\"1889\">\n<td data-start=\"1805\" data-end=\"1828\" data-col-size=\"sm\">\ud83d\udd0b Autonomie<\/td>\n<td data-start=\"1828\" data-end=\"1889\" data-col-size=\"sm\">Jusqu\u2019\u00e0 30 heures<\/td>\n<\/tr>\n<tr data-start=\"1890\" data-end=\"1966\">\n<td data-start=\"1890\" data-end=\"1912\" data-col-size=\"sm\">\u26a1 Recharge<\/td>\n<td data-start=\"1912\" data-end=\"1966\" data-col-size=\"sm\">USB Type-C<\/td>\n<\/tr>\n<tr data-start=\"1967\" data-end=\"2022\">\n<td data-start=\"1967\" data-end=\"1989\" data-col-size=\"sm\">\ud83c\udfb6 Audio<\/td>\n<td data-start=\"1989\" data-end=\"2022\" data-col-size=\"sm\">St\u00e9r\u00e9o avec basses renforc\u00e9es<\/td>\n<\/tr>\n<tr data-start=\"2023\" data-end=\"2074\">\n<td data-start=\"2023\" data-end=\"2046\" data-col-size=\"sm\">\ud83c\udfa4 Microphone<\/td>\n<td data-start=\"2046\" data-end=\"2074\" data-col-size=\"sm\">Oui (r\u00e9duction de bruit)<\/td>\n<\/tr>\n<tr data-start=\"2075\" data-end=\"2119\">\n<td data-start=\"2075\" data-end=\"2099\" data-col-size=\"sm\">\ud83c\udf9b\ufe0f Commandes<\/td>\n<td data-start=\"2099\" data-end=\"2119\" data-col-size=\"sm\">Boutons int\u00e9gr\u00e9s<\/td>\n<\/tr>\n<tr data-start=\"2120\" data-end=\"2158\">\n<td data-start=\"2120\" data-end=\"2143\" data-col-size=\"sm\">\ud83e\uddf2 \u00c9couteurs<\/td>\n<td data-start=\"2143\" data-end=\"2158\" data-col-size=\"sm\">Magn\u00e9tiques<\/td>\n<\/tr>\n<tr data-start=\"2159\" data-end=\"2253\">\n<td data-start=\"2159\" data-end=\"2182\" data-col-size=\"sm\">\ud83d\udca7 R\u00e9sistance<\/td>\n<td data-start=\"2182\" data-end=\"2253\" data-col-size=\"sm\">IPX4 (r\u00e9sistant \u00e0 la sueur)<\/td>\n<\/tr>\n<tr data-start=\"2254\" data-end=\"2300\">\n<td data-start=\"2254\" data-end=\"2277\" data-col-size=\"sm\">\ud83d\udcf1 Compatibilit\u00e9<\/td>\n<td data-start=\"2277\" data-end=\"2300\" data-col-size=\"sm\">Android, iPhone, PC<\/td>\n<\/tr>\n<tr data-start=\"2301\" data-end=\"2359\">\n<td data-start=\"2301\" data-end=\"2324\" data-col-size=\"sm\">\ud83c\udf92 Design<\/td>\n<td data-start=\"2324\" data-end=\"2359\" data-col-size=\"sm\">L\u00e9ger, ergonomique, tour de cou<\/td>\n<\/tr>\n<\/tbody>\n<\/table>\n<\/div>\n<\/div>\n<hr data-start=\"2361\" data-end=\"2364\" \/>\n<h2 data-section-id=\"pvsbnh\" data-start=\"2366\" data-end=\"2390\">\ud83d\udce6 Contenu du colis<\/h2>\n<ul data-start=\"2392\" data-end=\"2487\">\n<li data-section-id=\"6nzw9w\" data-start=\"2392\" data-end=\"2425\">1 \u00d7 \u00c9couteurs Oraimo Necklace<\/li>\n<li data-section-id=\"n1gzxa\" data-start=\"2426\" data-end=\"2458\">1 \u00d7 C\u00e2ble de recharge Type-C<\/li>\n<li data-section-id=\"euolri\" data-start=\"2459\" data-end=\"2487\">1 \u00d7 Manuel d\u2019utilisation<\/li>\n<\/ul>\n<hr data-start=\"2489\" data-end=\"2492\" \/>\n<h2 data-section-id=\"13b3ls7\" data-start=\"2494\" data-end=\"2512\">\ud83c\udfaf Id\u00e9al pour<\/h2>\n<ul data-start=\"2514\" data-end=\"2624\">\n<li data-section-id=\"2pkt1e\" data-start=\"2514\" data-end=\"2536\">Sport \/ fitness \ud83c\udfc3<\/li>\n<li data-section-id=\"5v46gk\" data-start=\"2537\" data-end=\"2561\">Travail et appels \ud83d\udcde<\/li>\n<li data-section-id=\"sdp8n5\" data-start=\"2562\" data-end=\"2576\">Musique \ud83c\udfb6<\/li>\n<li data-section-id=\"13hvtas\" data-start=\"2577\" data-end=\"2596\">D\u00e9placements \ud83d\udeb6<\/li>\n<li data-section-id=\"od7msw\" data-start=\"2597\" data-end=\"2624\">Utilisation quotidienne<\/li>\n<\/ul>\n<hr data-start=\"2626\" data-end=\"2629\" \/>\n<h2 data-section-id=\"1q1losv\" data-start=\"2631\" data-end=\"2667\">\ud83d\udca1 Pourquoi choisir ce casque ?<\/h2>\n<p data-start=\"2668\" data-end=\"2895\">Les Oraimo Necklace sont parfaits pour ceux qui veulent <strong data-start=\"2724\" data-end=\"2770\">une grande autonomie + confort + stabilit\u00e9<\/strong>. Contrairement aux \u00e9couteurs classiques, ils restent bien en place et offrent une <strong data-start=\"2853\" data-end=\"2894\">utilisation longue dur\u00e9e sans fatigue<\/strong>.<\/p>\n","protected":false},"excerpt":{"rendered":"<p>Profite d\u2019un confort ultime et d\u2019un son puissant avec les \u00e9couteurs Bluetooth Oraimo Necklace \ud83c\udfa7. Con\u00e7us en format tour de cou ergonomique, ils offrent une tenue parfaite et une utilisation confortable toute la journ\u00e9e. Gr\u00e2ce \u00e0 leur autonomie longue dur\u00e9e (jusqu\u2019\u00e0 30 heures), tu peux \u00e9couter ta musique, passer des appels ou travailler sans interruption.&hellip;<\/p>\n","protected":false},"featured_media":17742,"comment_status":"open","ping_status":"closed","template":"","meta":[],"product_cat":[78,127],"product_tag":[],"class_list":{"0":"post-17021","1":"product","2":"type-product","3":"status-publish","4":"has-post-thumbnail","6":"product_brand-oraimo","7":"product_cat-accessoires","8":"product_cat-casques-audio","10":"first","11":"instock","12":"sale","13":"shipping-taxable","14":"purchasable","15":"product-type-simple","16":"col-xs-6 col-sm-4","17":"col-md-3 col-lg-3","18":"un-4-cols"},"_links":{"self":[{"href":"https:\/\/www.vazy.market\/index.php\/wp-json\/wp\/v2\/product\/17021","targetHints":{"allow":["GET"]}}],"collection":[{"href":"https:\/\/www.vazy.market\/index.php\/wp-json\/wp\/v2\/product"}],"about":[{"href":"https:\/\/www.vazy.market\/index.php\/wp-json\/wp\/v2\/types\/product"}],"replies":[{"embeddable":true,"href":"https:\/\/www.vazy.market\/index.php\/wp-json\/wp\/v2\/comments?post=17021"}],"wp:featuredmedia":[{"embeddable":true,"href":"https:\/\/www.vazy.market\/index.php\/wp-json\/wp\/v2\/media\/17742"}],"wp:attachment":[{"href":"https:\/\/www.vazy.market\/index.php\/wp-json\/wp\/v2\/media?parent=17021"}],"wp:term":[{"taxonomy":"product_cat","embeddable":true,"href":"https:\/\/www.vazy.market\/index.php\/wp-json\/wp\/v2\/product_cat?post=17021"},{"taxonomy":"product_tag","embeddable":true,"href":"https:\/\/www.vazy.market\/index.php\/wp-json\/wp\/v2\/product_tag?post=17021"}],"curies":[{"name":"wp","href":"https:\/\/api.w.org\/{rel}","templated":true}]}}