{"id":16990,"date":"2026-03-20T00:06:44","date_gmt":"2026-03-20T00:06:44","guid":{"rendered":"https:\/\/www.vazy.market\/?post_type=product&#038;p=16990"},"modified":"2026-03-29T17:46:09","modified_gmt":"2026-03-29T17:46:09","slug":"casque-bluetooth-jbl-jb7700-pure-bass-pliable-autonomie-longue","status":"publish","type":"product","link":"https:\/\/www.vazy.market\/index.php\/product\/casque-bluetooth-jbl-jb7700-pure-bass-pliable-autonomie-longue\/","title":{"rendered":"\ud83c\udfa7 Casque Bluetooth JBL JB7700 \u2013 Pure Bass | Pliable | Autonomie longue"},"content":{"rendered":"<p data-start=\"256\" data-end=\"465\">Plonge dans une exp\u00e9rience sonore immersive avec le <strong data-start=\"308\" data-end=\"339\">casque Bluetooth JBL JB7700<\/strong> \ud83c\udfa7. Con\u00e7u pour les amateurs de musique, il offre des <strong data-start=\"393\" data-end=\"427\">basses puissantes et profondes<\/strong> gr\u00e2ce \u00e0 la technologie <strong data-start=\"451\" data-end=\"464\">Pure Bass<\/strong>.<\/p>\n<p data-start=\"467\" data-end=\"654\">Sans fil et confortable, ce casque te permet de profiter de ta musique, passer des appels ou regarder des vid\u00e9os en toute libert\u00e9. Son design pliable le rend facile \u00e0 transporter partout.<\/p>\n<hr data-start=\"656\" data-end=\"659\" \/>\n<h2 data-section-id=\"17dpq8e\" data-start=\"661\" data-end=\"680\">\u2728 Points forts<\/h2>\n<p data-start=\"682\" data-end=\"1176\">\u2714\ufe0f <strong data-start=\"685\" data-end=\"727\">Son JBL Pure Bass puissant et immersif<\/strong> <br data-start=\"765\" data-end=\"768\" \/>\u2714\ufe0f <strong data-start=\"771\" data-end=\"813\">Connexion Bluetooth stable et sans fil<\/strong> <br data-start=\"851\" data-end=\"854\" \/>\u2714\ufe0f <strong data-start=\"857\" data-end=\"898\">Design pliable (facile \u00e0 transporter)<\/strong> <br data-start=\"936\" data-end=\"939\" \/>\u2714\ufe0f <strong data-start=\"942\" data-end=\"991\">Coussinets confortables pour longues sessions<\/strong> <br data-start=\"1029\" data-end=\"1032\" \/>\u2714\ufe0f <strong data-start=\"1035\" data-end=\"1077\">Micro int\u00e9gr\u00e9 pour appels mains libres<\/strong><br data-start=\"1077\" data-end=\"1080\" \/>\u2714\ufe0f <strong data-start=\"1083\" data-end=\"1136\">Compatible avec assistants vocaux (Siri \/ Google)<\/strong><\/p>\n<hr data-start=\"1178\" data-end=\"1181\" \/>\n<h2 data-section-id=\"1uyu6z3\" data-start=\"1183\" data-end=\"1206\">\ud83d\udcca Fiche technique<\/h2>\n<div class=\"TyagGW_tableContainer\">\n<div class=\"group TyagGW_tableWrapper flex flex-col-reverse w-fit\" tabindex=\"-1\">\n<table class=\"w-fit min-w-(--thread-content-width)\" data-start=\"1208\" data-end=\"2038\">\n<thead data-start=\"1208\" data-end=\"1244\">\n<tr data-start=\"1208\" data-end=\"1244\">\n<th class=\"\" data-start=\"1208\" data-end=\"1233\" data-col-size=\"sm\">Caract\u00e9ristique<\/th>\n<th class=\"\" data-start=\"1233\" data-end=\"1244\" data-col-size=\"sm\">D\u00e9tails<\/th>\n<\/tr>\n<\/thead>\n<tbody data-start=\"1279\" data-end=\"2038\">\n<tr data-start=\"1279\" data-end=\"1316\">\n<td data-start=\"1279\" data-end=\"1302\" data-col-size=\"sm\">\ud83c\udfa7 Mod\u00e8le<\/td>\n<td data-start=\"1302\" data-end=\"1316\" data-col-size=\"sm\">JBL JB7700<\/td>\n<\/tr>\n<tr data-start=\"1317\" data-end=\"1353\">\n<td data-start=\"1317\" data-end=\"1340\" data-col-size=\"sm\">\ud83d\udcf6 Connectivit\u00e9<\/td>\n<td data-col-size=\"sm\" data-start=\"1340\" data-end=\"1353\">Bluetooth<\/td>\n<\/tr>\n<tr data-start=\"1354\" data-end=\"1394\">\n<td data-start=\"1354\" data-end=\"1377\" data-col-size=\"sm\">\ud83c\udfb6 Technologie audio<\/td>\n<td data-start=\"1377\" data-end=\"1394\" data-col-size=\"sm\">JBL Pure Bass<\/td>\n<\/tr>\n<tr data-start=\"1395\" data-end=\"1467\">\n<td data-start=\"1395\" data-end=\"1418\" data-col-size=\"sm\">\ud83d\udd0a Haut-parleurs<\/td>\n<td data-start=\"1418\" data-end=\"1467\" data-col-size=\"sm\">\u2248 32 mm<\/td>\n<\/tr>\n<tr data-start=\"1468\" data-end=\"1551\">\n<td data-start=\"1468\" data-end=\"1491\" data-col-size=\"sm\">\ud83d\udd0b Autonomie<\/td>\n<td data-start=\"1491\" data-end=\"1551\" data-col-size=\"sm\">Jusqu\u2019\u00e0 10+ heures<\/td>\n<\/tr>\n<tr data-start=\"1552\" data-end=\"1604\">\n<td data-start=\"1552\" data-end=\"1575\" data-col-size=\"sm\">\ud83c\udfa4 Microphone<\/td>\n<td data-start=\"1575\" data-end=\"1604\" data-col-size=\"sm\">Oui (appels mains libres)<\/td>\n<\/tr>\n<tr data-start=\"1605\" data-end=\"1649\">\n<td data-start=\"1605\" data-end=\"1629\" data-col-size=\"sm\">\ud83c\udf9b\ufe0f Commandes<\/td>\n<td data-col-size=\"sm\" data-start=\"1629\" data-end=\"1649\">Boutons int\u00e9gr\u00e9s<\/td>\n<\/tr>\n<tr data-start=\"1650\" data-end=\"1696\">\n<td data-start=\"1650\" data-end=\"1673\" data-col-size=\"sm\">\ud83d\udcf1 Compatibilit\u00e9<\/td>\n<td data-start=\"1673\" data-end=\"1696\" data-col-size=\"sm\">Android, iPhone, PC<\/td>\n<\/tr>\n<tr data-start=\"1697\" data-end=\"1791\">\n<td data-start=\"1697\" data-end=\"1720\" data-col-size=\"sm\">\ud83e\udeb6 Confort<\/td>\n<td data-start=\"1720\" data-end=\"1791\" data-col-size=\"sm\">Coussinets + arceau rembourr\u00e9<\/td>\n<\/tr>\n<tr data-start=\"1792\" data-end=\"1876\">\n<td data-start=\"1792\" data-end=\"1815\" data-col-size=\"sm\">\ud83c\udf92 Design<\/td>\n<td data-start=\"1815\" data-end=\"1876\" data-col-size=\"sm\">Pliable et portable<\/td>\n<\/tr>\n<tr data-start=\"1877\" data-end=\"1951\">\n<td data-start=\"1877\" data-end=\"1899\" data-col-size=\"sm\">\u2696\ufe0f Poids<\/td>\n<td data-col-size=\"sm\" data-start=\"1899\" data-end=\"1951\">\u2248 0,5 kg<\/td>\n<\/tr>\n<tr data-start=\"1952\" data-end=\"2038\">\n<td data-start=\"1952\" data-end=\"1975\" data-col-size=\"sm\">\ud83e\uddf1 Mat\u00e9riau<\/td>\n<td data-start=\"1975\" data-end=\"2038\" data-col-size=\"sm\">Plastique r\u00e9sistant<\/td>\n<\/tr>\n<\/tbody>\n<\/table>\n<\/div>\n<\/div>\n<hr data-start=\"2040\" data-end=\"2043\" \/>\n<h2 data-section-id=\"pvsbnh\" data-start=\"2045\" data-end=\"2069\">\ud83d\udce6 Contenu du colis<\/h2>\n<ul data-start=\"2071\" data-end=\"2159\">\n<li data-section-id=\"fdures\" data-start=\"2071\" data-end=\"2106\">\n<p data-start=\"2073\" data-end=\"2106\">1 \u00d7 Casque Bluetooth JBL JB7700<\/p>\n<\/li>\n<li data-section-id=\"konizj\" data-start=\"2107\" data-end=\"2130\">\n<p data-start=\"2109\" data-end=\"2130\">1 \u00d7 C\u00e2ble de charge<\/p>\n<\/li>\n<li data-section-id=\"euolri\" data-start=\"2131\" data-end=\"2159\">\n<p data-start=\"2133\" data-end=\"2159\">1 \u00d7 Manuel d\u2019utilisation<\/p>\n<\/li>\n<\/ul>\n<hr data-start=\"2161\" data-end=\"2164\" \/>\n<h2 data-section-id=\"13b3ls7\" data-start=\"2166\" data-end=\"2184\">\ud83c\udfaf Id\u00e9al pour<\/h2>\n<ul data-start=\"2186\" data-end=\"2262\">\n<li data-section-id=\"sdp8n5\" data-start=\"2186\" data-end=\"2200\">\n<p data-start=\"2188\" data-end=\"2200\">Musique \ud83c\udfb6<\/p>\n<\/li>\n<li data-section-id=\"1sz7t68\" data-start=\"2201\" data-end=\"2214\">\n<p data-start=\"2203\" data-end=\"2214\">Appels \ud83d\udcde<\/p>\n<\/li>\n<li data-section-id=\"19bznv5\" data-start=\"2215\" data-end=\"2228\">\n<p data-start=\"2217\" data-end=\"2228\">Gaming \ud83c\udfae<\/p>\n<\/li>\n<li data-section-id=\"1wwrdgj\" data-start=\"2229\" data-end=\"2247\">\n<p data-start=\"2231\" data-end=\"2247\">T\u00e9l\u00e9travail \ud83d\udcbb<\/p>\n<\/li>\n<li data-section-id=\"px6q67\" data-start=\"2248\" data-end=\"2262\">\n<p data-start=\"2250\" data-end=\"2262\">Voyages \u2708\ufe0f<\/p>\n<\/li>\n<\/ul>\n<hr data-start=\"2264\" data-end=\"2267\" \/>\n<h2 data-section-id=\"1q1losv\" data-start=\"2269\" data-end=\"2305\">\ud83d\udca1 Pourquoi choisir ce casque ?<\/h2>\n<p data-start=\"2306\" data-end=\"2545\">Le JBL JB7700 est un excellent choix pour ceux qui veulent <strong data-start=\"2365\" data-end=\"2427\">un son puissant, une bonne autonomie et un confort optimal<\/strong> \u00e0 un prix accessible. Son design pliable et sa connectivit\u00e9 Bluetooth en font un casque pratique pour tous les jours.<\/p>\n","protected":false},"excerpt":{"rendered":"<p>Plonge dans une exp\u00e9rience sonore immersive avec le casque Bluetooth JBL JB7700 \ud83c\udfa7. Con\u00e7u pour les amateurs de musique, il offre des basses puissantes et profondes gr\u00e2ce \u00e0 la technologie Pure Bass. Sans fil et confortable, ce casque te permet de profiter de ta musique, passer des appels ou regarder des vid\u00e9os en toute libert\u00e9.&hellip;<\/p>\n","protected":false},"featured_media":16993,"comment_status":"open","ping_status":"closed","template":"","meta":[],"product_cat":[92,127],"product_tag":[],"class_list":{"0":"post-16990","1":"product","2":"type-product","3":"status-publish","4":"has-post-thumbnail","6":"product_brand-jbl","7":"product_cat-audio","8":"product_cat-casques-audio","10":"first","11":"instock","12":"sale","13":"shipping-taxable","14":"purchasable","15":"product-type-simple","16":"col-xs-6 col-sm-4","17":"col-md-3 col-lg-3","18":"un-4-cols"},"_links":{"self":[{"href":"https:\/\/www.vazy.market\/index.php\/wp-json\/wp\/v2\/product\/16990","targetHints":{"allow":["GET"]}}],"collection":[{"href":"https:\/\/www.vazy.market\/index.php\/wp-json\/wp\/v2\/product"}],"about":[{"href":"https:\/\/www.vazy.market\/index.php\/wp-json\/wp\/v2\/types\/product"}],"replies":[{"embeddable":true,"href":"https:\/\/www.vazy.market\/index.php\/wp-json\/wp\/v2\/comments?post=16990"}],"wp:featuredmedia":[{"embeddable":true,"href":"https:\/\/www.vazy.market\/index.php\/wp-json\/wp\/v2\/media\/16993"}],"wp:attachment":[{"href":"https:\/\/www.vazy.market\/index.php\/wp-json\/wp\/v2\/media?parent=16990"}],"wp:term":[{"taxonomy":"product_cat","embeddable":true,"href":"https:\/\/www.vazy.market\/index.php\/wp-json\/wp\/v2\/product_cat?post=16990"},{"taxonomy":"product_tag","embeddable":true,"href":"https:\/\/www.vazy.market\/index.php\/wp-json\/wp\/v2\/product_tag?post=16990"}],"curies":[{"name":"wp","href":"https:\/\/api.w.org\/{rel}","templated":true}]}}