{"id":16976,"date":"2026-03-19T23:53:39","date_gmt":"2026-03-19T23:53:39","guid":{"rendered":"https:\/\/www.vazy.market\/?post_type=product&#038;p=16976"},"modified":"2026-03-25T08:38:25","modified_gmt":"2026-03-25T08:38:25","slug":"ecouteurs-filaire-type-c-lightning-son-hd-micro-integre-commandes","status":"publish","type":"product","link":"https:\/\/www.vazy.market\/index.php\/product\/ecouteurs-filaire-type-c-lightning-son-hd-micro-integre-commandes\/","title":{"rendered":"\ud83c\udfa7 \u00c9couteurs Filaire Type-C &#038; Lightning \u2013 Son HD | Micro int\u00e9gr\u00e9 | Commandes"},"content":{"rendered":"<div class=\"relative basis-auto flex-col -mb-(--composer-overlap-px) [--composer-overlap-px:28px] grow flex\">\n<div class=\"flex flex-col text-sm pb-25\">\n<section class=\"text-token-text-primary w-full focus:outline-none [--shadow-height:45px] has-data-writing-block:pointer-events-none has-data-writing-block:-mt-(--shadow-height) has-data-writing-block:pt-(--shadow-height) [&amp;:has([data-writing-block])&gt;*]:pointer-events-auto scroll-mt-[calc(var(--header-height)+min(200px,max(70px,20svh)))]\" dir=\"auto\" data-turn-id=\"request-WEB:66f0d4d1-43cc-4ed2-b114-5714cff71ac6-10\" data-testid=\"conversation-turn-22\" data-scroll-anchor=\"true\" data-turn=\"assistant\">\n<div class=\"text-base my-auto mx-auto pb-10 [--thread-content-margin:var(--thread-content-margin-xs,calc(var(--spacing)*4))] @w-sm\/main:[--thread-content-margin:var(--thread-content-margin-sm,calc(var(--spacing)*6))] @w-lg\/main:[--thread-content-margin:var(--thread-content-margin-lg,calc(var(--spacing)*16))] px-(--thread-content-margin)\">\n<div class=\"[--thread-content-max-width:40rem] @w-lg\/main:[--thread-content-max-width:48rem] mx-auto max-w-(--thread-content-max-width) flex-1 group\/turn-messages focus-visible:outline-hidden relative flex w-full min-w-0 flex-col agent-turn\">\n<div class=\"flex max-w-full flex-col gap-4 grow\">\n<div class=\"min-h-8 text-message relative flex w-full flex-col items-end gap-2 text-start break-words whitespace-normal outline-none keyboard-focused:focus-ring [.text-message+&amp;]:mt-1\" dir=\"auto\" tabindex=\"0\" data-message-author-role=\"assistant\" data-message-id=\"fdad233b-372b-4a63-9968-df94c99facf7\" data-message-model-slug=\"gpt-5-3\" data-turn-start-message=\"true\">\n<div class=\"flex w-full flex-col gap-1 empty:hidden\">\n<div class=\"markdown prose dark:prose-invert w-full wrap-break-word light markdown-new-styling\">\n<p data-start=\"280\" data-end=\"502\">Profite d\u2019un son clair et stable avec ces <strong data-start=\"322\" data-end=\"376\">\u00e9couteurs filaires compatibles Type-C et Lightning<\/strong> \ud83c\udfa7. Parfaits pour une utilisation quotidienne, ils offrent une <strong data-start=\"440\" data-end=\"460\">qualit\u00e9 audio HD<\/strong>, sans latence et sans besoin de recharge.<\/p>\n<p data-start=\"504\" data-end=\"635\">Gr\u00e2ce \u00e0 leur <strong data-start=\"517\" data-end=\"563\">micro int\u00e9gr\u00e9 et leurs boutons de contr\u00f4le<\/strong>, tu peux facilement g\u00e9rer tes appels et ta musique en toute simplicit\u00e9.<\/p>\n<p data-start=\"637\" data-end=\"754\">Id\u00e9al pour les utilisateurs Android et iPhone, ces \u00e9couteurs sont <strong data-start=\"703\" data-end=\"753\">pratiques, l\u00e9gers et toujours pr\u00eats \u00e0 l\u2019emploi<\/strong>.<\/p>\n<hr data-start=\"756\" data-end=\"759\" \/>\n<h2 data-section-id=\"17dpq8e\" data-start=\"761\" data-end=\"780\">\u2728 Points forts<\/h2>\n<p data-start=\"782\" data-end=\"1051\">\u2714\ufe0f <strong data-start=\"785\" data-end=\"830\">Double compatibilit\u00e9 : Type-C &amp; Lightning<\/strong><br data-start=\"830\" data-end=\"833\" \/>\u2714\ufe0f <strong data-start=\"836\" data-end=\"864\">Son HD clair et puissant<\/strong><br data-start=\"864\" data-end=\"867\" \/>\u2714\ufe0f <strong data-start=\"870\" data-end=\"912\">Micro int\u00e9gr\u00e9 pour appels mains libres<\/strong><br data-start=\"912\" data-end=\"915\" \/>\u2714\ufe0f <strong data-start=\"918\" data-end=\"965\">Commandes int\u00e9gr\u00e9es (volume, pause, appels)<\/strong><br data-start=\"965\" data-end=\"968\" \/>\u2714\ufe0f <strong data-start=\"971\" data-end=\"1012\">Aucune batterie requise (plug &amp; play)<\/strong><br data-start=\"1012\" data-end=\"1015\" \/>\u2714\ufe0f <strong data-start=\"1018\" data-end=\"1049\">Design confortable et l\u00e9ger<\/strong><\/p>\n<hr data-start=\"1053\" data-end=\"1056\" \/>\n<h2 data-section-id=\"1uyu6z3\" data-start=\"1058\" data-end=\"1081\">\ud83d\udcca Fiche technique<\/h2>\n<div class=\"TyagGW_tableContainer\">\n<div class=\"group TyagGW_tableWrapper flex flex-col-reverse w-fit\" tabindex=\"-1\">\n<table class=\"w-fit min-w-(--thread-content-width)\" data-start=\"1083\" data-end=\"1659\">\n<thead data-start=\"1083\" data-end=\"1119\">\n<tr data-start=\"1083\" data-end=\"1119\">\n<th class=\"\" data-start=\"1083\" data-end=\"1108\" data-col-size=\"sm\">Caract\u00e9ristique<\/th>\n<th class=\"\" data-start=\"1108\" data-end=\"1119\" data-col-size=\"sm\">D\u00e9tails<\/th>\n<\/tr>\n<\/thead>\n<tbody data-start=\"1154\" data-end=\"1659\">\n<tr data-start=\"1154\" data-end=\"1199\">\n<td data-start=\"1154\" data-end=\"1177\" data-col-size=\"sm\">\ud83c\udfa7 Type<\/td>\n<td data-start=\"1177\" data-end=\"1199\" data-col-size=\"sm\">\u00c9couteurs filaires<\/td>\n<\/tr>\n<tr data-start=\"1200\" data-end=\"1245\">\n<td data-start=\"1200\" data-end=\"1223\" data-col-size=\"sm\">\ud83d\udd0c Connecteurs<\/td>\n<td data-start=\"1223\" data-end=\"1245\" data-col-size=\"sm\">Type-C &amp; Lightning<\/td>\n<\/tr>\n<tr data-start=\"1246\" data-end=\"1309\">\n<td data-start=\"1246\" data-end=\"1269\" data-col-size=\"sm\">\ud83d\udcf1 Compatibilit\u00e9<\/td>\n<td data-start=\"1269\" data-end=\"1309\" data-col-size=\"sm\">Android (Type-C), iPhone (Lightning)<\/td>\n<\/tr>\n<tr data-start=\"1310\" data-end=\"1350\">\n<td data-start=\"1310\" data-end=\"1333\" data-col-size=\"sm\">\ud83c\udfb6 Qualit\u00e9 audio<\/td>\n<td data-start=\"1333\" data-end=\"1350\" data-col-size=\"sm\">Son HD st\u00e9r\u00e9o<\/td>\n<\/tr>\n<tr data-start=\"1351\" data-end=\"1391\">\n<td data-start=\"1351\" data-end=\"1374\" data-col-size=\"sm\">\ud83c\udfa4 Microphone<\/td>\n<td data-start=\"1374\" data-end=\"1391\" data-col-size=\"sm\">Oui (int\u00e9gr\u00e9)<\/td>\n<\/tr>\n<tr data-start=\"1392\" data-end=\"1453\">\n<td data-start=\"1392\" data-end=\"1416\" data-col-size=\"sm\">\ud83c\udf9b\ufe0f Commandes<\/td>\n<td data-start=\"1416\" data-end=\"1453\" data-col-size=\"sm\">Boutons (volume, lecture, appels)<\/td>\n<\/tr>\n<tr data-start=\"1454\" data-end=\"1517\">\n<td data-start=\"1454\" data-end=\"1477\" data-col-size=\"sm\">\ud83d\udd0b Alimentation<\/td>\n<td data-start=\"1477\" data-end=\"1517\" data-col-size=\"sm\">Aucune (fonctionne via le t\u00e9l\u00e9phone)<\/td>\n<\/tr>\n<tr data-start=\"1518\" data-end=\"1554\">\n<td data-start=\"1518\" data-end=\"1541\" data-col-size=\"sm\">\ud83e\uddf5 Longueur c\u00e2ble<\/td>\n<td data-start=\"1541\" data-end=\"1554\" data-col-size=\"sm\">\u2248 1 m\u00e8tre<\/td>\n<\/tr>\n<tr data-start=\"1555\" data-end=\"1600\">\n<td data-start=\"1555\" data-end=\"1578\" data-col-size=\"sm\">\ud83e\udeb6 Design<\/td>\n<td data-start=\"1578\" data-end=\"1600\" data-col-size=\"sm\">L\u00e9ger, ergonomique<\/td>\n<\/tr>\n<tr data-start=\"1601\" data-end=\"1659\">\n<td data-start=\"1601\" data-end=\"1624\" data-col-size=\"sm\">\ud83c\udf92 Utilisation<\/td>\n<td data-start=\"1624\" data-end=\"1659\" data-col-size=\"sm\">Appels, musique, vid\u00e9os, gaming<\/td>\n<\/tr>\n<\/tbody>\n<\/table>\n<\/div>\n<\/div>\n<hr data-start=\"1661\" data-end=\"1664\" \/>\n<h2 data-section-id=\"pvsbnh\" data-start=\"1666\" data-end=\"1690\">\ud83d\udce6 Contenu du colis<\/h2>\n<ul data-start=\"1692\" data-end=\"1782\">\n<li data-section-id=\"n9w85x\" data-start=\"1692\" data-end=\"1753\">\n<p data-start=\"1694\" data-end=\"1753\">1 \u00d7 \u00c9couteurs filaires (Type-C ou Lightning selon mod\u00e8le)<\/p>\n<\/li>\n<li data-section-id=\"4s02sr\" data-start=\"1754\" data-end=\"1782\">\n<p data-start=\"1756\" data-end=\"1782\">1 \u00d7 Bo\u00eetier de rangement<\/p>\n<\/li>\n<\/ul>\n<hr data-start=\"1784\" data-end=\"1787\" \/>\n<h2 data-section-id=\"13b3ls7\" data-start=\"1789\" data-end=\"1807\">\ud83c\udfaf Id\u00e9al pour<\/h2>\n<ul data-start=\"1809\" data-end=\"1937\">\n<li data-section-id=\"mig06i\" data-start=\"1809\" data-end=\"1836\">\n<p data-start=\"1811\" data-end=\"1836\">Appels t\u00e9l\u00e9phoniques \ud83d\udcde<\/p>\n<\/li>\n<li data-section-id=\"21cra6\" data-start=\"1837\" data-end=\"1861\">\n<p data-start=\"1839\" data-end=\"1861\">Musique et vid\u00e9os \ud83c\udfb6<\/p>\n<\/li>\n<li data-section-id=\"17b3vwm\" data-start=\"1862\" data-end=\"1893\">\n<p data-start=\"1864\" data-end=\"1893\">\u00c9tudiants et professionnels<\/p>\n<\/li>\n<li data-section-id=\"1bpdyng\" data-start=\"1894\" data-end=\"1937\">\n<p data-start=\"1896\" data-end=\"1937\">Utilisation quotidienne sans contrainte<\/p>\n<\/li>\n<\/ul>\n<hr data-start=\"1939\" data-end=\"1942\" \/>\n<h2 data-section-id=\"ojs5uh\" data-start=\"1944\" data-end=\"1984\">\ud83d\udca1 Pourquoi choisir ces \u00e9couteurs ?<\/h2>\n<p data-start=\"1985\" data-end=\"2191\">Ces \u00e9couteurs sont parfaits pour ceux qui veulent une solution <strong data-start=\"2048\" data-end=\"2083\">simple, fiable et sans batterie<\/strong>. Contrairement aux \u00e9couteurs Bluetooth, ils offrent une <strong data-start=\"2140\" data-end=\"2190\">connexion stable, sans coupure et sans latence<\/strong>.<\/p>\n<\/div>\n<\/div>\n<\/div>\n<\/div>\n<div class=\"z-0 flex min-h-[46px] justify-start\"><\/div>\n<div class=\"mt-3 w-full empty:hidden\">\n<div class=\"text-center\"><\/div>\n<\/div>\n<\/div>\n<\/div>\n<\/section>\n<\/div>\n<\/div>\n","protected":false},"excerpt":{"rendered":"<p>Profite d\u2019un son clair et stable avec ces \u00e9couteurs filaires compatibles Type-C et Lightning \ud83c\udfa7. Parfaits pour une utilisation quotidienne, ils offrent une qualit\u00e9 audio HD, sans latence et sans besoin de recharge. Gr\u00e2ce \u00e0 leur micro int\u00e9gr\u00e9 et leurs boutons de contr\u00f4le, tu peux facilement g\u00e9rer tes appels et ta musique en toute simplicit\u00e9.&hellip;<\/p>\n","protected":false},"featured_media":16982,"comment_status":"open","ping_status":"closed","template":"","meta":[],"product_cat":[78],"product_tag":[],"class_list":{"0":"post-16976","1":"product","2":"type-product","3":"status-publish","4":"has-post-thumbnail","6":"product_cat-accessoires","8":"first","9":"instock","10":"shipping-taxable","11":"purchasable","12":"product-type-variable","13":"col-xs-6 col-sm-4","14":"col-md-3 col-lg-3","15":"un-4-cols"},"_links":{"self":[{"href":"https:\/\/www.vazy.market\/index.php\/wp-json\/wp\/v2\/product\/16976","targetHints":{"allow":["GET"]}}],"collection":[{"href":"https:\/\/www.vazy.market\/index.php\/wp-json\/wp\/v2\/product"}],"about":[{"href":"https:\/\/www.vazy.market\/index.php\/wp-json\/wp\/v2\/types\/product"}],"replies":[{"embeddable":true,"href":"https:\/\/www.vazy.market\/index.php\/wp-json\/wp\/v2\/comments?post=16976"}],"wp:featuredmedia":[{"embeddable":true,"href":"https:\/\/www.vazy.market\/index.php\/wp-json\/wp\/v2\/media\/16982"}],"wp:attachment":[{"href":"https:\/\/www.vazy.market\/index.php\/wp-json\/wp\/v2\/media?parent=16976"}],"wp:term":[{"taxonomy":"product_cat","embeddable":true,"href":"https:\/\/www.vazy.market\/index.php\/wp-json\/wp\/v2\/product_cat?post=16976"},{"taxonomy":"product_tag","embeddable":true,"href":"https:\/\/www.vazy.market\/index.php\/wp-json\/wp\/v2\/product_tag?post=16976"}],"curies":[{"name":"wp","href":"https:\/\/api.w.org\/{rel}","templated":true}]}}