{"id":16964,"date":"2026-03-19T23:20:01","date_gmt":"2026-03-19T23:20:01","guid":{"rendered":"https:\/\/www.vazy.market\/?post_type=product&#038;p=16964"},"modified":"2026-03-25T08:40:27","modified_gmt":"2026-03-25T08:40:27","slug":"ecouteurs-bluetooth-r510-sans-fil-boitier-de-charge-son-hd","status":"publish","type":"product","link":"https:\/\/www.vazy.market\/index.php\/product\/ecouteurs-bluetooth-r510-sans-fil-boitier-de-charge-son-hd\/","title":{"rendered":"\ud83c\udfa7 \u00c9couteurs Bluetooth R510 \u2013 Sans fil | Bo\u00eetier de charge | Son HD"},"content":{"rendered":"<p data-start=\"259\" data-end=\"406\">Profite d\u2019une exp\u00e9rience audio immersive avec les <strong data-start=\"309\" data-end=\"337\">\u00e9couteurs Bluetooth R510<\/strong>, con\u00e7us pour offrir <strong data-start=\"358\" data-end=\"405\">libert\u00e9 sans fil, qualit\u00e9 sonore et confort<\/strong>.<\/p>\n<p data-start=\"408\" data-end=\"595\">Gr\u00e2ce \u00e0 leur connexion Bluetooth stable et leur bo\u00eetier de recharge portable, ces \u00e9couteurs sont parfaits pour \u00e9couter ta musique, passer des appels ou regarder des vid\u00e9os o\u00f9 que tu sois.<\/p>\n<p data-start=\"597\" data-end=\"675\">Compacts, \u00e9l\u00e9gants et faciles \u00e0 utiliser, ils t\u2019accompagnent toute la journ\u00e9e.<\/p>\n<hr data-start=\"677\" data-end=\"680\" \/>\n<h2 data-section-id=\"17dpq8e\" data-start=\"682\" data-end=\"701\">\u2728 Points forts<\/h2>\n<p data-start=\"703\" data-end=\"982\">\u2714\ufe0f <strong data-start=\"706\" data-end=\"746\">Connexion Bluetooth stable et rapide<\/strong><br data-start=\"746\" data-end=\"749\" \/>\u2714\ufe0f <strong data-start=\"752\" data-end=\"782\">Bo\u00eetier de charge portable<\/strong> pour recharger partout<br data-start=\"805\" data-end=\"808\" \/>\u2714\ufe0f <strong data-start=\"811\" data-end=\"839\">Son HD clair et puissant<\/strong><br data-start=\"839\" data-end=\"842\" \/>\u2714\ufe0f <strong data-start=\"845\" data-end=\"882\">Design ergonomique et confortable<\/strong><br data-start=\"882\" data-end=\"885\" \/>\u2714\ufe0f <strong data-start=\"888\" data-end=\"934\">Utilisation simple (appairage automatique)<\/strong><br data-start=\"934\" data-end=\"937\" \/>\u2714\ufe0f <strong data-start=\"940\" data-end=\"980\">Id\u00e9al pour appels, musique et vid\u00e9os<\/strong><\/p>\n<hr data-start=\"984\" data-end=\"987\" \/>\n<h2 data-section-id=\"1uyu6z3\" data-start=\"989\" data-end=\"1012\">\ud83d\udcca Fiche technique<\/h2>\n<div class=\"TyagGW_tableContainer\">\n<div class=\"group TyagGW_tableWrapper flex flex-col-reverse w-fit\" tabindex=\"-1\">\n<table class=\"w-fit min-w-(--thread-content-width)\" data-start=\"1014\" data-end=\"1766\">\n<thead data-start=\"1014\" data-end=\"1050\">\n<tr data-start=\"1014\" data-end=\"1050\">\n<th class=\"\" data-start=\"1014\" data-end=\"1039\" data-col-size=\"sm\">Caract\u00e9ristique<\/th>\n<th class=\"\" data-start=\"1039\" data-end=\"1050\" data-col-size=\"sm\">D\u00e9tails<\/th>\n<\/tr>\n<\/thead>\n<tbody data-start=\"1085\" data-end=\"1766\">\n<tr data-start=\"1085\" data-end=\"1146\">\n<td data-start=\"1085\" data-end=\"1108\" data-col-size=\"sm\">\ud83c\udfa7 Type<\/td>\n<td data-col-size=\"sm\" data-start=\"1108\" data-end=\"1146\">\u00c9couteurs Bluetooth sans fil (TWS)<\/td>\n<\/tr>\n<tr data-start=\"1147\" data-end=\"1183\">\n<td data-start=\"1147\" data-end=\"1170\" data-col-size=\"sm\">\ud83d\udcf6 Connectivit\u00e9<\/td>\n<td data-col-size=\"sm\" data-start=\"1170\" data-end=\"1183\">Bluetooth<\/td>\n<\/tr>\n<tr data-start=\"1184\" data-end=\"1279\">\n<td data-start=\"1184\" data-end=\"1207\" data-col-size=\"sm\">\ud83d\udd0b Autonomie<\/td>\n<td data-col-size=\"sm\" data-start=\"1207\" data-end=\"1279\">\u2248 3 \u00e0 4,5 heures (utilisation)<\/td>\n<\/tr>\n<tr data-start=\"1280\" data-end=\"1362\">\n<td data-start=\"1280\" data-end=\"1302\" data-col-size=\"sm\">\u23f3 Veille<\/td>\n<td data-col-size=\"sm\" data-start=\"1302\" data-end=\"1362\">Jusqu\u2019\u00e0 240 heures<\/td>\n<\/tr>\n<tr data-start=\"1363\" data-end=\"1449\">\n<td data-start=\"1363\" data-end=\"1386\" data-col-size=\"sm\">\u26a1 Temps de charge<\/td>\n<td data-col-size=\"sm\" data-start=\"1386\" data-end=\"1449\">\u2248 1 heure (\u00e9couteurs)<\/td>\n<\/tr>\n<tr data-start=\"1450\" data-end=\"1514\">\n<td data-start=\"1450\" data-end=\"1473\" data-col-size=\"sm\">\ud83d\udd0c Bo\u00eetier de charge<\/td>\n<td data-col-size=\"sm\" data-start=\"1473\" data-end=\"1514\">Oui (recharge multiple des \u00e9couteurs)<\/td>\n<\/tr>\n<tr data-start=\"1515\" data-end=\"1571\">\n<td data-start=\"1515\" data-end=\"1538\" data-col-size=\"sm\">\ud83c\udfa4 Microphone<\/td>\n<td data-start=\"1538\" data-end=\"1571\" data-col-size=\"sm\">Int\u00e9gr\u00e9 (appels mains libres)<\/td>\n<\/tr>\n<tr data-start=\"1572\" data-end=\"1612\">\n<td data-start=\"1572\" data-end=\"1595\" data-col-size=\"sm\">\ud83c\udfb6 Qualit\u00e9 audio<\/td>\n<td data-start=\"1595\" data-end=\"1612\" data-col-size=\"sm\">Son HD st\u00e9r\u00e9o<\/td>\n<\/tr>\n<tr data-start=\"1613\" data-end=\"1666\">\n<td data-start=\"1613\" data-end=\"1636\" data-col-size=\"sm\">\ud83d\udcf1 Compatibilit\u00e9<\/td>\n<td data-col-size=\"sm\" data-start=\"1636\" data-end=\"1666\">Android, iPhone, tablettes<\/td>\n<\/tr>\n<tr data-start=\"1667\" data-end=\"1712\">\n<td data-start=\"1667\" data-end=\"1690\" data-col-size=\"sm\">\ud83c\udf9b\ufe0f Contr\u00f4le<\/td>\n<td data-start=\"1690\" data-end=\"1712\" data-col-size=\"sm\">Commandes tactiles<\/td>\n<\/tr>\n<tr data-start=\"1713\" data-end=\"1766\">\n<td data-start=\"1713\" data-end=\"1736\" data-col-size=\"sm\">\ud83c\udf92 Design<\/td>\n<td data-start=\"1736\" data-end=\"1766\" data-col-size=\"sm\">Compact, l\u00e9ger et portable<\/td>\n<\/tr>\n<\/tbody>\n<\/table>\n<\/div>\n<\/div>\n<hr data-start=\"1768\" data-end=\"1771\" \/>\n<h2 data-section-id=\"pvsbnh\" data-start=\"1773\" data-end=\"1797\">\ud83d\udce6 Contenu du colis<\/h2>\n<ul data-start=\"1799\" data-end=\"1912\">\n<li data-section-id=\"9cheq3\" data-start=\"1799\" data-end=\"1831\">\n<p data-start=\"1801\" data-end=\"1831\">1 \u00d7 \u00c9couteurs Bluetooth R510<\/p>\n<\/li>\n<li data-section-id=\"1blhyxo\" data-start=\"1832\" data-end=\"1857\">\n<p data-start=\"1834\" data-end=\"1857\">1 \u00d7 Bo\u00eetier de charge<\/p>\n<\/li>\n<li data-section-id=\"1ujm9xk\" data-start=\"1858\" data-end=\"1883\">\n<p data-start=\"1860\" data-end=\"1883\">1 \u00d7 C\u00e2ble de recharge<\/p>\n<\/li>\n<li data-section-id=\"euolri\" data-start=\"1884\" data-end=\"1912\">\n<p data-start=\"1886\" data-end=\"1912\">1 \u00d7 Manuel d\u2019utilisation<\/p>\n<\/li>\n<\/ul>\n<hr data-start=\"1914\" data-end=\"1917\" \/>\n<h2 data-section-id=\"13b3ls7\" data-start=\"1919\" data-end=\"1937\">\ud83c\udfaf Id\u00e9al pour<\/h2>\n<ul data-start=\"1939\" data-end=\"2038\">\n<li data-section-id=\"sdp8n5\" data-start=\"1939\" data-end=\"1953\">\n<p data-start=\"1941\" data-end=\"1953\">Musique \ud83c\udfb6<\/p>\n<\/li>\n<li data-section-id=\"mig06i\" data-start=\"1954\" data-end=\"1981\">\n<p data-start=\"1956\" data-end=\"1981\">Appels t\u00e9l\u00e9phoniques \ud83d\udcde<\/p>\n<\/li>\n<li data-section-id=\"aogskb\" data-start=\"1982\" data-end=\"2010\">\n<p data-start=\"1984\" data-end=\"2010\">Sport et d\u00e9placements \ud83c\udfc3<\/p>\n<\/li>\n<li data-section-id=\"od7msw\" data-start=\"2011\" data-end=\"2038\">\n<p data-start=\"2013\" data-end=\"2038\">Utilisation quotidienne<\/p>\n<\/li>\n<\/ul>\n<hr data-start=\"2040\" data-end=\"2043\" \/>\n<h2 data-section-id=\"ojs5uh\" data-start=\"2045\" data-end=\"2085\">\ud83d\udca1 Pourquoi choisir ces \u00e9couteurs ?<\/h2>\n<p data-start=\"2086\" data-end=\"2341\">Les \u00e9couteurs R510 sont un excellent choix pour ceux qui recherchent <strong data-start=\"2155\" data-end=\"2186\">un bon rapport qualit\u00e9\/prix<\/strong>, avec une <strong data-start=\"2197\" data-end=\"2242\">utilisation simple et une bonne autonomie<\/strong>. Leur format compact et sans fil te permet de rester libre tout en profitant de ton contenu audio.<\/p>\n","protected":false},"excerpt":{"rendered":"<p>Profite d\u2019une exp\u00e9rience audio immersive avec les \u00e9couteurs Bluetooth R510, con\u00e7us pour offrir libert\u00e9 sans fil, qualit\u00e9 sonore et confort. Gr\u00e2ce \u00e0 leur connexion Bluetooth stable et leur bo\u00eetier de recharge portable, ces \u00e9couteurs sont parfaits pour \u00e9couter ta musique, passer des appels ou regarder des vid\u00e9os o\u00f9 que tu sois. Compacts, \u00e9l\u00e9gants et faciles&hellip;<\/p>\n","protected":false},"featured_media":16968,"comment_status":"open","ping_status":"closed","template":"","meta":[],"product_cat":[78],"product_tag":[],"class_list":{"0":"post-16964","1":"product","2":"type-product","3":"status-publish","4":"has-post-thumbnail","6":"product_brand-samsung","7":"product_cat-accessoires","9":"first","10":"instock","11":"sale","12":"shipping-taxable","13":"purchasable","14":"product-type-simple","15":"col-xs-6 col-sm-4","16":"col-md-3 col-lg-3","17":"un-4-cols"},"_links":{"self":[{"href":"https:\/\/www.vazy.market\/index.php\/wp-json\/wp\/v2\/product\/16964","targetHints":{"allow":["GET"]}}],"collection":[{"href":"https:\/\/www.vazy.market\/index.php\/wp-json\/wp\/v2\/product"}],"about":[{"href":"https:\/\/www.vazy.market\/index.php\/wp-json\/wp\/v2\/types\/product"}],"replies":[{"embeddable":true,"href":"https:\/\/www.vazy.market\/index.php\/wp-json\/wp\/v2\/comments?post=16964"}],"wp:featuredmedia":[{"embeddable":true,"href":"https:\/\/www.vazy.market\/index.php\/wp-json\/wp\/v2\/media\/16968"}],"wp:attachment":[{"href":"https:\/\/www.vazy.market\/index.php\/wp-json\/wp\/v2\/media?parent=16964"}],"wp:term":[{"taxonomy":"product_cat","embeddable":true,"href":"https:\/\/www.vazy.market\/index.php\/wp-json\/wp\/v2\/product_cat?post=16964"},{"taxonomy":"product_tag","embeddable":true,"href":"https:\/\/www.vazy.market\/index.php\/wp-json\/wp\/v2\/product_tag?post=16964"}],"curies":[{"name":"wp","href":"https:\/\/api.w.org\/{rel}","templated":true}]}}