{"id":16946,"date":"2026-03-19T22:55:48","date_gmt":"2026-03-19T22:55:48","guid":{"rendered":"https:\/\/www.vazy.market\/?post_type=product&#038;p=16946"},"modified":"2026-03-25T08:44:09","modified_gmt":"2026-03-25T08:44:09","slug":"support-ordinateur-portable-pliable-rose-reglable-ergonomique","status":"publish","type":"product","link":"https:\/\/www.vazy.market\/index.php\/product\/support-ordinateur-portable-pliable-rose-reglable-ergonomique\/","title":{"rendered":"\ud83d\udcbb Support Ordinateur Portable Pliable Rose \u2013 R\u00e9glable &#038; Ergonomique"},"content":{"rendered":"<p data-start=\"280\" data-end=\"526\">Travaille confortablement o\u00f9 que tu sois gr\u00e2ce \u00e0 ce <strong data-start=\"332\" data-end=\"385\">support d\u2019ordinateur portable pliable et r\u00e9glable<\/strong>. Con\u00e7u pour am\u00e9liorer ta posture et r\u00e9duire la fatigue, il combine <strong data-start=\"453\" data-end=\"495\">ergonomie, praticit\u00e9 et design \u00e9l\u00e9gant<\/strong> avec sa finition rose moderne.<\/p>\n<p data-start=\"528\" data-end=\"687\">Que ce soit pour le t\u00e9l\u00e9travail, les \u00e9tudes ou le divertissement, ce support te permet d\u2019adopter une position id\u00e9ale tout en gardant ton appareil bien ventil\u00e9.<\/p>\n<hr data-start=\"689\" data-end=\"692\" \/>\n<h2 data-section-id=\"17dpq8e\" data-start=\"694\" data-end=\"713\">\u2728 Points forts<\/h2>\n<p data-start=\"715\" data-end=\"1009\">\u2714\ufe0f <strong data-start=\"718\" data-end=\"735\">Ergonomique :<\/strong> r\u00e9duit les douleurs au cou et au dos<br data-start=\"772\" data-end=\"775\" \/>\u2714\ufe0f <strong data-start=\"778\" data-end=\"792\">R\u00e9glable :<\/strong> plusieurs niveaux d\u2019inclinaison selon ton confort<br data-start=\"842\" data-end=\"845\" \/>\u2714\ufe0f <strong data-start=\"848\" data-end=\"862\">Portable :<\/strong> l\u00e9ger, pliable et facile \u00e0 transporter<br data-start=\"901\" data-end=\"904\" \/>\u2714\ufe0f <strong data-start=\"907\" data-end=\"920\">Ventil\u00e9 :<\/strong> \u00e9vite la surchauffe de ton ordinateur<br data-start=\"958\" data-end=\"961\" \/>\u2714\ufe0f <strong data-start=\"964\" data-end=\"975\">Styl\u00e9 :<\/strong> design rose tendance et moderne<\/p>\n<hr data-start=\"1011\" data-end=\"1014\" \/>\n<h2 data-section-id=\"1uyu6z3\" data-start=\"1016\" data-end=\"1039\">\ud83d\udcca Fiche technique<\/h2>\n<ul data-start=\"1041\" data-end=\"1715\">\n<li data-section-id=\"14smyi8\" data-start=\"1041\" data-end=\"1102\">\n<p data-start=\"1043\" data-end=\"1102\">\ud83e\udde9 <strong data-start=\"1046\" data-end=\"1067\">Type de produit :<\/strong> Support pour ordinateur portable<\/p>\n<\/li>\n<li data-section-id=\"ao2k4y\" data-start=\"1103\" data-end=\"1128\">\n<p data-start=\"1105\" data-end=\"1128\">\ud83c\udf80 <strong data-start=\"1108\" data-end=\"1121\">Couleur :<\/strong> Rose<\/p>\n<\/li>\n<li data-section-id=\"sxynt4\" data-start=\"1129\" data-end=\"1209\">\n<p data-start=\"1131\" data-end=\"1209\">\ud83d\udcbb <strong data-start=\"1134\" data-end=\"1153\">Compatibilit\u00e9 :<\/strong> Ordinateurs portables et tablettes (10 \u00e0 15,6 pouces)<\/p>\n<\/li>\n<li data-section-id=\"1a9y4tp\" data-start=\"1210\" data-end=\"1266\">\n<p data-start=\"1212\" data-end=\"1266\">\ud83d\udcd0 <strong data-start=\"1215\" data-end=\"1228\">R\u00e9glage :<\/strong> Inclinaison ajustable (\u2248 6 niveaux)<\/p>\n<\/li>\n<li data-section-id=\"1o6saox\" data-start=\"1267\" data-end=\"1320\">\n<p data-start=\"1269\" data-end=\"1320\">\ud83e\uddf3 <strong data-start=\"1272\" data-end=\"1284\">Design :<\/strong> Pliable, compact et transportable<\/p>\n<\/li>\n<li data-section-id=\"l275dr\" data-start=\"1321\" data-end=\"1375\">\n<p data-start=\"1323\" data-end=\"1375\">\ud83e\udeb6 <strong data-start=\"1326\" data-end=\"1340\">Mat\u00e9riau :<\/strong> Plastique ABS r\u00e9sistant et l\u00e9ger<\/p>\n<\/li>\n<li data-section-id=\"1yod68g\" data-start=\"1376\" data-end=\"1429\">\n<p data-start=\"1378\" data-end=\"1429\">\u2696\ufe0f <strong data-start=\"1381\" data-end=\"1392\">Poids :<\/strong> Ultra l\u00e9ger (facile \u00e0 transporter)<\/p>\n<\/li>\n<li data-section-id=\"1vaqziu\" data-start=\"1430\" data-end=\"1482\">\n<p data-start=\"1432\" data-end=\"1482\">\ud83d\udccf <strong data-start=\"1435\" data-end=\"1451\">Dimensions :<\/strong> Format compact une fois pli\u00e9<\/p>\n<\/li>\n<li data-section-id=\"399r65\" data-start=\"1483\" data-end=\"1526\">\n<p data-start=\"1485\" data-end=\"1526\">\ud83d\udd12 <strong data-start=\"1488\" data-end=\"1503\">Stabilit\u00e9 :<\/strong> Patins antid\u00e9rapants<\/p>\n<\/li>\n<li data-section-id=\"11vjvkb\" data-start=\"1527\" data-end=\"1607\">\n<p data-start=\"1529\" data-end=\"1607\">\ud83c\udf2c\ufe0f <strong data-start=\"1533\" data-end=\"1554\">Refroidissement :<\/strong> Structure ouverte pour meilleure circulation d\u2019air<\/p>\n<\/li>\n<li data-section-id=\"8irppx\" data-start=\"1608\" data-end=\"1659\">\n<p data-start=\"1610\" data-end=\"1659\">\ud83d\udee0\ufe0f <strong data-start=\"1614\" data-end=\"1632\">Installation :<\/strong> Aucun montage n\u00e9cessaire<\/p>\n<\/li>\n<li data-section-id=\"1wz4bwm\" data-start=\"1660\" data-end=\"1715\">\n<p data-start=\"1662\" data-end=\"1715\">\ud83d\udda5\ufe0f <strong data-start=\"1666\" data-end=\"1683\">Utilisation :<\/strong> Bureau, maison, \u00e9cole, voyage<\/p>\n<\/li>\n<\/ul>\n<hr data-start=\"1717\" data-end=\"1720\" \/>\n<h2 data-section-id=\"pvsbnh\" data-start=\"1722\" data-end=\"1746\">\ud83d\udce6 Contenu du colis<\/h2>\n<ul data-start=\"1748\" data-end=\"1791\">\n<li data-section-id=\"n37o3o\" data-start=\"1748\" data-end=\"1791\">\n<p data-start=\"1750\" data-end=\"1791\">1 \u00d7 Support ordinateur portable pliable<\/p>\n<\/li>\n<\/ul>\n<hr data-start=\"1793\" data-end=\"1796\" \/>\n<h2 data-section-id=\"13b3ls7\" data-start=\"1798\" data-end=\"1816\">\ud83c\udfaf Id\u00e9al pour<\/h2>\n<ul data-start=\"1818\" data-end=\"1957\">\n<li data-section-id=\"1bjnpv7\" data-start=\"1818\" data-end=\"1837\">\n<p data-start=\"1820\" data-end=\"1837\">\u00c9tudiants \ud83d\udc69\u200d\ud83c\udf93<\/p>\n<\/li>\n<li data-section-id=\"15zpqyh\" data-start=\"1838\" data-end=\"1861\">\n<p data-start=\"1840\" data-end=\"1861\">T\u00e9l\u00e9travailleurs \ud83d\udcbc<\/p>\n<\/li>\n<li data-section-id=\"1w7r9y5\" data-start=\"1862\" data-end=\"1902\">\n<p data-start=\"1864\" data-end=\"1902\">Utilisation prolong\u00e9e sur ordinateur<\/p>\n<\/li>\n<li data-section-id=\"x9oget\" data-start=\"1903\" data-end=\"1957\">\n<p data-start=\"1905\" data-end=\"1957\">Personnes cherchant un setup ergonomique et propre<\/p>\n<\/li>\n<\/ul>\n<hr data-start=\"1959\" data-end=\"1962\" \/>\n<h2 data-section-id=\"qstbqo\" data-start=\"1964\" data-end=\"2001\">\ud83d\udca1 Pourquoi choisir ce support ?<\/h2>\n<p data-start=\"2002\" data-end=\"2274\">Ce support est l\u2019accessoire indispensable pour am\u00e9liorer ton confort au quotidien. Il te permet de <strong data-start=\"2101\" data-end=\"2143\">travailler plus longtemps sans douleur<\/strong>, tout en prot\u00e9geant ton ordinateur contre la chaleur. Son design pliable et l\u00e9ger en fait un compagnon parfait \u00e0 emporter partout.<\/p>\n","protected":false},"excerpt":{"rendered":"<p>Travaille confortablement o\u00f9 que tu sois gr\u00e2ce \u00e0 ce support d\u2019ordinateur portable pliable et r\u00e9glable. Con\u00e7u pour am\u00e9liorer ta posture et r\u00e9duire la fatigue, il combine ergonomie, praticit\u00e9 et design \u00e9l\u00e9gant avec sa finition rose moderne. Que ce soit pour le t\u00e9l\u00e9travail, les \u00e9tudes ou le divertissement, ce support te permet d\u2019adopter une position id\u00e9ale&hellip;<\/p>\n","protected":false},"featured_media":16951,"comment_status":"open","ping_status":"closed","template":"","meta":[],"product_cat":[90],"product_tag":[],"class_list":{"0":"post-16946","1":"product","2":"type-product","3":"status-publish","4":"has-post-thumbnail","6":"product_cat-accessoires-informatique","8":"first","9":"instock","10":"sale","11":"shipping-taxable","12":"purchasable","13":"product-type-simple","14":"col-xs-6 col-sm-4","15":"col-md-3 col-lg-3","16":"un-4-cols"},"_links":{"self":[{"href":"https:\/\/www.vazy.market\/index.php\/wp-json\/wp\/v2\/product\/16946","targetHints":{"allow":["GET"]}}],"collection":[{"href":"https:\/\/www.vazy.market\/index.php\/wp-json\/wp\/v2\/product"}],"about":[{"href":"https:\/\/www.vazy.market\/index.php\/wp-json\/wp\/v2\/types\/product"}],"replies":[{"embeddable":true,"href":"https:\/\/www.vazy.market\/index.php\/wp-json\/wp\/v2\/comments?post=16946"}],"wp:featuredmedia":[{"embeddable":true,"href":"https:\/\/www.vazy.market\/index.php\/wp-json\/wp\/v2\/media\/16951"}],"wp:attachment":[{"href":"https:\/\/www.vazy.market\/index.php\/wp-json\/wp\/v2\/media?parent=16946"}],"wp:term":[{"taxonomy":"product_cat","embeddable":true,"href":"https:\/\/www.vazy.market\/index.php\/wp-json\/wp\/v2\/product_cat?post=16946"},{"taxonomy":"product_tag","embeddable":true,"href":"https:\/\/www.vazy.market\/index.php\/wp-json\/wp\/v2\/product_tag?post=16946"}],"curies":[{"name":"wp","href":"https:\/\/api.w.org\/{rel}","templated":true}]}}