{"id":16940,"date":"2026-03-19T12:19:01","date_gmt":"2026-03-19T12:19:01","guid":{"rendered":"https:\/\/www.vazy.market\/?post_type=product&#038;p=16940"},"modified":"2026-03-25T08:44:55","modified_gmt":"2026-03-25T08:44:55","slug":"iphone-x-4g-5-8-64go3go-12mp12mp-4k7mp-4k-nano-sim-esim-2716mah","status":"publish","type":"product","link":"https:\/\/www.vazy.market\/index.php\/product\/iphone-x-4g-5-8-64go3go-12mp12mp-4k7mp-4k-nano-sim-esim-2716mah\/","title":{"rendered":"\ud83d\udcf1 IPHONE X 4G &#8211; 5.8&Prime; &#8211; 64Go|3Go &#8211; 12MP+12MP 4K|7MP 4K &#8211; Nano SIM + eSIM &#8211; 2716mAh"},"content":{"rendered":"<div class=\"flex h-svh w-screen flex-col\">\n<div class=\"relative z-0 flex min-h-0 w-full flex-1\">\n<div class=\"relative flex min-h-0 w-full flex-1\">\n<div class=\"@container\/main relative flex min-w-0 flex-1 flex-col -translate-y-[calc(env(safe-area-inset-bottom,0px)\/2)] pt-[calc(env(safe-area-inset-bottom,0px)\/2)]\">\n<div class=\"@w-sm\/main:[scrollbar-gutter:var(--stage-scroll-gutter)] touch:[scrollbar-width:none] relative flex min-h-0 min-w-0 flex-1 flex-col [scrollbar-gutter:stable] not-print:overflow-x-clip not-print:overflow-y-auto scroll-pt-(--header-height) [--sticky-padding-top:var(--header-height)] has-data-[fixed-header=less-than-xl]:@w-xl\/main:scroll-pt-0 has-data-[fixed-header=less-than-xl]:@w-xl\/main:[--sticky-padding-top:0px] has-data-[fixed-header=less-than-xxl]:@w-2xl\/main:scroll-pt-0 has-data-[fixed-header=less-than-xxl]:@w-2xl\/main:[--sticky-padding-top:0px]\" data-scroll-root=\"\"><main id=\"main\" class=\"min-h-0 flex-1\"><\/p>\n<div id=\"thread\" class=\"group\/thread flex flex-col min-h-full\">\n<div class=\"composer-parent flex flex-1 flex-col focus-visible:outline-0\" role=\"presentation\">\n<div class=\"relative basis-auto flex-col -mb-(--composer-overlap-px) [--composer-overlap-px:28px] grow flex\">\n<div class=\"flex flex-col text-sm pb-25\">\n<section class=\"text-token-text-primary w-full focus:outline-none [--shadow-height:45px] has-data-writing-block:pointer-events-none has-data-writing-block:-mt-(--shadow-height) has-data-writing-block:pt-(--shadow-height) [&amp;:has([data-writing-block])&gt;*]:pointer-events-auto scroll-mt-[calc(var(--header-height)+min(200px,max(70px,20svh)))]\" dir=\"auto\" data-turn-id=\"request-69add934-1d50-8332-91d7-d97a2ee2331f-27\" data-testid=\"conversation-turn-354\" data-scroll-anchor=\"true\" data-turn=\"assistant\">\n<div class=\"text-base my-auto mx-auto pb-10 [--thread-content-margin:var(--thread-content-margin-xs,calc(var(--spacing)*4))] @w-sm\/main:[--thread-content-margin:var(--thread-content-margin-sm,calc(var(--spacing)*6))] @w-lg\/main:[--thread-content-margin:var(--thread-content-margin-lg,calc(var(--spacing)*16))] px-(--thread-content-margin)\">\n<div class=\"[--thread-content-max-width:40rem] @w-lg\/main:[--thread-content-max-width:48rem] mx-auto max-w-(--thread-content-max-width) flex-1 group\/turn-messages focus-visible:outline-hidden relative flex w-full min-w-0 flex-col agent-turn\">\n<div class=\"flex max-w-full flex-col gap-4 grow\">\n<div class=\"min-h-8 text-message relative flex w-full flex-col items-end gap-2 text-start break-words whitespace-normal outline-none keyboard-focused:focus-ring [.text-message+&amp;]:mt-1\" dir=\"auto\" tabindex=\"0\" data-message-author-role=\"assistant\" data-message-id=\"ab8dbfb1-b0f2-4409-a17b-d911aa276953\" data-turn-start-message=\"true\" data-message-model-slug=\"gpt-5-3\">\n<div class=\"flex w-full flex-col gap-1 empty:hidden\">\n<div class=\"streaming-animation markdown prose dark:prose-invert w-full wrap-break-word light markdown-new-styling\">\n<p data-start=\"104\" data-end=\"360\">D\u00e9couvrez le <strong data-start=\"117\" data-end=\"135\">Apple iPhone X<\/strong>, un smartphone iconique qui a r\u00e9volutionn\u00e9 le design Apple avec son <strong data-start=\"204\" data-end=\"241\">\u00e9cran bord \u00e0 bord OLED et Face ID<\/strong>. Compact, \u00e9l\u00e9gant et performant, il reste un excellent choix pour une <strong data-start=\"312\" data-end=\"357\">exp\u00e9rience Apple fluide \u00e0 prix accessible<\/strong>.<\/p>\n<p data-start=\"362\" data-end=\"524\">Son <strong data-start=\"366\" data-end=\"410\">\u00e9cran Super Retina HD OLED de 5.8 pouces<\/strong> offre une qualit\u00e9 d\u2019affichage exceptionnelle avec HDR et contraste \u00e9lev\u00e9 .<\/p>\n<p data-start=\"526\" data-end=\"720\">Propuls\u00e9 par la <strong data-start=\"542\" data-end=\"584\">puce Apple A11 Bionic avec 3 Go de RAM<\/strong>, il assure des performances fluides pour les applications, le multit\u00e2che et un usage quotidien .<\/p>\n<p data-start=\"722\" data-end=\"877\">Son <strong data-start=\"726\" data-end=\"765\">double appareil photo 12 MP + 12 MP<\/strong> permet de capturer des photos nettes avec zoom optique et vid\u00e9os en 4K .<\/p>\n<p data-start=\"879\" data-end=\"1037\">Gr\u00e2ce \u00e0 sa <strong data-start=\"890\" data-end=\"945\">batterie de 2716 mAh avec charge rapide et sans fil<\/strong>, profitez d\u2019une autonomie correcte pour la journ\u00e9e .<\/p>\n<hr data-start=\"1039\" data-end=\"1042\" \/>\n<h1 data-section-id=\"gug16d\" data-start=\"1044\" data-end=\"1060\">\u2b50 Points forts<\/h1>\n<p data-start=\"1062\" data-end=\"1409\">\u2714 \ud83d\udcf1 <strong data-start=\"1067\" data-end=\"1111\">\u00c9cran OLED 5.8&Prime; Super Retina HD immersif<\/strong><br data-start=\"1111\" data-end=\"1114\" \/>\u2714 \ud83d\udcf8 <strong data-start=\"1119\" data-end=\"1163\">Double cam\u00e9ra 12 MP avec zoom optique x2<\/strong><br data-start=\"1163\" data-end=\"1166\" \/>\u2714 \u26a1 <strong data-start=\"1170\" data-end=\"1207\">Puce Apple A11 Bionic performante<\/strong><br data-start=\"1207\" data-end=\"1210\" \/>\u2714 \ud83d\udd0b <strong data-start=\"1215\" data-end=\"1266\">Batterie 2716 mAh avec charge rapide + sans fil<\/strong><br data-start=\"1266\" data-end=\"1269\" \/>\u2714 \ud83d\udcf6 <strong data-start=\"1274\" data-end=\"1302\">Compatible 4G LTE rapide<\/strong><br data-start=\"1302\" data-end=\"1305\" \/>\u2714 \ud83d\udca7 <strong data-start=\"1310\" data-end=\"1354\">R\u00e9sistant \u00e0 l\u2019eau et \u00e0 la poussi\u00e8re IP67<\/strong><br data-start=\"1354\" data-end=\"1357\" \/>\u2714 \ud83d\udd10 <strong data-start=\"1362\" data-end=\"1407\">Face ID s\u00e9curis\u00e9 (reconnaissance faciale)<\/strong><\/p>\n<hr data-start=\"1411\" data-end=\"1414\" \/>\n<h1 data-section-id=\"ys7y0m\" data-start=\"1416\" data-end=\"1427\">\ud83d\udcf8 Cam\u00e9ra<\/h1>\n<ul data-start=\"1429\" data-end=\"1648\">\n<li data-section-id=\"12hgscw\" data-start=\"1429\" data-end=\"1471\">\n<p data-start=\"1431\" data-end=\"1471\">\ud83d\udcf7 <strong data-start=\"1434\" data-end=\"1469\">Cam\u00e9ra principale : 12 MP (OIS)<\/strong><\/p>\n<\/li>\n<li data-section-id=\"1cgvaxt\" data-start=\"1472\" data-end=\"1521\">\n<p data-start=\"1474\" data-end=\"1521\">\ud83d\udd2d <strong data-start=\"1477\" data-end=\"1519\">T\u00e9l\u00e9objectif : 12 MP (zoom optique x2)<\/strong><\/p>\n<\/li>\n<li data-section-id=\"142bo4z\" data-start=\"1522\" data-end=\"1567\">\n<p data-start=\"1524\" data-end=\"1567\">\ud83e\udd33 <strong data-start=\"1527\" data-end=\"1565\">Cam\u00e9ra frontale : 7 MP (TrueDepth)<\/strong><\/p>\n<\/li>\n<li data-section-id=\"9dcm4e\" data-start=\"1568\" data-end=\"1648\">\n<p data-start=\"1570\" data-end=\"1648\">\ud83c\udfa5 <strong data-start=\"1573\" data-end=\"1608\">Vid\u00e9o : 4K UHD (jusqu\u2019\u00e0 60 fps)<\/strong><\/p>\n<\/li>\n<\/ul>\n<hr data-start=\"1650\" data-end=\"1653\" \/>\n<h1 data-section-id=\"1gx1fos\" data-start=\"1655\" data-end=\"1675\">\ud83d\udcca Fiche Technique<\/h1>\n<div class=\"TyagGW_tableContainer\">\n<div class=\"group TyagGW_tableWrapper flex flex-col-reverse w-fit\" tabindex=\"-1\">\n<table class=\"w-fit min-w-(--thread-content-width)\" data-start=\"1677\" data-end=\"2172\">\n<thead data-start=\"1677\" data-end=\"1706\">\n<tr data-start=\"1677\" data-end=\"1706\">\n<th class=\"\" data-start=\"1677\" data-end=\"1695\" data-col-size=\"sm\">Caract\u00e9ristique<\/th>\n<th class=\"\" data-start=\"1695\" data-end=\"1706\" data-col-size=\"sm\">D\u00e9tails<\/th>\n<\/tr>\n<\/thead>\n<tbody data-start=\"1717\" data-end=\"2172\">\n<tr data-start=\"1717\" data-end=\"1735\">\n<td data-start=\"1717\" data-end=\"1726\" data-col-size=\"sm\">Marque<\/td>\n<td data-start=\"1726\" data-end=\"1735\" data-col-size=\"sm\">Apple<\/td>\n<\/tr>\n<tr data-start=\"1736\" data-end=\"1761\">\n<td data-start=\"1736\" data-end=\"1745\" data-col-size=\"sm\">Mod\u00e8le<\/td>\n<td data-start=\"1745\" data-end=\"1761\" data-col-size=\"sm\"><strong data-start=\"1747\" data-end=\"1759\">iPhone X<\/strong><\/td>\n<\/tr>\n<tr data-start=\"1762\" data-end=\"1785\">\n<td data-start=\"1762\" data-end=\"1771\" data-col-size=\"sm\">R\u00e9seau<\/td>\n<td data-start=\"1771\" data-end=\"1785\" data-col-size=\"sm\"><strong data-start=\"1773\" data-end=\"1783\">4G LTE<\/strong><\/td>\n<\/tr>\n<tr data-start=\"1786\" data-end=\"1833\">\n<td data-start=\"1786\" data-end=\"1794\" data-col-size=\"sm\">\u00c9cran<\/td>\n<td data-start=\"1794\" data-end=\"1833\" data-col-size=\"sm\"><strong data-start=\"1796\" data-end=\"1831\">5.8 pouces OLED Super Retina HD<\/strong><\/td>\n<\/tr>\n<tr data-start=\"1834\" data-end=\"1869\">\n<td data-start=\"1834\" data-end=\"1847\" data-col-size=\"sm\">R\u00e9solution<\/td>\n<td data-start=\"1847\" data-end=\"1869\" data-col-size=\"sm\">2436 \u00d7 1125 pixels<\/td>\n<\/tr>\n<tr data-start=\"1870\" data-end=\"1907\">\n<td data-start=\"1870\" data-end=\"1883\" data-col-size=\"sm\">Processeur<\/td>\n<td data-start=\"1883\" data-end=\"1907\" data-col-size=\"sm\"><strong data-start=\"1885\" data-end=\"1905\">Apple A11 Bionic<\/strong><\/td>\n<\/tr>\n<tr data-start=\"1908\" data-end=\"1926\">\n<td data-start=\"1908\" data-end=\"1914\" data-col-size=\"sm\">RAM<\/td>\n<td data-start=\"1914\" data-end=\"1926\" data-col-size=\"sm\"><strong data-start=\"1916\" data-end=\"1924\">3 Go<\/strong><\/td>\n<\/tr>\n<tr data-start=\"1927\" data-end=\"1951\">\n<td data-start=\"1927\" data-end=\"1938\" data-col-size=\"sm\">Stockage<\/td>\n<td data-start=\"1938\" data-end=\"1951\" data-col-size=\"sm\"><strong data-start=\"1940\" data-end=\"1949\">64 Go<\/strong><\/td>\n<\/tr>\n<tr data-start=\"1952\" data-end=\"1993\">\n<td data-start=\"1952\" data-end=\"1969\" data-col-size=\"sm\">Cam\u00e9ra arri\u00e8re<\/td>\n<td data-start=\"1969\" data-end=\"1993\" data-col-size=\"sm\"><strong data-start=\"1971\" data-end=\"1991\">12MP + 12MP (4K)<\/strong><\/td>\n<\/tr>\n<tr data-start=\"1994\" data-end=\"2028\">\n<td data-start=\"1994\" data-end=\"2012\" data-col-size=\"sm\">Cam\u00e9ra frontale<\/td>\n<td data-start=\"2012\" data-end=\"2028\" data-col-size=\"sm\"><strong data-start=\"2014\" data-end=\"2026\">7MP (4K)<\/strong><\/td>\n<\/tr>\n<tr data-start=\"2029\" data-end=\"2056\">\n<td data-start=\"2029\" data-end=\"2040\" data-col-size=\"sm\">Batterie<\/td>\n<td data-start=\"2040\" data-end=\"2056\" data-col-size=\"sm\"><strong data-start=\"2042\" data-end=\"2054\">2716 mAh<\/strong><\/td>\n<\/tr>\n<tr data-start=\"2057\" data-end=\"2094\">\n<td data-start=\"2057\" data-end=\"2066\" data-col-size=\"sm\">Charge<\/td>\n<td data-start=\"2066\" data-end=\"2094\" data-col-size=\"sm\"><strong data-start=\"2068\" data-end=\"2092\">Rapide + sans fil Qi<\/strong><\/td>\n<\/tr>\n<tr data-start=\"2095\" data-end=\"2124\">\n<td data-start=\"2095\" data-end=\"2101\" data-col-size=\"sm\">SIM<\/td>\n<td data-start=\"2101\" data-end=\"2124\" data-col-size=\"sm\"><strong data-start=\"2103\" data-end=\"2122\">Nano SIM + eSIM<\/strong><\/td>\n<\/tr>\n<tr data-start=\"2125\" data-end=\"2146\">\n<td data-start=\"2125\" data-end=\"2135\" data-col-size=\"sm\">Syst\u00e8me<\/td>\n<td data-start=\"2135\" data-end=\"2146\" data-col-size=\"sm\"><strong data-start=\"2137\" data-end=\"2144\">iOS<\/strong><\/td>\n<\/tr>\n<tr data-start=\"2147\" data-end=\"2172\">\n<td data-start=\"2147\" data-end=\"2160\" data-col-size=\"sm\">R\u00e9sistance<\/td>\n<td data-start=\"2160\" data-end=\"2172\" data-col-size=\"sm\"><strong data-start=\"2162\" data-end=\"2170\">IP67<\/strong><\/td>\n<\/tr>\n<\/tbody>\n<\/table>\n<\/div>\n<\/div>\n<hr data-start=\"2174\" data-end=\"2177\" \/>\n<h1 data-section-id=\"6f7tr2\" data-start=\"2179\" data-end=\"2200\">\ud83d\udce6 Contenu du colis<\/h1>\n<ul data-start=\"2202\" data-end=\"2325\">\n<li data-section-id=\"1antwtu\" data-start=\"2202\" data-end=\"2235\">\n<p data-start=\"2204\" data-end=\"2235\">1 \u00d7 <strong data-start=\"2208\" data-end=\"2233\">Apple iPhone X (neuf)<\/strong><\/p>\n<\/li>\n<li data-section-id=\"12c7oyc\" data-start=\"2236\" data-end=\"2259\">\n<p data-start=\"2238\" data-end=\"2259\">1 \u00d7 C\u00e2ble Lightning<\/p>\n<\/li>\n<li data-section-id=\"qzz255\" data-start=\"2260\" data-end=\"2278\">\n<p data-start=\"2262\" data-end=\"2278\">1 \u00d7 Adaptateur<\/p>\n<\/li>\n<li data-section-id=\"12haphu\" data-start=\"2279\" data-end=\"2296\">\n<p data-start=\"2281\" data-end=\"2296\">1 \u00d7 Outil SIM<\/p>\n<\/li>\n<li data-section-id=\"euolri\" data-start=\"2297\" data-end=\"2325\">\n<p data-start=\"2299\" data-end=\"2325\">1 \u00d7 Manuel d\u2019utilisation<\/p>\n<\/li>\n<\/ul>\n<hr data-start=\"2327\" data-end=\"2330\" \/>\n<p data-start=\"2332\" data-end=\"2492\">\ud83d\udcf1 <strong data-start=\"2335\" data-end=\"2492\">L\u2019iPhone X (64Go) est id\u00e9al pour ceux qui recherchent un smartphone compact, \u00e9l\u00e9gant et performant avec l\u2019essentiel de l\u2019exp\u00e9rience Apple \u00e0 petit budget.<\/strong><\/p>\n<\/div>\n<\/div>\n<\/div>\n<\/div>\n<\/div>\n<\/div>\n<\/section>\n<\/div>\n<\/div>\n<\/div>\n<\/div>\n<p><\/main><\/div>\n<\/div>\n<\/div>\n<\/div>\n<\/div>\n","protected":false},"excerpt":{"rendered":"<p>D\u00e9couvrez le Apple iPhone X, un smartphone iconique qui a r\u00e9volutionn\u00e9 le design Apple avec son \u00e9cran bord \u00e0 bord OLED et Face ID. Compact, \u00e9l\u00e9gant et performant, il reste un excellent choix pour une exp\u00e9rience Apple fluide \u00e0 prix accessible. Son \u00e9cran Super Retina HD OLED de 5.8 pouces offre une qualit\u00e9 d\u2019affichage exceptionnelle&hellip;<\/p>\n","protected":false},"featured_media":16943,"comment_status":"open","ping_status":"closed","template":"","meta":[],"product_cat":[81,75],"product_tag":[],"class_list":{"0":"post-16940","1":"product","2":"type-product","3":"status-publish","4":"has-post-thumbnail","6":"product_brand-apple","7":"product_cat-iphone","8":"product_cat-smartphones","10":"first","11":"instock","12":"sale","13":"shipping-taxable","14":"purchasable","15":"product-type-simple","16":"col-xs-6 col-sm-4","17":"col-md-3 col-lg-3","18":"un-4-cols"},"_links":{"self":[{"href":"https:\/\/www.vazy.market\/index.php\/wp-json\/wp\/v2\/product\/16940","targetHints":{"allow":["GET"]}}],"collection":[{"href":"https:\/\/www.vazy.market\/index.php\/wp-json\/wp\/v2\/product"}],"about":[{"href":"https:\/\/www.vazy.market\/index.php\/wp-json\/wp\/v2\/types\/product"}],"replies":[{"embeddable":true,"href":"https:\/\/www.vazy.market\/index.php\/wp-json\/wp\/v2\/comments?post=16940"}],"wp:featuredmedia":[{"embeddable":true,"href":"https:\/\/www.vazy.market\/index.php\/wp-json\/wp\/v2\/media\/16943"}],"wp:attachment":[{"href":"https:\/\/www.vazy.market\/index.php\/wp-json\/wp\/v2\/media?parent=16940"}],"wp:term":[{"taxonomy":"product_cat","embeddable":true,"href":"https:\/\/www.vazy.market\/index.php\/wp-json\/wp\/v2\/product_cat?post=16940"},{"taxonomy":"product_tag","embeddable":true,"href":"https:\/\/www.vazy.market\/index.php\/wp-json\/wp\/v2\/product_tag?post=16940"}],"curies":[{"name":"wp","href":"https:\/\/api.w.org\/{rel}","templated":true}]}}