{"id":16934,"date":"2026-03-19T12:07:55","date_gmt":"2026-03-19T12:07:55","guid":{"rendered":"https:\/\/www.vazy.market\/?post_type=product&#038;p=16934"},"modified":"2026-03-25T08:45:29","modified_gmt":"2026-03-25T08:45:29","slug":"iphone-xs-max-4g-6-5-256go4go-12mp12mp-4k7mp-4k-nano-sim-esim-3174mah","status":"publish","type":"product","link":"https:\/\/www.vazy.market\/index.php\/product\/iphone-xs-max-4g-6-5-256go4go-12mp12mp-4k7mp-4k-nano-sim-esim-3174mah\/","title":{"rendered":"\ud83d\udcf1 IPHONE XS MAX 4G &#8211; 6.5&Prime; &#8211; 256Go|4Go &#8211; 12MP+12MP 4K|7MP 4K &#8211; Nano SIM + eSIM &#8211; 3174mAh"},"content":{"rendered":"<div class=\"flex h-svh w-screen flex-col\">\n<div class=\"relative z-0 flex min-h-0 w-full flex-1\">\n<div class=\"relative flex min-h-0 w-full flex-1\">\n<div class=\"@container\/main relative flex min-w-0 flex-1 flex-col -translate-y-[calc(env(safe-area-inset-bottom,0px)\/2)] pt-[calc(env(safe-area-inset-bottom,0px)\/2)]\">\n<div class=\"@w-sm\/main:[scrollbar-gutter:var(--stage-scroll-gutter)] touch:[scrollbar-width:none] relative flex min-h-0 min-w-0 flex-1 flex-col [scrollbar-gutter:stable] not-print:overflow-x-clip not-print:overflow-y-auto scroll-pt-(--header-height) [--sticky-padding-top:var(--header-height)] has-data-[fixed-header=less-than-xl]:@w-xl\/main:scroll-pt-0 has-data-[fixed-header=less-than-xl]:@w-xl\/main:[--sticky-padding-top:0px] has-data-[fixed-header=less-than-xxl]:@w-2xl\/main:scroll-pt-0 has-data-[fixed-header=less-than-xxl]:@w-2xl\/main:[--sticky-padding-top:0px]\" data-scroll-root=\"\">\n<p style=\"text-align: right;\">\n<div id=\"thread\" class=\"group\/thread flex flex-col min-h-full\">\n<div class=\"composer-parent flex flex-1 flex-col focus-visible:outline-0\" role=\"presentation\">\n<div class=\"relative basis-auto flex-col -mb-(--composer-overlap-px) [--composer-overlap-px:28px] grow flex\">\n<div class=\"flex flex-col text-sm pb-25\">\n<section class=\"text-token-text-primary w-full focus:outline-none [--shadow-height:45px] has-data-writing-block:pointer-events-none has-data-writing-block:-mt-(--shadow-height) has-data-writing-block:pt-(--shadow-height) [&amp;:has([data-writing-block])&gt;*]:pointer-events-auto scroll-mt-[calc(var(--header-height)+min(200px,max(70px,20svh)))]\" dir=\"auto\" data-turn-id=\"request-69add934-1d50-8332-91d7-d97a2ee2331f-25\" data-testid=\"conversation-turn-350\" data-scroll-anchor=\"true\" data-turn=\"assistant\">\n<div class=\"text-base my-auto mx-auto pb-10 [--thread-content-margin:var(--thread-content-margin-xs,calc(var(--spacing)*4))] @w-sm\/main:[--thread-content-margin:var(--thread-content-margin-sm,calc(var(--spacing)*6))] @w-lg\/main:[--thread-content-margin:var(--thread-content-margin-lg,calc(var(--spacing)*16))] px-(--thread-content-margin)\">\n<div class=\"[--thread-content-max-width:40rem] @w-lg\/main:[--thread-content-max-width:48rem] mx-auto max-w-(--thread-content-max-width) flex-1 group\/turn-messages focus-visible:outline-hidden relative flex w-full min-w-0 flex-col agent-turn\">\n<div class=\"flex max-w-full flex-col gap-4 grow\">\n<div class=\"min-h-8 text-message relative flex w-full flex-col items-end gap-2 text-start break-words whitespace-normal outline-none keyboard-focused:focus-ring [.text-message+&amp;]:mt-1\" dir=\"auto\" tabindex=\"0\" data-message-author-role=\"assistant\" data-message-id=\"0cdcb2f7-0e16-49f9-bc99-01a3d0d3e2d9\" data-turn-start-message=\"true\" data-message-model-slug=\"gpt-5-3\">\n<div class=\"flex w-full flex-col gap-1 empty:hidden\">\n<div class=\"markdown prose dark:prose-invert w-full wrap-break-word light markdown-new-styling\">\n<p data-start=\"110\" data-end=\"448\">D\u00e9couvrez le <strong data-start=\"123\" data-end=\"146\">Apple iPhone XS Max<\/strong>, un smartphone premium au design \u00e9l\u00e9gant con\u00e7u pour offrir <strong data-start=\"206\" data-end=\"277\">grand \u00e9cran immersif, performance fiable et exp\u00e9rience Apple fluide<\/strong>. Son <strong data-start=\"283\" data-end=\"327\">\u00e9cran Super Retina HD OLED de 6.5 pouces<\/strong> garantit un affichage HDR avec des couleurs riches et un contraste exceptionnel .<\/p>\n<p data-start=\"450\" data-end=\"656\">Propuls\u00e9 par la <strong data-start=\"466\" data-end=\"508\">puce Apple A12 Bionic avec 4 Go de RAM<\/strong>, ce smartphone assure une utilisation fluide pour le multit\u00e2che, les applications et les jeux du quotidien .<\/p>\n<p data-start=\"658\" data-end=\"840\">Son <strong data-start=\"662\" data-end=\"716\">double appareil photo (12 MP + 12 MP t\u00e9l\u00e9objectif)<\/strong> permet de capturer des photos nettes avec zoom optique et vid\u00e9os en qualit\u00e9 4K HDR .<\/p>\n<p data-start=\"842\" data-end=\"984\">Gr\u00e2ce \u00e0 sa <strong data-start=\"853\" data-end=\"877\">batterie de 3174 mAh<\/strong>, profitez d\u2019une autonomie fiable pour une utilisation quotidienne .<\/p>\n<hr data-start=\"986\" data-end=\"989\" \/>\n<h1 data-section-id=\"gug16d\" data-start=\"991\" data-end=\"1007\">\u2b50 Points forts<\/h1>\n<p data-start=\"1009\" data-end=\"1400\">\u2714 \ud83d\udcf1 <strong data-start=\"1014\" data-end=\"1064\">Grand \u00e9cran OLED 6.5&Prime; Super Retina HD immersif<\/strong><br data-start=\"1064\" data-end=\"1067\" \/>\u2714 \ud83d\udcf8 <strong data-start=\"1072\" data-end=\"1116\">Double cam\u00e9ra 12 MP avec zoom optique x2<\/strong><br data-start=\"1116\" data-end=\"1119\" \/>\u2714 \u26a1 <strong data-start=\"1123\" data-end=\"1160\">Puce Apple A12 Bionic performante<\/strong><br data-start=\"1160\" data-end=\"1163\" \/>\u2714 \ud83d\udd0b <strong data-start=\"1168\" data-end=\"1206\">Batterie 3174 mAh autonomie fiable<\/strong><br data-start=\"1206\" data-end=\"1209\" \/>\u2714 \u26a1 <strong data-start=\"1213\" data-end=\"1246\">Charge rapide + sans fil (Qi)<\/strong><br data-start=\"1246\" data-end=\"1249\" \/>\u2714 \ud83d\udcf6 <strong data-start=\"1254\" data-end=\"1282\">Compatible 4G LTE rapide<\/strong><br data-start=\"1282\" data-end=\"1285\" \/>\u2714 \ud83d\udca7 <strong data-start=\"1290\" data-end=\"1334\">R\u00e9sistant \u00e0 l\u2019eau et \u00e0 la poussi\u00e8re IP68<\/strong> <br data-start=\"1372\" data-end=\"1375\" \/>\u2714 \ud83d\udd10 <strong data-start=\"1380\" data-end=\"1400\">Face ID s\u00e9curis\u00e9<\/strong><\/p>\n<hr data-start=\"1402\" data-end=\"1405\" \/>\n<h1 data-section-id=\"ys7y0m\" data-start=\"1407\" data-end=\"1418\">\ud83d\udcf8 Cam\u00e9ra<\/h1>\n<ul data-start=\"1420\" data-end=\"1627\">\n<li data-section-id=\"12hgscw\" data-start=\"1420\" data-end=\"1462\">\n<p data-start=\"1422\" data-end=\"1462\">\ud83d\udcf7 <strong data-start=\"1425\" data-end=\"1460\">Cam\u00e9ra principale : 12 MP (OIS)<\/strong><\/p>\n<\/li>\n<li data-section-id=\"1cgvaxt\" data-start=\"1463\" data-end=\"1512\">\n<p data-start=\"1465\" data-end=\"1512\">\ud83d\udd2d <strong data-start=\"1468\" data-end=\"1510\">T\u00e9l\u00e9objectif : 12 MP (zoom optique x2)<\/strong><\/p>\n<\/li>\n<li data-section-id=\"1o8ys09\" data-start=\"1513\" data-end=\"1546\">\n<p data-start=\"1515\" data-end=\"1546\">\ud83e\udd33 <strong data-start=\"1518\" data-end=\"1544\">Cam\u00e9ra frontale : 7 MP<\/strong><\/p>\n<\/li>\n<li data-section-id=\"vqq7by\" data-start=\"1547\" data-end=\"1627\">\n<p data-start=\"1549\" data-end=\"1627\">\ud83c\udfa5 <strong data-start=\"1552\" data-end=\"1587\">Vid\u00e9o : 4K UHD (jusqu\u2019\u00e0 60 fps)<\/strong><\/p>\n<\/li>\n<\/ul>\n<hr data-start=\"1629\" data-end=\"1632\" \/>\n<h1 data-section-id=\"1gx1fos\" data-start=\"1634\" data-end=\"1654\">\ud83d\udcca Fiche Technique<\/h1>\n<div class=\"TyagGW_tableContainer\">\n<div class=\"group TyagGW_tableWrapper flex flex-col-reverse w-fit\" tabindex=\"-1\">\n<table class=\"w-fit min-w-(--thread-content-width)\" data-start=\"1656\" data-end=\"2157\">\n<thead data-start=\"1656\" data-end=\"1685\">\n<tr data-start=\"1656\" data-end=\"1685\">\n<th class=\"\" data-start=\"1656\" data-end=\"1674\" data-col-size=\"sm\">Caract\u00e9ristique<\/th>\n<th class=\"\" data-start=\"1674\" data-end=\"1685\" data-col-size=\"sm\">D\u00e9tails<\/th>\n<\/tr>\n<\/thead>\n<tbody data-start=\"1696\" data-end=\"2157\">\n<tr data-start=\"1696\" data-end=\"1714\">\n<td data-start=\"1696\" data-end=\"1705\" data-col-size=\"sm\">Marque<\/td>\n<td data-start=\"1705\" data-end=\"1714\" data-col-size=\"sm\">Apple<\/td>\n<\/tr>\n<tr data-start=\"1715\" data-end=\"1745\">\n<td data-start=\"1715\" data-end=\"1724\" data-col-size=\"sm\">Mod\u00e8le<\/td>\n<td data-start=\"1724\" data-end=\"1745\" data-col-size=\"sm\"><strong data-start=\"1726\" data-end=\"1743\">iPhone XS Max<\/strong><\/td>\n<\/tr>\n<tr data-start=\"1746\" data-end=\"1769\">\n<td data-start=\"1746\" data-end=\"1755\" data-col-size=\"sm\">R\u00e9seau<\/td>\n<td data-start=\"1755\" data-end=\"1769\" data-col-size=\"sm\"><strong data-start=\"1757\" data-end=\"1767\">4G LTE<\/strong><\/td>\n<\/tr>\n<tr data-start=\"1770\" data-end=\"1817\">\n<td data-start=\"1770\" data-end=\"1778\" data-col-size=\"sm\">\u00c9cran<\/td>\n<td data-start=\"1778\" data-end=\"1817\" data-col-size=\"sm\"><strong data-start=\"1780\" data-end=\"1815\">6.5 pouces OLED Super Retina HD<\/strong><\/td>\n<\/tr>\n<tr data-start=\"1818\" data-end=\"1853\">\n<td data-start=\"1818\" data-end=\"1831\" data-col-size=\"sm\">R\u00e9solution<\/td>\n<td data-start=\"1831\" data-end=\"1853\" data-col-size=\"sm\">2688 \u00d7 1242 pixels<\/td>\n<\/tr>\n<tr data-start=\"1854\" data-end=\"1891\">\n<td data-start=\"1854\" data-end=\"1867\" data-col-size=\"sm\">Processeur<\/td>\n<td data-start=\"1867\" data-end=\"1891\" data-col-size=\"sm\"><strong data-start=\"1869\" data-end=\"1889\">Apple A12 Bionic<\/strong><\/td>\n<\/tr>\n<tr data-start=\"1892\" data-end=\"1910\">\n<td data-start=\"1892\" data-end=\"1898\" data-col-size=\"sm\">RAM<\/td>\n<td data-start=\"1898\" data-end=\"1910\" data-col-size=\"sm\"><strong data-start=\"1900\" data-end=\"1908\">4 Go<\/strong><\/td>\n<\/tr>\n<tr data-start=\"1911\" data-end=\"1936\">\n<td data-start=\"1911\" data-end=\"1922\" data-col-size=\"sm\">Stockage<\/td>\n<td data-start=\"1922\" data-end=\"1936\" data-col-size=\"sm\"><strong data-start=\"1924\" data-end=\"1934\">256 Go<\/strong><\/td>\n<\/tr>\n<tr data-start=\"1937\" data-end=\"1978\">\n<td data-start=\"1937\" data-end=\"1954\" data-col-size=\"sm\">Cam\u00e9ra arri\u00e8re<\/td>\n<td data-start=\"1954\" data-end=\"1978\" data-col-size=\"sm\"><strong data-start=\"1956\" data-end=\"1976\">12MP + 12MP (4K)<\/strong><\/td>\n<\/tr>\n<tr data-start=\"1979\" data-end=\"2013\">\n<td data-start=\"1979\" data-end=\"1997\" data-col-size=\"sm\">Cam\u00e9ra frontale<\/td>\n<td data-start=\"1997\" data-end=\"2013\" data-col-size=\"sm\"><strong data-start=\"1999\" data-end=\"2011\">7MP (4K)<\/strong><\/td>\n<\/tr>\n<tr data-start=\"2014\" data-end=\"2041\">\n<td data-start=\"2014\" data-end=\"2025\" data-col-size=\"sm\">Batterie<\/td>\n<td data-start=\"2025\" data-end=\"2041\" data-col-size=\"sm\"><strong data-start=\"2027\" data-end=\"2039\">3174 mAh<\/strong><\/td>\n<\/tr>\n<tr data-start=\"2042\" data-end=\"2079\">\n<td data-start=\"2042\" data-end=\"2051\" data-col-size=\"sm\">Charge<\/td>\n<td data-start=\"2051\" data-end=\"2079\" data-col-size=\"sm\"><strong data-start=\"2053\" data-end=\"2077\">Rapide + sans fil Qi<\/strong><\/td>\n<\/tr>\n<tr data-start=\"2080\" data-end=\"2109\">\n<td data-start=\"2080\" data-end=\"2086\" data-col-size=\"sm\">SIM<\/td>\n<td data-start=\"2086\" data-end=\"2109\" data-col-size=\"sm\"><strong data-start=\"2088\" data-end=\"2107\">Nano SIM + eSIM<\/strong><\/td>\n<\/tr>\n<tr data-start=\"2110\" data-end=\"2131\">\n<td data-start=\"2110\" data-end=\"2120\" data-col-size=\"sm\">Syst\u00e8me<\/td>\n<td data-start=\"2120\" data-end=\"2131\" data-col-size=\"sm\"><strong data-start=\"2122\" data-end=\"2129\">iOS<\/strong><\/td>\n<\/tr>\n<tr data-start=\"2132\" data-end=\"2157\">\n<td data-start=\"2132\" data-end=\"2145\" data-col-size=\"sm\">R\u00e9sistance<\/td>\n<td data-start=\"2145\" data-end=\"2157\" data-col-size=\"sm\"><strong data-start=\"2147\" data-end=\"2155\">IP68<\/strong><\/td>\n<\/tr>\n<\/tbody>\n<\/table>\n<\/div>\n<\/div>\n<hr data-start=\"2159\" data-end=\"2162\" \/>\n<h1 data-section-id=\"6f7tr2\" data-start=\"2164\" data-end=\"2185\">\ud83d\udce6 Contenu du colis<\/h1>\n<ul data-start=\"2187\" data-end=\"2296\">\n<li data-section-id=\"1115xo5\" data-start=\"2187\" data-end=\"2225\">\n<p data-start=\"2189\" data-end=\"2225\">1 \u00d7 <strong data-start=\"2193\" data-end=\"2223\">Apple iPhone XS Max (neuf)<\/strong><\/p>\n<\/li>\n<li data-section-id=\"12c7oyc\" data-start=\"2226\" data-end=\"2249\">\n<p data-start=\"2228\" data-end=\"2249\">1 \u00d7 C\u00e2ble Lightning<\/p>\n<\/li>\n<li data-section-id=\"12haphu\" data-start=\"2250\" data-end=\"2267\">\n<p data-start=\"2252\" data-end=\"2267\">1 \u00d7 Outil SIM<\/p>\n<\/li>\n<li data-section-id=\"euolri\" data-start=\"2268\" data-end=\"2296\">\n<p data-start=\"2270\" data-end=\"2296\">1 \u00d7 Manuel d\u2019utilisation<\/p>\n<\/li>\n<\/ul>\n<hr data-start=\"2298\" data-end=\"2301\" \/>\n<p data-start=\"2303\" data-end=\"2458\">\ud83d\udcf1 <strong data-start=\"2306\" data-end=\"2458\">L\u2019iPhone XS Max (256Go) est un excellent choix pour ceux qui recherchent un grand \u00e9cran, une exp\u00e9rience Apple fluide et un bon rapport qualit\u00e9\/prix.<\/strong><\/p>\n<\/div>\n<\/div>\n<\/div>\n<\/div>\n<\/div>\n<\/div>\n<\/section>\n<\/div>\n<\/div>\n<\/div>\n<\/div>\n<p>&nbsp;<\/p>\n<\/div>\n<\/div>\n<\/div>\n<\/div>\n<\/div>\n","protected":false},"excerpt":{"rendered":"<p>D\u00e9couvrez le Apple iPhone XS Max, un smartphone premium au design \u00e9l\u00e9gant con\u00e7u pour offrir grand \u00e9cran immersif, performance fiable et exp\u00e9rience Apple fluide. Son \u00e9cran Super Retina HD OLED de 6.5 pouces garantit un affichage HDR avec des couleurs riches et un contraste exceptionnel . Propuls\u00e9 par la puce Apple A12 Bionic avec 4&hellip;<\/p>\n","protected":false},"featured_media":16928,"comment_status":"open","ping_status":"closed","template":"","meta":[],"product_cat":[81,75],"product_tag":[],"class_list":{"0":"post-16934","1":"product","2":"type-product","3":"status-publish","4":"has-post-thumbnail","6":"product_brand-apple","7":"product_cat-iphone","8":"product_cat-smartphones","10":"first","11":"instock","12":"sale","13":"shipping-taxable","14":"purchasable","15":"product-type-simple","16":"col-xs-6 col-sm-4","17":"col-md-3 col-lg-3","18":"un-4-cols"},"_links":{"self":[{"href":"https:\/\/www.vazy.market\/index.php\/wp-json\/wp\/v2\/product\/16934","targetHints":{"allow":["GET"]}}],"collection":[{"href":"https:\/\/www.vazy.market\/index.php\/wp-json\/wp\/v2\/product"}],"about":[{"href":"https:\/\/www.vazy.market\/index.php\/wp-json\/wp\/v2\/types\/product"}],"replies":[{"embeddable":true,"href":"https:\/\/www.vazy.market\/index.php\/wp-json\/wp\/v2\/comments?post=16934"}],"wp:featuredmedia":[{"embeddable":true,"href":"https:\/\/www.vazy.market\/index.php\/wp-json\/wp\/v2\/media\/16928"}],"wp:attachment":[{"href":"https:\/\/www.vazy.market\/index.php\/wp-json\/wp\/v2\/media?parent=16934"}],"wp:term":[{"taxonomy":"product_cat","embeddable":true,"href":"https:\/\/www.vazy.market\/index.php\/wp-json\/wp\/v2\/product_cat?post=16934"},{"taxonomy":"product_tag","embeddable":true,"href":"https:\/\/www.vazy.market\/index.php\/wp-json\/wp\/v2\/product_tag?post=16934"}],"curies":[{"name":"wp","href":"https:\/\/api.w.org\/{rel}","templated":true}]}}