{"id":16929,"date":"2026-03-19T12:03:16","date_gmt":"2026-03-19T12:03:16","guid":{"rendered":"https:\/\/www.vazy.market\/?post_type=product&#038;p=16929"},"modified":"2026-03-25T08:46:03","modified_gmt":"2026-03-25T08:46:03","slug":"iphone-11-pro-4g-5-8-256go4go-12mp12mp12mp-4k12mp-4k-nano-sim-esim-3046mah","status":"publish","type":"product","link":"https:\/\/www.vazy.market\/index.php\/product\/iphone-11-pro-4g-5-8-256go4go-12mp12mp12mp-4k12mp-4k-nano-sim-esim-3046mah\/","title":{"rendered":"\ud83d\udcf1 IPHONE 11 PRO 4G &#8211; 5.8&Prime; &#8211; 256Go|4Go &#8211; 12MP+12MP+12MP 4K|12MP 4K &#8211; Nano SIM + eSIM &#8211; 3046mAh"},"content":{"rendered":"<div class=\"flex h-svh w-screen flex-col\">\n<div class=\"relative z-0 flex min-h-0 w-full flex-1\">\n<div class=\"relative flex min-h-0 w-full flex-1\">\n<div class=\"@container\/main relative flex min-w-0 flex-1 flex-col -translate-y-[calc(env(safe-area-inset-bottom,0px)\/2)] pt-[calc(env(safe-area-inset-bottom,0px)\/2)]\">\n<div class=\"@w-sm\/main:[scrollbar-gutter:var(--stage-scroll-gutter)] touch:[scrollbar-width:none] relative flex min-h-0 min-w-0 flex-1 flex-col [scrollbar-gutter:stable] not-print:overflow-x-clip not-print:overflow-y-auto scroll-pt-(--header-height) [--sticky-padding-top:var(--header-height)] has-data-[fixed-header=less-than-xl]:@w-xl\/main:scroll-pt-0 has-data-[fixed-header=less-than-xl]:@w-xl\/main:[--sticky-padding-top:0px] has-data-[fixed-header=less-than-xxl]:@w-2xl\/main:scroll-pt-0 has-data-[fixed-header=less-than-xxl]:@w-2xl\/main:[--sticky-padding-top:0px]\" data-scroll-root=\"\"><main id=\"main\" class=\"min-h-0 flex-1\"><\/p>\n<div id=\"thread\" class=\"group\/thread flex flex-col min-h-full\">\n<div class=\"composer-parent flex flex-1 flex-col focus-visible:outline-0\" role=\"presentation\">\n<div class=\"relative basis-auto flex-col -mb-(--composer-overlap-px) [--composer-overlap-px:28px] grow flex\">\n<div class=\"flex flex-col text-sm pb-25\">\n<section class=\"text-token-text-primary w-full focus:outline-none [--shadow-height:45px] has-data-writing-block:pointer-events-none has-data-writing-block:-mt-(--shadow-height) has-data-writing-block:pt-(--shadow-height) [&amp;:has([data-writing-block])&gt;*]:pointer-events-auto scroll-mt-[calc(var(--header-height)+min(200px,max(70px,20svh)))]\" dir=\"auto\" data-turn-id=\"request-69add934-1d50-8332-91d7-d97a2ee2331f-24\" data-testid=\"conversation-turn-348\" data-scroll-anchor=\"true\" data-turn=\"assistant\">\n<div class=\"text-base my-auto mx-auto pb-10 [--thread-content-margin:var(--thread-content-margin-xs,calc(var(--spacing)*4))] @w-sm\/main:[--thread-content-margin:var(--thread-content-margin-sm,calc(var(--spacing)*6))] @w-lg\/main:[--thread-content-margin:var(--thread-content-margin-lg,calc(var(--spacing)*16))] px-(--thread-content-margin)\">\n<div class=\"[--thread-content-max-width:40rem] @w-lg\/main:[--thread-content-max-width:48rem] mx-auto max-w-(--thread-content-max-width) flex-1 group\/turn-messages focus-visible:outline-hidden relative flex w-full min-w-0 flex-col agent-turn\">\n<div class=\"flex max-w-full flex-col gap-4 grow\">\n<div class=\"min-h-8 text-message relative flex w-full flex-col items-end gap-2 text-start break-words whitespace-normal outline-none keyboard-focused:focus-ring [.text-message+&amp;]:mt-1\" dir=\"auto\" tabindex=\"0\" data-message-author-role=\"assistant\" data-message-id=\"26a22571-857b-41d9-baef-1cd5c64c2954\" data-turn-start-message=\"true\" data-message-model-slug=\"gpt-5-3\">\n<div class=\"flex w-full flex-col gap-1 empty:hidden\">\n<div class=\"markdown prose dark:prose-invert w-full wrap-break-word light markdown-new-styling\">\n<p data-start=\"116\" data-end=\"420\">D\u00e9couvrez le <strong data-start=\"129\" data-end=\"152\">Apple iPhone 11 Pro<\/strong>, un smartphone premium con\u00e7u pour offrir <strong data-start=\"194\" data-end=\"264\">performance fiable, design compact et photographie professionnelle<\/strong>. Son <strong data-start=\"270\" data-end=\"315\">\u00e9cran Super Retina XDR OLED de 5.8 pouces<\/strong> garantit un affichage ultra net avec HDR et couleurs \u00e9clatantes.<\/p>\n<p data-start=\"422\" data-end=\"625\">Propuls\u00e9 par la <strong data-start=\"438\" data-end=\"480\">puce Apple A13 Bionic avec 4 Go de RAM<\/strong>, ce smartphone assure une exp\u00e9rience fluide pour le multit\u00e2che, les jeux et les applications exigeantes.<\/p>\n<p data-start=\"627\" data-end=\"812\">Son <strong data-start=\"631\" data-end=\"683\">syst\u00e8me de triple cam\u00e9ra (12 MP + 12 MP + 12 MP)<\/strong> permet de capturer des photos professionnelles avec zoom optique x2 et vid\u00e9os en 4K HDR.<\/p>\n<p data-start=\"814\" data-end=\"959\">Gr\u00e2ce \u00e0 sa <strong data-start=\"825\" data-end=\"849\">batterie de 3046 mAh<\/strong>, profitez d\u2019une autonomie optimis\u00e9e pour une utilisation quotidienne.<\/p>\n<hr data-start=\"961\" data-end=\"964\" \/>\n<h1 data-section-id=\"gug16d\" data-start=\"966\" data-end=\"982\">\u2b50 Points forts<\/h1>\n<p data-start=\"984\" data-end=\"1344\">\u2714 \ud83d\udcf1 <strong data-start=\"989\" data-end=\"1045\">\u00c9cran OLED 5.8&Prime; Super Retina XDR compact et lumineux<\/strong><br data-start=\"1045\" data-end=\"1048\" \/>\u2714 \ud83d\udcf8 <strong data-start=\"1053\" data-end=\"1097\">Triple cam\u00e9ra 12 MP avec zoom optique x2<\/strong><br data-start=\"1097\" data-end=\"1100\" \/>\u2714 \u26a1 <strong data-start=\"1104\" data-end=\"1141\">Puce Apple A13 Bionic performante<\/strong><br data-start=\"1141\" data-end=\"1144\" \/>\u2714 \ud83d\udd0b <strong data-start=\"1149\" data-end=\"1190\">Batterie 3046 mAh autonomie optimis\u00e9e<\/strong><br data-start=\"1190\" data-end=\"1193\" \/>\u2714 \u26a1 <strong data-start=\"1197\" data-end=\"1228\">Charge rapide + sans fil Qi<\/strong><br data-start=\"1228\" data-end=\"1231\" \/>\u2714 \ud83d\udcf6 <strong data-start=\"1236\" data-end=\"1264\">Compatible 4G LTE rapide<\/strong><br data-start=\"1264\" data-end=\"1267\" \/>\u2714 \ud83d\udca7 <strong data-start=\"1272\" data-end=\"1316\">R\u00e9sistant \u00e0 l\u2019eau et \u00e0 la poussi\u00e8re IP68<\/strong><br data-start=\"1316\" data-end=\"1319\" \/>\u2714 \ud83d\udd10 <strong data-start=\"1324\" data-end=\"1344\">Face ID s\u00e9curis\u00e9<\/strong><\/p>\n<hr data-start=\"1346\" data-end=\"1349\" \/>\n<h1 data-section-id=\"1wxtg7y\" data-start=\"1351\" data-end=\"1378\">\ud83d\udcf8 Cam\u00e9ra professionnelle<\/h1>\n<ul data-start=\"1380\" data-end=\"1625\">\n<li data-section-id=\"12hgscw\" data-start=\"1380\" data-end=\"1422\">\n<p data-start=\"1382\" data-end=\"1422\">\ud83d\udcf7 <strong data-start=\"1385\" data-end=\"1420\">Cam\u00e9ra principale : 12 MP (OIS)<\/strong><\/p>\n<\/li>\n<li data-section-id=\"1cgvaxt\" data-start=\"1423\" data-end=\"1472\">\n<p data-start=\"1425\" data-end=\"1472\">\ud83d\udd2d <strong data-start=\"1428\" data-end=\"1470\">T\u00e9l\u00e9objectif : 12 MP (zoom optique x2)<\/strong><\/p>\n<\/li>\n<li data-section-id=\"1y2bq0h\" data-start=\"1473\" data-end=\"1509\">\n<p data-start=\"1475\" data-end=\"1509\">\ud83c\udf0d <strong data-start=\"1478\" data-end=\"1507\">Ultra grand-angle : 12 MP<\/strong><\/p>\n<\/li>\n<li data-section-id=\"14x4l9\" data-start=\"1510\" data-end=\"1544\">\n<p data-start=\"1512\" data-end=\"1544\">\ud83e\udd33 <strong data-start=\"1515\" data-end=\"1542\">Cam\u00e9ra frontale : 12 MP<\/strong><\/p>\n<\/li>\n<li data-section-id=\"9dcm4e\" data-start=\"1545\" data-end=\"1625\">\n<p data-start=\"1547\" data-end=\"1625\">\ud83c\udfa5 <strong data-start=\"1550\" data-end=\"1585\">Vid\u00e9o : 4K UHD (jusqu\u2019\u00e0 60 fps)<\/strong><\/p>\n<\/li>\n<\/ul>\n<hr data-start=\"1627\" data-end=\"1630\" \/>\n<h1 data-section-id=\"1gx1fos\" data-start=\"1632\" data-end=\"1652\">\ud83d\udcca Fiche Technique<\/h1>\n<div class=\"TyagGW_tableContainer\">\n<div class=\"group TyagGW_tableWrapper flex flex-col-reverse w-fit\" tabindex=\"-1\">\n<table class=\"w-fit min-w-(--thread-content-width)\" data-start=\"1654\" data-end=\"2161\">\n<thead data-start=\"1654\" data-end=\"1683\">\n<tr data-start=\"1654\" data-end=\"1683\">\n<th class=\"\" data-start=\"1654\" data-end=\"1672\" data-col-size=\"sm\">Caract\u00e9ristique<\/th>\n<th class=\"\" data-start=\"1672\" data-end=\"1683\" data-col-size=\"sm\">D\u00e9tails<\/th>\n<\/tr>\n<\/thead>\n<tbody data-start=\"1694\" data-end=\"2161\">\n<tr data-start=\"1694\" data-end=\"1712\">\n<td data-start=\"1694\" data-end=\"1703\" data-col-size=\"sm\">Marque<\/td>\n<td data-start=\"1703\" data-end=\"1712\" data-col-size=\"sm\">Apple<\/td>\n<\/tr>\n<tr data-start=\"1713\" data-end=\"1743\">\n<td data-start=\"1713\" data-end=\"1722\" data-col-size=\"sm\">Mod\u00e8le<\/td>\n<td data-start=\"1722\" data-end=\"1743\" data-col-size=\"sm\"><strong data-start=\"1724\" data-end=\"1741\">iPhone 11 Pro<\/strong><\/td>\n<\/tr>\n<tr data-start=\"1744\" data-end=\"1767\">\n<td data-start=\"1744\" data-end=\"1753\" data-col-size=\"sm\">R\u00e9seau<\/td>\n<td data-start=\"1753\" data-end=\"1767\" data-col-size=\"sm\"><strong data-start=\"1755\" data-end=\"1765\">4G LTE<\/strong><\/td>\n<\/tr>\n<tr data-start=\"1768\" data-end=\"1816\">\n<td data-start=\"1768\" data-end=\"1776\" data-col-size=\"sm\">\u00c9cran<\/td>\n<td data-start=\"1776\" data-end=\"1816\" data-col-size=\"sm\"><strong data-start=\"1778\" data-end=\"1814\">5.8 pouces OLED Super Retina XDR<\/strong><\/td>\n<\/tr>\n<tr data-start=\"1817\" data-end=\"1852\">\n<td data-start=\"1817\" data-end=\"1830\" data-col-size=\"sm\">R\u00e9solution<\/td>\n<td data-start=\"1830\" data-end=\"1852\" data-col-size=\"sm\">2436 \u00d7 1125 pixels<\/td>\n<\/tr>\n<tr data-start=\"1853\" data-end=\"1890\">\n<td data-start=\"1853\" data-end=\"1866\" data-col-size=\"sm\">Processeur<\/td>\n<td data-start=\"1866\" data-end=\"1890\" data-col-size=\"sm\"><strong data-start=\"1868\" data-end=\"1888\">Apple A13 Bionic<\/strong><\/td>\n<\/tr>\n<tr data-start=\"1891\" data-end=\"1909\">\n<td data-start=\"1891\" data-end=\"1897\" data-col-size=\"sm\">RAM<\/td>\n<td data-start=\"1897\" data-end=\"1909\" data-col-size=\"sm\"><strong data-start=\"1899\" data-end=\"1907\">4 Go<\/strong><\/td>\n<\/tr>\n<tr data-start=\"1910\" data-end=\"1935\">\n<td data-start=\"1910\" data-end=\"1921\" data-col-size=\"sm\">Stockage<\/td>\n<td data-start=\"1921\" data-end=\"1935\" data-col-size=\"sm\"><strong data-start=\"1923\" data-end=\"1933\">256 Go<\/strong><\/td>\n<\/tr>\n<tr data-start=\"1936\" data-end=\"1984\">\n<td data-start=\"1936\" data-end=\"1953\" data-col-size=\"sm\">Cam\u00e9ra arri\u00e8re<\/td>\n<td data-start=\"1953\" data-end=\"1984\" data-col-size=\"sm\"><strong data-start=\"1955\" data-end=\"1982\">12MP + 12MP + 12MP (4K)<\/strong><\/td>\n<\/tr>\n<tr data-start=\"1985\" data-end=\"2020\">\n<td data-start=\"1985\" data-end=\"2003\" data-col-size=\"sm\">Cam\u00e9ra frontale<\/td>\n<td data-start=\"2003\" data-end=\"2020\" data-col-size=\"sm\"><strong data-start=\"2005\" data-end=\"2018\">12MP (4K)<\/strong><\/td>\n<\/tr>\n<tr data-start=\"2021\" data-end=\"2048\">\n<td data-start=\"2021\" data-end=\"2032\" data-col-size=\"sm\">Batterie<\/td>\n<td data-start=\"2032\" data-end=\"2048\" data-col-size=\"sm\"><strong data-start=\"2034\" data-end=\"2046\">3046 mAh<\/strong><\/td>\n<\/tr>\n<tr data-start=\"2049\" data-end=\"2083\">\n<td data-start=\"2049\" data-end=\"2058\" data-col-size=\"sm\">Charge<\/td>\n<td data-start=\"2058\" data-end=\"2083\" data-col-size=\"sm\"><strong data-start=\"2060\" data-end=\"2081\">18W + sans fil Qi<\/strong><\/td>\n<\/tr>\n<tr data-start=\"2084\" data-end=\"2113\">\n<td data-start=\"2084\" data-end=\"2090\" data-col-size=\"sm\">SIM<\/td>\n<td data-start=\"2090\" data-end=\"2113\" data-col-size=\"sm\"><strong data-start=\"2092\" data-end=\"2111\">Nano SIM + eSIM<\/strong><\/td>\n<\/tr>\n<tr data-start=\"2114\" data-end=\"2135\">\n<td data-start=\"2114\" data-end=\"2124\" data-col-size=\"sm\">Syst\u00e8me<\/td>\n<td data-start=\"2124\" data-end=\"2135\" data-col-size=\"sm\"><strong data-start=\"2126\" data-end=\"2133\">iOS<\/strong><\/td>\n<\/tr>\n<tr data-start=\"2136\" data-end=\"2161\">\n<td data-start=\"2136\" data-end=\"2149\" data-col-size=\"sm\">R\u00e9sistance<\/td>\n<td data-start=\"2149\" data-end=\"2161\" data-col-size=\"sm\"><strong data-start=\"2151\" data-end=\"2159\">IP68<\/strong><\/td>\n<\/tr>\n<\/tbody>\n<\/table>\n<\/div>\n<\/div>\n<hr data-start=\"2163\" data-end=\"2166\" \/>\n<h1 data-section-id=\"6f7tr2\" data-start=\"2168\" data-end=\"2189\">\ud83d\udce6 Contenu du colis<\/h1>\n<ul data-start=\"2191\" data-end=\"2319\">\n<li data-section-id=\"1fjlinb\" data-start=\"2191\" data-end=\"2229\">\n<p data-start=\"2193\" data-end=\"2229\">1 \u00d7 <strong data-start=\"2197\" data-end=\"2227\">Apple iPhone 11 Pro (neuf)<\/strong><\/p>\n<\/li>\n<li data-section-id=\"12c7oyc\" data-start=\"2230\" data-end=\"2253\">\n<p data-start=\"2232\" data-end=\"2253\">1 \u00d7 C\u00e2ble Lightning<\/p>\n<\/li>\n<li data-section-id=\"qzz255\" data-start=\"2254\" data-end=\"2272\">\n<p data-start=\"2256\" data-end=\"2272\">1 \u00d7 Adaptateur<\/p>\n<\/li>\n<li data-section-id=\"12haphu\" data-start=\"2273\" data-end=\"2290\">\n<p data-start=\"2275\" data-end=\"2290\">1 \u00d7 Outil SIM<\/p>\n<\/li>\n<li data-section-id=\"euolri\" data-start=\"2291\" data-end=\"2319\">\n<p data-start=\"2293\" data-end=\"2319\">1 \u00d7 Manuel d\u2019utilisation<\/p>\n<\/li>\n<\/ul>\n<hr data-start=\"2321\" data-end=\"2324\" \/>\n<p data-start=\"2326\" data-end=\"2506\">\ud83d\udcf1 <strong data-start=\"2329\" data-end=\"2506\">L\u2019iPhone 11 Pro (256Go) est id\u00e9al pour ceux qui recherchent un smartphone compact, performant et capable de produire des photos de qualit\u00e9 professionnelle \u00e0 prix accessible.<\/strong><\/p>\n<\/div>\n<\/div>\n<\/div>\n<\/div>\n<\/div>\n<\/div>\n<\/section>\n<\/div>\n<\/div>\n<\/div>\n<\/div>\n<p><\/main><\/div>\n<\/div>\n<\/div>\n<\/div>\n<\/div>\n","protected":false},"excerpt":{"rendered":"<p>D\u00e9couvrez le Apple iPhone 11 Pro, un smartphone premium con\u00e7u pour offrir performance fiable, design compact et photographie professionnelle. Son \u00e9cran Super Retina XDR OLED de 5.8 pouces garantit un affichage ultra net avec HDR et couleurs \u00e9clatantes. Propuls\u00e9 par la puce Apple A13 Bionic avec 4 Go de RAM, ce smartphone assure une exp\u00e9rience&hellip;<\/p>\n","protected":false},"featured_media":16931,"comment_status":"open","ping_status":"closed","template":"","meta":[],"product_cat":[81,75],"product_tag":[],"class_list":{"0":"post-16929","1":"product","2":"type-product","3":"status-publish","4":"has-post-thumbnail","6":"product_brand-apple","7":"product_cat-iphone","8":"product_cat-smartphones","10":"first","11":"instock","12":"sale","13":"shipping-taxable","14":"purchasable","15":"product-type-simple","16":"col-xs-6 col-sm-4","17":"col-md-3 col-lg-3","18":"un-4-cols"},"_links":{"self":[{"href":"https:\/\/www.vazy.market\/index.php\/wp-json\/wp\/v2\/product\/16929","targetHints":{"allow":["GET"]}}],"collection":[{"href":"https:\/\/www.vazy.market\/index.php\/wp-json\/wp\/v2\/product"}],"about":[{"href":"https:\/\/www.vazy.market\/index.php\/wp-json\/wp\/v2\/types\/product"}],"replies":[{"embeddable":true,"href":"https:\/\/www.vazy.market\/index.php\/wp-json\/wp\/v2\/comments?post=16929"}],"wp:featuredmedia":[{"embeddable":true,"href":"https:\/\/www.vazy.market\/index.php\/wp-json\/wp\/v2\/media\/16931"}],"wp:attachment":[{"href":"https:\/\/www.vazy.market\/index.php\/wp-json\/wp\/v2\/media?parent=16929"}],"wp:term":[{"taxonomy":"product_cat","embeddable":true,"href":"https:\/\/www.vazy.market\/index.php\/wp-json\/wp\/v2\/product_cat?post=16929"},{"taxonomy":"product_tag","embeddable":true,"href":"https:\/\/www.vazy.market\/index.php\/wp-json\/wp\/v2\/product_tag?post=16929"}],"curies":[{"name":"wp","href":"https:\/\/api.w.org\/{rel}","templated":true}]}}