{"id":16900,"date":"2026-03-19T10:54:03","date_gmt":"2026-03-19T10:54:03","guid":{"rendered":"https:\/\/www.vazy.market\/?post_type=product&#038;p=16900"},"modified":"2026-03-25T08:50:48","modified_gmt":"2026-03-25T08:50:48","slug":"iphone-16-5g-6-1-256go8go-48mp12mp-4k12mp-4k-nano-sim-esim-3561mah","status":"publish","type":"product","link":"https:\/\/www.vazy.market\/index.php\/product\/iphone-16-5g-6-1-256go8go-48mp12mp-4k12mp-4k-nano-sim-esim-3561mah\/","title":{"rendered":"\ud83d\udcf1 IPHONE 16 5G &#8211; 6.1&Prime; &#8211; 256Go|8Go &#8211; 48MP+12MP 4K|12MP 4K &#8211; Nano SIM + eSIM &#8211; 3561mAh"},"content":{"rendered":"<section class=\"text-token-text-primary w-full focus:outline-none [--shadow-height:45px] has-data-writing-block:pointer-events-none has-data-writing-block:-mt-(--shadow-height) has-data-writing-block:pt-(--shadow-height) [&amp;:has([data-writing-block])&gt;*]:pointer-events-auto scroll-mt-(--header-height)\" dir=\"auto\" data-turn-id=\"9bd01163-4424-4fcf-b8e2-f21d80cf7272\" data-testid=\"conversation-turn-329\" data-scroll-anchor=\"false\" data-turn=\"user\"><\/section>\n<section class=\"text-token-text-primary w-full focus:outline-none [--shadow-height:45px] has-data-writing-block:pointer-events-none has-data-writing-block:-mt-(--shadow-height) has-data-writing-block:pt-(--shadow-height) [&amp;:has([data-writing-block])&gt;*]:pointer-events-auto scroll-mt-[calc(var(--header-height)+min(200px,max(70px,20svh)))]\" dir=\"auto\" data-turn-id=\"request-69add934-1d50-8332-91d7-d97a2ee2331f-15\" data-testid=\"conversation-turn-330\" data-scroll-anchor=\"true\" data-turn=\"assistant\">\n<div class=\"text-base my-auto mx-auto pb-10 [--thread-content-margin:var(--thread-content-margin-xs,calc(var(--spacing)*4))] @w-sm\/main:[--thread-content-margin:var(--thread-content-margin-sm,calc(var(--spacing)*6))] @w-lg\/main:[--thread-content-margin:var(--thread-content-margin-lg,calc(var(--spacing)*16))] px-(--thread-content-margin)\">\n<div class=\"[--thread-content-max-width:40rem] @w-lg\/main:[--thread-content-max-width:48rem] mx-auto max-w-(--thread-content-max-width) flex-1 group\/turn-messages focus-visible:outline-hidden relative flex w-full min-w-0 flex-col agent-turn\">\n<div class=\"flex max-w-full flex-col gap-4 grow\">\n<div class=\"min-h-8 text-message relative flex w-full flex-col items-end gap-2 text-start break-words whitespace-normal outline-none keyboard-focused:focus-ring [.text-message+&amp;]:mt-1\" dir=\"auto\" tabindex=\"0\" data-message-author-role=\"assistant\" data-message-id=\"bfeae64a-6d31-41f0-9933-4c2027297753\" data-turn-start-message=\"true\" data-message-model-slug=\"gpt-5-3\">\n<div class=\"flex w-full flex-col gap-1 empty:hidden\">\n<div class=\"markdown prose dark:prose-invert w-full wrap-break-word light markdown-new-styling\">\n<div class=\"flex h-svh w-screen flex-col\">\n<div class=\"relative z-0 flex min-h-0 w-full flex-1\">\n<div class=\"relative flex min-h-0 w-full flex-1\">\n<div class=\"@container\/main relative flex min-w-0 flex-1 flex-col -translate-y-[calc(env(safe-area-inset-bottom,0px)\/2)] pt-[calc(env(safe-area-inset-bottom,0px)\/2)]\">\n<div class=\"@w-sm\/main:[scrollbar-gutter:var(--stage-scroll-gutter)] touch:[scrollbar-width:none] relative flex min-h-0 min-w-0 flex-1 flex-col [scrollbar-gutter:stable] not-print:overflow-x-clip not-print:overflow-y-auto scroll-pt-(--header-height) [--sticky-padding-top:var(--header-height)] has-data-[fixed-header=less-than-xl]:@w-xl\/main:scroll-pt-0 has-data-[fixed-header=less-than-xl]:@w-xl\/main:[--sticky-padding-top:0px] has-data-[fixed-header=less-than-xxl]:@w-2xl\/main:scroll-pt-0 has-data-[fixed-header=less-than-xxl]:@w-2xl\/main:[--sticky-padding-top:0px]\" data-scroll-root=\"\"><main id=\"main\" class=\"min-h-0 flex-1\"><\/p>\n<div id=\"thread\" class=\"group\/thread flex flex-col min-h-full\">\n<div class=\"composer-parent flex flex-1 flex-col focus-visible:outline-0\" role=\"presentation\">\n<div class=\"relative basis-auto flex-col -mb-(--composer-overlap-px) [--composer-overlap-px:28px] grow flex\">\n<div class=\"flex flex-col text-sm pb-25\">\n<section class=\"text-token-text-primary w-full focus:outline-none [--shadow-height:45px] has-data-writing-block:pointer-events-none has-data-writing-block:-mt-(--shadow-height) has-data-writing-block:pt-(--shadow-height) [&amp;:has([data-writing-block])&gt;*]:pointer-events-auto scroll-mt-[calc(var(--header-height)+min(200px,max(70px,20svh)))]\" dir=\"auto\" data-turn-id=\"request-69add934-1d50-8332-91d7-d97a2ee2331f-15\" data-testid=\"conversation-turn-330\" data-scroll-anchor=\"true\" data-turn=\"assistant\">\n<div class=\"text-base my-auto mx-auto pb-10 [--thread-content-margin:var(--thread-content-margin-xs,calc(var(--spacing)*4))] @w-sm\/main:[--thread-content-margin:var(--thread-content-margin-sm,calc(var(--spacing)*6))] @w-lg\/main:[--thread-content-margin:var(--thread-content-margin-lg,calc(var(--spacing)*16))] px-(--thread-content-margin)\">\n<div class=\"[--thread-content-max-width:40rem] @w-lg\/main:[--thread-content-max-width:48rem] mx-auto max-w-(--thread-content-max-width) flex-1 group\/turn-messages focus-visible:outline-hidden relative flex w-full min-w-0 flex-col agent-turn\">\n<div class=\"flex max-w-full flex-col gap-4 grow\">\n<div class=\"min-h-8 text-message relative flex w-full flex-col items-end gap-2 text-start break-words whitespace-normal outline-none keyboard-focused:focus-ring [.text-message+&amp;]:mt-1\" dir=\"auto\" tabindex=\"0\" data-message-author-role=\"assistant\" data-message-id=\"bfeae64a-6d31-41f0-9933-4c2027297753\" data-turn-start-message=\"true\" data-message-model-slug=\"gpt-5-3\">\n<div class=\"flex w-full flex-col gap-1 empty:hidden\">\n<div class=\"markdown prose dark:prose-invert w-full wrap-break-word light markdown-new-styling\">\n<p data-start=\"107\" data-end=\"451\">D\u00e9couvrez le <strong data-start=\"120\" data-end=\"139\">Apple iPhone 16<\/strong>, un smartphone nouvelle g\u00e9n\u00e9ration con\u00e7u pour offrir <strong data-start=\"193\" data-end=\"276\">performance fluide, intelligence artificielle Apple et excellente qualit\u00e9 photo<\/strong>. Son <strong data-start=\"282\" data-end=\"327\">\u00e9cran Super Retina XDR OLED de 6.1 pouces<\/strong> garantit un affichage lumineux, pr\u00e9cis et immersif pour tous vos usages quotidiens.<\/p>\n<p data-start=\"453\" data-end=\"668\">Propuls\u00e9 par la <strong data-start=\"469\" data-end=\"487\">puce Apple A18<\/strong>, ce smartphone offre des performances rapides et optimis\u00e9es pour le multit\u00e2che, les jeux et les fonctionnalit\u00e9s avanc\u00e9es Apple Intelligence.<\/p>\n<p data-start=\"670\" data-end=\"868\">Son <strong data-start=\"674\" data-end=\"733\">double appareil photo (48 MP + 12 MP ultra grand-angle)<\/strong> permet de capturer des images d\u00e9taill\u00e9es avec un traitement avanc\u00e9 (HDR, mode nuit, IA Apple).<\/p>\n<p data-start=\"870\" data-end=\"1021\">Gr\u00e2ce \u00e0 sa <strong data-start=\"881\" data-end=\"905\">batterie de 3561 mAh<\/strong>, profitez d\u2019une autonomie fiable pour une utilisation quotidienne compl\u00e8te.<\/p>\n<hr data-start=\"1023\" data-end=\"1026\" \/>\n<h1 data-section-id=\"gug16d\" data-start=\"1028\" data-end=\"1044\">\u2b50 Points forts<\/h1>\n<p data-start=\"1046\" data-end=\"1424\">\u2714 \ud83d\udcf1 <strong data-start=\"1051\" data-end=\"1096\">\u00c9cran OLED 6.1&Prime; Super Retina XDR lumineux<\/strong><br data-start=\"1096\" data-end=\"1099\" \/>\u2714 \ud83d\udcf8 <strong data-start=\"1104\" data-end=\"1146\">Cam\u00e9ra 48 MP + ultra grand-angle 12 MP<\/strong><br data-start=\"1146\" data-end=\"1149\" \/>\u2714 \u26a1 <strong data-start=\"1153\" data-end=\"1197\">Puce Apple A18 performante (IA int\u00e9gr\u00e9e)<\/strong><br data-start=\"1197\" data-end=\"1200\" \/>\u2714 \ud83d\udd0b <strong data-start=\"1205\" data-end=\"1246\">Batterie 3561 mAh autonomie optimis\u00e9e<\/strong><br data-start=\"1246\" data-end=\"1249\" \/>\u2714 \u26a1 <strong data-start=\"1253\" data-end=\"1291\">Charge rapide + MagSafe + sans fil<\/strong><br data-start=\"1291\" data-end=\"1294\" \/>\u2714 \ud83d\udcf6 <strong data-start=\"1299\" data-end=\"1336\">Compatible r\u00e9seau 5G ultra rapide<\/strong><br data-start=\"1336\" data-end=\"1339\" \/>\u2714 \ud83d\udca7 <strong data-start=\"1344\" data-end=\"1388\">R\u00e9sistant \u00e0 l\u2019eau et \u00e0 la poussi\u00e8re IP68<\/strong><br data-start=\"1388\" data-end=\"1391\" \/>\u2714 \ud83d\udd10 <strong data-start=\"1396\" data-end=\"1424\">Face ID + Dynamic Island<\/strong><\/p>\n<hr data-start=\"1426\" data-end=\"1429\" \/>\n<h1 data-section-id=\"ys7y0m\" data-start=\"1431\" data-end=\"1442\">\ud83d\udcf8 Cam\u00e9ra<\/h1>\n<ul data-start=\"1444\" data-end=\"1599\">\n<li data-section-id=\"1s9gpjz\" data-start=\"1444\" data-end=\"1486\">\n<p data-start=\"1446\" data-end=\"1486\">\ud83d\udcf7 <strong data-start=\"1449\" data-end=\"1484\">Cam\u00e9ra principale : 48 MP (OIS)<\/strong><\/p>\n<\/li>\n<li data-section-id=\"1y2bq0h\" data-start=\"1487\" data-end=\"1523\">\n<p data-start=\"1489\" data-end=\"1523\">\ud83c\udf0d <strong data-start=\"1492\" data-end=\"1521\">Ultra grand-angle : 12 MP<\/strong><\/p>\n<\/li>\n<li data-section-id=\"14x4l9\" data-start=\"1524\" data-end=\"1558\">\n<p data-start=\"1526\" data-end=\"1558\">\ud83e\udd33 <strong data-start=\"1529\" data-end=\"1556\">Cam\u00e9ra frontale : 12 MP<\/strong><\/p>\n<\/li>\n<li data-section-id=\"1n8xhb4\" data-start=\"1559\" data-end=\"1599\">\n<p data-start=\"1561\" data-end=\"1599\">\ud83c\udfa5 <strong data-start=\"1564\" data-end=\"1597\">Vid\u00e9o : 4K HDR \/ Dolby Vision<\/strong><\/p>\n<\/li>\n<\/ul>\n<hr data-start=\"1601\" data-end=\"1604\" \/>\n<h1 data-section-id=\"1gx1fos\" data-start=\"1606\" data-end=\"1626\">\ud83d\udcca Fiche Technique<\/h1>\n<div class=\"TyagGW_tableContainer\">\n<div class=\"group TyagGW_tableWrapper flex flex-col-reverse w-fit\" tabindex=\"-1\">\n<table class=\"w-fit min-w-(--thread-content-width)\" data-start=\"1628\" data-end=\"2135\">\n<thead data-start=\"1628\" data-end=\"1657\">\n<tr data-start=\"1628\" data-end=\"1657\">\n<th class=\"\" data-start=\"1628\" data-end=\"1646\" data-col-size=\"sm\">Caract\u00e9ristique<\/th>\n<th class=\"\" data-start=\"1646\" data-end=\"1657\" data-col-size=\"sm\">D\u00e9tails<\/th>\n<\/tr>\n<\/thead>\n<tbody data-start=\"1668\" data-end=\"2135\">\n<tr data-start=\"1668\" data-end=\"1686\">\n<td data-start=\"1668\" data-end=\"1677\" data-col-size=\"sm\">Marque<\/td>\n<td data-start=\"1677\" data-end=\"1686\" data-col-size=\"sm\">Apple<\/td>\n<\/tr>\n<tr data-start=\"1687\" data-end=\"1713\">\n<td data-start=\"1687\" data-end=\"1696\" data-col-size=\"sm\">Mod\u00e8le<\/td>\n<td data-start=\"1696\" data-end=\"1713\" data-col-size=\"sm\"><strong data-start=\"1698\" data-end=\"1711\">iPhone 16<\/strong><\/td>\n<\/tr>\n<tr data-start=\"1714\" data-end=\"1742\">\n<td data-start=\"1714\" data-end=\"1723\" data-col-size=\"sm\">R\u00e9seau<\/td>\n<td data-start=\"1723\" data-end=\"1742\" data-col-size=\"sm\"><strong data-start=\"1725\" data-end=\"1740\">5G \/ 4G LTE<\/strong><\/td>\n<\/tr>\n<tr data-start=\"1743\" data-end=\"1791\">\n<td data-start=\"1743\" data-end=\"1751\" data-col-size=\"sm\">\u00c9cran<\/td>\n<td data-start=\"1751\" data-end=\"1791\" data-col-size=\"sm\"><strong data-start=\"1753\" data-end=\"1789\">6.1 pouces OLED Super Retina XDR<\/strong><\/td>\n<\/tr>\n<tr data-start=\"1792\" data-end=\"1827\">\n<td data-start=\"1792\" data-end=\"1805\" data-col-size=\"sm\">R\u00e9solution<\/td>\n<td data-start=\"1805\" data-end=\"1827\" data-col-size=\"sm\">2556 \u00d7 1179 pixels<\/td>\n<\/tr>\n<tr data-start=\"1828\" data-end=\"1858\">\n<td data-start=\"1828\" data-end=\"1841\" data-col-size=\"sm\">Processeur<\/td>\n<td data-start=\"1841\" data-end=\"1858\" data-col-size=\"sm\"><strong data-start=\"1843\" data-end=\"1856\">Apple A18<\/strong><\/td>\n<\/tr>\n<tr data-start=\"1859\" data-end=\"1877\">\n<td data-start=\"1859\" data-end=\"1865\" data-col-size=\"sm\">RAM<\/td>\n<td data-start=\"1865\" data-end=\"1877\" data-col-size=\"sm\"><strong data-start=\"1867\" data-end=\"1875\">8 Go<\/strong><\/td>\n<\/tr>\n<tr data-start=\"1878\" data-end=\"1903\">\n<td data-start=\"1878\" data-end=\"1889\" data-col-size=\"sm\">Stockage<\/td>\n<td data-start=\"1889\" data-end=\"1903\" data-col-size=\"sm\"><strong data-start=\"1891\" data-end=\"1901\">256 Go<\/strong><\/td>\n<\/tr>\n<tr data-start=\"1904\" data-end=\"1945\">\n<td data-start=\"1904\" data-end=\"1921\" data-col-size=\"sm\">Cam\u00e9ra arri\u00e8re<\/td>\n<td data-start=\"1921\" data-end=\"1945\" data-col-size=\"sm\"><strong data-start=\"1923\" data-end=\"1943\">48MP + 12MP (4K)<\/strong><\/td>\n<\/tr>\n<tr data-start=\"1946\" data-end=\"1981\">\n<td data-start=\"1946\" data-end=\"1964\" data-col-size=\"sm\">Cam\u00e9ra frontale<\/td>\n<td data-start=\"1964\" data-end=\"1981\" data-col-size=\"sm\"><strong data-start=\"1966\" data-end=\"1979\">12MP (4K)<\/strong><\/td>\n<\/tr>\n<tr data-start=\"1982\" data-end=\"2009\">\n<td data-start=\"1982\" data-end=\"1993\" data-col-size=\"sm\">Batterie<\/td>\n<td data-start=\"1993\" data-end=\"2009\" data-col-size=\"sm\"><strong data-start=\"1995\" data-end=\"2007\">3561 mAh<\/strong><\/td>\n<\/tr>\n<tr data-start=\"2010\" data-end=\"2054\">\n<td data-start=\"2010\" data-end=\"2019\" data-col-size=\"sm\">Charge<\/td>\n<td data-start=\"2019\" data-end=\"2054\" data-col-size=\"sm\"><strong data-start=\"2021\" data-end=\"2052\">Rapide + MagSafe + sans fil<\/strong><\/td>\n<\/tr>\n<tr data-start=\"2055\" data-end=\"2084\">\n<td data-start=\"2055\" data-end=\"2061\" data-col-size=\"sm\">SIM<\/td>\n<td data-start=\"2061\" data-end=\"2084\" data-col-size=\"sm\"><strong data-start=\"2063\" data-end=\"2082\">Nano SIM + eSIM<\/strong><\/td>\n<\/tr>\n<tr data-start=\"2085\" data-end=\"2109\">\n<td data-start=\"2085\" data-end=\"2095\" data-col-size=\"sm\">Syst\u00e8me<\/td>\n<td data-start=\"2095\" data-end=\"2109\" data-col-size=\"sm\"><strong data-start=\"2097\" data-end=\"2107\">iOS 18<\/strong><\/td>\n<\/tr>\n<tr data-start=\"2110\" data-end=\"2135\">\n<td data-start=\"2110\" data-end=\"2123\" data-col-size=\"sm\">R\u00e9sistance<\/td>\n<td data-start=\"2123\" data-end=\"2135\" data-col-size=\"sm\"><strong data-start=\"2125\" data-end=\"2133\">IP68<\/strong><\/td>\n<\/tr>\n<\/tbody>\n<\/table>\n<\/div>\n<\/div>\n<hr data-start=\"2137\" data-end=\"2140\" \/>\n<h1 data-section-id=\"6f7tr2\" data-start=\"2142\" data-end=\"2163\">\ud83d\udce6 Contenu du colis<\/h1>\n<ul data-start=\"2165\" data-end=\"2266\">\n<li data-section-id=\"1ut2ft9\" data-start=\"2165\" data-end=\"2199\">\n<p data-start=\"2167\" data-end=\"2199\">1 \u00d7 <strong data-start=\"2171\" data-end=\"2197\">Apple iPhone 16 (neuf)<\/strong><\/p>\n<\/li>\n<li data-section-id=\"1cuiaz2\" data-start=\"2200\" data-end=\"2219\">\n<p data-start=\"2202\" data-end=\"2219\">1 \u00d7 C\u00e2ble USB-C<\/p>\n<\/li>\n<li data-section-id=\"12haphu\" data-start=\"2220\" data-end=\"2237\">\n<p data-start=\"2222\" data-end=\"2237\">1 \u00d7 Outil SIM<\/p>\n<\/li>\n<li data-section-id=\"euolri\" data-start=\"2238\" data-end=\"2266\">\n<p data-start=\"2240\" data-end=\"2266\">1 \u00d7 Manuel d\u2019utilisation<\/p>\n<\/li>\n<\/ul>\n<hr data-start=\"2268\" data-end=\"2271\" \/>\n<p data-start=\"2273\" data-end=\"2420\">\ud83d\udcf1 <strong data-start=\"2276\" data-end=\"2420\">L\u2019iPhone 16 (256Go) est un smartphone moderne et \u00e9quilibr\u00e9, id\u00e9al pour la performance, la photo et une exp\u00e9rience Apple fluide au quotidien.<\/strong><\/p>\n<\/div>\n<\/div>\n<\/div>\n<\/div>\n<\/div>\n<\/div>\n<\/section>\n<\/div>\n<\/div>\n<\/div>\n<\/div>\n<p><\/main><\/div>\n<\/div>\n<\/div>\n<\/div>\n<\/div>\n<\/div>\n<\/div>\n<\/div>\n<\/div>\n<\/div>\n<\/div>\n<\/section>\n","protected":false},"excerpt":{"rendered":"<p>D\u00e9couvrez le Apple iPhone 16, un smartphone nouvelle g\u00e9n\u00e9ration con\u00e7u pour offrir performance fluide, intelligence artificielle Apple et excellente qualit\u00e9 photo. Son \u00e9cran Super Retina XDR OLED de 6.1 pouces garantit un affichage lumineux, pr\u00e9cis et immersif pour tous vos usages quotidiens. Propuls\u00e9 par la puce Apple A18, ce smartphone offre des performances rapides et&hellip;<\/p>\n","protected":false},"featured_media":16895,"comment_status":"open","ping_status":"closed","template":"","meta":[],"product_cat":[81,75],"product_tag":[],"class_list":{"0":"post-16900","1":"product","2":"type-product","3":"status-publish","4":"has-post-thumbnail","6":"product_brand-apple","7":"product_cat-iphone","8":"product_cat-smartphones","10":"first","11":"instock","12":"sale","13":"shipping-taxable","14":"purchasable","15":"product-type-simple","16":"col-xs-6 col-sm-4","17":"col-md-3 col-lg-3","18":"un-4-cols"},"_links":{"self":[{"href":"https:\/\/www.vazy.market\/index.php\/wp-json\/wp\/v2\/product\/16900","targetHints":{"allow":["GET"]}}],"collection":[{"href":"https:\/\/www.vazy.market\/index.php\/wp-json\/wp\/v2\/product"}],"about":[{"href":"https:\/\/www.vazy.market\/index.php\/wp-json\/wp\/v2\/types\/product"}],"replies":[{"embeddable":true,"href":"https:\/\/www.vazy.market\/index.php\/wp-json\/wp\/v2\/comments?post=16900"}],"wp:featuredmedia":[{"embeddable":true,"href":"https:\/\/www.vazy.market\/index.php\/wp-json\/wp\/v2\/media\/16895"}],"wp:attachment":[{"href":"https:\/\/www.vazy.market\/index.php\/wp-json\/wp\/v2\/media?parent=16900"}],"wp:term":[{"taxonomy":"product_cat","embeddable":true,"href":"https:\/\/www.vazy.market\/index.php\/wp-json\/wp\/v2\/product_cat?post=16900"},{"taxonomy":"product_tag","embeddable":true,"href":"https:\/\/www.vazy.market\/index.php\/wp-json\/wp\/v2\/product_tag?post=16900"}],"curies":[{"name":"wp","href":"https:\/\/api.w.org\/{rel}","templated":true}]}}