{"id":16891,"date":"2026-03-19T10:39:13","date_gmt":"2026-03-19T10:39:13","guid":{"rendered":"https:\/\/www.vazy.market\/?post_type=product&#038;p=16891"},"modified":"2026-03-25T09:05:42","modified_gmt":"2026-03-25T09:05:42","slug":"iphone-16-pro-max-5g-6-9-256go8go-48mp48mp12mp-4k12mp-4k-dual-nano-sim-esim-4685mah","status":"publish","type":"product","link":"https:\/\/www.vazy.market\/index.php\/product\/iphone-16-pro-max-5g-6-9-256go8go-48mp48mp12mp-4k12mp-4k-dual-nano-sim-esim-4685mah\/","title":{"rendered":"\ud83d\udcf1 IPHONE 16 PRO MAX 5G &#8211; 6.9&Prime; &#8211; 256Go|8Go &#8211; 48MP+48MP+12MP 4K|12MP 4K &#8211; Dual Nano SIM + eSIM &#8211; 4685mAh"},"content":{"rendered":"<div class=\"flex h-svh w-screen flex-col\">\n<div class=\"relative z-0 flex min-h-0 w-full flex-1\">\n<div class=\"relative flex min-h-0 w-full flex-1\">\n<div class=\"@container\/main relative flex min-w-0 flex-1 flex-col -translate-y-[calc(env(safe-area-inset-bottom,0px)\/2)] pt-[calc(env(safe-area-inset-bottom,0px)\/2)]\">\n<div class=\"@w-sm\/main:[scrollbar-gutter:var(--stage-scroll-gutter)] touch:[scrollbar-width:none] relative flex min-h-0 min-w-0 flex-1 flex-col [scrollbar-gutter:stable] not-print:overflow-x-clip not-print:overflow-y-auto scroll-pt-(--header-height) [--sticky-padding-top:var(--header-height)] has-data-[fixed-header=less-than-xl]:@w-xl\/main:scroll-pt-0 has-data-[fixed-header=less-than-xl]:@w-xl\/main:[--sticky-padding-top:0px] has-data-[fixed-header=less-than-xxl]:@w-2xl\/main:scroll-pt-0 has-data-[fixed-header=less-than-xxl]:@w-2xl\/main:[--sticky-padding-top:0px]\" data-scroll-root=\"\"><main id=\"main\" class=\"min-h-0 flex-1\"><\/p>\n<div id=\"thread\" class=\"group\/thread flex flex-col min-h-full\">\n<div class=\"composer-parent flex flex-1 flex-col focus-visible:outline-0\" role=\"presentation\">\n<div class=\"relative basis-auto flex-col -mb-(--composer-overlap-px) [--composer-overlap-px:28px] grow flex\">\n<div class=\"flex flex-col text-sm pb-25\">\n<section class=\"text-token-text-primary w-full focus:outline-none [--shadow-height:45px] has-data-writing-block:pointer-events-none has-data-writing-block:-mt-(--shadow-height) has-data-writing-block:pt-(--shadow-height) [&amp;:has([data-writing-block])&gt;*]:pointer-events-auto scroll-mt-[calc(var(--header-height)+min(200px,max(70px,20svh)))]\" dir=\"auto\" data-turn-id=\"request-69add934-1d50-8332-91d7-d97a2ee2331f-12\" data-testid=\"conversation-turn-324\" data-scroll-anchor=\"true\" data-turn=\"assistant\">\n<div class=\"text-base my-auto mx-auto pb-10 [--thread-content-margin:var(--thread-content-margin-xs,calc(var(--spacing)*4))] @w-sm\/main:[--thread-content-margin:var(--thread-content-margin-sm,calc(var(--spacing)*6))] @w-lg\/main:[--thread-content-margin:var(--thread-content-margin-lg,calc(var(--spacing)*16))] px-(--thread-content-margin)\">\n<div class=\"[--thread-content-max-width:40rem] @w-lg\/main:[--thread-content-max-width:48rem] mx-auto max-w-(--thread-content-max-width) flex-1 group\/turn-messages focus-visible:outline-hidden relative flex w-full min-w-0 flex-col agent-turn\">\n<div class=\"flex max-w-full flex-col gap-4 grow\">\n<div class=\"min-h-8 text-message relative flex w-full flex-col items-end gap-2 text-start break-words whitespace-normal outline-none keyboard-focused:focus-ring [.text-message+&amp;]:mt-1\" dir=\"auto\" tabindex=\"0\" data-message-author-role=\"assistant\" data-message-id=\"5ca9cce6-87ff-45b3-9eaf-c85052fc8cc0\" data-turn-start-message=\"true\" data-message-model-slug=\"gpt-5-3\">\n<div class=\"flex w-full flex-col gap-1 empty:hidden\">\n<div class=\"markdown prose dark:prose-invert w-full wrap-break-word light markdown-new-styling\">\n<p data-start=\"125\" data-end=\"502\">D\u00e9couvrez le <strong data-start=\"138\" data-end=\"165\">Apple iPhone 16 Pro Max<\/strong>, le smartphone le plus avanc\u00e9 de la gamme Apple, con\u00e7u pour offrir <strong data-start=\"233\" data-end=\"312\">puissance extr\u00eame, autonomie exceptionnelle et photographie professionnelle<\/strong>. Son <strong data-start=\"318\" data-end=\"403\">grand \u00e9cran Super Retina XDR OLED de 6.9 pouces avec technologie ProMotion 120 Hz<\/strong> garantit une immersion totale et une fluidit\u00e9 remarquable.<\/p>\n<p data-start=\"504\" data-end=\"709\">Propuls\u00e9 par la <strong data-start=\"520\" data-end=\"542\">puce Apple A18 Pro<\/strong>, ce smartphone d\u00e9livre des performances de nouvelle g\u00e9n\u00e9ration, id\u00e9ales pour le multit\u00e2che, le gaming et les usages intensifs.<\/p>\n<p data-start=\"711\" data-end=\"946\">Son <strong data-start=\"715\" data-end=\"798\">syst\u00e8me de triple cam\u00e9ra (48 MP + 48 MP ultra grand-angle + 12 MP t\u00e9l\u00e9objectif)<\/strong> permet de capturer des photos et vid\u00e9os professionnelles avec <strong data-start=\"861\" data-end=\"905\">zoom optique x5 et stabilisation avanc\u00e9e<\/strong>.<\/p>\n<p data-start=\"948\" data-end=\"1157\">Gr\u00e2ce \u00e0 sa <strong data-start=\"959\" data-end=\"983\">batterie de 4685 mAh<\/strong>, profitez d\u2019une autonomie longue dur\u00e9e pouvant aller jusqu\u2019\u00e0 <strong data-start=\"1045\" data-end=\"1076\">2 jours selon l\u2019utilisation<\/strong>, id\u00e9ale pour les utilisateurs exigeants.<\/p>\n<hr data-start=\"1159\" data-end=\"1162\" \/>\n<h1 data-section-id=\"gug16d\" data-start=\"1164\" data-end=\"1180\">\u2b50 Points forts<\/h1>\n<p data-start=\"1182\" data-end=\"1622\">\u2714 \ud83d\udcf1 <strong data-start=\"1187\" data-end=\"1237\">\u00c9cran OLED 6.9&Prime; ProMotion 120Hz ultra immersif<\/strong><br data-start=\"1237\" data-end=\"1240\" \/>\u2714 \ud83d\udcf8 <strong data-start=\"1245\" data-end=\"1289\">Triple cam\u00e9ra 48 MP avec zoom optique x5<\/strong><br data-start=\"1289\" data-end=\"1292\" \/>\u2714 \u26a1 <strong data-start=\"1296\" data-end=\"1336\">Puce Apple A18 Pro ultra performante<\/strong><br data-start=\"1336\" data-end=\"1339\" \/>\u2714 \ud83d\udd0b <strong data-start=\"1344\" data-end=\"1387\">Batterie 4685 mAh tr\u00e8s longue autonomie<\/strong><br data-start=\"1387\" data-end=\"1390\" \/>\u2714 \u26a1 <strong data-start=\"1394\" data-end=\"1436\">Charge rapide + MagSafe + sans fil Qi2<\/strong><br data-start=\"1436\" data-end=\"1439\" \/>\u2714 \ud83d\udcf6 <strong data-start=\"1444\" data-end=\"1481\">Compatible r\u00e9seau 5G ultra rapide<\/strong><br data-start=\"1481\" data-end=\"1484\" \/>\u2714 \ud83d\udee1\ufe0f <strong data-start=\"1490\" data-end=\"1534\">Design premium en titane ultra r\u00e9sistant<\/strong><br data-start=\"1534\" data-end=\"1537\" \/>\u2714 \ud83d\udca7 <strong data-start=\"1542\" data-end=\"1586\">R\u00e9sistant \u00e0 l\u2019eau et \u00e0 la poussi\u00e8re IP68<\/strong><br data-start=\"1586\" data-end=\"1589\" \/>\u2714 \ud83d\udd10 <strong data-start=\"1594\" data-end=\"1622\">Face ID + Dynamic Island<\/strong><\/p>\n<hr data-start=\"1624\" data-end=\"1627\" \/>\n<h1 data-section-id=\"1wxtg7y\" data-start=\"1629\" data-end=\"1656\">\ud83d\udcf8 Cam\u00e9ra professionnelle<\/h1>\n<ul data-start=\"1658\" data-end=\"1910\">\n<li data-section-id=\"1s9gpjz\" data-start=\"1658\" data-end=\"1700\">\n<p data-start=\"1660\" data-end=\"1700\">\ud83d\udcf7 <strong data-start=\"1663\" data-end=\"1698\">Cam\u00e9ra principale : 48 MP (OIS)<\/strong><\/p>\n<\/li>\n<li data-section-id=\"i3pyda\" data-start=\"1701\" data-end=\"1737\">\n<p data-start=\"1703\" data-end=\"1737\">\ud83c\udf0d <strong data-start=\"1706\" data-end=\"1735\">Ultra grand-angle : 48 MP<\/strong><\/p>\n<\/li>\n<li data-section-id=\"1fp8uva\" data-start=\"1738\" data-end=\"1787\">\n<p data-start=\"1740\" data-end=\"1787\">\ud83d\udd2d <strong data-start=\"1743\" data-end=\"1785\">T\u00e9l\u00e9objectif : 12 MP (zoom optique x5)<\/strong><\/p>\n<\/li>\n<li data-section-id=\"14x4l9\" data-start=\"1788\" data-end=\"1822\">\n<p data-start=\"1790\" data-end=\"1822\">\ud83e\udd33 <strong data-start=\"1793\" data-end=\"1820\">Cam\u00e9ra frontale : 12 MP<\/strong><\/p>\n<\/li>\n<li data-section-id=\"o2rb5n\" data-start=\"1823\" data-end=\"1910\">\n<p data-start=\"1825\" data-end=\"1910\">\ud83c\udfa5 <strong data-start=\"1828\" data-end=\"1870\">Vid\u00e9o : 4K HDR \/ Dolby Vision \/ ProRes<\/strong><\/p>\n<\/li>\n<\/ul>\n<hr data-start=\"1912\" data-end=\"1915\" \/>\n<h1 data-section-id=\"1gx1fos\" data-start=\"1917\" data-end=\"1937\">\ud83d\udcca Fiche Technique<\/h1>\n<div class=\"TyagGW_tableContainer\">\n<div class=\"group TyagGW_tableWrapper flex flex-col-reverse w-fit\" tabindex=\"-1\">\n<table class=\"w-fit min-w-(--thread-content-width)\" data-start=\"1939\" data-end=\"2521\">\n<thead data-start=\"1939\" data-end=\"1968\">\n<tr data-start=\"1939\" data-end=\"1968\">\n<th class=\"\" data-start=\"1939\" data-end=\"1957\" data-col-size=\"sm\">Caract\u00e9ristique<\/th>\n<th class=\"\" data-start=\"1957\" data-end=\"1968\" data-col-size=\"sm\">D\u00e9tails<\/th>\n<\/tr>\n<\/thead>\n<tbody data-start=\"1979\" data-end=\"2521\">\n<tr data-start=\"1979\" data-end=\"1997\">\n<td data-start=\"1979\" data-end=\"1988\" data-col-size=\"sm\">Marque<\/td>\n<td data-start=\"1988\" data-end=\"1997\" data-col-size=\"sm\">Apple<\/td>\n<\/tr>\n<tr data-start=\"1998\" data-end=\"2032\">\n<td data-start=\"1998\" data-end=\"2007\" data-col-size=\"sm\">Mod\u00e8le<\/td>\n<td data-start=\"2007\" data-end=\"2032\" data-col-size=\"sm\"><strong data-start=\"2009\" data-end=\"2030\">iPhone 16 Pro Max<\/strong><\/td>\n<\/tr>\n<tr data-start=\"2033\" data-end=\"2061\">\n<td data-start=\"2033\" data-end=\"2042\" data-col-size=\"sm\">R\u00e9seau<\/td>\n<td data-start=\"2042\" data-end=\"2061\" data-col-size=\"sm\"><strong data-start=\"2044\" data-end=\"2059\">5G \/ 4G LTE<\/strong><\/td>\n<\/tr>\n<tr data-start=\"2062\" data-end=\"2110\">\n<td data-start=\"2062\" data-end=\"2070\" data-col-size=\"sm\">\u00c9cran<\/td>\n<td data-start=\"2070\" data-end=\"2110\" data-col-size=\"sm\"><strong data-start=\"2072\" data-end=\"2108\">6.9 pouces Super Retina XDR OLED<\/strong><\/td>\n<\/tr>\n<tr data-start=\"2111\" data-end=\"2139\">\n<td data-start=\"2111\" data-end=\"2124\" data-col-size=\"sm\">R\u00e9solution<\/td>\n<td data-start=\"2124\" data-end=\"2139\" data-col-size=\"sm\">2868 \u00d7 1320<\/td>\n<\/tr>\n<tr data-start=\"2140\" data-end=\"2193\">\n<td data-start=\"2140\" data-end=\"2167\" data-col-size=\"sm\">Taux de rafra\u00eechissement<\/td>\n<td data-start=\"2167\" data-end=\"2193\" data-col-size=\"sm\"><strong data-start=\"2169\" data-end=\"2191\">120 Hz (ProMotion)<\/strong><\/td>\n<\/tr>\n<tr data-start=\"2194\" data-end=\"2228\">\n<td data-start=\"2194\" data-end=\"2207\" data-col-size=\"sm\">Processeur<\/td>\n<td data-start=\"2207\" data-end=\"2228\" data-col-size=\"sm\"><strong data-start=\"2209\" data-end=\"2226\">Apple A18 Pro<\/strong><\/td>\n<\/tr>\n<tr data-start=\"2229\" data-end=\"2247\">\n<td data-start=\"2229\" data-end=\"2235\" data-col-size=\"sm\">RAM<\/td>\n<td data-start=\"2235\" data-end=\"2247\" data-col-size=\"sm\"><strong data-start=\"2237\" data-end=\"2245\">8 Go<\/strong><\/td>\n<\/tr>\n<tr data-start=\"2248\" data-end=\"2273\">\n<td data-start=\"2248\" data-end=\"2259\" data-col-size=\"sm\">Stockage<\/td>\n<td data-start=\"2259\" data-end=\"2273\" data-col-size=\"sm\"><strong data-start=\"2261\" data-end=\"2271\">256 Go<\/strong><\/td>\n<\/tr>\n<tr data-start=\"2274\" data-end=\"2322\">\n<td data-start=\"2274\" data-end=\"2291\" data-col-size=\"sm\">Cam\u00e9ra arri\u00e8re<\/td>\n<td data-start=\"2291\" data-end=\"2322\" data-col-size=\"sm\"><strong data-start=\"2293\" data-end=\"2320\">48MP + 48MP + 12MP (4K)<\/strong><\/td>\n<\/tr>\n<tr data-start=\"2323\" data-end=\"2358\">\n<td data-start=\"2323\" data-end=\"2341\" data-col-size=\"sm\">Cam\u00e9ra frontale<\/td>\n<td data-start=\"2341\" data-end=\"2358\" data-col-size=\"sm\"><strong data-start=\"2343\" data-end=\"2356\">12MP (4K)<\/strong><\/td>\n<\/tr>\n<tr data-start=\"2359\" data-end=\"2386\">\n<td data-start=\"2359\" data-end=\"2370\" data-col-size=\"sm\">Batterie<\/td>\n<td data-start=\"2370\" data-end=\"2386\" data-col-size=\"sm\"><strong data-start=\"2372\" data-end=\"2384\">4685 mAh<\/strong><\/td>\n<\/tr>\n<tr data-start=\"2387\" data-end=\"2435\">\n<td data-start=\"2387\" data-end=\"2396\" data-col-size=\"sm\">Charge<\/td>\n<td data-start=\"2396\" data-end=\"2435\" data-col-size=\"sm\"><strong data-start=\"2398\" data-end=\"2433\">Rapide + MagSafe + sans fil Qi2<\/strong><\/td>\n<\/tr>\n<tr data-start=\"2436\" data-end=\"2470\">\n<td data-start=\"2436\" data-end=\"2442\" data-col-size=\"sm\">SIM<\/td>\n<td data-start=\"2442\" data-end=\"2470\" data-col-size=\"sm\"><strong data-start=\"2444\" data-end=\"2468\">Dual Nano SIM + eSIM<\/strong><\/td>\n<\/tr>\n<tr data-start=\"2471\" data-end=\"2495\">\n<td data-start=\"2471\" data-end=\"2481\" data-col-size=\"sm\">Syst\u00e8me<\/td>\n<td data-start=\"2481\" data-end=\"2495\" data-col-size=\"sm\"><strong data-start=\"2483\" data-end=\"2493\">iOS 18<\/strong><\/td>\n<\/tr>\n<tr data-start=\"2496\" data-end=\"2521\">\n<td data-start=\"2496\" data-end=\"2509\" data-col-size=\"sm\">R\u00e9sistance<\/td>\n<td data-start=\"2509\" data-end=\"2521\" data-col-size=\"sm\"><strong data-start=\"2511\" data-end=\"2519\">IP68<\/strong><\/td>\n<\/tr>\n<\/tbody>\n<\/table>\n<\/div>\n<\/div>\n<hr data-start=\"2523\" data-end=\"2526\" \/>\n<h1 data-section-id=\"6f7tr2\" data-start=\"2528\" data-end=\"2549\">\ud83d\udce6 Contenu du colis<\/h1>\n<ul data-start=\"2551\" data-end=\"2660\">\n<li data-section-id=\"1kz0710\" data-start=\"2551\" data-end=\"2593\">\n<p data-start=\"2553\" data-end=\"2593\">1 \u00d7 <strong data-start=\"2557\" data-end=\"2591\">Apple iPhone 16 Pro Max (neuf)<\/strong><\/p>\n<\/li>\n<li data-section-id=\"1cuiaz2\" data-start=\"2594\" data-end=\"2613\">\n<p data-start=\"2596\" data-end=\"2613\">1 \u00d7 C\u00e2ble USB-C<\/p>\n<\/li>\n<li data-section-id=\"12haphu\" data-start=\"2614\" data-end=\"2631\">\n<p data-start=\"2616\" data-end=\"2631\">1 \u00d7 Outil SIM<\/p>\n<\/li>\n<li data-section-id=\"euolri\" data-start=\"2632\" data-end=\"2660\">\n<p data-start=\"2634\" data-end=\"2660\">1 \u00d7 Manuel d\u2019utilisation<\/p>\n<\/li>\n<\/ul>\n<hr data-start=\"2662\" data-end=\"2665\" \/>\n<p data-start=\"2667\" data-end=\"2848\">\ud83d\udcf1 <strong data-start=\"2670\" data-end=\"2848\">L\u2019iPhone 16 Pro Max (256Go) est le choix parfait pour les utilisateurs exigeants recherchant un grand \u00e9cran, une autonomie record et des performances de niveau professionnel.<\/strong><\/p>\n<\/div>\n<\/div>\n<\/div>\n<\/div>\n<\/div>\n<\/div>\n<\/section>\n<\/div>\n<\/div>\n<\/div>\n<\/div>\n<p><\/main><\/div>\n<\/div>\n<\/div>\n<\/div>\n<\/div>\n","protected":false},"excerpt":{"rendered":"<p>D\u00e9couvrez le Apple iPhone 16 Pro Max, le smartphone le plus avanc\u00e9 de la gamme Apple, con\u00e7u pour offrir puissance extr\u00eame, autonomie exceptionnelle et photographie professionnelle. Son grand \u00e9cran Super Retina XDR OLED de 6.9 pouces avec technologie ProMotion 120 Hz garantit une immersion totale et une fluidit\u00e9 remarquable. Propuls\u00e9 par la puce Apple A18&hellip;<\/p>\n","protected":false},"featured_media":16887,"comment_status":"open","ping_status":"closed","template":"","meta":[],"product_cat":[81,75],"product_tag":[],"class_list":{"0":"post-16891","1":"product","2":"type-product","3":"status-publish","4":"has-post-thumbnail","6":"product_brand-apple","7":"product_cat-iphone","8":"product_cat-smartphones","10":"first","11":"instock","12":"sale","13":"shipping-taxable","14":"purchasable","15":"product-type-simple","16":"col-xs-6 col-sm-4","17":"col-md-3 col-lg-3","18":"un-4-cols"},"_links":{"self":[{"href":"https:\/\/www.vazy.market\/index.php\/wp-json\/wp\/v2\/product\/16891","targetHints":{"allow":["GET"]}}],"collection":[{"href":"https:\/\/www.vazy.market\/index.php\/wp-json\/wp\/v2\/product"}],"about":[{"href":"https:\/\/www.vazy.market\/index.php\/wp-json\/wp\/v2\/types\/product"}],"replies":[{"embeddable":true,"href":"https:\/\/www.vazy.market\/index.php\/wp-json\/wp\/v2\/comments?post=16891"}],"wp:featuredmedia":[{"embeddable":true,"href":"https:\/\/www.vazy.market\/index.php\/wp-json\/wp\/v2\/media\/16887"}],"wp:attachment":[{"href":"https:\/\/www.vazy.market\/index.php\/wp-json\/wp\/v2\/media?parent=16891"}],"wp:term":[{"taxonomy":"product_cat","embeddable":true,"href":"https:\/\/www.vazy.market\/index.php\/wp-json\/wp\/v2\/product_cat?post=16891"},{"taxonomy":"product_tag","embeddable":true,"href":"https:\/\/www.vazy.market\/index.php\/wp-json\/wp\/v2\/product_tag?post=16891"}],"curies":[{"name":"wp","href":"https:\/\/api.w.org\/{rel}","templated":true}]}}