{"id":16889,"date":"2026-03-19T10:33:23","date_gmt":"2026-03-19T10:33:23","guid":{"rendered":"https:\/\/www.vazy.market\/?post_type=product&#038;p=16889"},"modified":"2026-03-25T09:06:11","modified_gmt":"2026-03-25T09:06:11","slug":"iphone-16-pro-max-5g-6-9-512go8go-48mp48mp12mp-4k12mp-4k-dual-nano-sim-esim-4685mah","status":"publish","type":"product","link":"https:\/\/www.vazy.market\/index.php\/product\/iphone-16-pro-max-5g-6-9-512go8go-48mp48mp12mp-4k12mp-4k-dual-nano-sim-esim-4685mah\/","title":{"rendered":"\ud83d\udcf1 IPHONE 16 PRO MAX 5G &#8211; 6.9&Prime; &#8211; 512Go|8Go &#8211; 48MP+48MP+12MP 4K|12MP 4K &#8211; Dual Nano SIM + eSIM &#8211; 4685mAh"},"content":{"rendered":"<div class=\"flex h-svh w-screen flex-col\">\n<div class=\"relative z-0 flex min-h-0 w-full flex-1\">\n<div class=\"relative flex min-h-0 w-full flex-1\">\n<div class=\"@container\/main relative flex min-w-0 flex-1 flex-col -translate-y-[calc(env(safe-area-inset-bottom,0px)\/2)] pt-[calc(env(safe-area-inset-bottom,0px)\/2)]\">\n<div class=\"@w-sm\/main:[scrollbar-gutter:var(--stage-scroll-gutter)] touch:[scrollbar-width:none] relative flex min-h-0 min-w-0 flex-1 flex-col [scrollbar-gutter:stable] not-print:overflow-x-clip not-print:overflow-y-auto scroll-pt-(--header-height) [--sticky-padding-top:var(--header-height)] has-data-[fixed-header=less-than-xl]:@w-xl\/main:scroll-pt-0 has-data-[fixed-header=less-than-xl]:@w-xl\/main:[--sticky-padding-top:0px] has-data-[fixed-header=less-than-xxl]:@w-2xl\/main:scroll-pt-0 has-data-[fixed-header=less-than-xxl]:@w-2xl\/main:[--sticky-padding-top:0px]\" data-scroll-root=\"\"><main id=\"main\" class=\"min-h-0 flex-1\"><\/p>\n<div id=\"thread\" class=\"group\/thread flex flex-col min-h-full\">\n<div class=\"composer-parent flex flex-1 flex-col focus-visible:outline-0\" role=\"presentation\">\n<div class=\"relative basis-auto flex-col -mb-(--composer-overlap-px) [--composer-overlap-px:28px] grow flex\">\n<div class=\"flex flex-col text-sm pb-25\">\n<section class=\"text-token-text-primary w-full focus:outline-none [--shadow-height:45px] has-data-writing-block:pointer-events-none has-data-writing-block:-mt-(--shadow-height) has-data-writing-block:pt-(--shadow-height) [&amp;:has([data-writing-block])&gt;*]:pointer-events-auto scroll-mt-[calc(var(--header-height)+min(200px,max(70px,20svh)))]\" dir=\"auto\" data-turn-id=\"request-69add934-1d50-8332-91d7-d97a2ee2331f-11\" data-testid=\"conversation-turn-322\" data-scroll-anchor=\"true\" data-turn=\"assistant\">\n<div class=\"text-base my-auto mx-auto pb-10 [--thread-content-margin:var(--thread-content-margin-xs,calc(var(--spacing)*4))] @w-sm\/main:[--thread-content-margin:var(--thread-content-margin-sm,calc(var(--spacing)*6))] @w-lg\/main:[--thread-content-margin:var(--thread-content-margin-lg,calc(var(--spacing)*16))] px-(--thread-content-margin)\">\n<div class=\"[--thread-content-max-width:40rem] @w-lg\/main:[--thread-content-max-width:48rem] mx-auto max-w-(--thread-content-max-width) flex-1 group\/turn-messages focus-visible:outline-hidden relative flex w-full min-w-0 flex-col agent-turn\">\n<div class=\"flex max-w-full flex-col gap-4 grow\">\n<div class=\"min-h-8 text-message relative flex w-full flex-col items-end gap-2 text-start break-words whitespace-normal outline-none keyboard-focused:focus-ring [.text-message+&amp;]:mt-1\" dir=\"auto\" tabindex=\"0\" data-message-author-role=\"assistant\" data-message-id=\"d3511ec3-14b7-43a1-8dd4-f4b4913cfb83\" data-turn-start-message=\"true\" data-message-model-slug=\"gpt-5-3\">\n<div class=\"flex w-full flex-col gap-1 empty:hidden\">\n<div class=\"markdown prose dark:prose-invert w-full wrap-break-word light markdown-new-styling\">\n<p data-start=\"125\" data-end=\"511\">D\u00e9couvrez le <strong data-start=\"138\" data-end=\"165\">Apple iPhone 16 Pro Max<\/strong>, le smartphone le plus puissant de la gamme Apple, con\u00e7u pour offrir <strong data-start=\"235\" data-end=\"316\">performance extr\u00eame, autonomie exceptionnelle et photographie professionnelle<\/strong>. Son <strong data-start=\"322\" data-end=\"409\">immense \u00e9cran Super Retina XDR OLED de 6.9 pouces avec technologie ProMotion 120 Hz<\/strong> garantit une immersion totale et une fluidit\u00e9 exceptionnelle.<\/p>\n<p data-start=\"513\" data-end=\"727\">Propuls\u00e9 par la <strong data-start=\"529\" data-end=\"551\">puce Apple A18 Pro<\/strong>, ce smartphone d\u00e9livre une puissance de nouvelle g\u00e9n\u00e9ration id\u00e9ale pour le multit\u00e2che, le gaming et les fonctionnalit\u00e9s avanc\u00e9es Apple.<\/p>\n<p data-start=\"729\" data-end=\"964\">Son <strong data-start=\"733\" data-end=\"816\">syst\u00e8me de triple cam\u00e9ra (48 MP + 48 MP ultra grand-angle + 12 MP t\u00e9l\u00e9objectif)<\/strong> permet de capturer des photos et vid\u00e9os professionnelles avec <strong data-start=\"879\" data-end=\"923\">zoom optique x5 et stabilisation avanc\u00e9e<\/strong>.<\/p>\n<p data-start=\"966\" data-end=\"1130\">Gr\u00e2ce \u00e0 sa <strong data-start=\"977\" data-end=\"1001\">batterie de 4685 mAh<\/strong>, profitez d\u2019une autonomie longue dur\u00e9e parfaitement adapt\u00e9e \u00e0 une utilisation intensive.<\/p>\n<hr data-start=\"1132\" data-end=\"1135\" \/>\n<h1 data-section-id=\"gug16d\" data-start=\"1137\" data-end=\"1153\">\u2b50 Points forts<\/h1>\n<p data-start=\"1155\" data-end=\"1596\">\u2714 \ud83d\udcf1 <strong data-start=\"1160\" data-end=\"1216\">Grand \u00e9cran OLED 6.9&Prime; ProMotion 120Hz ultra immersif<\/strong><br data-start=\"1216\" data-end=\"1219\" \/>\u2714 \ud83d\udcf8 <strong data-start=\"1224\" data-end=\"1268\">Triple cam\u00e9ra 48 MP avec zoom optique x5<\/strong><br data-start=\"1268\" data-end=\"1271\" \/>\u2714 \u26a1 <strong data-start=\"1275\" data-end=\"1315\">Puce Apple A18 Pro ultra performante<\/strong><br data-start=\"1315\" data-end=\"1318\" \/>\u2714 \ud83d\udd0b <strong data-start=\"1323\" data-end=\"1361\">Batterie 4685 mAh longue autonomie<\/strong><br data-start=\"1361\" data-end=\"1364\" \/>\u2714 \u26a1 <strong data-start=\"1368\" data-end=\"1410\">Charge rapide + MagSafe + sans fil Qi2<\/strong><br data-start=\"1410\" data-end=\"1413\" \/>\u2714 \ud83d\udcf6 <strong data-start=\"1418\" data-end=\"1455\">Compatible r\u00e9seau 5G ultra rapide<\/strong><br data-start=\"1455\" data-end=\"1458\" \/>\u2714 \ud83d\udee1\ufe0f <strong data-start=\"1464\" data-end=\"1508\">Design premium en titane ultra r\u00e9sistant<\/strong><br data-start=\"1508\" data-end=\"1511\" \/>\u2714 \ud83d\udca7 <strong data-start=\"1516\" data-end=\"1560\">R\u00e9sistant \u00e0 l\u2019eau et \u00e0 la poussi\u00e8re IP68<\/strong><br data-start=\"1560\" data-end=\"1563\" \/>\u2714 \ud83d\udd10 <strong data-start=\"1568\" data-end=\"1596\">Face ID + Dynamic Island<\/strong><\/p>\n<hr data-start=\"1598\" data-end=\"1601\" \/>\n<h1 data-section-id=\"1wxtg7y\" data-start=\"1603\" data-end=\"1630\">\ud83d\udcf8 Cam\u00e9ra professionnelle<\/h1>\n<ul data-start=\"1632\" data-end=\"1846\">\n<li data-section-id=\"1s9gpjz\" data-start=\"1632\" data-end=\"1674\">\n<p data-start=\"1634\" data-end=\"1674\">\ud83d\udcf7 <strong data-start=\"1637\" data-end=\"1672\">Cam\u00e9ra principale : 48 MP (OIS)<\/strong><\/p>\n<\/li>\n<li data-section-id=\"i3pyda\" data-start=\"1675\" data-end=\"1711\">\n<p data-start=\"1677\" data-end=\"1711\">\ud83c\udf0d <strong data-start=\"1680\" data-end=\"1709\">Ultra grand-angle : 48 MP<\/strong><\/p>\n<\/li>\n<li data-section-id=\"1fp8uva\" data-start=\"1712\" data-end=\"1761\">\n<p data-start=\"1714\" data-end=\"1761\">\ud83d\udd2d <strong data-start=\"1717\" data-end=\"1759\">T\u00e9l\u00e9objectif : 12 MP (zoom optique x5)<\/strong><\/p>\n<\/li>\n<li data-section-id=\"14x4l9\" data-start=\"1762\" data-end=\"1796\">\n<p data-start=\"1764\" data-end=\"1796\">\ud83e\udd33 <strong data-start=\"1767\" data-end=\"1794\">Cam\u00e9ra frontale : 12 MP<\/strong><\/p>\n<\/li>\n<li data-section-id=\"qrq90m\" data-start=\"1797\" data-end=\"1846\">\n<p data-start=\"1799\" data-end=\"1846\">\ud83c\udfa5 <strong data-start=\"1802\" data-end=\"1844\">Vid\u00e9o : 4K HDR \/ Dolby Vision \/ ProRes<\/strong><\/p>\n<\/li>\n<\/ul>\n<hr data-start=\"1848\" data-end=\"1851\" \/>\n<h1 data-section-id=\"1gx1fos\" data-start=\"1853\" data-end=\"1873\">\ud83d\udcca Fiche Technique<\/h1>\n<div class=\"TyagGW_tableContainer\">\n<div class=\"group TyagGW_tableWrapper flex flex-col-reverse w-fit\" tabindex=\"-1\">\n<table class=\"w-fit min-w-(--thread-content-width)\" data-start=\"1875\" data-end=\"2457\">\n<thead data-start=\"1875\" data-end=\"1904\">\n<tr data-start=\"1875\" data-end=\"1904\">\n<th class=\"\" data-start=\"1875\" data-end=\"1893\" data-col-size=\"sm\">Caract\u00e9ristique<\/th>\n<th class=\"\" data-start=\"1893\" data-end=\"1904\" data-col-size=\"sm\">D\u00e9tails<\/th>\n<\/tr>\n<\/thead>\n<tbody data-start=\"1915\" data-end=\"2457\">\n<tr data-start=\"1915\" data-end=\"1933\">\n<td data-start=\"1915\" data-end=\"1924\" data-col-size=\"sm\">Marque<\/td>\n<td data-start=\"1924\" data-end=\"1933\" data-col-size=\"sm\">Apple<\/td>\n<\/tr>\n<tr data-start=\"1934\" data-end=\"1968\">\n<td data-start=\"1934\" data-end=\"1943\" data-col-size=\"sm\">Mod\u00e8le<\/td>\n<td data-start=\"1943\" data-end=\"1968\" data-col-size=\"sm\"><strong data-start=\"1945\" data-end=\"1966\">iPhone 16 Pro Max<\/strong><\/td>\n<\/tr>\n<tr data-start=\"1969\" data-end=\"1997\">\n<td data-start=\"1969\" data-end=\"1978\" data-col-size=\"sm\">R\u00e9seau<\/td>\n<td data-start=\"1978\" data-end=\"1997\" data-col-size=\"sm\"><strong data-start=\"1980\" data-end=\"1995\">5G \/ 4G LTE<\/strong><\/td>\n<\/tr>\n<tr data-start=\"1998\" data-end=\"2046\">\n<td data-start=\"1998\" data-end=\"2006\" data-col-size=\"sm\">\u00c9cran<\/td>\n<td data-start=\"2006\" data-end=\"2046\" data-col-size=\"sm\"><strong data-start=\"2008\" data-end=\"2044\">6.9 pouces Super Retina XDR OLED<\/strong><\/td>\n<\/tr>\n<tr data-start=\"2047\" data-end=\"2075\">\n<td data-start=\"2047\" data-end=\"2060\" data-col-size=\"sm\">R\u00e9solution<\/td>\n<td data-start=\"2060\" data-end=\"2075\" data-col-size=\"sm\">2868 \u00d7 1320<\/td>\n<\/tr>\n<tr data-start=\"2076\" data-end=\"2129\">\n<td data-start=\"2076\" data-end=\"2103\" data-col-size=\"sm\">Taux de rafra\u00eechissement<\/td>\n<td data-start=\"2103\" data-end=\"2129\" data-col-size=\"sm\"><strong data-start=\"2105\" data-end=\"2127\">120 Hz (ProMotion)<\/strong><\/td>\n<\/tr>\n<tr data-start=\"2130\" data-end=\"2164\">\n<td data-start=\"2130\" data-end=\"2143\" data-col-size=\"sm\">Processeur<\/td>\n<td data-start=\"2143\" data-end=\"2164\" data-col-size=\"sm\"><strong data-start=\"2145\" data-end=\"2162\">Apple A18 Pro<\/strong><\/td>\n<\/tr>\n<tr data-start=\"2165\" data-end=\"2183\">\n<td data-start=\"2165\" data-end=\"2171\" data-col-size=\"sm\">RAM<\/td>\n<td data-start=\"2171\" data-end=\"2183\" data-col-size=\"sm\"><strong data-start=\"2173\" data-end=\"2181\">8 Go<\/strong><\/td>\n<\/tr>\n<tr data-start=\"2184\" data-end=\"2209\">\n<td data-start=\"2184\" data-end=\"2195\" data-col-size=\"sm\">Stockage<\/td>\n<td data-start=\"2195\" data-end=\"2209\" data-col-size=\"sm\"><strong data-start=\"2197\" data-end=\"2207\">512 Go<\/strong><\/td>\n<\/tr>\n<tr data-start=\"2210\" data-end=\"2258\">\n<td data-start=\"2210\" data-end=\"2227\" data-col-size=\"sm\">Cam\u00e9ra arri\u00e8re<\/td>\n<td data-start=\"2227\" data-end=\"2258\" data-col-size=\"sm\"><strong data-start=\"2229\" data-end=\"2256\">48MP + 48MP + 12MP (4K)<\/strong><\/td>\n<\/tr>\n<tr data-start=\"2259\" data-end=\"2294\">\n<td data-start=\"2259\" data-end=\"2277\" data-col-size=\"sm\">Cam\u00e9ra frontale<\/td>\n<td data-start=\"2277\" data-end=\"2294\" data-col-size=\"sm\"><strong data-start=\"2279\" data-end=\"2292\">12MP (4K)<\/strong><\/td>\n<\/tr>\n<tr data-start=\"2295\" data-end=\"2322\">\n<td data-start=\"2295\" data-end=\"2306\" data-col-size=\"sm\">Batterie<\/td>\n<td data-start=\"2306\" data-end=\"2322\" data-col-size=\"sm\"><strong data-start=\"2308\" data-end=\"2320\">4685 mAh<\/strong><\/td>\n<\/tr>\n<tr data-start=\"2323\" data-end=\"2371\">\n<td data-start=\"2323\" data-end=\"2332\" data-col-size=\"sm\">Charge<\/td>\n<td data-start=\"2332\" data-end=\"2371\" data-col-size=\"sm\"><strong data-start=\"2334\" data-end=\"2369\">Rapide + MagSafe + sans fil Qi2<\/strong><\/td>\n<\/tr>\n<tr data-start=\"2372\" data-end=\"2406\">\n<td data-start=\"2372\" data-end=\"2378\" data-col-size=\"sm\">SIM<\/td>\n<td data-start=\"2378\" data-end=\"2406\" data-col-size=\"sm\"><strong data-start=\"2380\" data-end=\"2404\">Dual Nano SIM + eSIM<\/strong><\/td>\n<\/tr>\n<tr data-start=\"2407\" data-end=\"2431\">\n<td data-start=\"2407\" data-end=\"2417\" data-col-size=\"sm\">Syst\u00e8me<\/td>\n<td data-start=\"2417\" data-end=\"2431\" data-col-size=\"sm\"><strong data-start=\"2419\" data-end=\"2429\">iOS 18<\/strong><\/td>\n<\/tr>\n<tr data-start=\"2432\" data-end=\"2457\">\n<td data-start=\"2432\" data-end=\"2445\" data-col-size=\"sm\">R\u00e9sistance<\/td>\n<td data-start=\"2445\" data-end=\"2457\" data-col-size=\"sm\"><strong data-start=\"2447\" data-end=\"2455\">IP68<\/strong><\/td>\n<\/tr>\n<\/tbody>\n<\/table>\n<\/div>\n<\/div>\n<hr data-start=\"2459\" data-end=\"2462\" \/>\n<h1 data-section-id=\"6f7tr2\" data-start=\"2464\" data-end=\"2485\">\ud83d\udce6 Contenu du colis<\/h1>\n<ul data-start=\"2487\" data-end=\"2596\">\n<li data-section-id=\"1kz0710\" data-start=\"2487\" data-end=\"2529\">\n<p data-start=\"2489\" data-end=\"2529\">1 \u00d7 <strong data-start=\"2493\" data-end=\"2527\">Apple iPhone 16 Pro Max (neuf)<\/strong><\/p>\n<\/li>\n<li data-section-id=\"1cuiaz2\" data-start=\"2530\" data-end=\"2549\">\n<p data-start=\"2532\" data-end=\"2549\">1 \u00d7 C\u00e2ble USB-C<\/p>\n<\/li>\n<li data-section-id=\"12haphu\" data-start=\"2550\" data-end=\"2567\">\n<p data-start=\"2552\" data-end=\"2567\">1 \u00d7 Outil SIM<\/p>\n<\/li>\n<li data-section-id=\"euolri\" data-start=\"2568\" data-end=\"2596\">\n<p data-start=\"2570\" data-end=\"2596\">1 \u00d7 Manuel d\u2019utilisation<\/p>\n<\/li>\n<\/ul>\n<hr data-start=\"2598\" data-end=\"2601\" \/>\n<p data-start=\"2603\" data-end=\"2786\">\ud83d\udcf1 <strong data-start=\"2606\" data-end=\"2786\">L\u2019iPhone 16 Pro Max (512Go) est le choix id\u00e9al pour les utilisateurs exigeants recherchant \u00e9cran XXL, performances extr\u00eames, autonomie maximale et photographie professionnelle.<\/strong><\/p>\n<\/div>\n<\/div>\n<\/div>\n<\/div>\n<\/div>\n<\/div>\n<\/section>\n<\/div>\n<\/div>\n<\/div>\n<\/div>\n<p><\/main><\/div>\n<\/div>\n<\/div>\n<\/div>\n<\/div>\n","protected":false},"excerpt":{"rendered":"<p>D\u00e9couvrez le Apple iPhone 16 Pro Max, le smartphone le plus puissant de la gamme Apple, con\u00e7u pour offrir performance extr\u00eame, autonomie exceptionnelle et photographie professionnelle. Son immense \u00e9cran Super Retina XDR OLED de 6.9 pouces avec technologie ProMotion 120 Hz garantit une immersion totale et une fluidit\u00e9 exceptionnelle. Propuls\u00e9 par la puce Apple A18&hellip;<\/p>\n","protected":false},"featured_media":16887,"comment_status":"open","ping_status":"closed","template":"","meta":[],"product_cat":[81,75],"product_tag":[],"class_list":{"0":"post-16889","1":"product","2":"type-product","3":"status-publish","4":"has-post-thumbnail","6":"product_brand-apple","7":"product_cat-iphone","8":"product_cat-smartphones","10":"first","11":"instock","12":"sale","13":"shipping-taxable","14":"purchasable","15":"product-type-simple","16":"col-xs-6 col-sm-4","17":"col-md-3 col-lg-3","18":"un-4-cols"},"_links":{"self":[{"href":"https:\/\/www.vazy.market\/index.php\/wp-json\/wp\/v2\/product\/16889","targetHints":{"allow":["GET"]}}],"collection":[{"href":"https:\/\/www.vazy.market\/index.php\/wp-json\/wp\/v2\/product"}],"about":[{"href":"https:\/\/www.vazy.market\/index.php\/wp-json\/wp\/v2\/types\/product"}],"replies":[{"embeddable":true,"href":"https:\/\/www.vazy.market\/index.php\/wp-json\/wp\/v2\/comments?post=16889"}],"wp:featuredmedia":[{"embeddable":true,"href":"https:\/\/www.vazy.market\/index.php\/wp-json\/wp\/v2\/media\/16887"}],"wp:attachment":[{"href":"https:\/\/www.vazy.market\/index.php\/wp-json\/wp\/v2\/media?parent=16889"}],"wp:term":[{"taxonomy":"product_cat","embeddable":true,"href":"https:\/\/www.vazy.market\/index.php\/wp-json\/wp\/v2\/product_cat?post=16889"},{"taxonomy":"product_tag","embeddable":true,"href":"https:\/\/www.vazy.market\/index.php\/wp-json\/wp\/v2\/product_tag?post=16889"}],"curies":[{"name":"wp","href":"https:\/\/api.w.org\/{rel}","templated":true}]}}