{"id":16885,"date":"2026-03-19T10:27:12","date_gmt":"2026-03-19T10:27:12","guid":{"rendered":"https:\/\/www.vazy.market\/?post_type=product&#038;p=16885"},"modified":"2026-03-25T09:06:46","modified_gmt":"2026-03-25T09:06:46","slug":"iphone-15-pro-max-5g-6-7-1to8go-48mp12mp12mp-4k12mp-4k-dual-nano-sim-4422mah","status":"publish","type":"product","link":"https:\/\/www.vazy.market\/index.php\/product\/iphone-15-pro-max-5g-6-7-1to8go-48mp12mp12mp-4k12mp-4k-dual-nano-sim-4422mah\/","title":{"rendered":"\ud83d\udcf1 IPHONE 16 PRO MAX 5G &#8211; 6.9&Prime; &#8211; 1To|8Go &#8211; 48MP+48MP+12MP 4K|12MP 4K &#8211; Dual Nano SIM + eSIM &#8211; 4685mAhmp-12mp-4685mah-garantie-12-mois"},"content":{"rendered":"<div class=\"flex h-svh w-screen flex-col\">\n<div class=\"relative z-0 flex min-h-0 w-full flex-1\">\n<div class=\"relative flex min-h-0 w-full flex-1\">\n<div class=\"@container\/main relative flex min-w-0 flex-1 flex-col -translate-y-[calc(env(safe-area-inset-bottom,0px)\/2)] pt-[calc(env(safe-area-inset-bottom,0px)\/2)]\">\n<div class=\"@w-sm\/main:[scrollbar-gutter:var(--stage-scroll-gutter)] touch:[scrollbar-width:none] relative flex min-h-0 min-w-0 flex-1 flex-col [scrollbar-gutter:stable] not-print:overflow-x-clip not-print:overflow-y-auto scroll-pt-(--header-height) [--sticky-padding-top:var(--header-height)] has-data-[fixed-header=less-than-xl]:@w-xl\/main:scroll-pt-0 has-data-[fixed-header=less-than-xl]:@w-xl\/main:[--sticky-padding-top:0px] has-data-[fixed-header=less-than-xxl]:@w-2xl\/main:scroll-pt-0 has-data-[fixed-header=less-than-xxl]:@w-2xl\/main:[--sticky-padding-top:0px]\" data-scroll-root=\"\"><main id=\"main\" class=\"min-h-0 flex-1\"><\/p>\n<div id=\"thread\" class=\"group\/thread flex flex-col min-h-full\">\n<div class=\"composer-parent flex flex-1 flex-col focus-visible:outline-0\" role=\"presentation\">\n<div class=\"relative basis-auto flex-col -mb-(--composer-overlap-px) [--composer-overlap-px:28px] grow flex\">\n<div class=\"flex flex-col text-sm pb-25\">\n<section class=\"text-token-text-primary w-full focus:outline-none [--shadow-height:45px] has-data-writing-block:pointer-events-none has-data-writing-block:-mt-(--shadow-height) has-data-writing-block:pt-(--shadow-height) [&amp;:has([data-writing-block])&gt;*]:pointer-events-auto scroll-mt-[calc(var(--header-height)+min(200px,max(70px,20svh)))]\" dir=\"auto\" data-turn-id=\"request-69add934-1d50-8332-91d7-d97a2ee2331f-9\" data-testid=\"conversation-turn-318\" data-scroll-anchor=\"true\" data-turn=\"assistant\">\n<div class=\"text-base my-auto mx-auto pb-10 [--thread-content-margin:var(--thread-content-margin-xs,calc(var(--spacing)*4))] @w-sm\/main:[--thread-content-margin:var(--thread-content-margin-sm,calc(var(--spacing)*6))] @w-lg\/main:[--thread-content-margin:var(--thread-content-margin-lg,calc(var(--spacing)*16))] px-(--thread-content-margin)\">\n<div class=\"[--thread-content-max-width:40rem] @w-lg\/main:[--thread-content-max-width:48rem] mx-auto max-w-(--thread-content-max-width) flex-1 group\/turn-messages focus-visible:outline-hidden relative flex w-full min-w-0 flex-col agent-turn\">\n<div class=\"flex max-w-full flex-col gap-4 grow\">\n<div class=\"min-h-8 text-message relative flex w-full flex-col items-end gap-2 text-start break-words whitespace-normal outline-none keyboard-focused:focus-ring [.text-message+&amp;]:mt-1\" dir=\"auto\" tabindex=\"0\" data-message-author-role=\"assistant\" data-message-id=\"02b23bc7-24fa-4008-a5e4-e050ab348111\" data-turn-start-message=\"true\" data-message-model-slug=\"gpt-5-3\">\n<div class=\"flex w-full flex-col gap-1 empty:hidden\">\n<div class=\"markdown prose dark:prose-invert w-full wrap-break-word light markdown-new-styling\">\n<div class=\"flex h-svh w-screen flex-col\">\n<div class=\"relative z-0 flex min-h-0 w-full flex-1\">\n<div class=\"relative flex min-h-0 w-full flex-1\">\n<div class=\"@container\/main relative flex min-w-0 flex-1 flex-col -translate-y-[calc(env(safe-area-inset-bottom,0px)\/2)] pt-[calc(env(safe-area-inset-bottom,0px)\/2)]\">\n<div class=\"@w-sm\/main:[scrollbar-gutter:var(--stage-scroll-gutter)] touch:[scrollbar-width:none] relative flex min-h-0 min-w-0 flex-1 flex-col [scrollbar-gutter:stable] not-print:overflow-x-clip not-print:overflow-y-auto scroll-pt-(--header-height) [--sticky-padding-top:var(--header-height)] has-data-[fixed-header=less-than-xl]:@w-xl\/main:scroll-pt-0 has-data-[fixed-header=less-than-xl]:@w-xl\/main:[--sticky-padding-top:0px] has-data-[fixed-header=less-than-xxl]:@w-2xl\/main:scroll-pt-0 has-data-[fixed-header=less-than-xxl]:@w-2xl\/main:[--sticky-padding-top:0px]\" data-scroll-root=\"\"><main id=\"main\" class=\"min-h-0 flex-1\"><\/p>\n<div id=\"thread\" class=\"group\/thread flex flex-col min-h-full\">\n<div class=\"composer-parent flex flex-1 flex-col focus-visible:outline-0\" role=\"presentation\">\n<div class=\"relative basis-auto flex-col -mb-(--composer-overlap-px) [--composer-overlap-px:28px] grow flex\">\n<div class=\"flex flex-col text-sm pb-25\">\n<section class=\"text-token-text-primary w-full focus:outline-none [--shadow-height:45px] has-data-writing-block:pointer-events-none has-data-writing-block:-mt-(--shadow-height) has-data-writing-block:pt-(--shadow-height) [&amp;:has([data-writing-block])&gt;*]:pointer-events-auto scroll-mt-[calc(var(--header-height)+min(200px,max(70px,20svh)))]\" dir=\"auto\" data-turn-id=\"request-69add934-1d50-8332-91d7-d97a2ee2331f-10\" data-testid=\"conversation-turn-320\" data-scroll-anchor=\"true\" data-turn=\"assistant\">\n<div class=\"text-base my-auto mx-auto pb-10 [--thread-content-margin:var(--thread-content-margin-xs,calc(var(--spacing)*4))] @w-sm\/main:[--thread-content-margin:var(--thread-content-margin-sm,calc(var(--spacing)*6))] @w-lg\/main:[--thread-content-margin:var(--thread-content-margin-lg,calc(var(--spacing)*16))] px-(--thread-content-margin)\">\n<div class=\"[--thread-content-max-width:40rem] @w-lg\/main:[--thread-content-max-width:48rem] mx-auto max-w-(--thread-content-max-width) flex-1 group\/turn-messages focus-visible:outline-hidden relative flex w-full min-w-0 flex-col agent-turn\">\n<div class=\"flex max-w-full flex-col gap-4 grow\">\n<div class=\"min-h-8 text-message relative flex w-full flex-col items-end gap-2 text-start break-words whitespace-normal outline-none keyboard-focused:focus-ring [.text-message+&amp;]:mt-1\" dir=\"auto\" tabindex=\"0\" data-message-author-role=\"assistant\" data-message-id=\"df0c59fd-fc27-47ee-8c7e-85c245f0a183\" data-turn-start-message=\"true\" data-message-model-slug=\"gpt-5-3\">\n<div class=\"flex w-full flex-col gap-1 empty:hidden\">\n<div class=\"markdown prose dark:prose-invert w-full wrap-break-word light markdown-new-styling\">\n<p data-start=\"123\" data-end=\"489\">D\u00e9couvrez le <strong data-start=\"136\" data-end=\"163\">Apple iPhone 16 Pro Max<\/strong>, le smartphone le plus puissant de la gamme Apple, con\u00e7u pour offrir <strong data-start=\"233\" data-end=\"306\">performance extr\u00eame, autonomie record et photographie professionnelle<\/strong>. Son <strong data-start=\"312\" data-end=\"387\">immense \u00e9cran Super Retina XDR OLED de 6.9 pouces avec ProMotion 120 Hz<\/strong> garantit une immersion totale et une fluidit\u00e9 exceptionnelle.<\/p>\n<p data-start=\"491\" data-end=\"702\">Propuls\u00e9 par la <strong data-start=\"507\" data-end=\"529\">puce Apple A18 Pro<\/strong>, ce smartphone offre une puissance de nouvelle g\u00e9n\u00e9ration id\u00e9ale pour le gaming, le multit\u00e2che et l\u2019intelligence artificielle Apple.<\/p>\n<p data-start=\"704\" data-end=\"939\">Son <strong data-start=\"708\" data-end=\"791\">syst\u00e8me de triple cam\u00e9ra (48 MP + 48 MP ultra grand-angle + 12 MP t\u00e9l\u00e9objectif)<\/strong> permet de capturer des photos et vid\u00e9os professionnelles avec <strong data-start=\"854\" data-end=\"898\">zoom optique x5 et stabilisation avanc\u00e9e<\/strong>.<\/p>\n<p data-start=\"941\" data-end=\"1158\">Avec sa <strong data-start=\"949\" data-end=\"988\">batterie haute capacit\u00e9 de 4685 mAh<\/strong>, profitez d\u2019une autonomie exceptionnelle pouvant durer jusqu\u2019\u00e0 <strong data-start=\"1052\" data-end=\"1077\">2 jours selon l\u2019usage<\/strong>, id\u00e9ale pour les utilisateurs intensifs.<\/p>\n<hr data-start=\"1160\" data-end=\"1163\" \/>\n<h1 data-section-id=\"gug16d\" data-start=\"1165\" data-end=\"1181\">\u2b50 Points forts<\/h1>\n<p data-start=\"1183\" data-end=\"1634\">\u2714 \ud83d\udcf1 <strong data-start=\"1188\" data-end=\"1244\">Grand \u00e9cran OLED 6.9&Prime; ProMotion 120Hz ultra immersif<\/strong><br data-start=\"1244\" data-end=\"1247\" \/>\u2714 \ud83d\udcf8 <strong data-start=\"1252\" data-end=\"1296\">Triple cam\u00e9ra 48 MP avec zoom optique x5<\/strong><br data-start=\"1296\" data-end=\"1299\" \/>\u2714 \u26a1 <strong data-start=\"1303\" data-end=\"1343\">Puce Apple A18 Pro ultra performante<\/strong><br data-start=\"1343\" data-end=\"1346\" \/>\u2714 \ud83d\udd0b <strong data-start=\"1351\" data-end=\"1394\">Batterie 4685 mAh tr\u00e8s longue autonomie<\/strong><br data-start=\"1394\" data-end=\"1397\" \/>\u2714 \u26a1 <strong data-start=\"1401\" data-end=\"1443\">Charge rapide + MagSafe + sans fil Qi2<\/strong><br data-start=\"1443\" data-end=\"1446\" \/>\u2714 \ud83d\udcf6 <strong data-start=\"1451\" data-end=\"1488\">Compatible r\u00e9seau 5G ultra rapide<\/strong><br data-start=\"1488\" data-end=\"1491\" \/>\u2714 \ud83d\udee1\ufe0f <strong data-start=\"1497\" data-end=\"1525\">Design premium en titane<\/strong><br data-start=\"1525\" data-end=\"1528\" \/>\u2714 \ud83d\udca7 <strong data-start=\"1533\" data-end=\"1577\">R\u00e9sistant \u00e0 l\u2019eau et \u00e0 la poussi\u00e8re IP68<\/strong><br data-start=\"1577\" data-end=\"1580\" \/>\u2714 \ud83d\udd10 <strong data-start=\"1585\" data-end=\"1634\">Face ID + Dynamic Island + Apple Intelligence<\/strong><\/p>\n<hr data-start=\"1636\" data-end=\"1639\" \/>\n<h1 data-section-id=\"1wxtg7y\" data-start=\"1641\" data-end=\"1668\">\ud83d\udcf8 Cam\u00e9ra professionnelle<\/h1>\n<ul data-start=\"1670\" data-end=\"1934\">\n<li data-section-id=\"1s9gpjz\" data-start=\"1670\" data-end=\"1712\">\n<p data-start=\"1672\" data-end=\"1712\">\ud83d\udcf7 <strong data-start=\"1675\" data-end=\"1710\">Cam\u00e9ra principale : 48 MP (OIS)<\/strong><\/p>\n<\/li>\n<li data-section-id=\"i3pyda\" data-start=\"1713\" data-end=\"1749\">\n<p data-start=\"1715\" data-end=\"1749\">\ud83c\udf0d <strong data-start=\"1718\" data-end=\"1747\">Ultra grand-angle : 48 MP<\/strong><\/p>\n<\/li>\n<li data-section-id=\"1fp8uva\" data-start=\"1750\" data-end=\"1799\">\n<p data-start=\"1752\" data-end=\"1799\">\ud83d\udd2d <strong data-start=\"1755\" data-end=\"1797\">T\u00e9l\u00e9objectif : 12 MP (zoom optique x5)<\/strong><\/p>\n<\/li>\n<li data-section-id=\"1xeo99b\" data-start=\"1800\" data-end=\"1846\">\n<p data-start=\"1802\" data-end=\"1846\">\ud83e\udd33 <strong data-start=\"1805\" data-end=\"1844\">Cam\u00e9ra frontale : 12 MP (autofocus)<\/strong><\/p>\n<\/li>\n<li data-section-id=\"o2rb5n\" data-start=\"1847\" data-end=\"1934\">\n<p data-start=\"1849\" data-end=\"1934\">\ud83c\udfa5 <strong data-start=\"1852\" data-end=\"1894\">Vid\u00e9o : 4K HDR \/ Dolby Vision \/ ProRes<\/strong><\/p>\n<\/li>\n<\/ul>\n<hr data-start=\"1936\" data-end=\"1939\" \/>\n<h1 data-section-id=\"1gx1fos\" data-start=\"1941\" data-end=\"1961\">\ud83d\udcca Fiche Technique<\/h1>\n<div class=\"TyagGW_tableContainer\">\n<div class=\"group TyagGW_tableWrapper flex flex-col-reverse w-fit\" tabindex=\"-1\">\n<table class=\"w-fit min-w-(--thread-content-width)\" data-start=\"1963\" data-end=\"2543\">\n<thead data-start=\"1963\" data-end=\"1992\">\n<tr data-start=\"1963\" data-end=\"1992\">\n<th class=\"\" data-start=\"1963\" data-end=\"1981\" data-col-size=\"sm\">Caract\u00e9ristique<\/th>\n<th class=\"\" data-start=\"1981\" data-end=\"1992\" data-col-size=\"sm\">D\u00e9tails<\/th>\n<\/tr>\n<\/thead>\n<tbody data-start=\"2003\" data-end=\"2543\">\n<tr data-start=\"2003\" data-end=\"2021\">\n<td data-start=\"2003\" data-end=\"2012\" data-col-size=\"sm\">Marque<\/td>\n<td data-start=\"2012\" data-end=\"2021\" data-col-size=\"sm\">Apple<\/td>\n<\/tr>\n<tr data-start=\"2022\" data-end=\"2056\">\n<td data-start=\"2022\" data-end=\"2031\" data-col-size=\"sm\">Mod\u00e8le<\/td>\n<td data-start=\"2031\" data-end=\"2056\" data-col-size=\"sm\"><strong data-start=\"2033\" data-end=\"2054\">iPhone 16 Pro Max<\/strong><\/td>\n<\/tr>\n<tr data-start=\"2057\" data-end=\"2085\">\n<td data-start=\"2057\" data-end=\"2066\" data-col-size=\"sm\">R\u00e9seau<\/td>\n<td data-start=\"2066\" data-end=\"2085\" data-col-size=\"sm\"><strong data-start=\"2068\" data-end=\"2083\">5G \/ 4G LTE<\/strong><\/td>\n<\/tr>\n<tr data-start=\"2086\" data-end=\"2134\">\n<td data-start=\"2086\" data-end=\"2094\" data-col-size=\"sm\">\u00c9cran<\/td>\n<td data-start=\"2094\" data-end=\"2134\" data-col-size=\"sm\"><strong data-start=\"2096\" data-end=\"2132\">6.9 pouces Super Retina XDR OLED<\/strong><\/td>\n<\/tr>\n<tr data-start=\"2135\" data-end=\"2163\">\n<td data-start=\"2135\" data-end=\"2148\" data-col-size=\"sm\">R\u00e9solution<\/td>\n<td data-start=\"2148\" data-end=\"2163\" data-col-size=\"sm\">2868 \u00d7 1320<\/td>\n<\/tr>\n<tr data-start=\"2164\" data-end=\"2217\">\n<td data-start=\"2164\" data-end=\"2191\" data-col-size=\"sm\">Taux de rafra\u00eechissement<\/td>\n<td data-start=\"2191\" data-end=\"2217\" data-col-size=\"sm\"><strong data-start=\"2193\" data-end=\"2215\">120 Hz (ProMotion)<\/strong><\/td>\n<\/tr>\n<tr data-start=\"2218\" data-end=\"2252\">\n<td data-start=\"2218\" data-end=\"2231\" data-col-size=\"sm\">Processeur<\/td>\n<td data-start=\"2231\" data-end=\"2252\" data-col-size=\"sm\"><strong data-start=\"2233\" data-end=\"2250\">Apple A18 Pro<\/strong><\/td>\n<\/tr>\n<tr data-start=\"2253\" data-end=\"2271\">\n<td data-start=\"2253\" data-end=\"2259\" data-col-size=\"sm\">RAM<\/td>\n<td data-start=\"2259\" data-end=\"2271\" data-col-size=\"sm\"><strong data-start=\"2261\" data-end=\"2269\">8 Go<\/strong><\/td>\n<\/tr>\n<tr data-start=\"2272\" data-end=\"2295\">\n<td data-start=\"2272\" data-end=\"2283\" data-col-size=\"sm\">Stockage<\/td>\n<td data-start=\"2283\" data-end=\"2295\" data-col-size=\"sm\"><strong data-start=\"2285\" data-end=\"2293\">1 To<\/strong><\/td>\n<\/tr>\n<tr data-start=\"2296\" data-end=\"2344\">\n<td data-start=\"2296\" data-end=\"2313\" data-col-size=\"sm\">Cam\u00e9ra arri\u00e8re<\/td>\n<td data-start=\"2313\" data-end=\"2344\" data-col-size=\"sm\"><strong data-start=\"2315\" data-end=\"2342\">48MP + 48MP + 12MP (4K)<\/strong><\/td>\n<\/tr>\n<tr data-start=\"2345\" data-end=\"2380\">\n<td data-start=\"2345\" data-end=\"2363\" data-col-size=\"sm\">Cam\u00e9ra frontale<\/td>\n<td data-start=\"2363\" data-end=\"2380\" data-col-size=\"sm\"><strong data-start=\"2365\" data-end=\"2378\">12MP (4K)<\/strong><\/td>\n<\/tr>\n<tr data-start=\"2381\" data-end=\"2408\">\n<td data-start=\"2381\" data-end=\"2392\" data-col-size=\"sm\">Batterie<\/td>\n<td data-start=\"2392\" data-end=\"2408\" data-col-size=\"sm\"><strong data-start=\"2394\" data-end=\"2406\">4685 mAh<\/strong><\/td>\n<\/tr>\n<tr data-start=\"2409\" data-end=\"2457\">\n<td data-start=\"2409\" data-end=\"2418\" data-col-size=\"sm\">Charge<\/td>\n<td data-start=\"2418\" data-end=\"2457\" data-col-size=\"sm\"><strong data-start=\"2420\" data-end=\"2455\">Rapide + MagSafe + sans fil Qi2<\/strong><\/td>\n<\/tr>\n<tr data-start=\"2458\" data-end=\"2492\">\n<td data-start=\"2458\" data-end=\"2464\" data-col-size=\"sm\">SIM<\/td>\n<td data-start=\"2464\" data-end=\"2492\" data-col-size=\"sm\"><strong data-start=\"2466\" data-end=\"2490\">Dual Nano SIM + eSIM<\/strong><\/td>\n<\/tr>\n<tr data-start=\"2493\" data-end=\"2517\">\n<td data-start=\"2493\" data-end=\"2503\" data-col-size=\"sm\">Syst\u00e8me<\/td>\n<td data-start=\"2503\" data-end=\"2517\" data-col-size=\"sm\"><strong data-start=\"2505\" data-end=\"2515\">iOS 18<\/strong><\/td>\n<\/tr>\n<tr data-start=\"2518\" data-end=\"2543\">\n<td data-start=\"2518\" data-end=\"2531\" data-col-size=\"sm\">R\u00e9sistance<\/td>\n<td data-start=\"2531\" data-end=\"2543\" data-col-size=\"sm\"><strong data-start=\"2533\" data-end=\"2541\">IP68<\/strong><\/td>\n<\/tr>\n<\/tbody>\n<\/table>\n<\/div>\n<\/div>\n<hr data-start=\"2545\" data-end=\"2548\" \/>\n<h1 data-section-id=\"6f7tr2\" data-start=\"2550\" data-end=\"2571\">\ud83d\udce6 Contenu du colis<\/h1>\n<ul data-start=\"2573\" data-end=\"2682\">\n<li data-section-id=\"1kz0710\" data-start=\"2573\" data-end=\"2615\">\n<p data-start=\"2575\" data-end=\"2615\">1 \u00d7 <strong data-start=\"2579\" data-end=\"2613\">Apple iPhone 16 Pro Max (neuf)<\/strong><\/p>\n<\/li>\n<li data-section-id=\"1cuiaz2\" data-start=\"2616\" data-end=\"2635\">\n<p data-start=\"2618\" data-end=\"2635\">1 \u00d7 C\u00e2ble USB-C<\/p>\n<\/li>\n<li data-section-id=\"12haphu\" data-start=\"2636\" data-end=\"2653\">\n<p data-start=\"2638\" data-end=\"2653\">1 \u00d7 Outil SIM<\/p>\n<\/li>\n<li data-section-id=\"euolri\" data-start=\"2654\" data-end=\"2682\">\n<p data-start=\"2656\" data-end=\"2682\">1 \u00d7 Manuel d\u2019utilisation<\/p>\n<\/li>\n<\/ul>\n<hr data-start=\"2684\" data-end=\"2687\" \/>\n<p data-start=\"2689\" data-end=\"2873\">\ud83d\udcf1 <strong data-start=\"2692\" data-end=\"2873\">L\u2019iPhone 16 Pro Max (1To) est le choix ultime pour les utilisateurs exigeants : \u00e9cran XXL, puissance maximale, autonomie record et photographie professionnelle de niveau expert.<\/strong><\/p>\n<\/div>\n<\/div>\n<\/div>\n<\/div>\n<\/div>\n<\/div>\n<\/section>\n<\/div>\n<\/div>\n<\/div>\n<\/div>\n<p><\/main><\/div>\n<\/div>\n<\/div>\n<\/div>\n<\/div>\n<\/div>\n<\/div>\n<\/div>\n<\/div>\n<\/div>\n<\/div>\n<\/section>\n<\/div>\n<\/div>\n<\/div>\n<\/div>\n<p><\/main><\/div>\n<\/div>\n<\/div>\n<\/div>\n<\/div>\n","protected":false},"excerpt":{"rendered":"<p>D\u00e9couvrez le Apple iPhone 16 Pro Max, le smartphone le plus puissant de la gamme Apple, con\u00e7u pour offrir performance extr\u00eame, autonomie record et photographie professionnelle. Son immense \u00e9cran Super Retina XDR OLED de 6.9 pouces avec ProMotion 120 Hz garantit une immersion totale et une fluidit\u00e9 exceptionnelle. Propuls\u00e9 par la puce Apple A18 Pro,&hellip;<\/p>\n","protected":false},"featured_media":16887,"comment_status":"open","ping_status":"closed","template":"","meta":[],"product_cat":[81],"product_tag":[],"class_list":{"0":"post-16885","1":"product","2":"type-product","3":"status-publish","4":"has-post-thumbnail","6":"product_brand-apple","7":"product_cat-iphone","9":"first","10":"instock","11":"sale","12":"shipping-taxable","13":"purchasable","14":"product-type-simple","15":"col-xs-6 col-sm-4","16":"col-md-3 col-lg-3","17":"un-4-cols"},"_links":{"self":[{"href":"https:\/\/www.vazy.market\/index.php\/wp-json\/wp\/v2\/product\/16885","targetHints":{"allow":["GET"]}}],"collection":[{"href":"https:\/\/www.vazy.market\/index.php\/wp-json\/wp\/v2\/product"}],"about":[{"href":"https:\/\/www.vazy.market\/index.php\/wp-json\/wp\/v2\/types\/product"}],"replies":[{"embeddable":true,"href":"https:\/\/www.vazy.market\/index.php\/wp-json\/wp\/v2\/comments?post=16885"}],"wp:featuredmedia":[{"embeddable":true,"href":"https:\/\/www.vazy.market\/index.php\/wp-json\/wp\/v2\/media\/16887"}],"wp:attachment":[{"href":"https:\/\/www.vazy.market\/index.php\/wp-json\/wp\/v2\/media?parent=16885"}],"wp:term":[{"taxonomy":"product_cat","embeddable":true,"href":"https:\/\/www.vazy.market\/index.php\/wp-json\/wp\/v2\/product_cat?post=16885"},{"taxonomy":"product_tag","embeddable":true,"href":"https:\/\/www.vazy.market\/index.php\/wp-json\/wp\/v2\/product_tag?post=16885"}],"curies":[{"name":"wp","href":"https:\/\/api.w.org\/{rel}","templated":true}]}}