{"id":16872,"date":"2026-03-19T09:42:47","date_gmt":"2026-03-19T09:42:47","guid":{"rendered":"https:\/\/www.vazy.market\/?post_type=product&#038;p=16872"},"modified":"2026-03-25T09:12:02","modified_gmt":"2026-03-25T09:12:02","slug":"apple-iphone-15-plus-5g-6-7-256go6go-48mp12mp-4k12mp-4k-nano-sim-esim-4383mah","status":"publish","type":"product","link":"https:\/\/www.vazy.market\/index.php\/product\/apple-iphone-15-plus-5g-6-7-256go6go-48mp12mp-4k12mp-4k-nano-sim-esim-4383mah\/","title":{"rendered":"\ud83d\udcf1 APPLE IPHONE 15 PLUS 5G &#8211; 6.7&Prime; &#8211; 256Go|6Go &#8211; 48MP+12MP 4K|12MP 4K &#8211; Nano SIM + eSIM &#8211; 4383mAh"},"content":{"rendered":"<section class=\"text-token-text-primary w-full focus:outline-none [--shadow-height:45px] has-data-writing-block:pointer-events-none has-data-writing-block:-mt-(--shadow-height) has-data-writing-block:pt-(--shadow-height) [&amp;:has([data-writing-block])&gt;*]:pointer-events-auto scroll-mt-(--header-height)\" dir=\"auto\" data-turn-id=\"5facddce-921e-453b-a260-8e45de17e8ba\" data-testid=\"conversation-turn-307\" data-scroll-anchor=\"false\" data-turn=\"user\"><\/section>\n<section class=\"text-token-text-primary w-full focus:outline-none [--shadow-height:45px] has-data-writing-block:pointer-events-none has-data-writing-block:-mt-(--shadow-height) has-data-writing-block:pt-(--shadow-height) [&amp;:has([data-writing-block])&gt;*]:pointer-events-auto scroll-mt-[calc(var(--header-height)+min(200px,max(70px,20svh)))]\" dir=\"auto\" data-turn-id=\"request-69add934-1d50-8332-91d7-d97a2ee2331f-4\" data-testid=\"conversation-turn-308\" data-scroll-anchor=\"true\" data-turn=\"assistant\">\n<div class=\"text-base my-auto mx-auto pb-10 [--thread-content-margin:var(--thread-content-margin-xs,calc(var(--spacing)*4))] @w-sm\/main:[--thread-content-margin:var(--thread-content-margin-sm,calc(var(--spacing)*6))] @w-lg\/main:[--thread-content-margin:var(--thread-content-margin-lg,calc(var(--spacing)*16))] px-(--thread-content-margin)\">\n<div class=\"[--thread-content-max-width:40rem] @w-lg\/main:[--thread-content-max-width:48rem] mx-auto max-w-(--thread-content-max-width) flex-1 group\/turn-messages focus-visible:outline-hidden relative flex w-full min-w-0 flex-col agent-turn\">\n<div class=\"flex max-w-full flex-col gap-4 grow\">\n<div class=\"min-h-8 text-message relative flex w-full flex-col items-end gap-2 text-start break-words whitespace-normal outline-none keyboard-focused:focus-ring [.text-message+&amp;]:mt-1\" dir=\"auto\" tabindex=\"0\" data-message-author-role=\"assistant\" data-message-id=\"8133d7dc-35d8-4748-9730-915958916c89\" data-turn-start-message=\"true\" data-message-model-slug=\"gpt-5-3\">\n<div class=\"flex w-full flex-col gap-1 empty:hidden\">\n<div class=\"markdown prose dark:prose-invert w-full wrap-break-word light markdown-new-styling\">\n<div class=\"flex h-svh w-screen flex-col\">\n<div class=\"relative z-0 flex min-h-0 w-full flex-1\">\n<div class=\"relative flex min-h-0 w-full flex-1\">\n<div class=\"@container\/main relative flex min-w-0 flex-1 flex-col -translate-y-[calc(env(safe-area-inset-bottom,0px)\/2)] pt-[calc(env(safe-area-inset-bottom,0px)\/2)]\">\n<div class=\"@w-sm\/main:[scrollbar-gutter:var(--stage-scroll-gutter)] touch:[scrollbar-width:none] relative flex min-h-0 min-w-0 flex-1 flex-col [scrollbar-gutter:stable] not-print:overflow-x-clip not-print:overflow-y-auto scroll-pt-(--header-height) [--sticky-padding-top:var(--header-height)] has-data-[fixed-header=less-than-xl]:@w-xl\/main:scroll-pt-0 has-data-[fixed-header=less-than-xl]:@w-xl\/main:[--sticky-padding-top:0px] has-data-[fixed-header=less-than-xxl]:@w-2xl\/main:scroll-pt-0 has-data-[fixed-header=less-than-xxl]:@w-2xl\/main:[--sticky-padding-top:0px]\" data-scroll-root=\"\"><main id=\"main\" class=\"min-h-0 flex-1\"><\/p>\n<div id=\"thread\" class=\"group\/thread flex flex-col min-h-full\">\n<div class=\"composer-parent flex flex-1 flex-col focus-visible:outline-0\" role=\"presentation\">\n<div class=\"relative basis-auto flex-col -mb-(--composer-overlap-px) [--composer-overlap-px:28px] grow flex\">\n<div class=\"flex flex-col text-sm pb-25\">\n<section class=\"text-token-text-primary w-full focus:outline-none [--shadow-height:45px] has-data-writing-block:pointer-events-none has-data-writing-block:-mt-(--shadow-height) has-data-writing-block:pt-(--shadow-height) [&amp;:has([data-writing-block])&gt;*]:pointer-events-auto scroll-mt-[calc(var(--header-height)+min(200px,max(70px,20svh)))]\" dir=\"auto\" data-turn-id=\"request-69add934-1d50-8332-91d7-d97a2ee2331f-4\" data-testid=\"conversation-turn-308\" data-scroll-anchor=\"true\" data-turn=\"assistant\">\n<div class=\"text-base my-auto mx-auto pb-10 [--thread-content-margin:var(--thread-content-margin-xs,calc(var(--spacing)*4))] @w-sm\/main:[--thread-content-margin:var(--thread-content-margin-sm,calc(var(--spacing)*6))] @w-lg\/main:[--thread-content-margin:var(--thread-content-margin-lg,calc(var(--spacing)*16))] px-(--thread-content-margin)\">\n<div class=\"[--thread-content-max-width:40rem] @w-lg\/main:[--thread-content-max-width:48rem] mx-auto max-w-(--thread-content-max-width) flex-1 group\/turn-messages focus-visible:outline-hidden relative flex w-full min-w-0 flex-col agent-turn\">\n<div class=\"flex max-w-full flex-col gap-4 grow\">\n<div class=\"min-h-8 text-message relative flex w-full flex-col items-end gap-2 text-start break-words whitespace-normal outline-none keyboard-focused:focus-ring [.text-message+&amp;]:mt-1\" dir=\"auto\" tabindex=\"0\" data-message-author-role=\"assistant\" data-message-id=\"8133d7dc-35d8-4748-9730-915958916c89\" data-turn-start-message=\"true\" data-message-model-slug=\"gpt-5-3\">\n<div class=\"flex w-full flex-col gap-1 empty:hidden\">\n<div class=\"markdown prose dark:prose-invert w-full wrap-break-word light markdown-new-styling\">\n<p data-start=\"112\" data-end=\"451\">D\u00e9couvrez le <strong data-start=\"125\" data-end=\"149\">Apple iPhone 15 Plus<\/strong>, un smartphone premium con\u00e7u pour offrir <strong data-start=\"191\" data-end=\"261\">grand \u00e9cran immersif, excellente autonomie et performances fluides<\/strong>. Son <strong data-start=\"267\" data-end=\"312\">\u00e9cran Super Retina XDR OLED de 6.7 pouces<\/strong> garantit une qualit\u00e9 d\u2019affichage exceptionnelle avec des couleurs vives et un excellent contraste.<\/p>\n<p data-start=\"453\" data-end=\"654\">Propuls\u00e9 par la <strong data-start=\"469\" data-end=\"494\">puce Apple A16 Bionic<\/strong>, ce smartphone offre des performances rapides et efficaces pour le multit\u00e2che, les jeux et les applications exigeantes.<\/p>\n<p data-start=\"656\" data-end=\"886\">Son <strong data-start=\"660\" data-end=\"719\">double appareil photo (48 MP + 12 MP ultra grand-angle)<\/strong> permet de capturer des photos d\u00e9taill\u00e9es avec traitement d\u2019image avanc\u00e9 Apple et zoom optique x2 int\u00e9gr\u00e9 au capteur principal.<\/p>\n<p data-start=\"888\" data-end=\"1065\">Gr\u00e2ce \u00e0 sa <strong data-start=\"899\" data-end=\"923\">batterie de 4383 mAh<\/strong>, profitez d\u2019une autonomie longue dur\u00e9e pouvant tenir toute la journ\u00e9e, m\u00eame en utilisation intensive.<\/p>\n<hr data-start=\"1067\" data-end=\"1070\" \/>\n<h1 data-section-id=\"gug16d\" data-start=\"1072\" data-end=\"1088\">\u2b50 Points forts<\/h1>\n<p data-start=\"1090\" data-end=\"1472\">\u2714 \ud83d\udcf1 <strong data-start=\"1095\" data-end=\"1146\">Grand \u00e9cran OLED 6.7&Prime; Super Retina XDR immersif<\/strong><br data-start=\"1146\" data-end=\"1149\" \/>\u2714 \ud83d\udcf8 <strong data-start=\"1154\" data-end=\"1204\">Cam\u00e9ra principale 48 MP avec ultra grand-angle<\/strong><br data-start=\"1204\" data-end=\"1207\" \/>\u2714 \u26a1 <strong data-start=\"1211\" data-end=\"1248\">Puce Apple A16 Bionic performante<\/strong><br data-start=\"1248\" data-end=\"1251\" \/>\u2714 \ud83d\udd0b <strong data-start=\"1256\" data-end=\"1294\">Batterie 4383 mAh longue autonomie<\/strong><br data-start=\"1294\" data-end=\"1297\" \/>\u2714 \u26a1 <strong data-start=\"1301\" data-end=\"1339\">Charge rapide + MagSafe + sans fil<\/strong><br data-start=\"1339\" data-end=\"1342\" \/>\u2714 \ud83d\udcf6 <strong data-start=\"1347\" data-end=\"1384\">Compatible r\u00e9seau 5G ultra rapide<\/strong><br data-start=\"1384\" data-end=\"1387\" \/>\u2714 \ud83d\udca7 <strong data-start=\"1392\" data-end=\"1436\">R\u00e9sistant \u00e0 l\u2019eau et \u00e0 la poussi\u00e8re IP68<\/strong><br data-start=\"1436\" data-end=\"1439\" \/>\u2714 \ud83d\udd10 <strong data-start=\"1444\" data-end=\"1472\">Face ID + Dynamic Island<\/strong><\/p>\n<hr data-start=\"1474\" data-end=\"1477\" \/>\n<h1 data-section-id=\"1bka4zl\" data-start=\"1479\" data-end=\"1498\">\ud83d\udcf8 Cam\u00e9ra avanc\u00e9e<\/h1>\n<ul data-start=\"1500\" data-end=\"1700\">\n<li data-section-id=\"1s9gpjz\" data-start=\"1500\" data-end=\"1542\">\n<p data-start=\"1502\" data-end=\"1542\">\ud83d\udcf7 <strong data-start=\"1505\" data-end=\"1540\">Cam\u00e9ra principale : 48 MP (OIS)<\/strong><\/p>\n<\/li>\n<li data-section-id=\"14yt6gj\" data-start=\"1543\" data-end=\"1586\">\n<p data-start=\"1545\" data-end=\"1586\">\ud83c\udf0d <strong data-start=\"1548\" data-end=\"1584\">Ultra grand-angle : 12 MP (120\u00b0)<\/strong><\/p>\n<\/li>\n<li data-section-id=\"14x4l9\" data-start=\"1587\" data-end=\"1621\">\n<p data-start=\"1589\" data-end=\"1621\">\ud83e\udd33 <strong data-start=\"1592\" data-end=\"1619\">Cam\u00e9ra frontale : 12 MP<\/strong><\/p>\n<\/li>\n<li data-section-id=\"p9zhq5\" data-start=\"1622\" data-end=\"1700\">\n<p data-start=\"1624\" data-end=\"1700\">\ud83c\udfa5 <strong data-start=\"1627\" data-end=\"1660\">Vid\u00e9o : 4K HDR \/ Dolby Vision<\/strong><\/p>\n<\/li>\n<\/ul>\n<hr data-start=\"1702\" data-end=\"1705\" \/>\n<h1 data-section-id=\"1gx1fos\" data-start=\"1707\" data-end=\"1727\">\ud83d\udcca Fiche Technique<\/h1>\n<div class=\"TyagGW_tableContainer\">\n<div class=\"group TyagGW_tableWrapper flex flex-col-reverse w-fit\" tabindex=\"-1\">\n<table class=\"w-fit min-w-(--thread-content-width)\" data-start=\"1729\" data-end=\"2245\">\n<thead data-start=\"1729\" data-end=\"1758\">\n<tr data-start=\"1729\" data-end=\"1758\">\n<th class=\"\" data-start=\"1729\" data-end=\"1747\" data-col-size=\"sm\">Caract\u00e9ristique<\/th>\n<th class=\"\" data-start=\"1747\" data-end=\"1758\" data-col-size=\"sm\">D\u00e9tails<\/th>\n<\/tr>\n<\/thead>\n<tbody data-start=\"1769\" data-end=\"2245\">\n<tr data-start=\"1769\" data-end=\"1787\">\n<td data-start=\"1769\" data-end=\"1778\" data-col-size=\"sm\">Marque<\/td>\n<td data-start=\"1778\" data-end=\"1787\" data-col-size=\"sm\">Apple<\/td>\n<\/tr>\n<tr data-start=\"1788\" data-end=\"1819\">\n<td data-start=\"1788\" data-end=\"1797\" data-col-size=\"sm\">Mod\u00e8le<\/td>\n<td data-start=\"1797\" data-end=\"1819\" data-col-size=\"sm\"><strong data-start=\"1799\" data-end=\"1817\">iPhone 15 Plus<\/strong><\/td>\n<\/tr>\n<tr data-start=\"1820\" data-end=\"1848\">\n<td data-start=\"1820\" data-end=\"1829\" data-col-size=\"sm\">R\u00e9seau<\/td>\n<td data-start=\"1829\" data-end=\"1848\" data-col-size=\"sm\"><strong data-start=\"1831\" data-end=\"1846\">5G \/ 4G LTE<\/strong><\/td>\n<\/tr>\n<tr data-start=\"1849\" data-end=\"1897\">\n<td data-start=\"1849\" data-end=\"1857\" data-col-size=\"sm\">\u00c9cran<\/td>\n<td data-start=\"1857\" data-end=\"1897\" data-col-size=\"sm\"><strong data-start=\"1859\" data-end=\"1895\">6.7 pouces OLED Super Retina XDR<\/strong><\/td>\n<\/tr>\n<tr data-start=\"1898\" data-end=\"1933\">\n<td data-start=\"1898\" data-end=\"1911\" data-col-size=\"sm\">R\u00e9solution<\/td>\n<td data-start=\"1911\" data-end=\"1933\" data-col-size=\"sm\">2796 \u00d7 1290 (FHD+)<\/td>\n<\/tr>\n<tr data-start=\"1934\" data-end=\"1971\">\n<td data-start=\"1934\" data-end=\"1947\" data-col-size=\"sm\">Processeur<\/td>\n<td data-start=\"1947\" data-end=\"1971\" data-col-size=\"sm\"><strong data-start=\"1949\" data-end=\"1969\">Apple A16 Bionic<\/strong><\/td>\n<\/tr>\n<tr data-start=\"1972\" data-end=\"1990\">\n<td data-start=\"1972\" data-end=\"1978\" data-col-size=\"sm\">RAM<\/td>\n<td data-start=\"1978\" data-end=\"1990\" data-col-size=\"sm\"><strong data-start=\"1980\" data-end=\"1988\">6 Go<\/strong><\/td>\n<\/tr>\n<tr data-start=\"1991\" data-end=\"2016\">\n<td data-start=\"1991\" data-end=\"2002\" data-col-size=\"sm\">Stockage<\/td>\n<td data-start=\"2002\" data-end=\"2016\" data-col-size=\"sm\"><strong data-start=\"2004\" data-end=\"2014\">256 Go<\/strong><\/td>\n<\/tr>\n<tr data-start=\"2017\" data-end=\"2058\">\n<td data-start=\"2017\" data-end=\"2034\" data-col-size=\"sm\">Cam\u00e9ra arri\u00e8re<\/td>\n<td data-start=\"2034\" data-end=\"2058\" data-col-size=\"sm\"><strong data-start=\"2036\" data-end=\"2056\">48MP + 12MP (4K)<\/strong><\/td>\n<\/tr>\n<tr data-start=\"2059\" data-end=\"2094\">\n<td data-start=\"2059\" data-end=\"2077\" data-col-size=\"sm\">Cam\u00e9ra frontale<\/td>\n<td data-start=\"2077\" data-end=\"2094\" data-col-size=\"sm\"><strong data-start=\"2079\" data-end=\"2092\">12MP (4K)<\/strong><\/td>\n<\/tr>\n<tr data-start=\"2095\" data-end=\"2122\">\n<td data-start=\"2095\" data-end=\"2106\" data-col-size=\"sm\">Batterie<\/td>\n<td data-start=\"2106\" data-end=\"2122\" data-col-size=\"sm\"><strong data-start=\"2108\" data-end=\"2120\">4383 mAh<\/strong><\/td>\n<\/tr>\n<tr data-start=\"2123\" data-end=\"2167\">\n<td data-start=\"2123\" data-end=\"2132\" data-col-size=\"sm\">Charge<\/td>\n<td data-start=\"2132\" data-end=\"2167\" data-col-size=\"sm\"><strong data-start=\"2134\" data-end=\"2165\">20W + MagSafe + sans fil Qi<\/strong><\/td>\n<\/tr>\n<tr data-start=\"2168\" data-end=\"2197\">\n<td data-start=\"2168\" data-end=\"2174\" data-col-size=\"sm\">SIM<\/td>\n<td data-start=\"2174\" data-end=\"2197\" data-col-size=\"sm\"><strong data-start=\"2176\" data-end=\"2195\">Nano SIM + eSIM<\/strong><\/td>\n<\/tr>\n<tr data-start=\"2198\" data-end=\"2219\">\n<td data-start=\"2198\" data-end=\"2208\" data-col-size=\"sm\">Syst\u00e8me<\/td>\n<td data-start=\"2208\" data-end=\"2219\" data-col-size=\"sm\"><strong data-start=\"2210\" data-end=\"2217\">iOS<\/strong><\/td>\n<\/tr>\n<tr data-start=\"2220\" data-end=\"2245\">\n<td data-start=\"2220\" data-end=\"2233\" data-col-size=\"sm\">R\u00e9sistance<\/td>\n<td data-start=\"2233\" data-end=\"2245\" data-col-size=\"sm\"><strong data-start=\"2235\" data-end=\"2243\">IP68<\/strong><\/td>\n<\/tr>\n<\/tbody>\n<\/table>\n<\/div>\n<\/div>\n<hr data-start=\"2247\" data-end=\"2250\" \/>\n<h1 data-section-id=\"6f7tr2\" data-start=\"2252\" data-end=\"2273\">\ud83d\udce6 Contenu du colis<\/h1>\n<ul data-start=\"2275\" data-end=\"2381\">\n<li data-section-id=\"dwr8xg\" data-start=\"2275\" data-end=\"2314\">\n<p data-start=\"2277\" data-end=\"2314\">1 \u00d7 <strong data-start=\"2281\" data-end=\"2312\">Apple iPhone 15 Plus (neuf)<\/strong><\/p>\n<\/li>\n<li data-section-id=\"1cuiaz2\" data-start=\"2315\" data-end=\"2334\">\n<p data-start=\"2317\" data-end=\"2334\">1 \u00d7 C\u00e2ble USB-C<\/p>\n<\/li>\n<li data-section-id=\"12haphu\" data-start=\"2335\" data-end=\"2352\">\n<p data-start=\"2337\" data-end=\"2352\">1 \u00d7 Outil SIM<\/p>\n<\/li>\n<li data-section-id=\"euolri\" data-start=\"2353\" data-end=\"2381\">\n<p data-start=\"2355\" data-end=\"2381\">1 \u00d7 Manuel d\u2019utilisation<\/p>\n<\/li>\n<\/ul>\n<hr data-start=\"2383\" data-end=\"2386\" \/>\n<p data-start=\"2388\" data-end=\"2532\">\ud83d\udcf1 <strong data-start=\"2391\" data-end=\"2532\">L\u2019iPhone 15 Plus (256Go) est id\u00e9al pour ceux qui recherchent grand \u00e9cran, autonomie puissante et performances Apple fiables au quotidien.<\/strong><\/p>\n<\/div>\n<\/div>\n<\/div>\n<\/div>\n<\/div>\n<\/div>\n<\/section>\n<\/div>\n<\/div>\n<\/div>\n<\/div>\n<p><\/main><\/div>\n<\/div>\n<\/div>\n<\/div>\n<\/div>\n<\/div>\n<\/div>\n<\/div>\n<\/div>\n<\/div>\n<\/div>\n<\/section>\n","protected":false},"excerpt":{"rendered":"<p>D\u00e9couvrez le Apple iPhone 15 Plus, un smartphone premium con\u00e7u pour offrir grand \u00e9cran immersif, excellente autonomie et performances fluides. Son \u00e9cran Super Retina XDR OLED de 6.7 pouces garantit une qualit\u00e9 d\u2019affichage exceptionnelle avec des couleurs vives et un excellent contraste. Propuls\u00e9 par la puce Apple A16 Bionic, ce smartphone offre des performances rapides&hellip;<\/p>\n","protected":false},"featured_media":16869,"comment_status":"open","ping_status":"closed","template":"","meta":[],"product_cat":[81],"product_tag":[],"class_list":{"0":"post-16872","1":"product","2":"type-product","3":"status-publish","4":"has-post-thumbnail","6":"product_brand-apple","7":"product_cat-iphone","9":"first","10":"instock","11":"sale","12":"shipping-taxable","13":"purchasable","14":"product-type-simple","15":"col-xs-6 col-sm-4","16":"col-md-3 col-lg-3","17":"un-4-cols"},"_links":{"self":[{"href":"https:\/\/www.vazy.market\/index.php\/wp-json\/wp\/v2\/product\/16872","targetHints":{"allow":["GET"]}}],"collection":[{"href":"https:\/\/www.vazy.market\/index.php\/wp-json\/wp\/v2\/product"}],"about":[{"href":"https:\/\/www.vazy.market\/index.php\/wp-json\/wp\/v2\/types\/product"}],"replies":[{"embeddable":true,"href":"https:\/\/www.vazy.market\/index.php\/wp-json\/wp\/v2\/comments?post=16872"}],"wp:featuredmedia":[{"embeddable":true,"href":"https:\/\/www.vazy.market\/index.php\/wp-json\/wp\/v2\/media\/16869"}],"wp:attachment":[{"href":"https:\/\/www.vazy.market\/index.php\/wp-json\/wp\/v2\/media?parent=16872"}],"wp:term":[{"taxonomy":"product_cat","embeddable":true,"href":"https:\/\/www.vazy.market\/index.php\/wp-json\/wp\/v2\/product_cat?post=16872"},{"taxonomy":"product_tag","embeddable":true,"href":"https:\/\/www.vazy.market\/index.php\/wp-json\/wp\/v2\/product_tag?post=16872"}],"curies":[{"name":"wp","href":"https:\/\/api.w.org\/{rel}","templated":true}]}}