{"id":16802,"date":"2026-03-18T10:37:28","date_gmt":"2026-03-18T10:37:28","guid":{"rendered":"https:\/\/www.vazy.market\/?post_type=product&#038;p=16802"},"modified":"2026-03-25T09:17:36","modified_gmt":"2026-03-25T09:17:36","slug":"google-pixel-6-pro-5g-6-7-256go12go-50mp48mp12mp-4k11-1mp-4k-nano-sim-esim-5003mah","status":"publish","type":"product","link":"https:\/\/www.vazy.market\/index.php\/product\/google-pixel-6-pro-5g-6-7-256go12go-50mp48mp12mp-4k11-1mp-4k-nano-sim-esim-5003mah\/","title":{"rendered":"\ud83d\udcf1 GOOGLE PIXEL 6 PRO 5G &#8211; 6.7&Prime; &#8211; 256Go|12Go &#8211; 50MP+48MP+12MP 4K|11.1MP 4K &#8211; Nano SIM + eSIM &#8211; 5003mAh"},"content":{"rendered":"<div class=\"flex h-svh w-screen flex-col\">\n<div class=\"relative z-0 flex min-h-0 w-full flex-1\">\n<div class=\"relative flex min-h-0 w-full flex-1\">\n<div class=\"@container\/main relative flex min-w-0 flex-1 flex-col -translate-y-[calc(env(safe-area-inset-bottom,0px)\/2)] pt-[calc(env(safe-area-inset-bottom,0px)\/2)]\">\n<div class=\"@w-sm\/main:[scrollbar-gutter:var(--stage-scroll-gutter)] touch:[scrollbar-width:none] relative flex min-h-0 min-w-0 flex-1 flex-col [scrollbar-gutter:stable] not-print:overflow-x-clip not-print:overflow-y-auto scroll-pt-(--header-height) [--sticky-padding-top:var(--header-height)] has-data-[fixed-header=less-than-xl]:@w-xl\/main:scroll-pt-0 has-data-[fixed-header=less-than-xl]:@w-xl\/main:[--sticky-padding-top:0px] has-data-[fixed-header=less-than-xxl]:@w-2xl\/main:scroll-pt-0 has-data-[fixed-header=less-than-xxl]:@w-2xl\/main:[--sticky-padding-top:0px]\" data-scroll-root=\"\"><main id=\"main\" class=\"min-h-0 flex-1\"><\/p>\n<div id=\"thread\" class=\"group\/thread flex flex-col min-h-full\">\n<div class=\"composer-parent flex flex-1 flex-col focus-visible:outline-0\" role=\"presentation\">\n<div class=\"relative basis-auto flex-col -mb-(--composer-overlap-px) [--composer-overlap-px:28px] grow flex\">\n<div class=\"flex flex-col text-sm pb-25\">\n<section class=\"text-token-text-primary w-full focus:outline-none [--shadow-height:45px] has-data-writing-block:pointer-events-none has-data-writing-block:-mt-(--shadow-height) has-data-writing-block:pt-(--shadow-height) [&amp;:has([data-writing-block])&gt;*]:pointer-events-auto scroll-mt-[calc(var(--header-height)+min(200px,max(70px,20svh)))]\" dir=\"auto\" data-turn-id=\"request-69add934-1d50-8332-91d7-d97a2ee2331f-9\" data-testid=\"conversation-turn-276\" data-scroll-anchor=\"true\" data-turn=\"assistant\">\n<div class=\"text-base my-auto mx-auto pb-10 [--thread-content-margin:var(--thread-content-margin-xs,calc(var(--spacing)*4))] @w-sm\/main:[--thread-content-margin:var(--thread-content-margin-sm,calc(var(--spacing)*6))] @w-lg\/main:[--thread-content-margin:var(--thread-content-margin-lg,calc(var(--spacing)*16))] px-(--thread-content-margin)\">\n<div class=\"[--thread-content-max-width:40rem] @w-lg\/main:[--thread-content-max-width:48rem] mx-auto max-w-(--thread-content-max-width) flex-1 group\/turn-messages focus-visible:outline-hidden relative flex w-full min-w-0 flex-col agent-turn\">\n<div class=\"flex max-w-full flex-col gap-4 grow\">\n<div class=\"min-h-8 text-message relative flex w-full flex-col items-end gap-2 text-start break-words whitespace-normal outline-none keyboard-focused:focus-ring [.text-message+&amp;]:mt-1\" dir=\"auto\" tabindex=\"0\" data-message-author-role=\"assistant\" data-message-id=\"9da3b1af-7258-456d-9ac4-929716c7023d\" data-turn-start-message=\"true\" data-message-model-slug=\"gpt-5-3\">\n<div class=\"flex w-full flex-col gap-1 empty:hidden\">\n<div class=\"markdown prose dark:prose-invert w-full wrap-break-word light markdown-new-styling\">\n<p data-start=\"118\" data-end=\"495\">D\u00e9couvrez le <strong data-start=\"131\" data-end=\"153\">Google Pixel 6 Pro<\/strong>, un smartphone haut de gamme con\u00e7u pour offrir <strong data-start=\"201\" data-end=\"295\">photographie professionnelle, intelligence artificielle avanc\u00e9e et exp\u00e9rience Android pure<\/strong>. Son <strong data-start=\"301\" data-end=\"386\">\u00e9cran LTPO AMOLED incurv\u00e9 de 6.7 pouces QHD+ avec taux de rafra\u00eechissement 120 Hz<\/strong> garantit une fluidit\u00e9 exceptionnelle et un affichage ultra immersif.<\/p>\n<p data-start=\"497\" data-end=\"736\">Propuls\u00e9 par le <strong data-start=\"513\" data-end=\"559\">processeur Google Tensor avec 12 Go de RAM<\/strong>, ce smartphone offre des performances puissantes et optimis\u00e9es pour le multit\u00e2che, les jeux et les fonctionnalit\u00e9s intelligentes Google.<\/p>\n<p data-start=\"738\" data-end=\"965\">Son <strong data-start=\"742\" data-end=\"825\">syst\u00e8me de triple cam\u00e9ra (50 MP + 48 MP t\u00e9l\u00e9objectif + 12 MP ultra grand-angle)<\/strong> permet de capturer des photos de qualit\u00e9 professionnelle avec zoom optique et traitement IA avanc\u00e9.<\/p>\n<p data-start=\"967\" data-end=\"1149\">Gr\u00e2ce \u00e0 sa <strong data-start=\"978\" data-end=\"1033\">batterie de 5003 mAh avec charge rapide et sans fil<\/strong>, profitez d\u2019une autonomie longue dur\u00e9e adapt\u00e9e \u00e0 une utilisation intensive.<\/p>\n<hr data-start=\"1151\" data-end=\"1154\" \/>\n<h1 data-section-id=\"gug16d\" data-start=\"1156\" data-end=\"1172\">\u2b50 Points forts<\/h1>\n<p data-start=\"1174\" data-end=\"1631\">\u2714 \ud83d\udcf1 <strong data-start=\"1179\" data-end=\"1232\">\u00c9cran AMOLED incurv\u00e9 6.7&Prime; QHD+ 120Hz ultra fluide<\/strong><br data-start=\"1232\" data-end=\"1235\" \/>\u2714 \ud83d\udcf8 <strong data-start=\"1240\" data-end=\"1288\">Triple cam\u00e9ra 50 MP avec zoom optique avanc\u00e9<\/strong><br data-start=\"1288\" data-end=\"1291\" \/>\u2714 \u26a1 <strong data-start=\"1295\" data-end=\"1336\">Processeur Google Tensor (IA avanc\u00e9e)<\/strong><br data-start=\"1336\" data-end=\"1339\" \/>\u2714 \ud83d\udd0b <strong data-start=\"1344\" data-end=\"1378\">Batterie 5000 mAh longue dur\u00e9e<\/strong><br data-start=\"1378\" data-end=\"1381\" \/>\u2714 \u26a1 <strong data-start=\"1385\" data-end=\"1433\">Charge rapide + sans fil + recharge invers\u00e9e<\/strong><br data-start=\"1433\" data-end=\"1436\" \/>\u2714 \ud83d\udcf6 <strong data-start=\"1441\" data-end=\"1478\">Compatible r\u00e9seau 5G ultra rapide<\/strong><br data-start=\"1478\" data-end=\"1481\" \/>\u2714 \ud83d\udca7 <strong data-start=\"1486\" data-end=\"1530\">R\u00e9sistant \u00e0 l\u2019eau et \u00e0 la poussi\u00e8re IP68<\/strong><br data-start=\"1530\" data-end=\"1533\" \/>\u2714 \ud83d\udd10 <strong data-start=\"1538\" data-end=\"1583\">Capteur d\u2019empreinte digitale sous l\u2019\u00e9cran<\/strong><br data-start=\"1583\" data-end=\"1586\" \/>\u2714 \ud83e\udd16 <strong data-start=\"1591\" data-end=\"1631\">Android pur avec mises \u00e0 jour Google<\/strong><\/p>\n<hr data-start=\"1633\" data-end=\"1636\" \/>\n<h1 data-section-id=\"1wxtg7y\" data-start=\"1638\" data-end=\"1665\">\ud83d\udcf8 Cam\u00e9ra professionnelle<\/h1>\n<ul data-start=\"1667\" data-end=\"1897\">\n<li data-section-id=\"15i93km\" data-start=\"1667\" data-end=\"1709\">\n<p data-start=\"1669\" data-end=\"1709\">\ud83d\udcf7 <strong data-start=\"1672\" data-end=\"1707\">Cam\u00e9ra principale : 50 MP (OIS)<\/strong><\/p>\n<\/li>\n<li data-section-id=\"uuu4bs\" data-start=\"1710\" data-end=\"1759\">\n<p data-start=\"1712\" data-end=\"1759\">\ud83d\udd2d <strong data-start=\"1715\" data-end=\"1757\">T\u00e9l\u00e9objectif : 48 MP (zoom optique 4x)<\/strong><\/p>\n<\/li>\n<li data-section-id=\"1y2bq0h\" data-start=\"1760\" data-end=\"1796\">\n<p data-start=\"1762\" data-end=\"1796\">\ud83c\udf0d <strong data-start=\"1765\" data-end=\"1794\">Ultra grand-angle : 12 MP<\/strong><\/p>\n<\/li>\n<li data-section-id=\"p2wopt\" data-start=\"1797\" data-end=\"1833\">\n<p data-start=\"1799\" data-end=\"1833\">\ud83e\udd33 <strong data-start=\"1802\" data-end=\"1831\">Cam\u00e9ra frontale : 11.1 MP<\/strong><\/p>\n<\/li>\n<li data-section-id=\"1nm2tv1\" data-start=\"1834\" data-end=\"1897\">\n<p data-start=\"1836\" data-end=\"1897\">\ud83c\udfa5 <strong data-start=\"1839\" data-end=\"1857\">Vid\u00e9o : 4K UHD<\/strong><\/p>\n<\/li>\n<\/ul>\n<hr data-start=\"1899\" data-end=\"1902\" \/>\n<h1 data-section-id=\"1gx1fos\" data-start=\"1904\" data-end=\"1924\">\ud83d\udcca Fiche Technique<\/h1>\n<div class=\"TyagGW_tableContainer\">\n<div class=\"group TyagGW_tableWrapper flex flex-col-reverse w-fit\" tabindex=\"-1\">\n<table class=\"w-fit min-w-(--thread-content-width)\" data-start=\"1926\" data-end=\"2514\">\n<thead data-start=\"1926\" data-end=\"1955\">\n<tr data-start=\"1926\" data-end=\"1955\">\n<th class=\"\" data-start=\"1926\" data-end=\"1944\" data-col-size=\"sm\">Caract\u00e9ristique<\/th>\n<th class=\"\" data-start=\"1944\" data-end=\"1955\" data-col-size=\"sm\">D\u00e9tails<\/th>\n<\/tr>\n<\/thead>\n<tbody data-start=\"1966\" data-end=\"2514\">\n<tr data-start=\"1966\" data-end=\"1985\">\n<td data-start=\"1966\" data-end=\"1975\" data-col-size=\"sm\">Marque<\/td>\n<td data-start=\"1975\" data-end=\"1985\" data-col-size=\"sm\">Google<\/td>\n<\/tr>\n<tr data-start=\"1986\" data-end=\"2017\">\n<td data-start=\"1986\" data-end=\"1995\" data-col-size=\"sm\">Mod\u00e8le<\/td>\n<td data-start=\"1995\" data-end=\"2017\" data-col-size=\"sm\"><strong data-start=\"1997\" data-end=\"2015\">Pixel 6 Pro 5G<\/strong><\/td>\n<\/tr>\n<tr data-start=\"2018\" data-end=\"2046\">\n<td data-start=\"2018\" data-end=\"2027\" data-col-size=\"sm\">R\u00e9seau<\/td>\n<td data-start=\"2027\" data-end=\"2046\" data-col-size=\"sm\"><strong data-start=\"2029\" data-end=\"2044\">5G \/ 4G LTE<\/strong><\/td>\n<\/tr>\n<tr data-start=\"2047\" data-end=\"2093\">\n<td data-start=\"2047\" data-end=\"2055\" data-col-size=\"sm\">\u00c9cran<\/td>\n<td data-start=\"2055\" data-end=\"2093\" data-col-size=\"sm\"><strong data-start=\"2057\" data-end=\"2091\">6.7 pouces LTPO AMOLED incurv\u00e9<\/strong><\/td>\n<\/tr>\n<tr data-start=\"2094\" data-end=\"2129\">\n<td data-start=\"2094\" data-end=\"2107\" data-col-size=\"sm\">R\u00e9solution<\/td>\n<td data-start=\"2107\" data-end=\"2129\" data-col-size=\"sm\">3120 \u00d7 1440 (QHD+)<\/td>\n<\/tr>\n<tr data-start=\"2130\" data-end=\"2171\">\n<td data-start=\"2130\" data-end=\"2157\" data-col-size=\"sm\">Taux de rafra\u00eechissement<\/td>\n<td data-start=\"2157\" data-end=\"2171\" data-col-size=\"sm\"><strong data-start=\"2159\" data-end=\"2169\">120 Hz<\/strong><\/td>\n<\/tr>\n<tr data-start=\"2172\" data-end=\"2206\">\n<td data-start=\"2172\" data-end=\"2185\" data-col-size=\"sm\">Processeur<\/td>\n<td data-start=\"2185\" data-end=\"2206\" data-col-size=\"sm\"><strong data-start=\"2187\" data-end=\"2204\">Google Tensor<\/strong><\/td>\n<\/tr>\n<tr data-start=\"2207\" data-end=\"2226\">\n<td data-start=\"2207\" data-end=\"2213\" data-col-size=\"sm\">RAM<\/td>\n<td data-start=\"2213\" data-end=\"2226\" data-col-size=\"sm\"><strong data-start=\"2215\" data-end=\"2224\">12 Go<\/strong><\/td>\n<\/tr>\n<tr data-start=\"2227\" data-end=\"2252\">\n<td data-start=\"2227\" data-end=\"2238\" data-col-size=\"sm\">Stockage<\/td>\n<td data-start=\"2238\" data-end=\"2252\" data-col-size=\"sm\"><strong data-start=\"2240\" data-end=\"2250\">256 Go<\/strong><\/td>\n<\/tr>\n<tr data-start=\"2253\" data-end=\"2301\">\n<td data-start=\"2253\" data-end=\"2270\" data-col-size=\"sm\">Cam\u00e9ra arri\u00e8re<\/td>\n<td data-start=\"2270\" data-end=\"2301\" data-col-size=\"sm\"><strong data-start=\"2272\" data-end=\"2299\">50MP + 48MP + 12MP (4K)<\/strong><\/td>\n<\/tr>\n<tr data-start=\"2302\" data-end=\"2339\">\n<td data-start=\"2302\" data-end=\"2320\" data-col-size=\"sm\">Cam\u00e9ra frontale<\/td>\n<td data-start=\"2320\" data-end=\"2339\" data-col-size=\"sm\"><strong data-start=\"2322\" data-end=\"2337\">11.1MP (4K)<\/strong><\/td>\n<\/tr>\n<tr data-start=\"2340\" data-end=\"2367\">\n<td data-start=\"2340\" data-end=\"2351\" data-col-size=\"sm\">Batterie<\/td>\n<td data-start=\"2351\" data-end=\"2367\" data-col-size=\"sm\"><strong data-start=\"2353\" data-end=\"2365\">5003 mAh<\/strong><\/td>\n<\/tr>\n<tr data-start=\"2368\" data-end=\"2419\">\n<td data-start=\"2368\" data-end=\"2377\" data-col-size=\"sm\">Charge<\/td>\n<td data-start=\"2377\" data-end=\"2419\" data-col-size=\"sm\"><strong data-start=\"2379\" data-end=\"2417\">30W + sans fil + recharge invers\u00e9e<\/strong><\/td>\n<\/tr>\n<tr data-start=\"2420\" data-end=\"2449\">\n<td data-start=\"2420\" data-end=\"2426\" data-col-size=\"sm\">SIM<\/td>\n<td data-start=\"2426\" data-end=\"2449\" data-col-size=\"sm\"><strong data-start=\"2428\" data-end=\"2447\">Nano SIM + eSIM<\/strong><\/td>\n<\/tr>\n<tr data-start=\"2450\" data-end=\"2488\">\n<td data-start=\"2450\" data-end=\"2460\" data-col-size=\"sm\">Syst\u00e8me<\/td>\n<td data-start=\"2460\" data-end=\"2488\" data-col-size=\"sm\"><strong data-start=\"2462\" data-end=\"2486\">Android (pur Google)<\/strong><\/td>\n<\/tr>\n<tr data-start=\"2489\" data-end=\"2514\">\n<td data-start=\"2489\" data-end=\"2502\" data-col-size=\"sm\">R\u00e9sistance<\/td>\n<td data-start=\"2502\" data-end=\"2514\" data-col-size=\"sm\"><strong data-start=\"2504\" data-end=\"2512\">IP68<\/strong><\/td>\n<\/tr>\n<\/tbody>\n<\/table>\n<\/div>\n<\/div>\n<hr data-start=\"2516\" data-end=\"2519\" \/>\n<h1 data-section-id=\"6f7tr2\" data-start=\"2521\" data-end=\"2542\">\ud83d\udce6 Contenu du colis<\/h1>\n<ul data-start=\"2544\" data-end=\"2667\">\n<li data-section-id=\"ru8vql\" data-start=\"2544\" data-end=\"2581\">\n<p data-start=\"2546\" data-end=\"2581\">1 \u00d7 <strong data-start=\"2550\" data-end=\"2579\">Google Pixel 6 Pro (neuf)<\/strong><\/p>\n<\/li>\n<li data-section-id=\"1cuiaz2\" data-start=\"2582\" data-end=\"2601\">\n<p data-start=\"2584\" data-end=\"2601\">1 \u00d7 C\u00e2ble USB-C<\/p>\n<\/li>\n<li data-section-id=\"qzz255\" data-start=\"2602\" data-end=\"2620\">\n<p data-start=\"2604\" data-end=\"2620\">1 \u00d7 Adaptateur<\/p>\n<\/li>\n<li data-section-id=\"12haphu\" data-start=\"2621\" data-end=\"2638\">\n<p data-start=\"2623\" data-end=\"2638\">1 \u00d7 Outil SIM<\/p>\n<\/li>\n<li data-section-id=\"euolri\" data-start=\"2639\" data-end=\"2667\">\n<p data-start=\"2641\" data-end=\"2667\">1 \u00d7 Manuel d\u2019utilisation<\/p>\n<\/li>\n<\/ul>\n<hr data-start=\"2669\" data-end=\"2672\" \/>\n<p data-start=\"2674\" data-end=\"2814\">\ud83d\udcf1 <strong data-start=\"2677\" data-end=\"2814\">Le Google Pixel 6 Pro est un smartphone premium id\u00e9al pour la photo, la performance et une exp\u00e9rience Android intelligente et fluide.<\/strong><\/p>\n<\/div>\n<\/div>\n<\/div>\n<\/div>\n<\/div>\n<\/div>\n<\/section>\n<\/div>\n<\/div>\n<\/div>\n<\/div>\n<p><\/main><\/div>\n<\/div>\n<\/div>\n<\/div>\n<\/div>\n","protected":false},"excerpt":{"rendered":"<p>D\u00e9couvrez le Google Pixel 6 Pro, un smartphone haut de gamme con\u00e7u pour offrir photographie professionnelle, intelligence artificielle avanc\u00e9e et exp\u00e9rience Android pure. Son \u00e9cran LTPO AMOLED incurv\u00e9 de 6.7 pouces QHD+ avec taux de rafra\u00eechissement 120 Hz garantit une fluidit\u00e9 exceptionnelle et un affichage ultra immersif. Propuls\u00e9 par le processeur Google Tensor avec 12&hellip;<\/p>\n","protected":false},"featured_media":16804,"comment_status":"open","ping_status":"closed","template":"","meta":[],"product_cat":[80],"product_tag":[],"class_list":{"0":"post-16802","1":"product","2":"type-product","3":"status-publish","4":"has-post-thumbnail","6":"product_brand-google-pixel","7":"product_cat-google-pixel","9":"first","10":"instock","11":"sale","12":"shipping-taxable","13":"purchasable","14":"product-type-simple","15":"col-xs-6 col-sm-4","16":"col-md-3 col-lg-3","17":"un-4-cols"},"_links":{"self":[{"href":"https:\/\/www.vazy.market\/index.php\/wp-json\/wp\/v2\/product\/16802","targetHints":{"allow":["GET"]}}],"collection":[{"href":"https:\/\/www.vazy.market\/index.php\/wp-json\/wp\/v2\/product"}],"about":[{"href":"https:\/\/www.vazy.market\/index.php\/wp-json\/wp\/v2\/types\/product"}],"replies":[{"embeddable":true,"href":"https:\/\/www.vazy.market\/index.php\/wp-json\/wp\/v2\/comments?post=16802"}],"wp:featuredmedia":[{"embeddable":true,"href":"https:\/\/www.vazy.market\/index.php\/wp-json\/wp\/v2\/media\/16804"}],"wp:attachment":[{"href":"https:\/\/www.vazy.market\/index.php\/wp-json\/wp\/v2\/media?parent=16802"}],"wp:term":[{"taxonomy":"product_cat","embeddable":true,"href":"https:\/\/www.vazy.market\/index.php\/wp-json\/wp\/v2\/product_cat?post=16802"},{"taxonomy":"product_tag","embeddable":true,"href":"https:\/\/www.vazy.market\/index.php\/wp-json\/wp\/v2\/product_tag?post=16802"}],"curies":[{"name":"wp","href":"https:\/\/api.w.org\/{rel}","templated":true}]}}