{"id":16770,"date":"2026-03-18T09:40:37","date_gmt":"2026-03-18T09:40:37","guid":{"rendered":"https:\/\/www.vazy.market\/?post_type=product&#038;p=16770"},"modified":"2026-03-25T09:20:03","modified_gmt":"2026-03-25T09:20:03","slug":"infinix-smart-7-hd-4g-6-6-64go2go-2go-ram-virtuelle-8mpai-fhd5mp-fhd-dual-nano-sim-5000mah","status":"publish","type":"product","link":"https:\/\/www.vazy.market\/index.php\/product\/infinix-smart-7-hd-4g-6-6-64go2go-2go-ram-virtuelle-8mpai-fhd5mp-fhd-dual-nano-sim-5000mah\/","title":{"rendered":"\ud83d\udcf1 INFINIX SMART 7 HD 4G &#8211; 6.6&Prime; &#8211; 64Go|2Go (+2Go RAM virtuelle) &#8211; 8MP+AI FHD|5MP FHD &#8211; Dual Nano SIM &#8211; 5000mAh"},"content":{"rendered":"<section class=\"text-token-text-primary w-full focus:outline-none [--shadow-height:45px] has-data-writing-block:pointer-events-none has-data-writing-block:-mt-(--shadow-height) has-data-writing-block:pt-(--shadow-height) [&amp;:has([data-writing-block])&gt;*]:pointer-events-auto scroll-mt-(--header-height)\" dir=\"auto\" data-turn-id=\"1dec493c-535c-4bcc-8c73-842a161e45a6\" data-testid=\"conversation-turn-259\" data-scroll-anchor=\"false\" data-turn=\"user\"><\/section>\n<section class=\"text-token-text-primary w-full focus:outline-none [--shadow-height:45px] has-data-writing-block:pointer-events-none has-data-writing-block:-mt-(--shadow-height) has-data-writing-block:pt-(--shadow-height) [&amp;:has([data-writing-block])&gt;*]:pointer-events-auto scroll-mt-[calc(var(--header-height)+min(200px,max(70px,20svh)))]\" dir=\"auto\" data-turn-id=\"request-69add934-1d50-8332-91d7-d97a2ee2331f-1\" data-testid=\"conversation-turn-260\" data-scroll-anchor=\"true\" data-turn=\"assistant\">\n<div class=\"text-base my-auto mx-auto pb-10 [--thread-content-margin:var(--thread-content-margin-xs,calc(var(--spacing)*4))] @w-sm\/main:[--thread-content-margin:var(--thread-content-margin-sm,calc(var(--spacing)*6))] @w-lg\/main:[--thread-content-margin:var(--thread-content-margin-lg,calc(var(--spacing)*16))] px-(--thread-content-margin)\">\n<div class=\"[--thread-content-max-width:40rem] @w-lg\/main:[--thread-content-max-width:48rem] mx-auto max-w-(--thread-content-max-width) flex-1 group\/turn-messages focus-visible:outline-hidden relative flex w-full min-w-0 flex-col agent-turn\">\n<div class=\"flex max-w-full flex-col gap-4 grow\">\n<div class=\"min-h-8 text-message relative flex w-full flex-col items-end gap-2 text-start break-words whitespace-normal outline-none keyboard-focused:focus-ring [.text-message+&amp;]:mt-1\" dir=\"auto\" tabindex=\"0\" data-message-author-role=\"assistant\" data-message-id=\"21a5d00c-0ec4-4cca-8bd9-16b1a453edb4\" data-turn-start-message=\"true\" data-message-model-slug=\"gpt-5-3\">\n<div class=\"flex w-full flex-col gap-1 empty:hidden\">\n<div class=\"streaming-animation markdown prose dark:prose-invert w-full wrap-break-word light markdown-new-styling\">\n<div class=\"flex h-svh w-screen flex-col\">\n<div class=\"relative z-0 flex min-h-0 w-full flex-1\">\n<div class=\"relative flex min-h-0 w-full flex-1\">\n<div class=\"@container\/main relative flex min-w-0 flex-1 flex-col -translate-y-[calc(env(safe-area-inset-bottom,0px)\/2)] pt-[calc(env(safe-area-inset-bottom,0px)\/2)]\">\n<div class=\"@w-sm\/main:[scrollbar-gutter:var(--stage-scroll-gutter)] touch:[scrollbar-width:none] relative flex min-h-0 min-w-0 flex-1 flex-col [scrollbar-gutter:stable] not-print:overflow-x-clip not-print:overflow-y-auto scroll-pt-(--header-height) [--sticky-padding-top:var(--header-height)] has-data-[fixed-header=less-than-xl]:@w-xl\/main:scroll-pt-0 has-data-[fixed-header=less-than-xl]:@w-xl\/main:[--sticky-padding-top:0px] has-data-[fixed-header=less-than-xxl]:@w-2xl\/main:scroll-pt-0 has-data-[fixed-header=less-than-xxl]:@w-2xl\/main:[--sticky-padding-top:0px]\" data-scroll-root=\"\"><main id=\"main\" class=\"min-h-0 flex-1\"><\/p>\n<div id=\"thread\" class=\"group\/thread flex flex-col min-h-full\">\n<div class=\"composer-parent flex flex-1 flex-col focus-visible:outline-0\" role=\"presentation\">\n<div class=\"relative basis-auto flex-col -mb-(--composer-overlap-px) [--composer-overlap-px:28px] grow flex\">\n<div class=\"flex flex-col text-sm pb-25\">\n<section class=\"text-token-text-primary w-full focus:outline-none [--shadow-height:45px] has-data-writing-block:pointer-events-none has-data-writing-block:-mt-(--shadow-height) has-data-writing-block:pt-(--shadow-height) [&amp;:has([data-writing-block])&gt;*]:pointer-events-auto scroll-mt-[calc(var(--header-height)+min(200px,max(70px,20svh)))]\" dir=\"auto\" data-turn-id=\"request-69add934-1d50-8332-91d7-d97a2ee2331f-1\" data-testid=\"conversation-turn-260\" data-scroll-anchor=\"true\" data-turn=\"assistant\">\n<div class=\"text-base my-auto mx-auto pb-10 [--thread-content-margin:var(--thread-content-margin-xs,calc(var(--spacing)*4))] @w-sm\/main:[--thread-content-margin:var(--thread-content-margin-sm,calc(var(--spacing)*6))] @w-lg\/main:[--thread-content-margin:var(--thread-content-margin-lg,calc(var(--spacing)*16))] px-(--thread-content-margin)\">\n<div class=\"[--thread-content-max-width:40rem] @w-lg\/main:[--thread-content-max-width:48rem] mx-auto max-w-(--thread-content-max-width) flex-1 group\/turn-messages focus-visible:outline-hidden relative flex w-full min-w-0 flex-col agent-turn\">\n<div class=\"flex max-w-full flex-col gap-4 grow\">\n<div class=\"min-h-8 text-message relative flex w-full flex-col items-end gap-2 text-start break-words whitespace-normal outline-none keyboard-focused:focus-ring [.text-message+&amp;]:mt-1\" dir=\"auto\" tabindex=\"0\" data-message-author-role=\"assistant\" data-message-id=\"21a5d00c-0ec4-4cca-8bd9-16b1a453edb4\" data-turn-start-message=\"true\" data-message-model-slug=\"gpt-5-3\">\n<div class=\"flex w-full flex-col gap-1 empty:hidden\">\n<div class=\"markdown prose dark:prose-invert w-full wrap-break-word light markdown-new-styling\">\n<p data-start=\"119\" data-end=\"470\">D\u00e9couvrez le <strong data-start=\"132\" data-end=\"154\">Infinix Smart 7 HD<\/strong>, un smartphone \u00e9conomique con\u00e7u pour offrir <strong data-start=\"199\" data-end=\"278\">un grand \u00e9cran, une autonomie longue dur\u00e9e et des performances essentielles<\/strong> pour un usage quotidien. Son <strong data-start=\"308\" data-end=\"343\">\u00e9cran IPS LCD de 6.6 pouces HD+<\/strong> assure un affichage confortable pour les vid\u00e9os, les r\u00e9seaux sociaux et la navigation.<\/p>\n<p data-start=\"472\" data-end=\"795\">\u00c9quip\u00e9 du <strong data-start=\"482\" data-end=\"549\">processeur Unisoc SC9863A Octa-Core avec 2 Go de RAM extensible<\/strong>, ce smartphone permet une utilisation fluide pour les t\u00e2ches essentielles comme WhatsApp, appels et navigation. Son <strong data-start=\"666\" data-end=\"710\">stockage de 64 Go extensible via microSD<\/strong> permet de conserver facilement vos fichiers.<\/p>\n<p data-start=\"797\" data-end=\"1050\">Son <strong data-start=\"801\" data-end=\"866\">appareil photo arri\u00e8re de 8 MP avec intelligence artificielle<\/strong> capture des images simples pour le quotidien, tandis que la <strong data-start=\"927\" data-end=\"965\">cam\u00e9ra frontale de 5 MP avec flash<\/strong> est id\u00e9ale pour les selfies et appels vid\u00e9o.<\/p>\n<p data-start=\"1052\" data-end=\"1210\">Gr\u00e2ce \u00e0 sa <strong data-start=\"1063\" data-end=\"1087\">batterie de 5000 mAh<\/strong>, profitez d\u2019une excellente autonomie pouvant tenir toute la journ\u00e9e sans recharge.<\/p>\n<hr data-start=\"1212\" data-end=\"1215\" \/>\n<h1 data-section-id=\"gug16d\" data-start=\"1217\" data-end=\"1233\">\u2b50 Points forts<\/h1>\n<p data-start=\"1235\" data-end=\"1557\">\u2714 \ud83d\udcf1 <strong data-start=\"1240\" data-end=\"1281\">Grand \u00e9cran IPS LCD 6.6&Prime; HD+ immersif<\/strong><br data-start=\"1281\" data-end=\"1284\" \/>\u2714 \ud83d\udcf8 <strong data-start=\"1289\" data-end=\"1323\">Cam\u00e9ra principale 8 MP avec IA<\/strong><br data-start=\"1323\" data-end=\"1326\" \/>\u2714 \u26a1 <strong data-start=\"1330\" data-end=\"1382\">Processeur Octa-Core fiable pour usage quotidien<\/strong><br data-start=\"1382\" data-end=\"1385\" \/>\u2714 \ud83d\udd0b <strong data-start=\"1390\" data-end=\"1424\">Batterie longue dur\u00e9e 5000 mAh<\/strong><br data-start=\"1424\" data-end=\"1427\" \/>\u2714 \ud83d\udcf6 <strong data-start=\"1432\" data-end=\"1460\">Compatible r\u00e9seau 4G LTE<\/strong><br data-start=\"1460\" data-end=\"1463\" \/>\u2714 \ud83d\udd10 <strong data-start=\"1468\" data-end=\"1514\">Capteur d\u2019empreinte digitale + Face Unlock<\/strong><br data-start=\"1514\" data-end=\"1517\" \/>\u2714 \ud83d\udcbe <strong data-start=\"1522\" data-end=\"1557\">Stockage extensible via microSD<\/strong><\/p>\n<hr data-start=\"1559\" data-end=\"1562\" \/>\n<h1 data-section-id=\"ys7y0m\" data-start=\"1564\" data-end=\"1575\">\ud83d\udcf8 Cam\u00e9ra<\/h1>\n<ul data-start=\"1577\" data-end=\"1775\">\n<li data-section-id=\"vqj2ov\" data-start=\"1577\" data-end=\"1612\">\n<p data-start=\"1579\" data-end=\"1612\">\ud83d\udcf7 <strong data-start=\"1582\" data-end=\"1610\">Cam\u00e9ra principale : 8 MP<\/strong><\/p>\n<\/li>\n<li data-section-id=\"195se87\" data-start=\"1613\" data-end=\"1657\">\n<p data-start=\"1615\" data-end=\"1657\">\ud83d\udce1 <strong data-start=\"1618\" data-end=\"1655\">Capteur secondaire : 0.08 MP (AI)<\/strong><\/p>\n<\/li>\n<li data-section-id=\"1xztlu3\" data-start=\"1658\" data-end=\"1704\">\n<p data-start=\"1660\" data-end=\"1704\">\ud83e\udd33 <strong data-start=\"1663\" data-end=\"1702\">Cam\u00e9ra frontale : 5 MP (avec flash)<\/strong><\/p>\n<\/li>\n<li data-section-id=\"12nvpxp\" data-start=\"1705\" data-end=\"1775\">\n<p data-start=\"1707\" data-end=\"1775\">\ud83c\udfa5 <strong data-start=\"1710\" data-end=\"1735\">Vid\u00e9o : Full HD 1080p<\/strong><\/p>\n<\/li>\n<\/ul>\n<hr data-start=\"1777\" data-end=\"1780\" \/>\n<h1 data-section-id=\"1gx1fos\" data-start=\"1782\" data-end=\"1802\">\ud83d\udcca Fiche Technique<\/h1>\n<div class=\"TyagGW_tableContainer\">\n<div class=\"group TyagGW_tableWrapper flex flex-col-reverse w-fit\" tabindex=\"-1\">\n<table class=\"w-fit min-w-(--thread-content-width)\" data-start=\"1804\" data-end=\"2309\">\n<thead data-start=\"1804\" data-end=\"1833\">\n<tr data-start=\"1804\" data-end=\"1833\">\n<th class=\"\" data-start=\"1804\" data-end=\"1822\" data-col-size=\"sm\">Caract\u00e9ristique<\/th>\n<th class=\"\" data-start=\"1822\" data-end=\"1833\" data-col-size=\"sm\">D\u00e9tails<\/th>\n<\/tr>\n<\/thead>\n<tbody data-start=\"1844\" data-end=\"2309\">\n<tr data-start=\"1844\" data-end=\"1864\">\n<td data-start=\"1844\" data-end=\"1853\" data-col-size=\"sm\">Marque<\/td>\n<td data-start=\"1853\" data-end=\"1864\" data-col-size=\"sm\">Infinix<\/td>\n<\/tr>\n<tr data-start=\"1865\" data-end=\"1892\">\n<td data-start=\"1865\" data-end=\"1874\" data-col-size=\"sm\">Mod\u00e8le<\/td>\n<td data-start=\"1874\" data-end=\"1892\" data-col-size=\"sm\"><strong data-start=\"1876\" data-end=\"1890\">Smart 7 HD<\/strong><\/td>\n<\/tr>\n<tr data-start=\"1893\" data-end=\"1912\">\n<td data-start=\"1893\" data-end=\"1902\" data-col-size=\"sm\">R\u00e9seau<\/td>\n<td data-start=\"1902\" data-end=\"1912\" data-col-size=\"sm\">4G LTE<\/td>\n<\/tr>\n<tr data-start=\"1913\" data-end=\"1947\">\n<td data-start=\"1913\" data-end=\"1921\" data-col-size=\"sm\">\u00c9cran<\/td>\n<td data-start=\"1921\" data-end=\"1947\" data-col-size=\"sm\"><strong data-start=\"1923\" data-end=\"1945\">6.6 pouces IPS LCD<\/strong><\/td>\n<\/tr>\n<tr data-start=\"1948\" data-end=\"1981\">\n<td data-start=\"1948\" data-end=\"1961\" data-col-size=\"sm\">R\u00e9solution<\/td>\n<td data-start=\"1961\" data-end=\"1981\" data-col-size=\"sm\">720 \u00d7 1612 (HD+)<\/td>\n<\/tr>\n<tr data-start=\"1982\" data-end=\"2027\">\n<td data-start=\"1982\" data-end=\"1995\" data-col-size=\"sm\">Processeur<\/td>\n<td data-start=\"1995\" data-end=\"2027\" data-col-size=\"sm\"><strong data-start=\"1997\" data-end=\"2025\">Unisoc SC9863A Octa-Core<\/strong><\/td>\n<\/tr>\n<tr data-start=\"2028\" data-end=\"2068\">\n<td data-start=\"2028\" data-end=\"2034\" data-col-size=\"sm\">RAM<\/td>\n<td data-start=\"2034\" data-end=\"2068\" data-col-size=\"sm\"><strong data-start=\"2036\" data-end=\"2066\">2 Go (+2 Go RAM virtuelle)<\/strong><\/td>\n<\/tr>\n<tr data-start=\"2069\" data-end=\"2114\">\n<td data-start=\"2069\" data-end=\"2080\" data-col-size=\"sm\">Stockage<\/td>\n<td data-start=\"2080\" data-end=\"2114\" data-col-size=\"sm\"><strong data-start=\"2082\" data-end=\"2112\">64 Go (extensible microSD)<\/strong><\/td>\n<\/tr>\n<tr data-start=\"2115\" data-end=\"2158\">\n<td data-start=\"2115\" data-end=\"2132\" data-col-size=\"sm\">Cam\u00e9ra arri\u00e8re<\/td>\n<td data-start=\"2132\" data-end=\"2158\" data-col-size=\"sm\"><strong data-start=\"2134\" data-end=\"2156\">8MP + 0.08MP (FHD)<\/strong><\/td>\n<\/tr>\n<tr data-start=\"2159\" data-end=\"2194\">\n<td data-start=\"2159\" data-end=\"2177\" data-col-size=\"sm\">Cam\u00e9ra frontale<\/td>\n<td data-start=\"2177\" data-end=\"2194\" data-col-size=\"sm\"><strong data-start=\"2179\" data-end=\"2192\">5MP (FHD)<\/strong><\/td>\n<\/tr>\n<tr data-start=\"2195\" data-end=\"2222\">\n<td data-start=\"2195\" data-end=\"2206\" data-col-size=\"sm\">Batterie<\/td>\n<td data-start=\"2206\" data-end=\"2222\" data-col-size=\"sm\"><strong data-start=\"2208\" data-end=\"2220\">5000 mAh<\/strong><\/td>\n<\/tr>\n<tr data-start=\"2223\" data-end=\"2243\">\n<td data-start=\"2223\" data-end=\"2232\" data-col-size=\"sm\">Charge<\/td>\n<td data-start=\"2232\" data-end=\"2243\" data-col-size=\"sm\"><strong data-start=\"2234\" data-end=\"2241\">10W<\/strong><\/td>\n<\/tr>\n<tr data-start=\"2244\" data-end=\"2271\">\n<td data-start=\"2244\" data-end=\"2250\" data-col-size=\"sm\">SIM<\/td>\n<td data-start=\"2250\" data-end=\"2271\" data-col-size=\"sm\"><strong data-start=\"2252\" data-end=\"2269\">Dual Nano SIM<\/strong><\/td>\n<\/tr>\n<tr data-start=\"2272\" data-end=\"2309\">\n<td data-start=\"2272\" data-end=\"2282\" data-col-size=\"sm\">Syst\u00e8me<\/td>\n<td data-start=\"2282\" data-end=\"2309\" data-col-size=\"sm\"><strong data-start=\"2284\" data-end=\"2307\">Android 12 Go \/ XOS<\/strong><\/td>\n<\/tr>\n<\/tbody>\n<\/table>\n<\/div>\n<\/div>\n<hr data-start=\"2311\" data-end=\"2314\" \/>\n<h1 data-section-id=\"6f7tr2\" data-start=\"2316\" data-end=\"2337\">\ud83d\udce6 Contenu du colis<\/h1>\n<ul data-start=\"2339\" data-end=\"2451\">\n<li data-section-id=\"imb1az\" data-start=\"2339\" data-end=\"2369\">\n<p data-start=\"2341\" data-end=\"2369\">1 \u00d7 <strong data-start=\"2345\" data-end=\"2367\">Infinix Smart 7 HD<\/strong><\/p>\n<\/li>\n<li data-section-id=\"gzkpdf\" data-start=\"2370\" data-end=\"2386\">\n<p data-start=\"2372\" data-end=\"2386\">1 \u00d7 Chargeur<\/p>\n<\/li>\n<li data-section-id=\"ym4feo\" data-start=\"2387\" data-end=\"2404\">\n<p data-start=\"2389\" data-end=\"2404\">1 \u00d7 C\u00e2ble USB<\/p>\n<\/li>\n<li data-section-id=\"12haphu\" data-start=\"2405\" data-end=\"2422\">\n<p data-start=\"2407\" data-end=\"2422\">1 \u00d7 Outil SIM<\/p>\n<\/li>\n<li data-section-id=\"euolri\" data-start=\"2423\" data-end=\"2451\">\n<p data-start=\"2425\" data-end=\"2451\">1 \u00d7 Manuel d\u2019utilisation<\/p>\n<\/li>\n<\/ul>\n<hr data-start=\"2453\" data-end=\"2456\" \/>\n<p data-start=\"2458\" data-end=\"2642\">\ud83d\udcf1 <strong data-start=\"2461\" data-end=\"2642\">Le Infinix Smart 7 HD est un smartphone fiable et tr\u00e8s accessible, id\u00e9al pour les appels, WhatsApp, Facebook et une utilisation quotidienne simple avec une excellente autonomie.<\/strong><\/p>\n<\/div>\n<\/div>\n<\/div>\n<\/div>\n<\/div>\n<\/div>\n<\/section>\n<\/div>\n<\/div>\n<\/div>\n<\/div>\n<p><\/main><\/div>\n<\/div>\n<\/div>\n<\/div>\n<\/div>\n<\/div>\n<\/div>\n<\/div>\n<\/div>\n<\/div>\n<\/div>\n<\/section>\n","protected":false},"excerpt":{"rendered":"<p>D\u00e9couvrez le Infinix Smart 7 HD, un smartphone \u00e9conomique con\u00e7u pour offrir un grand \u00e9cran, une autonomie longue dur\u00e9e et des performances essentielles pour un usage quotidien. Son \u00e9cran IPS LCD de 6.6 pouces HD+ assure un affichage confortable pour les vid\u00e9os, les r\u00e9seaux sociaux et la navigation. \u00c9quip\u00e9 du processeur Unisoc SC9863A Octa-Core avec&hellip;<\/p>\n","protected":false},"featured_media":16773,"comment_status":"open","ping_status":"closed","template":"","meta":[],"product_cat":[84],"product_tag":[],"class_list":{"0":"post-16770","1":"product","2":"type-product","3":"status-publish","4":"has-post-thumbnail","6":"product_brand-infinix","7":"product_cat-infinix","9":"first","10":"instock","11":"sale","12":"shipping-taxable","13":"purchasable","14":"product-type-simple","15":"col-xs-6 col-sm-4","16":"col-md-3 col-lg-3","17":"un-4-cols"},"_links":{"self":[{"href":"https:\/\/www.vazy.market\/index.php\/wp-json\/wp\/v2\/product\/16770","targetHints":{"allow":["GET"]}}],"collection":[{"href":"https:\/\/www.vazy.market\/index.php\/wp-json\/wp\/v2\/product"}],"about":[{"href":"https:\/\/www.vazy.market\/index.php\/wp-json\/wp\/v2\/types\/product"}],"replies":[{"embeddable":true,"href":"https:\/\/www.vazy.market\/index.php\/wp-json\/wp\/v2\/comments?post=16770"}],"wp:featuredmedia":[{"embeddable":true,"href":"https:\/\/www.vazy.market\/index.php\/wp-json\/wp\/v2\/media\/16773"}],"wp:attachment":[{"href":"https:\/\/www.vazy.market\/index.php\/wp-json\/wp\/v2\/media?parent=16770"}],"wp:term":[{"taxonomy":"product_cat","embeddable":true,"href":"https:\/\/www.vazy.market\/index.php\/wp-json\/wp\/v2\/product_cat?post=16770"},{"taxonomy":"product_tag","embeddable":true,"href":"https:\/\/www.vazy.market\/index.php\/wp-json\/wp\/v2\/product_tag?post=16770"}],"curies":[{"name":"wp","href":"https:\/\/api.w.org\/{rel}","templated":true}]}}