{"id":16733,"date":"2026-03-17T18:28:52","date_gmt":"2026-03-17T18:28:52","guid":{"rendered":"https:\/\/www.vazy.market\/?post_type=product&#038;p=16733"},"modified":"2026-03-25T09:31:34","modified_gmt":"2026-03-25T09:31:34","slug":"infinix-hot-20i-4g-6-6-64go4go-13mpqvgaqvga-fhd8mp-fhd-dual-nano-sim-5000mah","status":"publish","type":"product","link":"https:\/\/www.vazy.market\/index.php\/product\/infinix-hot-20i-4g-6-6-64go4go-13mpqvgaqvga-fhd8mp-fhd-dual-nano-sim-5000mah\/","title":{"rendered":"\ud83d\udcf1 INFINIX HOT 20i 4G &#8211; 6.6&Prime; &#8211; 64Go|4Go &#8211; 13MP+QVGA+QVGA FHD|8MP FHD &#8211; Dual Nano SIM &#8211; 5000mAh"},"content":{"rendered":"<article class=\"text-token-text-primary w-full focus:outline-none [--shadow-height:45px] has-data-writing-block:pointer-events-none has-data-writing-block:-mt-(--shadow-height) has-data-writing-block:pt-(--shadow-height) [&amp;:has([data-writing-block])&gt;*]:pointer-events-auto scroll-mt-(--header-height)\" dir=\"auto\" tabindex=\"-1\" data-turn-id=\"a578fafc-9bd9-44af-979d-4c5b56ae06d3\" data-testid=\"conversation-turn-243\" data-scroll-anchor=\"false\" data-turn=\"user\"><\/article>\n<article class=\"text-token-text-primary w-full focus:outline-none [--shadow-height:45px] has-data-writing-block:pointer-events-none has-data-writing-block:-mt-(--shadow-height) has-data-writing-block:pt-(--shadow-height) [&amp;:has([data-writing-block])&gt;*]:pointer-events-auto scroll-mt-[calc(var(--header-height)+min(200px,max(70px,20svh)))]\" dir=\"auto\" tabindex=\"-1\" data-turn-id=\"request-69add934-1d50-8332-91d7-d97a2ee2331f-3\" data-testid=\"conversation-turn-244\" data-scroll-anchor=\"true\" data-turn=\"assistant\">\n<div class=\"text-base my-auto mx-auto pb-10 [--thread-content-margin:var(--thread-content-margin-xs,calc(var(--spacing)*4))] @w-sm\/main:[--thread-content-margin:var(--thread-content-margin-sm,calc(var(--spacing)*6))] @w-lg\/main:[--thread-content-margin:var(--thread-content-margin-lg,calc(var(--spacing)*16))] px-(--thread-content-margin)\">\n<div class=\"[--thread-content-max-width:40rem] @w-lg\/main:[--thread-content-max-width:48rem] mx-auto max-w-(--thread-content-max-width) flex-1 group\/turn-messages focus-visible:outline-hidden relative flex w-full min-w-0 flex-col agent-turn\" tabindex=\"-1\">\n<div class=\"flex max-w-full flex-col gap-4 grow\">\n<div class=\"min-h-8 text-message relative flex w-full flex-col items-end gap-2 text-start break-words whitespace-normal [.text-message+&amp;]:mt-1\" dir=\"auto\" data-message-author-role=\"assistant\" data-message-id=\"c3295e13-46af-413b-8a10-8da174cd2347\" data-message-model-slug=\"gpt-5-3\">\n<div class=\"flex w-full flex-col gap-1 empty:hidden\">\n<div class=\"streaming-animation markdown prose dark:prose-invert w-full wrap-break-word light markdown-new-styling\">\n<div class=\"flex h-svh w-screen flex-col\">\n<div class=\"relative z-0 flex min-h-0 w-full flex-1\">\n<div class=\"relative flex min-h-0 w-full flex-1\">\n<div class=\"@container\/main relative flex min-w-0 flex-1 flex-col -translate-y-[calc(env(safe-area-inset-bottom,0px)\/2)] pt-[calc(env(safe-area-inset-bottom,0px)\/2)]\">\n<div class=\"@w-sm\/main:[scrollbar-gutter:stable_both-edges] touch:[scrollbar-width:none] relative flex min-h-0 min-w-0 flex-1 flex-col [scrollbar-gutter:stable] not-print:overflow-x-clip not-print:overflow-y-auto scroll-pt-(--header-height) [--sticky-padding-top:var(--header-height)] has-data-[fixed-header=less-than-xl]:@w-xl\/main:scroll-pt-0 has-data-[fixed-header=less-than-xl]:@w-xl\/main:[--sticky-padding-top:0px] has-data-[fixed-header=less-than-xxl]:@w-2xl\/main:scroll-pt-0 has-data-[fixed-header=less-than-xxl]:@w-2xl\/main:[--sticky-padding-top:0px]\" data-scroll-root=\"\"><main id=\"main\" class=\"min-h-0 flex-1\"><\/p>\n<div id=\"thread\" class=\"group\/thread flex flex-col min-h-full\">\n<div class=\"composer-parent flex flex-1 flex-col focus-visible:outline-0\" role=\"presentation\">\n<div class=\"relative basis-auto flex-col -mb-(--composer-overlap-px) [--composer-overlap-px:28px] grow flex\">\n<div class=\"flex flex-col text-sm pb-25\">\n<article class=\"text-token-text-primary w-full focus:outline-none [--shadow-height:45px] has-data-writing-block:pointer-events-none has-data-writing-block:-mt-(--shadow-height) has-data-writing-block:pt-(--shadow-height) [&amp;:has([data-writing-block])&gt;*]:pointer-events-auto scroll-mt-[calc(var(--header-height)+min(200px,max(70px,20svh)))]\" dir=\"auto\" tabindex=\"-1\" data-turn-id=\"request-69add934-1d50-8332-91d7-d97a2ee2331f-3\" data-testid=\"conversation-turn-244\" data-scroll-anchor=\"true\" data-turn=\"assistant\">\n<div class=\"text-base my-auto mx-auto pb-10 [--thread-content-margin:var(--thread-content-margin-xs,calc(var(--spacing)*4))] @w-sm\/main:[--thread-content-margin:var(--thread-content-margin-sm,calc(var(--spacing)*6))] @w-lg\/main:[--thread-content-margin:var(--thread-content-margin-lg,calc(var(--spacing)*16))] px-(--thread-content-margin)\">\n<div class=\"[--thread-content-max-width:40rem] @w-lg\/main:[--thread-content-max-width:48rem] mx-auto max-w-(--thread-content-max-width) flex-1 group\/turn-messages focus-visible:outline-hidden relative flex w-full min-w-0 flex-col agent-turn\" tabindex=\"-1\">\n<div class=\"flex max-w-full flex-col gap-4 grow\">\n<div class=\"min-h-8 text-message relative flex w-full flex-col items-end gap-2 text-start break-words whitespace-normal [.text-message+&amp;]:mt-1\" dir=\"auto\" data-message-author-role=\"assistant\" data-message-id=\"c3295e13-46af-413b-8a10-8da174cd2347\" data-message-model-slug=\"gpt-5-3\">\n<div class=\"flex w-full flex-col gap-1 empty:hidden\">\n<div class=\"streaming-animation markdown prose dark:prose-invert w-full wrap-break-word light markdown-new-styling\">\n<p data-start=\"103\" data-end=\"434\">D\u00e9couvrez le <strong data-start=\"116\" data-end=\"135\">Infinix Hot 20i<\/strong>, un smartphone con\u00e7u pour offrir <strong data-start=\"169\" data-end=\"232\">grande autonomie, \u00e9cran confortable et performances fiables<\/strong> pour un usage quotidien. Son <strong data-start=\"262\" data-end=\"306\">\u00e9cran IPS LCD de 6.6 pouces HD+ lumineux<\/strong> garantit une exp\u00e9rience agr\u00e9able pour les vid\u00e9os, les r\u00e9seaux sociaux et la navigation.<\/p>\n<p data-start=\"436\" data-end=\"747\">\u00c9quip\u00e9 du <strong data-start=\"446\" data-end=\"497\">processeur MediaTek Helio G25 et de 4 Go de RAM<\/strong>, ce smartphone assure une utilisation fluide pour les applications essentielles et le multit\u00e2che. Son <strong data-start=\"600\" data-end=\"644\">stockage de 64 Go extensible via microSD<\/strong> permet de conserver facilement vos fichiers, photos et vid\u00e9os.<\/p>\n<p data-start=\"749\" data-end=\"1006\">Son <strong data-start=\"753\" data-end=\"821\">appareil photo principal de 13 MP avec intelligence artificielle<\/strong> capture des images correctes au quotidien, tandis que la <strong data-start=\"879\" data-end=\"903\">batterie de 5000 mAh<\/strong> garantit une excellente autonomie pour tenir toute la journ\u00e9e.<\/p>\n<hr data-start=\"1008\" data-end=\"1011\" \/>\n<h1 data-section-id=\"gug16d\" data-start=\"1013\" data-end=\"1029\">\u2b50 Points forts<\/h1>\n<p data-start=\"1031\" data-end=\"1339\">\u2714 \ud83d\udcf1 <strong data-start=\"1036\" data-end=\"1071\">\u00c9cran IPS LCD 6.6&Prime; HD+ immersif<\/strong><br data-start=\"1071\" data-end=\"1074\" \/>\u2714 \ud83d\udcf8 <strong data-start=\"1079\" data-end=\"1114\">Cam\u00e9ra principale 13 MP avec IA<\/strong><br data-start=\"1114\" data-end=\"1117\" \/>\u2714 \u26a1 <strong data-start=\"1121\" data-end=\"1164\">Processeur MediaTek Helio G25 Octa-Core<\/strong><br data-start=\"1164\" data-end=\"1167\" \/>\u2714 \ud83d\udd0b <strong data-start=\"1172\" data-end=\"1206\">Batterie longue dur\u00e9e 5000 mAh<\/strong><br data-start=\"1206\" data-end=\"1209\" \/>\u2714 \ud83d\udcf6 <strong data-start=\"1214\" data-end=\"1242\">Compatible r\u00e9seau 4G LTE<\/strong><br data-start=\"1242\" data-end=\"1245\" \/>\u2714 \ud83d\udd10 <strong data-start=\"1250\" data-end=\"1296\">Capteur d\u2019empreinte digitale + Face Unlock<\/strong><br data-start=\"1296\" data-end=\"1299\" \/>\u2714 \ud83d\udcbe <strong data-start=\"1304\" data-end=\"1339\">Stockage extensible via microSD<\/strong><\/p>\n<hr data-start=\"1341\" data-end=\"1344\" \/>\n<h1 data-section-id=\"ys7y0m\" data-start=\"1346\" data-end=\"1357\">\ud83d\udcf8 Cam\u00e9ra<\/h1>\n<ul data-start=\"1359\" data-end=\"1546\">\n<li data-section-id=\"44jrnp\" data-start=\"1359\" data-end=\"1395\">\n<p data-start=\"1361\" data-end=\"1395\">\ud83d\udcf7 <strong data-start=\"1364\" data-end=\"1393\">Cam\u00e9ra principale : 13 MP<\/strong><\/p>\n<\/li>\n<li data-section-id=\"1ff7ksu\" data-start=\"1396\" data-end=\"1441\">\n<p data-start=\"1398\" data-end=\"1441\">\ud83d\udce1 <strong data-start=\"1401\" data-end=\"1439\">Capteurs secondaires : QVGA + QVGA<\/strong><\/p>\n<\/li>\n<li data-section-id=\"1x41ejq\" data-start=\"1442\" data-end=\"1475\">\n<p data-start=\"1444\" data-end=\"1475\">\ud83e\udd33 <strong data-start=\"1447\" data-end=\"1473\">Cam\u00e9ra frontale : 8 MP<\/strong><\/p>\n<\/li>\n<li data-section-id=\"1x3f48d\" data-start=\"1476\" data-end=\"1546\">\n<p data-start=\"1478\" data-end=\"1546\">\ud83c\udfa5 <strong data-start=\"1481\" data-end=\"1506\">Vid\u00e9o : Full HD 1080p<\/strong><\/p>\n<\/li>\n<\/ul>\n<hr data-start=\"1548\" data-end=\"1551\" \/>\n<h1 data-section-id=\"1gx1fos\" data-start=\"1553\" data-end=\"1573\">\ud83d\udcca Fiche Technique<\/h1>\n<div class=\"TyagGW_tableContainer\">\n<div class=\"group TyagGW_tableWrapper flex flex-col-reverse w-fit\" tabindex=\"-1\">\n<table class=\"w-fit min-w-(--thread-content-width)\" data-start=\"1575\" data-end=\"2031\">\n<thead data-start=\"1575\" data-end=\"1604\">\n<tr data-start=\"1575\" data-end=\"1604\">\n<th class=\"\" data-start=\"1575\" data-end=\"1593\" data-col-size=\"sm\">Caract\u00e9ristique<\/th>\n<th class=\"\" data-start=\"1593\" data-end=\"1604\" data-col-size=\"sm\">D\u00e9tails<\/th>\n<\/tr>\n<\/thead>\n<tbody data-start=\"1615\" data-end=\"2031\">\n<tr data-start=\"1615\" data-end=\"1635\">\n<td data-start=\"1615\" data-end=\"1624\" data-col-size=\"sm\">Marque<\/td>\n<td data-start=\"1624\" data-end=\"1635\" data-col-size=\"sm\">Infinix<\/td>\n<\/tr>\n<tr data-start=\"1636\" data-end=\"1660\">\n<td data-start=\"1636\" data-end=\"1645\" data-col-size=\"sm\">Mod\u00e8le<\/td>\n<td data-start=\"1645\" data-end=\"1660\" data-col-size=\"sm\"><strong data-start=\"1647\" data-end=\"1658\">Hot 20i<\/strong><\/td>\n<\/tr>\n<tr data-start=\"1661\" data-end=\"1680\">\n<td data-start=\"1661\" data-end=\"1670\" data-col-size=\"sm\">R\u00e9seau<\/td>\n<td data-start=\"1670\" data-end=\"1680\" data-col-size=\"sm\">4G LTE<\/td>\n<\/tr>\n<tr data-start=\"1681\" data-end=\"1715\">\n<td data-start=\"1681\" data-end=\"1689\" data-col-size=\"sm\">\u00c9cran<\/td>\n<td data-start=\"1689\" data-end=\"1715\" data-col-size=\"sm\"><strong data-start=\"1691\" data-end=\"1713\">6.6 pouces IPS LCD<\/strong><\/td>\n<\/tr>\n<tr data-start=\"1716\" data-end=\"1749\">\n<td data-start=\"1716\" data-end=\"1729\" data-col-size=\"sm\">R\u00e9solution<\/td>\n<td data-start=\"1729\" data-end=\"1749\" data-col-size=\"sm\">720 \u00d7 1612 (HD+)<\/td>\n<\/tr>\n<tr data-start=\"1750\" data-end=\"1789\">\n<td data-start=\"1750\" data-end=\"1763\" data-col-size=\"sm\">Processeur<\/td>\n<td data-start=\"1763\" data-end=\"1789\" data-col-size=\"sm\"><strong data-start=\"1765\" data-end=\"1787\">MediaTek Helio G25<\/strong><\/td>\n<\/tr>\n<tr data-start=\"1790\" data-end=\"1808\">\n<td data-start=\"1790\" data-end=\"1796\" data-col-size=\"sm\">RAM<\/td>\n<td data-start=\"1796\" data-end=\"1808\" data-col-size=\"sm\"><strong data-start=\"1798\" data-end=\"1806\">4 Go<\/strong><\/td>\n<\/tr>\n<tr data-start=\"1809\" data-end=\"1854\">\n<td data-start=\"1809\" data-end=\"1820\" data-col-size=\"sm\">Stockage<\/td>\n<td data-start=\"1820\" data-end=\"1854\" data-col-size=\"sm\"><strong data-start=\"1822\" data-end=\"1852\">64 Go (extensible microSD)<\/strong><\/td>\n<\/tr>\n<tr data-start=\"1855\" data-end=\"1904\">\n<td data-start=\"1855\" data-end=\"1872\" data-col-size=\"sm\">Cam\u00e9ra arri\u00e8re<\/td>\n<td data-start=\"1872\" data-end=\"1904\" data-col-size=\"sm\"><strong data-start=\"1874\" data-end=\"1902\">13MP + QVGA + QVGA (FHD)<\/strong><\/td>\n<\/tr>\n<tr data-start=\"1905\" data-end=\"1940\">\n<td data-start=\"1905\" data-end=\"1923\" data-col-size=\"sm\">Cam\u00e9ra frontale<\/td>\n<td data-start=\"1923\" data-end=\"1940\" data-col-size=\"sm\"><strong data-start=\"1925\" data-end=\"1938\">8MP (FHD)<\/strong><\/td>\n<\/tr>\n<tr data-start=\"1941\" data-end=\"1968\">\n<td data-start=\"1941\" data-end=\"1952\" data-col-size=\"sm\">Batterie<\/td>\n<td data-start=\"1952\" data-end=\"1968\" data-col-size=\"sm\"><strong data-start=\"1954\" data-end=\"1966\">5000 mAh<\/strong><\/td>\n<\/tr>\n<tr data-start=\"1969\" data-end=\"1996\">\n<td data-start=\"1969\" data-end=\"1975\" data-col-size=\"sm\">SIM<\/td>\n<td data-start=\"1975\" data-end=\"1996\" data-col-size=\"sm\"><strong data-start=\"1977\" data-end=\"1994\">Dual Nano SIM<\/strong><\/td>\n<\/tr>\n<tr data-start=\"1997\" data-end=\"2031\">\n<td data-start=\"1997\" data-end=\"2007\" data-col-size=\"sm\">Syst\u00e8me<\/td>\n<td data-start=\"2007\" data-end=\"2031\" data-col-size=\"sm\"><strong data-start=\"2009\" data-end=\"2029\">Android 12 \/ XOS<\/strong><\/td>\n<\/tr>\n<\/tbody>\n<\/table>\n<\/div>\n<\/div>\n<hr data-start=\"2033\" data-end=\"2036\" \/>\n<h1 data-section-id=\"6f7tr2\" data-start=\"2038\" data-end=\"2059\">\ud83d\udce6 Contenu du colis<\/h1>\n<ul data-start=\"2061\" data-end=\"2170\">\n<li data-section-id=\"1cgq3i9\" data-start=\"2061\" data-end=\"2088\">\n<p data-start=\"2063\" data-end=\"2088\">1 \u00d7 <strong data-start=\"2067\" data-end=\"2086\">Infinix Hot 20i<\/strong><\/p>\n<\/li>\n<li data-section-id=\"gzkpdf\" data-start=\"2089\" data-end=\"2105\">\n<p data-start=\"2091\" data-end=\"2105\">1 \u00d7 Chargeur<\/p>\n<\/li>\n<li data-section-id=\"ym4feo\" data-start=\"2106\" data-end=\"2123\">\n<p data-start=\"2108\" data-end=\"2123\">1 \u00d7 C\u00e2ble USB<\/p>\n<\/li>\n<li data-section-id=\"12haphu\" data-start=\"2124\" data-end=\"2141\">\n<p data-start=\"2126\" data-end=\"2141\">1 \u00d7 Outil SIM<\/p>\n<\/li>\n<li data-section-id=\"euolri\" data-start=\"2142\" data-end=\"2170\">\n<p data-start=\"2144\" data-end=\"2170\">1 \u00d7 Manuel d\u2019utilisation<\/p>\n<\/li>\n<\/ul>\n<hr data-start=\"2172\" data-end=\"2175\" \/>\n<p data-start=\"2177\" data-end=\"2340\">\ud83d\udcf1 <strong data-start=\"2180\" data-end=\"2340\">Le Infinix Hot 20i est un smartphone \u00e9conomique fiable, id\u00e9al pour les appels, r\u00e9seaux sociaux et une utilisation quotidienne avec une excellente autonomie.<\/strong><\/p>\n<\/div>\n<\/div>\n<\/div>\n<\/div>\n<\/div>\n<\/div>\n<\/article>\n<\/div>\n<\/div>\n<\/div>\n<\/div>\n<p><\/main><\/div>\n<\/div>\n<\/div>\n<\/div>\n<\/div>\n<\/div>\n<\/div>\n<\/div>\n<\/div>\n<\/div>\n<\/div>\n<\/article>\n","protected":false},"excerpt":{"rendered":"<p>D\u00e9couvrez le Infinix Hot 20i, un smartphone con\u00e7u pour offrir grande autonomie, \u00e9cran confortable et performances fiables pour un usage quotidien. Son \u00e9cran IPS LCD de 6.6 pouces HD+ lumineux garantit une exp\u00e9rience agr\u00e9able pour les vid\u00e9os, les r\u00e9seaux sociaux et la navigation. \u00c9quip\u00e9 du processeur MediaTek Helio G25 et de 4 Go de RAM,&hellip;<\/p>\n","protected":false},"featured_media":16735,"comment_status":"open","ping_status":"closed","template":"","meta":[],"product_cat":[84],"product_tag":[],"class_list":{"0":"post-16733","1":"product","2":"type-product","3":"status-publish","4":"has-post-thumbnail","6":"product_brand-infinix","7":"product_cat-infinix","9":"first","10":"instock","11":"sale","12":"shipping-taxable","13":"purchasable","14":"product-type-simple","15":"col-xs-6 col-sm-4","16":"col-md-3 col-lg-3","17":"un-4-cols"},"_links":{"self":[{"href":"https:\/\/www.vazy.market\/index.php\/wp-json\/wp\/v2\/product\/16733","targetHints":{"allow":["GET"]}}],"collection":[{"href":"https:\/\/www.vazy.market\/index.php\/wp-json\/wp\/v2\/product"}],"about":[{"href":"https:\/\/www.vazy.market\/index.php\/wp-json\/wp\/v2\/types\/product"}],"replies":[{"embeddable":true,"href":"https:\/\/www.vazy.market\/index.php\/wp-json\/wp\/v2\/comments?post=16733"}],"wp:featuredmedia":[{"embeddable":true,"href":"https:\/\/www.vazy.market\/index.php\/wp-json\/wp\/v2\/media\/16735"}],"wp:attachment":[{"href":"https:\/\/www.vazy.market\/index.php\/wp-json\/wp\/v2\/media?parent=16733"}],"wp:term":[{"taxonomy":"product_cat","embeddable":true,"href":"https:\/\/www.vazy.market\/index.php\/wp-json\/wp\/v2\/product_cat?post=16733"},{"taxonomy":"product_tag","embeddable":true,"href":"https:\/\/www.vazy.market\/index.php\/wp-json\/wp\/v2\/product_tag?post=16733"}],"curies":[{"name":"wp","href":"https:\/\/api.w.org\/{rel}","templated":true}]}}