{"id":16724,"date":"2026-03-16T23:10:33","date_gmt":"2026-03-16T23:10:33","guid":{"rendered":"https:\/\/www.vazy.market\/?post_type=product&#038;p=16724"},"modified":"2026-03-25T09:35:01","modified_gmt":"2026-03-25T09:35:01","slug":"itel-a70-4g-6-6-128go3go-5go-ram-virtuelle-13mp0-08mp-fhd8mp-fhd-dual-nano-sim-5000mah","status":"publish","type":"product","link":"https:\/\/www.vazy.market\/index.php\/product\/itel-a70-4g-6-6-128go3go-5go-ram-virtuelle-13mp0-08mp-fhd8mp-fhd-dual-nano-sim-5000mah\/","title":{"rendered":"\ud83d\udcf1 ITEL A70 4G &#8211; 6.6&Prime; &#8211; 128Go|3Go (+5Go RAM virtuelle) &#8211; 13MP+0.08MP FHD|8MP FHD &#8211; Dual Nano SIM &#8211; 5000mAh"},"content":{"rendered":"<div class=\"flex h-svh w-screen flex-col\">\n<div class=\"relative z-0 flex min-h-0 w-full flex-1\">\n<div class=\"relative flex min-h-0 w-full flex-1\">\n<div class=\"@container\/main relative flex min-w-0 flex-1 flex-col -translate-y-[calc(env(safe-area-inset-bottom,0px)\/2)] pt-[calc(env(safe-area-inset-bottom,0px)\/2)]\">\n<div class=\"@w-sm\/main:[scrollbar-gutter:stable_both-edges] touch:[scrollbar-width:none] relative flex min-h-0 min-w-0 flex-1 flex-col [scrollbar-gutter:stable] not-print:overflow-x-clip not-print:overflow-y-auto scroll-pt-(--header-height) [--sticky-padding-top:var(--header-height)] has-data-[fixed-header=less-than-xl]:@w-xl\/main:scroll-pt-0 has-data-[fixed-header=less-than-xl]:@w-xl\/main:[--sticky-padding-top:0px] has-data-[fixed-header=less-than-xxl]:@w-2xl\/main:scroll-pt-0 has-data-[fixed-header=less-than-xxl]:@w-2xl\/main:[--sticky-padding-top:0px]\" data-scroll-root=\"\"><main id=\"main\" class=\"min-h-0 flex-1\"><\/p>\n<div id=\"thread\" class=\"group\/thread flex flex-col min-h-full\">\n<div class=\"composer-parent flex flex-1 flex-col focus-visible:outline-0\" role=\"presentation\">\n<div class=\"relative basis-auto flex-col -mb-(--composer-overlap-px) [--composer-overlap-px:28px] grow flex\">\n<div class=\"flex flex-col text-sm pb-25\">\n<article class=\"text-token-text-primary w-full focus:outline-none [--shadow-height:45px] has-data-writing-block:pointer-events-none has-data-writing-block:-mt-(--shadow-height) has-data-writing-block:pt-(--shadow-height) [&amp;:has([data-writing-block])&gt;*]:pointer-events-auto scroll-mt-[calc(var(--header-height)+min(200px,max(70px,20svh)))]\" dir=\"auto\" tabindex=\"-1\" data-turn-id=\"request-69add934-1d50-8332-91d7-d97a2ee2331f-28\" data-testid=\"conversation-turn-238\" data-scroll-anchor=\"true\" data-turn=\"assistant\">\n<div class=\"text-base my-auto mx-auto pb-10 [--thread-content-margin:var(--thread-content-margin-xs,calc(var(--spacing)*4))] @w-sm\/main:[--thread-content-margin:var(--thread-content-margin-sm,calc(var(--spacing)*6))] @w-lg\/main:[--thread-content-margin:var(--thread-content-margin-lg,calc(var(--spacing)*16))] px-(--thread-content-margin)\">\n<div class=\"[--thread-content-max-width:40rem] @w-lg\/main:[--thread-content-max-width:48rem] mx-auto max-w-(--thread-content-max-width) flex-1 group\/turn-messages focus-visible:outline-hidden relative flex w-full min-w-0 flex-col agent-turn\" tabindex=\"-1\">\n<div class=\"flex max-w-full flex-col gap-4 grow\">\n<div class=\"min-h-8 text-message relative flex w-full flex-col items-end gap-2 text-start break-words whitespace-normal [.text-message+&amp;]:mt-1\" dir=\"auto\" data-message-author-role=\"assistant\" data-message-id=\"59391678-91e3-4e7d-a5de-047b19e00c32\" data-message-model-slug=\"gpt-5-3\">\n<div class=\"flex w-full flex-col gap-1 empty:hidden\">\n<div class=\"markdown prose dark:prose-invert w-full wrap-break-word light markdown-new-styling\">\n<p data-start=\"115\" data-end=\"435\">D\u00e9couvrez le <strong data-start=\"128\" data-end=\"140\">Itel A70<\/strong>, un smartphone accessible con\u00e7u pour offrir <strong data-start=\"185\" data-end=\"241\">grand \u00e9cran, bonne autonomie et performances stables<\/strong> pour un usage quotidien. Son <strong data-start=\"271\" data-end=\"306\">\u00e9cran IPS LCD de 6.6 pouces HD+<\/strong> assure un affichage confortable pour les vid\u00e9os, r\u00e9seaux sociaux et navigation internet.<\/p>\n<p data-start=\"437\" data-end=\"758\">Propuls\u00e9 par le <strong data-start=\"453\" data-end=\"533\">processeur Octa-Core Unisoc T603 avec RAM extensible (jusqu\u2019\u00e0 8 Go combin\u00e9s)<\/strong>, ce smartphone permet une utilisation fluide des applications essentielles. Son <strong data-start=\"614\" data-end=\"659\">stockage de 128 Go extensible via microSD<\/strong> permet de conserver facilement photos, vid\u00e9os et fichiers.<\/p>\n<p data-start=\"760\" data-end=\"1072\">Son <strong data-start=\"764\" data-end=\"832\">appareil photo principal de 13 MP avec intelligence artificielle<\/strong> capture des images claires, tandis que la <strong data-start=\"875\" data-end=\"902\">cam\u00e9ra frontale de 8 MP<\/strong> est id\u00e9ale pour les selfies et appels vid\u00e9o. Sa <strong data-start=\"951\" data-end=\"975\">batterie de 5000 mAh<\/strong> garantit une excellente autonomie pour toute la journ\u00e9e.<\/p>\n<hr data-start=\"1210\" data-end=\"1213\" \/>\n<h1 data-section-id=\"gug16d\" data-start=\"1215\" data-end=\"1231\">\u2b50 Points forts<\/h1>\n<p data-start=\"1233\" data-end=\"1536\">\u2714 \ud83d\udcf1 <strong data-start=\"1238\" data-end=\"1273\">\u00c9cran IPS LCD 6.6&Prime; HD+ immersif<\/strong><br data-start=\"1273\" data-end=\"1276\" \/>\u2714 \ud83d\udcf8 <strong data-start=\"1281\" data-end=\"1316\">Cam\u00e9ra principale 13 MP avec IA<\/strong><br data-start=\"1316\" data-end=\"1319\" \/>\u2714 \u26a1 <strong data-start=\"1323\" data-end=\"1359\">Processeur Unisoc T603 Octa-Core<\/strong><br data-start=\"1359\" data-end=\"1362\" \/>\u2714 \ud83d\udd0b <strong data-start=\"1367\" data-end=\"1401\">Batterie longue dur\u00e9e 5000 mAh<\/strong><br data-start=\"1401\" data-end=\"1404\" \/>\u2714 \ud83d\udcf6 <strong data-start=\"1409\" data-end=\"1437\">Compatible r\u00e9seau 4G LTE<\/strong><br data-start=\"1437\" data-end=\"1440\" \/>\u2714 \ud83d\udd10 <strong data-start=\"1445\" data-end=\"1499\">Capteur d\u2019empreinte digitale lat\u00e9ral + Face Unlock<\/strong><br data-start=\"1499\" data-end=\"1502\" \/>\u2714 \ud83c\udf81 <strong data-start=\"1507\" data-end=\"1536\">30 Go de data MTN offerts<\/strong><\/p>\n<hr data-start=\"1538\" data-end=\"1541\" \/>\n<h1 data-section-id=\"ys7y0m\" data-start=\"1543\" data-end=\"1554\">\ud83d\udcf8 Cam\u00e9ra<\/h1>\n<ul data-start=\"1556\" data-end=\"1742\">\n<li data-section-id=\"44jrnp\" data-start=\"1556\" data-end=\"1592\">\n<p data-start=\"1558\" data-end=\"1592\">\ud83d\udcf7 <strong data-start=\"1561\" data-end=\"1590\">Cam\u00e9ra principale : 13 MP<\/strong><\/p>\n<\/li>\n<li data-section-id=\"195se87\" data-start=\"1593\" data-end=\"1637\">\n<p data-start=\"1595\" data-end=\"1637\">\ud83d\udce1 <strong data-start=\"1598\" data-end=\"1635\">Capteur secondaire : 0.08 MP (AI)<\/strong><\/p>\n<\/li>\n<li data-section-id=\"1x41ejq\" data-start=\"1638\" data-end=\"1671\">\n<p data-start=\"1640\" data-end=\"1671\">\ud83e\udd33 <strong data-start=\"1643\" data-end=\"1669\">Cam\u00e9ra frontale : 8 MP<\/strong><\/p>\n<\/li>\n<li data-section-id=\"12nvpxp\" data-start=\"1672\" data-end=\"1742\">\n<p data-start=\"1674\" data-end=\"1742\">\ud83c\udfa5 <strong data-start=\"1677\" data-end=\"1702\">Vid\u00e9o : Full HD 1080p<\/strong><\/p>\n<\/li>\n<\/ul>\n<hr data-start=\"1744\" data-end=\"1747\" \/>\n<h1 data-section-id=\"1gx1fos\" data-start=\"1749\" data-end=\"1769\">\ud83d\udcca Fiche Technique<\/h1>\n<div class=\"TyagGW_tableContainer\">\n<div class=\"group TyagGW_tableWrapper flex flex-col-reverse w-fit\" tabindex=\"-1\">\n<table class=\"w-fit min-w-(--thread-content-width)\" data-start=\"1771\" data-end=\"2313\">\n<thead data-start=\"1771\" data-end=\"1800\">\n<tr data-start=\"1771\" data-end=\"1800\">\n<th class=\"\" data-start=\"1771\" data-end=\"1789\" data-col-size=\"sm\">Caract\u00e9ristique<\/th>\n<th class=\"\" data-start=\"1789\" data-end=\"1800\" data-col-size=\"sm\">D\u00e9tails<\/th>\n<\/tr>\n<\/thead>\n<tbody data-start=\"1811\" data-end=\"2313\">\n<tr data-start=\"1811\" data-end=\"1828\">\n<td data-start=\"1811\" data-end=\"1820\" data-col-size=\"sm\">Marque<\/td>\n<td data-start=\"1820\" data-end=\"1828\" data-col-size=\"sm\">Itel<\/td>\n<\/tr>\n<tr data-start=\"1829\" data-end=\"1849\">\n<td data-start=\"1829\" data-end=\"1838\" data-col-size=\"sm\">Mod\u00e8le<\/td>\n<td data-start=\"1838\" data-end=\"1849\" data-col-size=\"sm\"><strong data-start=\"1840\" data-end=\"1847\">A70<\/strong><\/td>\n<\/tr>\n<tr data-start=\"1850\" data-end=\"1869\">\n<td data-start=\"1850\" data-end=\"1859\" data-col-size=\"sm\">R\u00e9seau<\/td>\n<td data-start=\"1859\" data-end=\"1869\" data-col-size=\"sm\">4G LTE<\/td>\n<\/tr>\n<tr data-start=\"1870\" data-end=\"1904\">\n<td data-start=\"1870\" data-end=\"1878\" data-col-size=\"sm\">\u00c9cran<\/td>\n<td data-start=\"1878\" data-end=\"1904\" data-col-size=\"sm\"><strong data-start=\"1880\" data-end=\"1902\">6.6 pouces IPS LCD<\/strong><\/td>\n<\/tr>\n<tr data-start=\"1905\" data-end=\"1938\">\n<td data-start=\"1905\" data-end=\"1918\" data-col-size=\"sm\">R\u00e9solution<\/td>\n<td data-start=\"1918\" data-end=\"1938\" data-col-size=\"sm\">720 \u00d7 1612 (HD+)<\/td>\n<\/tr>\n<tr data-start=\"1939\" data-end=\"1981\">\n<td data-start=\"1939\" data-end=\"1952\" data-col-size=\"sm\">Processeur<\/td>\n<td data-start=\"1952\" data-end=\"1981\" data-col-size=\"sm\"><strong data-start=\"1954\" data-end=\"1979\">Unisoc T603 Octa-Core<\/strong><\/td>\n<\/tr>\n<tr data-start=\"1982\" data-end=\"2022\">\n<td data-start=\"1982\" data-end=\"1988\" data-col-size=\"sm\">RAM<\/td>\n<td data-start=\"1988\" data-end=\"2022\" data-col-size=\"sm\"><strong data-start=\"1990\" data-end=\"2020\">3 Go (+5 Go RAM virtuelle)<\/strong><\/td>\n<\/tr>\n<tr data-start=\"2023\" data-end=\"2069\">\n<td data-start=\"2023\" data-end=\"2034\" data-col-size=\"sm\">Stockage<\/td>\n<td data-start=\"2034\" data-end=\"2069\" data-col-size=\"sm\"><strong data-start=\"2036\" data-end=\"2067\">128 Go (extensible microSD)<\/strong><\/td>\n<\/tr>\n<tr data-start=\"2070\" data-end=\"2114\">\n<td data-start=\"2070\" data-end=\"2087\" data-col-size=\"sm\">Cam\u00e9ra arri\u00e8re<\/td>\n<td data-start=\"2087\" data-end=\"2114\" data-col-size=\"sm\"><strong data-start=\"2089\" data-end=\"2112\">13MP + 0.08MP (FHD)<\/strong><\/td>\n<\/tr>\n<tr data-start=\"2115\" data-end=\"2150\">\n<td data-start=\"2115\" data-end=\"2133\" data-col-size=\"sm\">Cam\u00e9ra frontale<\/td>\n<td data-start=\"2133\" data-end=\"2150\" data-col-size=\"sm\"><strong data-start=\"2135\" data-end=\"2148\">8MP (FHD)<\/strong><\/td>\n<\/tr>\n<tr data-start=\"2151\" data-end=\"2178\">\n<td data-start=\"2151\" data-end=\"2162\" data-col-size=\"sm\">Batterie<\/td>\n<td data-col-size=\"sm\" data-start=\"2162\" data-end=\"2178\"><strong data-start=\"2164\" data-end=\"2176\">5000 mAh<\/strong><\/td>\n<\/tr>\n<tr data-start=\"2179\" data-end=\"2205\">\n<td data-start=\"2179\" data-end=\"2188\" data-col-size=\"sm\">Charge<\/td>\n<td data-start=\"2188\" data-end=\"2205\" data-col-size=\"sm\"><strong data-start=\"2190\" data-end=\"2203\">10W USB-C<\/strong><\/td>\n<\/tr>\n<tr data-start=\"2206\" data-end=\"2233\">\n<td data-start=\"2206\" data-end=\"2212\" data-col-size=\"sm\">SIM<\/td>\n<td data-start=\"2212\" data-end=\"2233\" data-col-size=\"sm\"><strong data-start=\"2214\" data-end=\"2231\">Dual Nano SIM<\/strong><\/td>\n<\/tr>\n<tr data-start=\"2234\" data-end=\"2313\">\n<td data-start=\"2234\" data-end=\"2244\" data-col-size=\"sm\">Syst\u00e8me<\/td>\n<td data-start=\"2244\" data-end=\"2313\" data-col-size=\"sm\"><strong data-start=\"2246\" data-end=\"2273\">Android 13 Go \/ itel OS<\/strong><\/td>\n<\/tr>\n<\/tbody>\n<\/table>\n<\/div>\n<\/div>\n<hr data-start=\"2315\" data-end=\"2318\" \/>\n<h1 data-section-id=\"6f7tr2\" data-start=\"2320\" data-end=\"2341\">\ud83d\udce6 Contenu du colis<\/h1>\n<ul data-start=\"2343\" data-end=\"2447\">\n<li data-section-id=\"15wl0l8\" data-start=\"2343\" data-end=\"2363\">\n<p data-start=\"2345\" data-end=\"2363\">1 \u00d7 <strong data-start=\"2349\" data-end=\"2361\">Itel A70<\/strong><\/p>\n<\/li>\n<li data-section-id=\"gzkpdf\" data-start=\"2364\" data-end=\"2380\">\n<p data-start=\"2366\" data-end=\"2380\">1 \u00d7 Chargeur<\/p>\n<\/li>\n<li data-section-id=\"1cuiaz2\" data-start=\"2381\" data-end=\"2400\">\n<p data-start=\"2383\" data-end=\"2400\">1 \u00d7 C\u00e2ble USB-C<\/p>\n<\/li>\n<li data-section-id=\"12haphu\" data-start=\"2401\" data-end=\"2418\">\n<p data-start=\"2403\" data-end=\"2418\">1 \u00d7 Outil SIM<\/p>\n<\/li>\n<li data-section-id=\"euolri\" data-start=\"2419\" data-end=\"2447\">\n<p data-start=\"2421\" data-end=\"2447\">1 \u00d7 Manuel d\u2019utilisation<\/p>\n<\/li>\n<\/ul>\n<hr data-start=\"2449\" data-end=\"2452\" \/>\n<p data-start=\"2454\" data-end=\"2621\">\ud83d\udcf1 <strong data-start=\"2457\" data-end=\"2621\">Le Itel A70 est un smartphone \u00e9conomique avec grande autonomie, \u00e9cran confortable et stockage g\u00e9n\u00e9reux, id\u00e9al pour WhatsApp, r\u00e9seaux sociaux et usage quotidien.<\/strong><\/p>\n<\/div>\n<\/div>\n<\/div>\n<\/div>\n<\/div>\n<\/div>\n<\/article>\n<\/div>\n<\/div>\n<\/div>\n<\/div>\n<p><\/main><\/div>\n<\/div>\n<\/div>\n<\/div>\n<\/div>\n","protected":false},"excerpt":{"rendered":"<p>D\u00e9couvrez le Itel A70, un smartphone accessible con\u00e7u pour offrir grand \u00e9cran, bonne autonomie et performances stables pour un usage quotidien. Son \u00e9cran IPS LCD de 6.6 pouces HD+ assure un affichage confortable pour les vid\u00e9os, r\u00e9seaux sociaux et navigation internet. Propuls\u00e9 par le processeur Octa-Core Unisoc T603 avec RAM extensible (jusqu\u2019\u00e0 8 Go combin\u00e9s),&hellip;<\/p>\n","protected":false},"featured_media":16728,"comment_status":"open","ping_status":"closed","template":"","meta":[],"product_cat":[86],"product_tag":[],"class_list":{"0":"post-16724","1":"product","2":"type-product","3":"status-publish","4":"has-post-thumbnail","6":"product_brand-itel","7":"product_cat-itel","9":"first","10":"instock","11":"sale","12":"shipping-taxable","13":"purchasable","14":"product-type-simple","15":"col-xs-6 col-sm-4","16":"col-md-3 col-lg-3","17":"un-4-cols"},"_links":{"self":[{"href":"https:\/\/www.vazy.market\/index.php\/wp-json\/wp\/v2\/product\/16724","targetHints":{"allow":["GET"]}}],"collection":[{"href":"https:\/\/www.vazy.market\/index.php\/wp-json\/wp\/v2\/product"}],"about":[{"href":"https:\/\/www.vazy.market\/index.php\/wp-json\/wp\/v2\/types\/product"}],"replies":[{"embeddable":true,"href":"https:\/\/www.vazy.market\/index.php\/wp-json\/wp\/v2\/comments?post=16724"}],"wp:featuredmedia":[{"embeddable":true,"href":"https:\/\/www.vazy.market\/index.php\/wp-json\/wp\/v2\/media\/16728"}],"wp:attachment":[{"href":"https:\/\/www.vazy.market\/index.php\/wp-json\/wp\/v2\/media?parent=16724"}],"wp:term":[{"taxonomy":"product_cat","embeddable":true,"href":"https:\/\/www.vazy.market\/index.php\/wp-json\/wp\/v2\/product_cat?post=16724"},{"taxonomy":"product_tag","embeddable":true,"href":"https:\/\/www.vazy.market\/index.php\/wp-json\/wp\/v2\/product_tag?post=16724"}],"curies":[{"name":"wp","href":"https:\/\/api.w.org\/{rel}","templated":true}]}}