{"id":16719,"date":"2026-03-16T22:57:30","date_gmt":"2026-03-16T22:57:30","guid":{"rendered":"https:\/\/www.vazy.market\/?post_type=product&#038;p=16719"},"modified":"2026-03-25T09:35:27","modified_gmt":"2026-03-25T09:35:27","slug":"itel-a80-4g-6-7-128go3go-5go-ram-virtuelle-50mpai-fhd8mp-fhd-dual-nano-sim-5000mah","status":"publish","type":"product","link":"https:\/\/www.vazy.market\/index.php\/product\/itel-a80-4g-6-7-128go3go-5go-ram-virtuelle-50mpai-fhd8mp-fhd-dual-nano-sim-5000mah\/","title":{"rendered":"\ud83d\udcf1 ITEL A80 4G &#8211; 6.7&Prime; &#8211; 128Go|3Go (+5Go RAM virtuelle) &#8211; 50MP+AI FHD|8MP FHD &#8211; Dual Nano SIM &#8211; 5000mAh"},"content":{"rendered":"<div class=\"flex h-svh w-screen flex-col\">\n<div class=\"relative z-0 flex min-h-0 w-full flex-1\">\n<div class=\"relative flex min-h-0 w-full flex-1\">\n<div class=\"@container\/main relative flex min-w-0 flex-1 flex-col -translate-y-[calc(env(safe-area-inset-bottom,0px)\/2)] pt-[calc(env(safe-area-inset-bottom,0px)\/2)]\">\n<div class=\"@w-sm\/main:[scrollbar-gutter:stable_both-edges] touch:[scrollbar-width:none] relative flex min-h-0 min-w-0 flex-1 flex-col [scrollbar-gutter:stable] not-print:overflow-x-clip not-print:overflow-y-auto scroll-pt-(--header-height) [--sticky-padding-top:var(--header-height)] has-data-[fixed-header=less-than-xl]:@w-xl\/main:scroll-pt-0 has-data-[fixed-header=less-than-xl]:@w-xl\/main:[--sticky-padding-top:0px] has-data-[fixed-header=less-than-xxl]:@w-2xl\/main:scroll-pt-0 has-data-[fixed-header=less-than-xxl]:@w-2xl\/main:[--sticky-padding-top:0px]\" data-scroll-root=\"\"><main id=\"main\" class=\"min-h-0 flex-1\"><\/p>\n<div id=\"thread\" class=\"group\/thread flex flex-col min-h-full\">\n<div class=\"composer-parent flex flex-1 flex-col focus-visible:outline-0\" role=\"presentation\">\n<div class=\"relative basis-auto flex-col -mb-(--composer-overlap-px) [--composer-overlap-px:28px] grow flex\">\n<div class=\"flex flex-col text-sm pb-25\">\n<article class=\"text-token-text-primary w-full focus:outline-none [--shadow-height:45px] has-data-writing-block:pointer-events-none has-data-writing-block:-mt-(--shadow-height) has-data-writing-block:pt-(--shadow-height) [&amp;:has([data-writing-block])&gt;*]:pointer-events-auto scroll-mt-[calc(var(--header-height)+min(200px,max(70px,20svh)))]\" dir=\"auto\" tabindex=\"-1\" data-turn-id=\"request-69add934-1d50-8332-91d7-d97a2ee2331f-27\" data-testid=\"conversation-turn-236\" data-scroll-anchor=\"true\" data-turn=\"assistant\">\n<div class=\"text-base my-auto mx-auto pb-10 [--thread-content-margin:var(--thread-content-margin-xs,calc(var(--spacing)*4))] @w-sm\/main:[--thread-content-margin:var(--thread-content-margin-sm,calc(var(--spacing)*6))] @w-lg\/main:[--thread-content-margin:var(--thread-content-margin-lg,calc(var(--spacing)*16))] px-(--thread-content-margin)\">\n<div class=\"[--thread-content-max-width:40rem] @w-lg\/main:[--thread-content-max-width:48rem] mx-auto max-w-(--thread-content-max-width) flex-1 group\/turn-messages focus-visible:outline-hidden relative flex w-full min-w-0 flex-col agent-turn\" tabindex=\"-1\">\n<div class=\"flex max-w-full flex-col gap-4 grow\">\n<div class=\"min-h-8 text-message relative flex w-full flex-col items-end gap-2 text-start break-words whitespace-normal [.text-message+&amp;]:mt-1\" dir=\"auto\" data-message-author-role=\"assistant\" data-message-id=\"cd9059d1-32e6-40b8-9d35-ee8037f9ae33\" data-message-model-slug=\"gpt-5-3\">\n<div class=\"flex w-full flex-col gap-1 empty:hidden\">\n<div class=\"streaming-animation markdown prose dark:prose-invert w-full wrap-break-word light markdown-new-styling\">\n<p data-start=\"111\" data-end=\"507\">D\u00e9couvrez le <strong data-start=\"124\" data-end=\"136\">Itel A80<\/strong>, un smartphone moderne et accessible con\u00e7u pour offrir <strong data-start=\"192\" data-end=\"263\">un grand \u00e9cran fluide, une bonne cam\u00e9ra et une excellente autonomie<\/strong> pour une utilisation quotidienne. Son <strong data-start=\"302\" data-end=\"374\">\u00e9cran IPS LCD de 6.7 pouces HD+ avec taux de rafra\u00eechissement 120 Hz<\/strong> garantit une navigation tr\u00e8s fluide pour les vid\u00e9os, les r\u00e9seaux sociaux et les jeux l\u00e9gers.<\/p>\n<p data-start=\"509\" data-end=\"847\">\u00c9quip\u00e9 du <strong data-start=\"519\" data-end=\"555\">processeur Octa-Core Unisoc T603<\/strong>, ce smartphone assure des performances stables pour les applications du quotidien. Il dispose de <strong data-start=\"653\" data-end=\"696\">128 Go de stockage et de RAM extensible<\/strong>, permettant de conserver facilement photos, vid\u00e9os et applications tout en assurant un multit\u00e2che plus fluide.<\/p>\n<p data-start=\"849\" data-end=\"1099\">Son <strong data-start=\"853\" data-end=\"921\">appareil photo principal de 50 MP avec intelligence artificielle<\/strong> capture des images d\u00e9taill\u00e9es, tandis que la <strong data-start=\"967\" data-end=\"994\">cam\u00e9ra frontale de 8 MP<\/strong> permet de r\u00e9aliser des selfies et appels vid\u00e9o de bonne qualit\u00e9.<\/p>\n<p data-start=\"1101\" data-end=\"1271\">Gr\u00e2ce \u00e0 sa <strong data-start=\"1112\" data-end=\"1149\">batterie longue dur\u00e9e de 5000 mAh<\/strong>, le Itel A80 peut facilement tenir toute la journ\u00e9e avec une utilisation normale.<\/p>\n<hr data-start=\"1273\" data-end=\"1276\" \/>\n<h1 data-section-id=\"gug16d\" data-start=\"1278\" data-end=\"1294\">\u2b50 Points forts<\/h1>\n<p data-start=\"1296\" data-end=\"1615\">\u2714 \ud83d\udcf1 <strong data-start=\"1301\" data-end=\"1346\">Grand \u00e9cran IPS LCD 6.7&Prime; HD+ 120Hz fluide<\/strong><br data-start=\"1346\" data-end=\"1349\" \/>\u2714 \ud83d\udcf8 <strong data-start=\"1354\" data-end=\"1389\">Cam\u00e9ra principale 50 MP avec IA<\/strong><br data-start=\"1389\" data-end=\"1392\" \/>\u2714 \u26a1 <strong data-start=\"1396\" data-end=\"1432\">Processeur Octa-Core Unisoc T603<\/strong><br data-start=\"1432\" data-end=\"1435\" \/>\u2714 \ud83d\udd0b <strong data-start=\"1440\" data-end=\"1474\">Batterie longue dur\u00e9e 5000 mAh<\/strong><br data-start=\"1474\" data-end=\"1477\" \/>\u2714 \ud83d\udcf6 <strong data-start=\"1482\" data-end=\"1510\">Compatible r\u00e9seau 4G LTE<\/strong><br data-start=\"1510\" data-end=\"1513\" \/>\u2714 \ud83d\udd10 <strong data-start=\"1518\" data-end=\"1572\">Capteur d\u2019empreinte digitale lat\u00e9ral + Face Unlock<\/strong><br data-start=\"1572\" data-end=\"1575\" \/>\u2714 \ud83d\udcbe <strong data-start=\"1580\" data-end=\"1615\">Stockage extensible via microSD<\/strong><\/p>\n<hr data-start=\"1617\" data-end=\"1620\" \/>\n<h1 data-section-id=\"ys7y0m\" data-start=\"1622\" data-end=\"1633\">\ud83d\udcf8 Cam\u00e9ra<\/h1>\n<ul data-start=\"1635\" data-end=\"1824\">\n<li data-section-id=\"m42rc2\" data-start=\"1635\" data-end=\"1671\">\n<p data-start=\"1637\" data-end=\"1671\">\ud83d\udcf7 <strong data-start=\"1640\" data-end=\"1669\">Cam\u00e9ra principale : 50 MP<\/strong><\/p>\n<\/li>\n<li data-section-id=\"l030l9\" data-start=\"1672\" data-end=\"1719\">\n<p data-start=\"1674\" data-end=\"1719\">\ud83d\udce1 <strong data-start=\"1677\" data-end=\"1717\">Capteur secondaire : AI \/ auxiliaire<\/strong><\/p>\n<\/li>\n<li data-section-id=\"1x41ejq\" data-start=\"1720\" data-end=\"1753\">\n<p data-start=\"1722\" data-end=\"1753\">\ud83e\udd33 <strong data-start=\"1725\" data-end=\"1751\">Cam\u00e9ra frontale : 8 MP<\/strong><\/p>\n<\/li>\n<li data-section-id=\"12nvpxp\" data-start=\"1754\" data-end=\"1824\">\n<p data-start=\"1756\" data-end=\"1824\">\ud83c\udfa5 <strong data-start=\"1759\" data-end=\"1784\">Vid\u00e9o : Full HD 1080p<\/strong><\/p>\n<\/li>\n<\/ul>\n<hr data-start=\"1826\" data-end=\"1829\" \/>\n<h1 data-section-id=\"1gx1fos\" data-start=\"1831\" data-end=\"1851\">\ud83d\udcca Fiche Technique<\/h1>\n<div class=\"TyagGW_tableContainer\">\n<div class=\"group TyagGW_tableWrapper flex flex-col-reverse w-fit\" tabindex=\"-1\">\n<table class=\"w-fit min-w-(--thread-content-width)\" data-start=\"1853\" data-end=\"2438\">\n<thead data-start=\"1853\" data-end=\"1882\">\n<tr data-start=\"1853\" data-end=\"1882\">\n<th class=\"\" data-start=\"1853\" data-end=\"1871\" data-col-size=\"sm\">Caract\u00e9ristique<\/th>\n<th class=\"\" data-start=\"1871\" data-end=\"1882\" data-col-size=\"sm\">D\u00e9tails<\/th>\n<\/tr>\n<\/thead>\n<tbody data-start=\"1893\" data-end=\"2438\">\n<tr data-start=\"1893\" data-end=\"1910\">\n<td data-start=\"1893\" data-end=\"1902\" data-col-size=\"sm\">Marque<\/td>\n<td data-start=\"1902\" data-end=\"1910\" data-col-size=\"sm\">Itel<\/td>\n<\/tr>\n<tr data-start=\"1911\" data-end=\"1931\">\n<td data-start=\"1911\" data-end=\"1920\" data-col-size=\"sm\">Mod\u00e8le<\/td>\n<td data-start=\"1920\" data-end=\"1931\" data-col-size=\"sm\"><strong data-start=\"1922\" data-end=\"1929\">A80<\/strong><\/td>\n<\/tr>\n<tr data-start=\"1932\" data-end=\"1951\">\n<td data-start=\"1932\" data-end=\"1941\" data-col-size=\"sm\">R\u00e9seau<\/td>\n<td data-start=\"1941\" data-end=\"1951\" data-col-size=\"sm\">4G LTE<\/td>\n<\/tr>\n<tr data-start=\"1952\" data-end=\"1986\">\n<td data-start=\"1952\" data-end=\"1960\" data-col-size=\"sm\">\u00c9cran<\/td>\n<td data-start=\"1960\" data-end=\"1986\" data-col-size=\"sm\"><strong data-start=\"1962\" data-end=\"1984\">6.7 pouces IPS LCD<\/strong><\/td>\n<\/tr>\n<tr data-start=\"1987\" data-end=\"2020\">\n<td data-start=\"1987\" data-end=\"2000\" data-col-size=\"sm\">R\u00e9solution<\/td>\n<td data-start=\"2000\" data-end=\"2020\" data-col-size=\"sm\">720 \u00d7 1600 (HD+)<\/td>\n<\/tr>\n<tr data-start=\"2021\" data-end=\"2062\">\n<td data-start=\"2021\" data-end=\"2048\" data-col-size=\"sm\">Taux de rafra\u00eechissement<\/td>\n<td data-start=\"2048\" data-end=\"2062\" data-col-size=\"sm\"><strong data-start=\"2050\" data-end=\"2060\">120 Hz<\/strong><\/td>\n<\/tr>\n<tr data-start=\"2063\" data-end=\"2105\">\n<td data-start=\"2063\" data-end=\"2076\" data-col-size=\"sm\">Processeur<\/td>\n<td data-start=\"2076\" data-end=\"2105\" data-col-size=\"sm\"><strong data-start=\"2078\" data-end=\"2103\">Unisoc T603 Octa-Core<\/strong><\/td>\n<\/tr>\n<tr data-start=\"2106\" data-end=\"2146\">\n<td data-start=\"2106\" data-end=\"2112\" data-col-size=\"sm\">RAM<\/td>\n<td data-start=\"2112\" data-end=\"2146\" data-col-size=\"sm\"><strong data-start=\"2114\" data-end=\"2144\">3 Go (+5 Go RAM virtuelle)<\/strong><\/td>\n<\/tr>\n<tr data-start=\"2147\" data-end=\"2193\">\n<td data-start=\"2147\" data-end=\"2158\" data-col-size=\"sm\">Stockage<\/td>\n<td data-start=\"2158\" data-end=\"2193\" data-col-size=\"sm\"><strong data-start=\"2160\" data-end=\"2191\">128 Go (extensible microSD)<\/strong><\/td>\n<\/tr>\n<tr data-start=\"2194\" data-end=\"2239\">\n<td data-start=\"2194\" data-end=\"2211\" data-col-size=\"sm\">Cam\u00e9ra arri\u00e8re<\/td>\n<td data-start=\"2211\" data-end=\"2239\" data-col-size=\"sm\"><strong data-start=\"2213\" data-end=\"2237\">50MP + AI Lens (FHD)<\/strong><\/td>\n<\/tr>\n<tr data-start=\"2240\" data-end=\"2275\">\n<td data-start=\"2240\" data-end=\"2258\" data-col-size=\"sm\">Cam\u00e9ra frontale<\/td>\n<td data-start=\"2258\" data-end=\"2275\" data-col-size=\"sm\"><strong data-start=\"2260\" data-end=\"2273\">8MP (FHD)<\/strong><\/td>\n<\/tr>\n<tr data-start=\"2276\" data-end=\"2303\">\n<td data-start=\"2276\" data-end=\"2287\" data-col-size=\"sm\">Batterie<\/td>\n<td data-start=\"2287\" data-end=\"2303\" data-col-size=\"sm\"><strong data-start=\"2289\" data-end=\"2301\">5000 mAh<\/strong><\/td>\n<\/tr>\n<tr data-start=\"2304\" data-end=\"2330\">\n<td data-start=\"2304\" data-end=\"2313\" data-col-size=\"sm\">Charge<\/td>\n<td data-start=\"2313\" data-end=\"2330\" data-col-size=\"sm\"><strong data-start=\"2315\" data-end=\"2328\">10W USB-C<\/strong><\/td>\n<\/tr>\n<tr data-start=\"2331\" data-end=\"2358\">\n<td data-start=\"2331\" data-end=\"2337\" data-col-size=\"sm\">SIM<\/td>\n<td data-start=\"2337\" data-end=\"2358\" data-col-size=\"sm\"><strong data-start=\"2339\" data-end=\"2356\">Dual Nano SIM<\/strong><\/td>\n<\/tr>\n<tr data-start=\"2359\" data-end=\"2438\">\n<td data-start=\"2359\" data-end=\"2369\" data-col-size=\"sm\">Syst\u00e8me<\/td>\n<td data-start=\"2369\" data-end=\"2438\" data-col-size=\"sm\"><strong data-start=\"2371\" data-end=\"2398\">Android 14 \/ itel OS 14<\/strong><\/td>\n<\/tr>\n<\/tbody>\n<\/table>\n<\/div>\n<\/div>\n<hr data-start=\"2440\" data-end=\"2443\" \/>\n<h1 data-section-id=\"6f7tr2\" data-start=\"2445\" data-end=\"2466\">\ud83d\udce6 Contenu du colis<\/h1>\n<ul data-start=\"2468\" data-end=\"2572\">\n<li data-section-id=\"ytwfv7\" data-start=\"2468\" data-end=\"2488\">\n<p data-start=\"2470\" data-end=\"2488\">1 \u00d7 <strong data-start=\"2474\" data-end=\"2486\">Itel A80<\/strong><\/p>\n<\/li>\n<li data-section-id=\"gzkpdf\" data-start=\"2489\" data-end=\"2505\">\n<p data-start=\"2491\" data-end=\"2505\">1 \u00d7 Chargeur<\/p>\n<\/li>\n<li data-section-id=\"1cuiaz2\" data-start=\"2506\" data-end=\"2525\">\n<p data-start=\"2508\" data-end=\"2525\">1 \u00d7 C\u00e2ble USB-C<\/p>\n<\/li>\n<li data-section-id=\"12haphu\" data-start=\"2526\" data-end=\"2543\">\n<p data-start=\"2528\" data-end=\"2543\">1 \u00d7 Outil SIM<\/p>\n<\/li>\n<li data-section-id=\"euolri\" data-start=\"2544\" data-end=\"2572\">\n<p data-start=\"2546\" data-end=\"2572\">1 \u00d7 Manuel d\u2019utilisation<\/p>\n<\/li>\n<\/ul>\n<hr data-start=\"2574\" data-end=\"2577\" \/>\n<p data-start=\"2579\" data-end=\"2758\">\ud83d\udcf1 <strong data-start=\"2582\" data-end=\"2758\">Le Itel A80 est un smartphone abordable offrant \u00e9cran fluide 120 Hz, cam\u00e9ra 50 MP et grande batterie, id\u00e9al pour les appels, r\u00e9seaux sociaux et le divertissement quotidien.<\/strong><\/p>\n<\/div>\n<\/div>\n<\/div>\n<\/div>\n<\/div>\n<\/div>\n<\/article>\n<\/div>\n<\/div>\n<\/div>\n<\/div>\n<p><\/main><\/div>\n<\/div>\n<\/div>\n<\/div>\n<\/div>\n","protected":false},"excerpt":{"rendered":"<p>D\u00e9couvrez le Itel A80, un smartphone moderne et accessible con\u00e7u pour offrir un grand \u00e9cran fluide, une bonne cam\u00e9ra et une excellente autonomie pour une utilisation quotidienne. Son \u00e9cran IPS LCD de 6.7 pouces HD+ avec taux de rafra\u00eechissement 120 Hz garantit une navigation tr\u00e8s fluide pour les vid\u00e9os, les r\u00e9seaux sociaux et les jeux&hellip;<\/p>\n","protected":false},"featured_media":16723,"comment_status":"open","ping_status":"closed","template":"","meta":[],"product_cat":[86],"product_tag":[],"class_list":{"0":"post-16719","1":"product","2":"type-product","3":"status-publish","4":"has-post-thumbnail","6":"product_brand-itel","7":"product_cat-itel","9":"first","10":"instock","11":"sale","12":"shipping-taxable","13":"purchasable","14":"product-type-simple","15":"col-xs-6 col-sm-4","16":"col-md-3 col-lg-3","17":"un-4-cols"},"_links":{"self":[{"href":"https:\/\/www.vazy.market\/index.php\/wp-json\/wp\/v2\/product\/16719","targetHints":{"allow":["GET"]}}],"collection":[{"href":"https:\/\/www.vazy.market\/index.php\/wp-json\/wp\/v2\/product"}],"about":[{"href":"https:\/\/www.vazy.market\/index.php\/wp-json\/wp\/v2\/types\/product"}],"replies":[{"embeddable":true,"href":"https:\/\/www.vazy.market\/index.php\/wp-json\/wp\/v2\/comments?post=16719"}],"wp:featuredmedia":[{"embeddable":true,"href":"https:\/\/www.vazy.market\/index.php\/wp-json\/wp\/v2\/media\/16723"}],"wp:attachment":[{"href":"https:\/\/www.vazy.market\/index.php\/wp-json\/wp\/v2\/media?parent=16719"}],"wp:term":[{"taxonomy":"product_cat","embeddable":true,"href":"https:\/\/www.vazy.market\/index.php\/wp-json\/wp\/v2\/product_cat?post=16719"},{"taxonomy":"product_tag","embeddable":true,"href":"https:\/\/www.vazy.market\/index.php\/wp-json\/wp\/v2\/product_tag?post=16719"}],"curies":[{"name":"wp","href":"https:\/\/api.w.org\/{rel}","templated":true}]}}