{"id":16715,"date":"2026-03-16T22:48:15","date_gmt":"2026-03-16T22:48:15","guid":{"rendered":"https:\/\/www.vazy.market\/?post_type=product&#038;p=16715"},"modified":"2026-03-25T09:35:40","modified_gmt":"2026-03-25T09:35:40","slug":"itel-p65-4g-6-7-128go4go-4go-ram-virtuelle-13mpai-fhd8mp-fhd-dual-nano-sim-5000mah","status":"publish","type":"product","link":"https:\/\/www.vazy.market\/index.php\/product\/itel-p65-4g-6-7-128go4go-4go-ram-virtuelle-13mpai-fhd8mp-fhd-dual-nano-sim-5000mah\/","title":{"rendered":"\ud83d\udcf1 ITEL P65 4G &#8211; 6.7&Prime; &#8211; 128Go|4Go (+4Go RAM virtuelle) &#8211; 13MP+AI FHD|8MP FHD &#8211; Dual Nano SIM &#8211; 5000mAh"},"content":{"rendered":"<div class=\"flex flex-col text-sm pb-25\">\n<article class=\"text-token-text-primary w-full focus:outline-none [--shadow-height:45px] has-data-writing-block:pointer-events-none has-data-writing-block:-mt-(--shadow-height) has-data-writing-block:pt-(--shadow-height) [&amp;:has([data-writing-block])&gt;*]:pointer-events-auto scroll-mt-[calc(var(--header-height)+min(200px,max(70px,20svh)))]\" dir=\"auto\" tabindex=\"-1\" data-turn-id=\"request-69add934-1d50-8332-91d7-d97a2ee2331f-26\" data-testid=\"conversation-turn-234\" data-scroll-anchor=\"true\" data-turn=\"assistant\">\n<div class=\"text-base my-auto mx-auto pb-10 [--thread-content-margin:var(--thread-content-margin-xs,calc(var(--spacing)*4))] @w-sm\/main:[--thread-content-margin:var(--thread-content-margin-sm,calc(var(--spacing)*6))] @w-lg\/main:[--thread-content-margin:var(--thread-content-margin-lg,calc(var(--spacing)*16))] px-(--thread-content-margin)\">\n<div class=\"[--thread-content-max-width:40rem] @w-lg\/main:[--thread-content-max-width:48rem] mx-auto max-w-(--thread-content-max-width) flex-1 group\/turn-messages focus-visible:outline-hidden relative flex w-full min-w-0 flex-col agent-turn\" tabindex=\"-1\">\n<div class=\"flex max-w-full flex-col gap-4 grow\">\n<div class=\"min-h-8 text-message relative flex w-full flex-col items-end gap-2 text-start break-words whitespace-normal [.text-message+&amp;]:mt-1\" dir=\"auto\" data-message-author-role=\"assistant\" data-message-id=\"39c233c8-54d0-46cc-86e3-d955cc6e1d08\" data-message-model-slug=\"gpt-5-3\">\n<div class=\"flex w-full flex-col gap-1 empty:hidden\">\n<div class=\"streaming-animation markdown prose dark:prose-invert w-full wrap-break-word light markdown-new-styling\">\n<p data-start=\"111\" data-end=\"507\">D\u00e9couvrez le <strong data-start=\"124\" data-end=\"136\">Itel P65<\/strong>, un smartphone moderne con\u00e7u pour offrir <strong data-start=\"178\" data-end=\"255\">un grand \u00e9cran fluide, de bonnes performances et une excellente autonomie<\/strong> pour une utilisation quotidienne. Son <strong data-start=\"294\" data-end=\"366\">\u00e9cran IPS LCD de 6.7 pouces HD+ avec taux de rafra\u00eechissement 120 Hz<\/strong> garantit une navigation fluide et un affichage confortable pour les vid\u00e9os, jeux et r\u00e9seaux sociaux.<\/p>\n<p data-start=\"509\" data-end=\"855\">Propuls\u00e9 par le <strong data-start=\"525\" data-end=\"609\">processeur Octa-Core Unisoc T615 et 4 Go de RAM extensible (+4 Go RAM virtuelle)<\/strong>, ce smartphone offre de bonnes performances pour le multit\u00e2che et les applications du quotidien. Son <strong data-start=\"711\" data-end=\"756\">stockage de 128 Go extensible via microSD<\/strong> permet de conserver facilement photos, vid\u00e9os et fichiers.<\/p>\n<p data-start=\"857\" data-end=\"1196\">Le <strong data-start=\"860\" data-end=\"922\">capteur photo arri\u00e8re 13 MP avec intelligence artificielle<\/strong> capture des images claires tandis que la <strong data-start=\"964\" data-end=\"991\">cam\u00e9ra frontale de 8 MP<\/strong> est id\u00e9ale pour les selfies et les appels vid\u00e9o. Sa <strong data-start=\"1044\" data-end=\"1091\">batterie de 5000 mAh avec charge rapide 18W<\/strong> assure une autonomie confortable pouvant durer toute la journ\u00e9e.<\/p>\n<p data-start=\"1198\" data-end=\"1374\">Ce smartphone est \u00e9galement propos\u00e9 avec <strong data-start=\"1239\" data-end=\"1268\">30 Go de data MTN offerts<\/strong>, un avantage id\u00e9al pour profiter imm\u00e9diatement d\u2019internet mobile.<\/p>\n<hr data-start=\"1376\" data-end=\"1379\" \/>\n<h1 data-section-id=\"gug16d\" data-start=\"1381\" data-end=\"1397\">\u2b50 Points forts<\/h1>\n<p data-start=\"1399\" data-end=\"1743\">\u2714 \ud83d\udcf1 <strong data-start=\"1404\" data-end=\"1449\">Grand \u00e9cran IPS LCD 6.7&Prime; HD+ 120Hz fluide<\/strong><br data-start=\"1449\" data-end=\"1452\" \/>\u2714 \ud83d\udcf8 <strong data-start=\"1457\" data-end=\"1492\">Cam\u00e9ra principale 13 MP avec IA<\/strong><br data-start=\"1492\" data-end=\"1495\" \/>\u2714 \u26a1 <strong data-start=\"1499\" data-end=\"1546\">Processeur Octa-Core Unisoc T615 performant<\/strong><br data-start=\"1546\" data-end=\"1549\" \/>\u2714 \ud83d\udd0b <strong data-start=\"1554\" data-end=\"1588\">Batterie longue dur\u00e9e 5000 mAh<\/strong><br data-start=\"1588\" data-end=\"1591\" \/>\u2714 \u26a1 <strong data-start=\"1595\" data-end=\"1622\">Charge rapide 18W USB-C<\/strong><br data-start=\"1622\" data-end=\"1625\" \/>\u2714 \ud83d\udcf6 <strong data-start=\"1630\" data-end=\"1658\">Compatible r\u00e9seau 4G LTE<\/strong><br data-start=\"1658\" data-end=\"1661\" \/>\u2714 \ud83d\udd10 <strong data-start=\"1666\" data-end=\"1706\">Capteur d\u2019empreinte digitale lat\u00e9ral<\/strong><br data-start=\"1706\" data-end=\"1709\" \/>\u2714 \ud83c\udf81 <strong data-start=\"1714\" data-end=\"1743\">30 Go de data MTN offerts<\/strong><\/p>\n<hr data-start=\"1745\" data-end=\"1748\" \/>\n<h1 data-section-id=\"ys7y0m\" data-start=\"1750\" data-end=\"1761\">\ud83d\udcf8 Cam\u00e9ra<\/h1>\n<ul data-start=\"1763\" data-end=\"1949\">\n<li data-section-id=\"1sysdkc\" data-start=\"1763\" data-end=\"1804\">\n<p data-start=\"1765\" data-end=\"1804\">\ud83d\udcf7 <strong data-start=\"1768\" data-end=\"1802\">Cam\u00e9ra principale : 13 MP (AI)<\/strong><\/p>\n<\/li>\n<li data-section-id=\"1xwmdx5\" data-start=\"1805\" data-end=\"1844\">\n<p data-start=\"1807\" data-end=\"1844\">\ud83d\udce1 <strong data-start=\"1810\" data-end=\"1842\">Capteur secondaire : AI Lens<\/strong><\/p>\n<\/li>\n<li data-section-id=\"1x41ejq\" data-start=\"1845\" data-end=\"1878\">\n<p data-start=\"1847\" data-end=\"1878\">\ud83e\udd33 <strong data-start=\"1850\" data-end=\"1876\">Cam\u00e9ra frontale : 8 MP<\/strong><\/p>\n<\/li>\n<li data-section-id=\"12nvpxp\" data-start=\"1879\" data-end=\"1949\">\n<p data-start=\"1881\" data-end=\"1949\">\ud83c\udfa5 <strong data-start=\"1884\" data-end=\"1909\">Vid\u00e9o : Full HD 1080p<\/strong><\/p>\n<\/li>\n<\/ul>\n<hr data-start=\"1951\" data-end=\"1954\" \/>\n<h1 data-section-id=\"1gx1fos\" data-start=\"1956\" data-end=\"1976\">\ud83d\udcca Fiche Technique<\/h1>\n<div class=\"TyagGW_tableContainer\">\n<div class=\"group TyagGW_tableWrapper flex flex-col-reverse w-fit\" tabindex=\"-1\">\n<table class=\"w-fit min-w-(--thread-content-width)\" data-start=\"1978\" data-end=\"2572\">\n<thead data-start=\"1978\" data-end=\"2007\">\n<tr data-start=\"1978\" data-end=\"2007\">\n<th class=\"\" data-start=\"1978\" data-end=\"1996\" data-col-size=\"sm\">Caract\u00e9ristique<\/th>\n<th class=\"\" data-start=\"1996\" data-end=\"2007\" data-col-size=\"sm\">D\u00e9tails<\/th>\n<\/tr>\n<\/thead>\n<tbody data-start=\"2018\" data-end=\"2572\">\n<tr data-start=\"2018\" data-end=\"2035\">\n<td data-start=\"2018\" data-end=\"2027\" data-col-size=\"sm\">Marque<\/td>\n<td data-start=\"2027\" data-end=\"2035\" data-col-size=\"sm\">Itel<\/td>\n<\/tr>\n<tr data-start=\"2036\" data-end=\"2056\">\n<td data-start=\"2036\" data-end=\"2045\" data-col-size=\"sm\">Mod\u00e8le<\/td>\n<td data-start=\"2045\" data-end=\"2056\" data-col-size=\"sm\"><strong data-start=\"2047\" data-end=\"2054\">P65<\/strong><\/td>\n<\/tr>\n<tr data-start=\"2057\" data-end=\"2076\">\n<td data-start=\"2057\" data-end=\"2066\" data-col-size=\"sm\">R\u00e9seau<\/td>\n<td data-start=\"2066\" data-end=\"2076\" data-col-size=\"sm\">4G LTE<\/td>\n<\/tr>\n<tr data-start=\"2077\" data-end=\"2111\">\n<td data-start=\"2077\" data-end=\"2085\" data-col-size=\"sm\">\u00c9cran<\/td>\n<td data-start=\"2085\" data-end=\"2111\" data-col-size=\"sm\"><strong data-start=\"2087\" data-end=\"2109\">6.7 pouces IPS LCD<\/strong><\/td>\n<\/tr>\n<tr data-start=\"2112\" data-end=\"2145\">\n<td data-start=\"2112\" data-end=\"2125\" data-col-size=\"sm\">R\u00e9solution<\/td>\n<td data-start=\"2125\" data-end=\"2145\" data-col-size=\"sm\">720 \u00d7 1600 (HD+)<\/td>\n<\/tr>\n<tr data-start=\"2146\" data-end=\"2187\">\n<td data-start=\"2146\" data-end=\"2173\" data-col-size=\"sm\">Taux de rafra\u00eechissement<\/td>\n<td data-start=\"2173\" data-end=\"2187\" data-col-size=\"sm\"><strong data-start=\"2175\" data-end=\"2185\">120 Hz<\/strong><\/td>\n<\/tr>\n<tr data-start=\"2188\" data-end=\"2230\">\n<td data-start=\"2188\" data-end=\"2201\" data-col-size=\"sm\">Processeur<\/td>\n<td data-start=\"2201\" data-end=\"2230\" data-col-size=\"sm\"><strong data-start=\"2203\" data-end=\"2228\">Unisoc T615 Octa-Core<\/strong><\/td>\n<\/tr>\n<tr data-start=\"2231\" data-end=\"2271\">\n<td data-start=\"2231\" data-end=\"2237\" data-col-size=\"sm\">RAM<\/td>\n<td data-start=\"2237\" data-end=\"2271\" data-col-size=\"sm\"><strong data-start=\"2239\" data-end=\"2269\">4 Go (+4 Go RAM virtuelle)<\/strong><\/td>\n<\/tr>\n<tr data-start=\"2272\" data-end=\"2318\">\n<td data-start=\"2272\" data-end=\"2283\" data-col-size=\"sm\">Stockage<\/td>\n<td data-start=\"2283\" data-end=\"2318\" data-col-size=\"sm\"><strong data-start=\"2285\" data-end=\"2316\">128 Go (extensible microSD)<\/strong><\/td>\n<\/tr>\n<tr data-start=\"2319\" data-end=\"2364\">\n<td data-start=\"2319\" data-end=\"2336\" data-col-size=\"sm\">Cam\u00e9ra arri\u00e8re<\/td>\n<td data-start=\"2336\" data-end=\"2364\" data-col-size=\"sm\"><strong data-start=\"2338\" data-end=\"2362\">13MP + AI Lens (FHD)<\/strong><\/td>\n<\/tr>\n<tr data-start=\"2365\" data-end=\"2400\">\n<td data-start=\"2365\" data-end=\"2383\" data-col-size=\"sm\">Cam\u00e9ra frontale<\/td>\n<td data-start=\"2383\" data-end=\"2400\" data-col-size=\"sm\"><strong data-start=\"2385\" data-end=\"2398\">8MP (FHD)<\/strong><\/td>\n<\/tr>\n<tr data-start=\"2401\" data-end=\"2428\">\n<td data-start=\"2401\" data-end=\"2412\" data-col-size=\"sm\">Batterie<\/td>\n<td data-start=\"2412\" data-end=\"2428\" data-col-size=\"sm\"><strong data-start=\"2414\" data-end=\"2426\">5000 mAh<\/strong><\/td>\n<\/tr>\n<tr data-start=\"2429\" data-end=\"2462\">\n<td data-start=\"2429\" data-end=\"2445\" data-col-size=\"sm\">Charge rapide<\/td>\n<td data-start=\"2445\" data-end=\"2462\" data-col-size=\"sm\"><strong data-start=\"2447\" data-end=\"2460\">18W USB-C<\/strong><\/td>\n<\/tr>\n<tr data-start=\"2463\" data-end=\"2490\">\n<td data-start=\"2463\" data-end=\"2469\" data-col-size=\"sm\">SIM<\/td>\n<td data-start=\"2469\" data-end=\"2490\" data-col-size=\"sm\"><strong data-start=\"2471\" data-end=\"2488\">Dual Nano SIM<\/strong><\/td>\n<\/tr>\n<tr data-start=\"2491\" data-end=\"2572\">\n<td data-start=\"2491\" data-end=\"2501\" data-col-size=\"sm\">Syst\u00e8me<\/td>\n<td data-start=\"2501\" data-end=\"2531\" data-col-size=\"sm\"><strong data-start=\"2503\" data-end=\"2530\">Android 14 \/ itel OS 14<\/strong><\/td>\n<\/tr>\n<\/tbody>\n<\/table>\n<\/div>\n<\/div>\n<hr data-start=\"2574\" data-end=\"2577\" \/>\n<h1 data-section-id=\"6f7tr2\" data-start=\"2579\" data-end=\"2600\">\ud83d\udce6 Contenu du colis<\/h1>\n<ul data-start=\"2602\" data-end=\"2706\">\n<li data-section-id=\"nrsqh5\" data-start=\"2602\" data-end=\"2622\">\n<p data-start=\"2604\" data-end=\"2622\">1 \u00d7 <strong data-start=\"2608\" data-end=\"2620\">Itel P65<\/strong><\/p>\n<\/li>\n<li data-section-id=\"gzkpdf\" data-start=\"2623\" data-end=\"2639\">\n<p data-start=\"2625\" data-end=\"2639\">1 \u00d7 Chargeur<\/p>\n<\/li>\n<li data-section-id=\"1cuiaz2\" data-start=\"2640\" data-end=\"2659\">\n<p data-start=\"2642\" data-end=\"2659\">1 \u00d7 C\u00e2ble USB-C<\/p>\n<\/li>\n<li data-section-id=\"12haphu\" data-start=\"2660\" data-end=\"2677\">\n<p data-start=\"2662\" data-end=\"2677\">1 \u00d7 Outil SIM<\/p>\n<\/li>\n<li data-section-id=\"euolri\" data-start=\"2678\" data-end=\"2706\">\n<p data-start=\"2680\" data-end=\"2706\">1 \u00d7 Manuel d\u2019utilisation<\/p>\n<\/li>\n<\/ul>\n<hr data-start=\"2708\" data-end=\"2711\" \/>\n<p data-start=\"2713\" data-end=\"2843\">\ud83d\udcf1 <strong data-start=\"2716\" data-end=\"2843\">Le Itel P65 combine \u00e9cran 120 Hz, bonne autonomie et stockage g\u00e9n\u00e9reux pour une exp\u00e9rience smartphone fluide et accessible.<\/strong><\/p>\n<\/div>\n<\/div>\n<\/div>\n<\/div>\n<\/div>\n<\/div>\n<\/article>\n<\/div>\n","protected":false},"excerpt":{"rendered":"<p>D\u00e9couvrez le Itel P65, un smartphone moderne con\u00e7u pour offrir un grand \u00e9cran fluide, de bonnes performances et une excellente autonomie pour une utilisation quotidienne. Son \u00e9cran IPS LCD de 6.7 pouces HD+ avec taux de rafra\u00eechissement 120 Hz garantit une navigation fluide et un affichage confortable pour les vid\u00e9os, jeux et r\u00e9seaux sociaux. Propuls\u00e9&hellip;<\/p>\n","protected":false},"featured_media":16718,"comment_status":"open","ping_status":"closed","template":"","meta":[],"product_cat":[86],"product_tag":[],"class_list":{"0":"post-16715","1":"product","2":"type-product","3":"status-publish","4":"has-post-thumbnail","6":"product_brand-itel","7":"product_cat-itel","9":"first","10":"instock","11":"sale","12":"shipping-taxable","13":"purchasable","14":"product-type-simple","15":"col-xs-6 col-sm-4","16":"col-md-3 col-lg-3","17":"un-4-cols"},"_links":{"self":[{"href":"https:\/\/www.vazy.market\/index.php\/wp-json\/wp\/v2\/product\/16715","targetHints":{"allow":["GET"]}}],"collection":[{"href":"https:\/\/www.vazy.market\/index.php\/wp-json\/wp\/v2\/product"}],"about":[{"href":"https:\/\/www.vazy.market\/index.php\/wp-json\/wp\/v2\/types\/product"}],"replies":[{"embeddable":true,"href":"https:\/\/www.vazy.market\/index.php\/wp-json\/wp\/v2\/comments?post=16715"}],"wp:featuredmedia":[{"embeddable":true,"href":"https:\/\/www.vazy.market\/index.php\/wp-json\/wp\/v2\/media\/16718"}],"wp:attachment":[{"href":"https:\/\/www.vazy.market\/index.php\/wp-json\/wp\/v2\/media?parent=16715"}],"wp:term":[{"taxonomy":"product_cat","embeddable":true,"href":"https:\/\/www.vazy.market\/index.php\/wp-json\/wp\/v2\/product_cat?post=16715"},{"taxonomy":"product_tag","embeddable":true,"href":"https:\/\/www.vazy.market\/index.php\/wp-json\/wp\/v2\/product_tag?post=16715"}],"curies":[{"name":"wp","href":"https:\/\/api.w.org\/{rel}","templated":true}]}}