{"id":16711,"date":"2026-03-16T22:41:03","date_gmt":"2026-03-16T22:41:03","guid":{"rendered":"https:\/\/www.vazy.market\/?post_type=product&#038;p=16711"},"modified":"2026-03-25T09:35:53","modified_gmt":"2026-03-25T09:35:53","slug":"itel-p55-4g-6-6-128go4go-8go-ram-virtuelle-50mpai-fhd8mp-fhd-dual-nano-sim-5000mah","status":"publish","type":"product","link":"https:\/\/www.vazy.market\/index.php\/product\/itel-p55-4g-6-6-128go4go-8go-ram-virtuelle-50mpai-fhd8mp-fhd-dual-nano-sim-5000mah\/","title":{"rendered":"\ud83d\udcf1 ITEL P55 4G &#8211; 6.6&Prime; &#8211; 128Go|4Go (+8Go RAM virtuelle) &#8211; 50MP+AI FHD|8MP FHD &#8211; Dual Nano SIM &#8211; 5000mAh"},"content":{"rendered":"<div class=\"flex h-svh w-screen flex-col\">\n<div class=\"relative z-0 flex min-h-0 w-full flex-1\">\n<div class=\"relative flex min-h-0 w-full flex-1\">\n<div class=\"@container\/main relative flex min-w-0 flex-1 flex-col -translate-y-[calc(env(safe-area-inset-bottom,0px)\/2)] pt-[calc(env(safe-area-inset-bottom,0px)\/2)]\">\n<div class=\"@w-sm\/main:[scrollbar-gutter:stable_both-edges] touch:[scrollbar-width:none] relative flex min-h-0 min-w-0 flex-1 flex-col [scrollbar-gutter:stable] not-print:overflow-x-clip not-print:overflow-y-auto scroll-pt-(--header-height) [--sticky-padding-top:var(--header-height)] has-data-[fixed-header=less-than-xl]:@w-xl\/main:scroll-pt-0 has-data-[fixed-header=less-than-xl]:@w-xl\/main:[--sticky-padding-top:0px] has-data-[fixed-header=less-than-xxl]:@w-2xl\/main:scroll-pt-0 has-data-[fixed-header=less-than-xxl]:@w-2xl\/main:[--sticky-padding-top:0px]\" data-scroll-root=\"\"><main id=\"main\" class=\"min-h-0 flex-1\"><\/p>\n<div id=\"thread\" class=\"group\/thread flex flex-col min-h-full\">\n<div class=\"composer-parent flex flex-1 flex-col focus-visible:outline-0\" role=\"presentation\">\n<div class=\"relative basis-auto flex-col -mb-(--composer-overlap-px) [--composer-overlap-px:28px] grow flex\">\n<div class=\"flex flex-col text-sm pb-25\">\n<article class=\"text-token-text-primary w-full focus:outline-none [--shadow-height:45px] has-data-writing-block:pointer-events-none has-data-writing-block:-mt-(--shadow-height) has-data-writing-block:pt-(--shadow-height) [&amp;:has([data-writing-block])&gt;*]:pointer-events-auto scroll-mt-[calc(var(--header-height)+min(200px,max(70px,20svh)))]\" dir=\"auto\" tabindex=\"-1\" data-turn-id=\"request-69add934-1d50-8332-91d7-d97a2ee2331f-25\" data-testid=\"conversation-turn-232\" data-scroll-anchor=\"true\" data-turn=\"assistant\">\n<div class=\"text-base my-auto mx-auto pb-10 [--thread-content-margin:var(--thread-content-margin-xs,calc(var(--spacing)*4))] @w-sm\/main:[--thread-content-margin:var(--thread-content-margin-sm,calc(var(--spacing)*6))] @w-lg\/main:[--thread-content-margin:var(--thread-content-margin-lg,calc(var(--spacing)*16))] px-(--thread-content-margin)\">\n<div class=\"[--thread-content-max-width:40rem] @w-lg\/main:[--thread-content-max-width:48rem] mx-auto max-w-(--thread-content-max-width) flex-1 group\/turn-messages focus-visible:outline-hidden relative flex w-full min-w-0 flex-col agent-turn\" tabindex=\"-1\">\n<div class=\"flex max-w-full flex-col gap-4 grow\">\n<div class=\"min-h-8 text-message relative flex w-full flex-col items-end gap-2 text-start break-words whitespace-normal [.text-message+&amp;]:mt-1\" dir=\"auto\" data-message-author-role=\"assistant\" data-message-id=\"28ccc030-01c6-4fc7-b4a1-8f96750f1dbe\" data-message-model-slug=\"gpt-5-3\">\n<div class=\"flex w-full flex-col gap-1 empty:hidden\">\n<div class=\"streaming-animation markdown prose dark:prose-invert w-full wrap-break-word light markdown-new-styling\">\n<p data-start=\"111\" data-end=\"496\">D\u00e9couvrez le <strong data-start=\"124\" data-end=\"136\">Itel P55<\/strong>, un smartphone moderne con\u00e7u pour offrir <strong data-start=\"178\" data-end=\"250\">un \u00e9cran fluide, une cam\u00e9ra haute r\u00e9solution et une autonomie solide<\/strong> \u00e0 un prix accessible. Son <strong data-start=\"277\" data-end=\"348\">\u00e9cran IPS LCD de 6.6 pouces HD+ avec taux de rafra\u00eechissement 90 Hz<\/strong> garantit une navigation fluide et une exp\u00e9rience agr\u00e9able pour les vid\u00e9os, les jeux et les r\u00e9seaux sociaux.<\/p>\n<p data-start=\"498\" data-end=\"883\">Propuls\u00e9 par le <strong data-start=\"514\" data-end=\"601\">processeur Octa-Core Unisoc T606 et 4 Go de RAM extensible gr\u00e2ce \u00e0 la RAM virtuelle<\/strong>, ce smartphone assure une utilisation fluide pour les applications du quotidien. Il dispose \u00e9galement d\u2019un <strong data-start=\"709\" data-end=\"775\">stockage interne de 128 Go extensible jusqu\u2019\u00e0 1 To via microSD<\/strong>, permettant de conserver facilement photos, vid\u00e9os et applications.<\/p>\n<p data-start=\"885\" data-end=\"1228\">Son <strong data-start=\"889\" data-end=\"957\">appareil photo principal de 50 MP avec intelligence artificielle<\/strong> capture des photos d\u00e9taill\u00e9es, tandis que la <strong data-start=\"1003\" data-end=\"1030\">cam\u00e9ra frontale de 8 MP<\/strong> est id\u00e9ale pour les selfies et les appels vid\u00e9o. La <strong data-start=\"1083\" data-end=\"1130\">batterie de 5000 mAh avec charge rapide 18W<\/strong> garantit une autonomie confortable pour toute la journ\u00e9e.<\/p>\n<hr data-start=\"1230\" data-end=\"1233\" \/>\n<h1 data-section-id=\"gug16d\" data-start=\"1235\" data-end=\"1251\">\u2b50 Points forts<\/h1>\n<p data-start=\"1253\" data-end=\"1543\">\u2714 \ud83d\udcf1 <strong data-start=\"1258\" data-end=\"1296\">\u00c9cran IPS LCD 6.6&Prime; HD+ 90Hz fluide<\/strong><br data-start=\"1296\" data-end=\"1299\" \/>\u2714 \ud83d\udcf8 <strong data-start=\"1304\" data-end=\"1339\">Cam\u00e9ra principale 50 MP avec IA<\/strong><br data-start=\"1339\" data-end=\"1342\" \/>\u2714 \u26a1 <strong data-start=\"1346\" data-end=\"1382\">Processeur Octa-Core Unisoc T606<\/strong><br data-start=\"1382\" data-end=\"1385\" \/>\u2714 \ud83d\udd0b <strong data-start=\"1390\" data-end=\"1424\">Batterie longue dur\u00e9e 5000 mAh<\/strong><br data-start=\"1424\" data-end=\"1427\" \/>\u2714 \u26a1 <strong data-start=\"1431\" data-end=\"1459\">Charge rapide 18W Type-C<\/strong><br data-start=\"1459\" data-end=\"1462\" \/>\u2714 \ud83d\udcf6 <strong data-start=\"1467\" data-end=\"1495\">Compatible r\u00e9seau 4G LTE<\/strong><br data-start=\"1495\" data-end=\"1498\" \/>\u2714 \ud83d\udd10 <strong data-start=\"1503\" data-end=\"1543\">Capteur d\u2019empreinte digitale lat\u00e9ral<\/strong><\/p>\n<hr data-start=\"1545\" data-end=\"1548\" \/>\n<h1 data-section-id=\"ys7y0m\" data-start=\"1550\" data-end=\"1561\">\ud83d\udcf8 Cam\u00e9ra<\/h1>\n<ul data-start=\"1563\" data-end=\"1752\">\n<li data-section-id=\"m42rc2\" data-start=\"1563\" data-end=\"1599\">\n<p data-start=\"1565\" data-end=\"1599\">\ud83d\udcf7 <strong data-start=\"1568\" data-end=\"1597\">Cam\u00e9ra principale : 50 MP<\/strong><\/p>\n<\/li>\n<li data-section-id=\"xo2uz2\" data-start=\"1600\" data-end=\"1647\">\n<p data-start=\"1602\" data-end=\"1647\">\ud83d\udce1 <strong data-start=\"1605\" data-end=\"1645\">Capteur secondaire : AI \/ profondeur<\/strong><\/p>\n<\/li>\n<li data-section-id=\"1x41ejq\" data-start=\"1648\" data-end=\"1681\">\n<p data-start=\"1650\" data-end=\"1681\">\ud83e\udd33 <strong data-start=\"1653\" data-end=\"1679\">Cam\u00e9ra frontale : 8 MP<\/strong><\/p>\n<\/li>\n<li data-section-id=\"1x3f48d\" data-start=\"1682\" data-end=\"1752\">\n<p data-start=\"1684\" data-end=\"1752\">\ud83c\udfa5 <strong data-start=\"1687\" data-end=\"1712\">Vid\u00e9o : Full HD 1080p<\/strong><\/p>\n<\/li>\n<\/ul>\n<hr data-start=\"1754\" data-end=\"1757\" \/>\n<h1 data-section-id=\"1gx1fos\" data-start=\"1759\" data-end=\"1779\">\ud83d\udcca Fiche Technique<\/h1>\n<div class=\"TyagGW_tableContainer\">\n<div class=\"group TyagGW_tableWrapper flex flex-col-reverse w-fit\" tabindex=\"-1\">\n<table class=\"w-fit min-w-(--thread-content-width)\" data-start=\"1781\" data-end=\"2325\">\n<thead data-start=\"1781\" data-end=\"1810\">\n<tr data-start=\"1781\" data-end=\"1810\">\n<th class=\"\" data-start=\"1781\" data-end=\"1799\" data-col-size=\"sm\">Caract\u00e9ristique<\/th>\n<th class=\"\" data-start=\"1799\" data-end=\"1810\" data-col-size=\"sm\">D\u00e9tails<\/th>\n<\/tr>\n<\/thead>\n<tbody data-start=\"1821\" data-end=\"2325\">\n<tr data-start=\"1821\" data-end=\"1838\">\n<td data-start=\"1821\" data-end=\"1830\" data-col-size=\"sm\">Marque<\/td>\n<td data-start=\"1830\" data-end=\"1838\" data-col-size=\"sm\">Itel<\/td>\n<\/tr>\n<tr data-start=\"1839\" data-end=\"1859\">\n<td data-start=\"1839\" data-end=\"1848\" data-col-size=\"sm\">Mod\u00e8le<\/td>\n<td data-start=\"1848\" data-end=\"1859\" data-col-size=\"sm\"><strong data-start=\"1850\" data-end=\"1857\">P55<\/strong><\/td>\n<\/tr>\n<tr data-start=\"1860\" data-end=\"1879\">\n<td data-start=\"1860\" data-end=\"1869\" data-col-size=\"sm\">R\u00e9seau<\/td>\n<td data-start=\"1869\" data-end=\"1879\" data-col-size=\"sm\">4G LTE<\/td>\n<\/tr>\n<tr data-start=\"1880\" data-end=\"1914\">\n<td data-start=\"1880\" data-end=\"1888\" data-col-size=\"sm\">\u00c9cran<\/td>\n<td data-start=\"1888\" data-end=\"1914\" data-col-size=\"sm\"><strong data-start=\"1890\" data-end=\"1912\">6.6 pouces IPS LCD<\/strong><\/td>\n<\/tr>\n<tr data-start=\"1915\" data-end=\"1948\">\n<td data-start=\"1915\" data-end=\"1928\" data-col-size=\"sm\">R\u00e9solution<\/td>\n<td data-start=\"1928\" data-end=\"1948\" data-col-size=\"sm\">720 \u00d7 1612 (HD+)<\/td>\n<\/tr>\n<tr data-start=\"1949\" data-end=\"1989\">\n<td data-start=\"1949\" data-end=\"1976\" data-col-size=\"sm\">Taux de rafra\u00eechissement<\/td>\n<td data-start=\"1976\" data-end=\"1989\" data-col-size=\"sm\"><strong data-start=\"1978\" data-end=\"1987\">90 Hz<\/strong><\/td>\n<\/tr>\n<tr data-start=\"1990\" data-end=\"2032\">\n<td data-start=\"1990\" data-end=\"2003\" data-col-size=\"sm\">Processeur<\/td>\n<td data-start=\"2003\" data-end=\"2032\" data-col-size=\"sm\"><strong data-start=\"2005\" data-end=\"2030\">Unisoc T606 Octa-Core<\/strong><\/td>\n<\/tr>\n<tr data-start=\"2033\" data-end=\"2073\">\n<td data-start=\"2033\" data-end=\"2039\" data-col-size=\"sm\">RAM<\/td>\n<td data-start=\"2039\" data-end=\"2073\" data-col-size=\"sm\"><strong data-start=\"2041\" data-end=\"2071\">4 Go (+8 Go RAM virtuelle)<\/strong><\/td>\n<\/tr>\n<tr data-start=\"2074\" data-end=\"2120\">\n<td data-start=\"2074\" data-end=\"2085\" data-col-size=\"sm\">Stockage<\/td>\n<td data-start=\"2085\" data-end=\"2120\" data-col-size=\"sm\"><strong data-start=\"2087\" data-end=\"2118\">128 Go (extensible microSD)<\/strong><\/td>\n<\/tr>\n<tr data-start=\"2121\" data-end=\"2166\">\n<td data-start=\"2121\" data-end=\"2138\" data-col-size=\"sm\">Cam\u00e9ra arri\u00e8re<\/td>\n<td data-start=\"2138\" data-end=\"2166\" data-col-size=\"sm\"><strong data-start=\"2140\" data-end=\"2164\">50MP + AI Lens (FHD)<\/strong><\/td>\n<\/tr>\n<tr data-start=\"2167\" data-end=\"2202\">\n<td data-start=\"2167\" data-end=\"2185\" data-col-size=\"sm\">Cam\u00e9ra frontale<\/td>\n<td data-start=\"2185\" data-end=\"2202\" data-col-size=\"sm\"><strong data-start=\"2187\" data-end=\"2200\">8MP (FHD)<\/strong><\/td>\n<\/tr>\n<tr data-start=\"2203\" data-end=\"2230\">\n<td data-start=\"2203\" data-end=\"2214\" data-col-size=\"sm\">Batterie<\/td>\n<td data-start=\"2214\" data-end=\"2230\" data-col-size=\"sm\"><strong data-start=\"2216\" data-end=\"2228\">5000 mAh<\/strong><\/td>\n<\/tr>\n<tr data-start=\"2231\" data-end=\"2258\">\n<td data-start=\"2231\" data-end=\"2247\" data-col-size=\"sm\">Charge rapide<\/td>\n<td data-start=\"2247\" data-end=\"2258\" data-col-size=\"sm\"><strong data-start=\"2249\" data-end=\"2256\">18W<\/strong><\/td>\n<\/tr>\n<tr data-start=\"2259\" data-end=\"2286\">\n<td data-start=\"2259\" data-end=\"2265\" data-col-size=\"sm\">SIM<\/td>\n<td data-start=\"2265\" data-end=\"2286\" data-col-size=\"sm\"><strong data-start=\"2267\" data-end=\"2284\">Dual Nano SIM<\/strong><\/td>\n<\/tr>\n<tr data-start=\"2287\" data-end=\"2325\">\n<td data-start=\"2287\" data-end=\"2297\" data-col-size=\"sm\">Syst\u00e8me<\/td>\n<td data-start=\"2297\" data-end=\"2325\" data-col-size=\"sm\"><strong data-start=\"2299\" data-end=\"2323\">Android 13 \/ itel OS<\/strong><\/td>\n<\/tr>\n<\/tbody>\n<\/table>\n<\/div>\n<\/div>\n<hr data-start=\"2327\" data-end=\"2330\" \/>\n<h1 data-section-id=\"6f7tr2\" data-start=\"2332\" data-end=\"2353\">\ud83d\udce6 Contenu du colis<\/h1>\n<ul data-start=\"2355\" data-end=\"2459\">\n<li data-section-id=\"qxflt6\" data-start=\"2355\" data-end=\"2375\">\n<p data-start=\"2357\" data-end=\"2375\">1 \u00d7 <strong data-start=\"2361\" data-end=\"2373\">Itel P55<\/strong><\/p>\n<\/li>\n<li data-section-id=\"gzkpdf\" data-start=\"2376\" data-end=\"2392\">\n<p data-start=\"2378\" data-end=\"2392\">1 \u00d7 Chargeur<\/p>\n<\/li>\n<li data-section-id=\"1cuiaz2\" data-start=\"2393\" data-end=\"2412\">\n<p data-start=\"2395\" data-end=\"2412\">1 \u00d7 C\u00e2ble USB-C<\/p>\n<\/li>\n<li data-section-id=\"12haphu\" data-start=\"2413\" data-end=\"2430\">\n<p data-start=\"2415\" data-end=\"2430\">1 \u00d7 Outil SIM<\/p>\n<\/li>\n<li data-section-id=\"euolri\" data-start=\"2431\" data-end=\"2459\">\n<p data-start=\"2433\" data-end=\"2459\">1 \u00d7 Manuel d\u2019utilisation<\/p>\n<\/li>\n<\/ul>\n<hr data-start=\"2461\" data-end=\"2464\" \/>\n<p data-start=\"2466\" data-end=\"2597\">\ud83d\udcf1 <strong data-start=\"2469\" data-end=\"2597\">Le Itel P55 combine \u00e9cran fluide 90 Hz, cam\u00e9ra 50 MP et grande batterie pour une exp\u00e9rience smartphone fiable et accessible.<\/strong><\/p>\n<\/div>\n<\/div>\n<\/div>\n<\/div>\n<\/div>\n<\/div>\n<\/article>\n<\/div>\n<\/div>\n<\/div>\n<\/div>\n<p><\/main><\/div>\n<\/div>\n<\/div>\n<\/div>\n<\/div>\n","protected":false},"excerpt":{"rendered":"<p>D\u00e9couvrez le Itel P55, un smartphone moderne con\u00e7u pour offrir un \u00e9cran fluide, une cam\u00e9ra haute r\u00e9solution et une autonomie solide \u00e0 un prix accessible. Son \u00e9cran IPS LCD de 6.6 pouces HD+ avec taux de rafra\u00eechissement 90 Hz garantit une navigation fluide et une exp\u00e9rience agr\u00e9able pour les vid\u00e9os, les jeux et les r\u00e9seaux&hellip;<\/p>\n","protected":false},"featured_media":16714,"comment_status":"open","ping_status":"closed","template":"","meta":[],"product_cat":[86],"product_tag":[],"class_list":{"0":"post-16711","1":"product","2":"type-product","3":"status-publish","4":"has-post-thumbnail","6":"product_brand-itel","7":"product_cat-itel","9":"first","10":"instock","11":"sale","12":"shipping-taxable","13":"purchasable","14":"product-type-simple","15":"col-xs-6 col-sm-4","16":"col-md-3 col-lg-3","17":"un-4-cols"},"_links":{"self":[{"href":"https:\/\/www.vazy.market\/index.php\/wp-json\/wp\/v2\/product\/16711","targetHints":{"allow":["GET"]}}],"collection":[{"href":"https:\/\/www.vazy.market\/index.php\/wp-json\/wp\/v2\/product"}],"about":[{"href":"https:\/\/www.vazy.market\/index.php\/wp-json\/wp\/v2\/types\/product"}],"replies":[{"embeddable":true,"href":"https:\/\/www.vazy.market\/index.php\/wp-json\/wp\/v2\/comments?post=16711"}],"wp:featuredmedia":[{"embeddable":true,"href":"https:\/\/www.vazy.market\/index.php\/wp-json\/wp\/v2\/media\/16714"}],"wp:attachment":[{"href":"https:\/\/www.vazy.market\/index.php\/wp-json\/wp\/v2\/media?parent=16711"}],"wp:term":[{"taxonomy":"product_cat","embeddable":true,"href":"https:\/\/www.vazy.market\/index.php\/wp-json\/wp\/v2\/product_cat?post=16711"},{"taxonomy":"product_tag","embeddable":true,"href":"https:\/\/www.vazy.market\/index.php\/wp-json\/wp\/v2\/product_tag?post=16711"}],"curies":[{"name":"wp","href":"https:\/\/api.w.org\/{rel}","templated":true}]}}